{"id":1309,"date":"2023-05-09T11:54:40","date_gmt":"2023-05-09T09:54:40","guid":{"rendered":"https:\/\/projects.botanibot.com\/agrotrak23\/produkt\/holzspalter-forest-sf100-xx\/"},"modified":"2023-05-15T13:13:10","modified_gmt":"2023-05-15T11:13:10","slug":"holzspalter-forest-sf100-xx","status":"publish","type":"product","link":"https:\/\/www.agrotrak.ch\/fr\/produkt\/holzspalter-forest-sf100-xx\/","title":{"rendered":"Fendeuse de b\u00fbches Forest SF100 XX"},"content":{"rendered":"<div class=\"text-wrapper\">\n<div class=\"text-wrapper\">\n<div class=\"text-wrapper\">\n<p>Le fendeur de b\u00fbches Forest SF100 XX, produit dans toutes les versions, repr\u00e9sente la s\u00e9lection professionnelle des bois sur pied. Fabriqu\u00e9 dans toutes les versions, il est le fendeur de b\u00fbches le plus puissant de la cat\u00e9gorie. Compl\u00e8te la machine avec brevet existant pour bloquer le tronc d&#8217;arbre de mani\u00e8re s\u00fbre et pratique : EN609-1-2017.<\/p>\n<p>Principales caract\u00e9ristiques de la SF100 XX (force extr\u00eame) :<br \/>\n&#8211; Course du cylindre: 500 mm ;<br \/>\n&#8211; Hauteur de coupe: 545 mm ;<br \/>\n&#8211; Quantit\u00e9 d&#8217;huile: 13 l ;<br \/>\n&#8211; Course de la colonne: r\u00e9glable ;<br \/>\n&#8211; Poids: 154 kg.<\/p>\n<\/div>\n<\/div>\n<\/div>\n","protected":false},"excerpt":{"rendered":"<div class=\"product_detail_price\">\n<div class=\"regular-price\">\n<p><span class=\"sc-2mcr2-0 gCIlGa\"><span class=\"sc-1nqzt6e-0 VJmlf\">Le plus puissant des fendeurs de b\u00fbches<\/span><\/span><\/p>\n<\/div>\n<\/div>\n","protected":false},"featured_media":1049,"template":"","meta":{"inline_featured_image":false},"product_brand":[],"product_cat":[74],"product_tag":[],"class_list":{"0":"post-1309","1":"product","2":"type-product","3":"status-publish","4":"has-post-thumbnail","6":"product_cat-kleingeraete-fr","8":"first","9":"instock","10":"virtual","11":"purchasable","12":"product-type-simple"},"yoast_head":"<!-- This site is optimized with the Yoast SEO plugin v27.4 - https:\/\/yoast.com\/product\/yoast-seo-wordpress\/ -->\n<title>Fendeuse de b\u00fbches Forest SF100 XX - AGROTRAK<\/title>\n<meta name=\"robots\" content=\"index, follow, max-snippet:-1, max-image-preview:large, max-video-preview:-1\" \/>\n<link rel=\"canonical\" href=\"https:\/\/www.agrotrak.ch\/fr\/produkt\/holzspalter-forest-sf100-xx\/\" \/>\n<meta property=\"og:locale\" content=\"fr_FR\" \/>\n<meta property=\"og:type\" content=\"article\" \/>\n<meta property=\"og:title\" content=\"Fendeuse de b\u00fbches Forest SF100 XX - AGROTRAK\" \/>\n<meta property=\"og:description\" content=\"Le plus puissant des fendeurs de b\u00fbches\" \/>\n<meta property=\"og:url\" content=\"https:\/\/www.agrotrak.ch\/fr\/produkt\/holzspalter-forest-sf100-xx\/\" \/>\n<meta property=\"og:site_name\" content=\"AGROTRAK\" \/>\n<meta property=\"article:modified_time\" content=\"2023-05-15T11:13:10+00:00\" \/>\n<meta property=\"og:image\" content=\"https:\/\/www.agrotrak.ch\/app\/uploads\/2023\/05\/holzspalter.jpg\" \/>\n\t<meta property=\"og:image:width\" content=\"900\" \/>\n\t<meta property=\"og:image:height\" content=\"900\" \/>\n\t<meta property=\"og:image:type\" content=\"image\/jpeg\" \/>\n<meta name=\"twitter:card\" content=\"summary_large_image\" \/>\n<meta name=\"twitter:label1\" content=\"Est. reading time\" \/>\n\t<meta name=\"twitter:data1\" content=\"1 minute\" \/>\n<script type=\"application\/ld+json\" class=\"yoast-schema-graph\">{\"@context\":\"https:\\\/\\\/schema.org\",\"@graph\":[{\"@type\":\"WebPage\",\"@id\":\"https:\\\/\\\/www.agrotrak.ch\\\/fr\\\/produkt\\\/holzspalter-forest-sf100-xx\\\/\",\"url\":\"https:\\\/\\\/www.agrotrak.ch\\\/fr\\\/produkt\\\/holzspalter-forest-sf100-xx\\\/\",\"name\":\"Fendeuse de b\u00fbches Forest SF100 XX - AGROTRAK\",\"isPartOf\":{\"@id\":\"https:\\\/\\\/www.agrotrak.ch\\\/#website\"},\"primaryImageOfPage\":{\"@id\":\"https:\\\/\\\/www.agrotrak.ch\\\/fr\\\/produkt\\\/holzspalter-forest-sf100-xx\\\/#primaryimage\"},\"image\":{\"@id\":\"https:\\\/\\\/www.agrotrak.ch\\\/fr\\\/produkt\\\/holzspalter-forest-sf100-xx\\\/#primaryimage\"},\"thumbnailUrl\":\"https:\\\/\\\/www.agrotrak.ch\\\/app\\\/uploads\\\/2023\\\/05\\\/holzspalter.jpg\",\"datePublished\":\"2023-05-09T09:54:40+00:00\",\"dateModified\":\"2023-05-15T11:13:10+00:00\",\"breadcrumb\":{\"@id\":\"https:\\\/\\\/www.agrotrak.ch\\\/fr\\\/produkt\\\/holzspalter-forest-sf100-xx\\\/#breadcrumb\"},\"inLanguage\":\"fr-FR\",\"potentialAction\":[{\"@type\":\"ReadAction\",\"target\":[\"https:\\\/\\\/www.agrotrak.ch\\\/fr\\\/produkt\\\/holzspalter-forest-sf100-xx\\\/\"]}]},{\"@type\":\"ImageObject\",\"inLanguage\":\"fr-FR\",\"@id\":\"https:\\\/\\\/www.agrotrak.ch\\\/fr\\\/produkt\\\/holzspalter-forest-sf100-xx\\\/#primaryimage\",\"url\":\"https:\\\/\\\/www.agrotrak.ch\\\/app\\\/uploads\\\/2023\\\/05\\\/holzspalter.jpg\",\"contentUrl\":\"https:\\\/\\\/www.agrotrak.ch\\\/app\\\/uploads\\\/2023\\\/05\\\/holzspalter.jpg\",\"width\":900,\"height\":900,\"caption\":\"SF100 XX Holzspalter\"},{\"@type\":\"BreadcrumbList\",\"@id\":\"https:\\\/\\\/www.agrotrak.ch\\\/fr\\\/produkt\\\/holzspalter-forest-sf100-xx\\\/#breadcrumb\",\"itemListElement\":[{\"@type\":\"ListItem\",\"position\":1,\"name\":\"Startseite\",\"item\":\"https:\\\/\\\/www.agrotrak.ch\\\/fr\\\/\"},{\"@type\":\"ListItem\",\"position\":2,\"name\":\"Shop\",\"item\":\"https:\\\/\\\/www.agrotrak.ch\\\/shop\\\/\"},{\"@type\":\"ListItem\",\"position\":3,\"name\":\"Fendeuse de b\u00fbches Forest SF100 XX\"}]},{\"@type\":\"WebSite\",\"@id\":\"https:\\\/\\\/www.agrotrak.ch\\\/#website\",\"url\":\"https:\\\/\\\/www.agrotrak.ch\\\/\",\"name\":\"AGROTRAK\",\"description\":\"Landmaschinen, Motorger\u00e4te\",\"potentialAction\":[{\"@type\":\"SearchAction\",\"target\":{\"@type\":\"EntryPoint\",\"urlTemplate\":\"https:\\\/\\\/www.agrotrak.ch\\\/?s={search_term_string}\"},\"query-input\":{\"@type\":\"PropertyValueSpecification\",\"valueRequired\":true,\"valueName\":\"search_term_string\"}}],\"inLanguage\":\"fr-FR\"}]}<\/script>\n<!-- \/ Yoast SEO plugin. -->","yoast_head_json":{"title":"Fendeuse de b\u00fbches Forest SF100 XX - AGROTRAK","robots":{"index":"index","follow":"follow","max-snippet":"max-snippet:-1","max-image-preview":"max-image-preview:large","max-video-preview":"max-video-preview:-1"},"canonical":"https:\/\/www.agrotrak.ch\/fr\/produkt\/holzspalter-forest-sf100-xx\/","og_locale":"fr_FR","og_type":"article","og_title":"Fendeuse de b\u00fbches Forest SF100 XX - AGROTRAK","og_description":"Le plus puissant des fendeurs de b\u00fbches","og_url":"https:\/\/www.agrotrak.ch\/fr\/produkt\/holzspalter-forest-sf100-xx\/","og_site_name":"AGROTRAK","article_modified_time":"2023-05-15T11:13:10+00:00","og_image":[{"width":900,"height":900,"url":"https:\/\/www.agrotrak.ch\/app\/uploads\/2023\/05\/holzspalter.jpg","type":"image\/jpeg"}],"twitter_card":"summary_large_image","twitter_misc":{"Est. reading time":"1 minute"},"schema":{"@context":"https:\/\/schema.org","@graph":[{"@type":"WebPage","@id":"https:\/\/www.agrotrak.ch\/fr\/produkt\/holzspalter-forest-sf100-xx\/","url":"https:\/\/www.agrotrak.ch\/fr\/produkt\/holzspalter-forest-sf100-xx\/","name":"Fendeuse de b\u00fbches Forest SF100 XX - AGROTRAK","isPartOf":{"@id":"https:\/\/www.agrotrak.ch\/#website"},"primaryImageOfPage":{"@id":"https:\/\/www.agrotrak.ch\/fr\/produkt\/holzspalter-forest-sf100-xx\/#primaryimage"},"image":{"@id":"https:\/\/www.agrotrak.ch\/fr\/produkt\/holzspalter-forest-sf100-xx\/#primaryimage"},"thumbnailUrl":"https:\/\/www.agrotrak.ch\/app\/uploads\/2023\/05\/holzspalter.jpg","datePublished":"2023-05-09T09:54:40+00:00","dateModified":"2023-05-15T11:13:10+00:00","breadcrumb":{"@id":"https:\/\/www.agrotrak.ch\/fr\/produkt\/holzspalter-forest-sf100-xx\/#breadcrumb"},"inLanguage":"fr-FR","potentialAction":[{"@type":"ReadAction","target":["https:\/\/www.agrotrak.ch\/fr\/produkt\/holzspalter-forest-sf100-xx\/"]}]},{"@type":"ImageObject","inLanguage":"fr-FR","@id":"https:\/\/www.agrotrak.ch\/fr\/produkt\/holzspalter-forest-sf100-xx\/#primaryimage","url":"https:\/\/www.agrotrak.ch\/app\/uploads\/2023\/05\/holzspalter.jpg","contentUrl":"https:\/\/www.agrotrak.ch\/app\/uploads\/2023\/05\/holzspalter.jpg","width":900,"height":900,"caption":"SF100 XX Holzspalter"},{"@type":"BreadcrumbList","@id":"https:\/\/www.agrotrak.ch\/fr\/produkt\/holzspalter-forest-sf100-xx\/#breadcrumb","itemListElement":[{"@type":"ListItem","position":1,"name":"Startseite","item":"https:\/\/www.agrotrak.ch\/fr\/"},{"@type":"ListItem","position":2,"name":"Shop","item":"https:\/\/www.agrotrak.ch\/shop\/"},{"@type":"ListItem","position":3,"name":"Fendeuse de b\u00fbches Forest SF100 XX"}]},{"@type":"WebSite","@id":"https:\/\/www.agrotrak.ch\/#website","url":"https:\/\/www.agrotrak.ch\/","name":"AGROTRAK","description":"Landmaschinen, Motorger\u00e4te","potentialAction":[{"@type":"SearchAction","target":{"@type":"EntryPoint","urlTemplate":"https:\/\/www.agrotrak.ch\/?s={search_term_string}"},"query-input":{"@type":"PropertyValueSpecification","valueRequired":true,"valueName":"search_term_string"}}],"inLanguage":"fr-FR"}]}},"_links":{"self":[{"href":"https:\/\/www.agrotrak.ch\/fr\/wp-json\/wp\/v2\/product\/1309","targetHints":{"allow":["GET"]}}],"collection":[{"href":"https:\/\/www.agrotrak.ch\/fr\/wp-json\/wp\/v2\/product"}],"about":[{"href":"https:\/\/www.agrotrak.ch\/fr\/wp-json\/wp\/v2\/types\/product"}],"wp:featuredmedia":[{"embeddable":true,"href":"https:\/\/www.agrotrak.ch\/fr\/wp-json\/wp\/v2\/media\/1049"}],"wp:attachment":[{"href":"https:\/\/www.agrotrak.ch\/fr\/wp-json\/wp\/v2\/media?parent=1309"}],"wp:term":[{"taxonomy":"product_brand","embeddable":true,"href":"https:\/\/www.agrotrak.ch\/fr\/wp-json\/wp\/v2\/product_brand?post=1309"},{"taxonomy":"product_cat","embeddable":true,"href":"https:\/\/www.agrotrak.ch\/fr\/wp-json\/wp\/v2\/product_cat?post=1309"},{"taxonomy":"product_tag","embeddable":true,"href":"https:\/\/www.agrotrak.ch\/fr\/wp-json\/wp\/v2\/product_tag?post=1309"}],"curies":[{"name":"wp","href":"https:\/\/api.w.org\/{rel}","templated":true}]}}