{"id":1301,"date":"2023-05-09T11:20:48","date_gmt":"2023-05-09T09:20:48","guid":{"rendered":"https:\/\/projects.botanibot.com\/agrotrak23\/produkt\/multiclean-500-ml\/"},"modified":"2023-05-15T13:04:18","modified_gmt":"2023-05-15T11:04:18","slug":"multiclean-500-ml","status":"publish","type":"product","link":"https:\/\/www.agrotrak.ch\/fr\/produkt\/multiclean-500-ml\/","title":{"rendered":"Multiclean 500 ml"},"content":{"rendered":"<div class=\"text-wrapper\">\n<div class=\"text-wrapper\">\n<div class=\"text-wrapper\">\n<div class=\"text-wrapper\">\n<p>D\u00e9tergent universel pour les surfaces en plastique, en m\u00e9tal, en caoutchouc et les surfaces peintes. \u00c9limine soigneusement et en douceur les salet\u00e9s les plus tenaces. Excellente compatibilit\u00e9 avec les mat\u00e9riaux.<\/p>\n<\/div>\n<\/div>\n<\/div>\n<\/div>\n","protected":false},"excerpt":{"rendered":"<div class=\"product_detail_price\">\n<div class=\"regular-price\">D\u00e9tergent universel<\/div>\n<\/div>\n","protected":false},"featured_media":1038,"template":"","meta":{"inline_featured_image":false},"product_brand":[],"product_cat":[73],"product_tag":[],"class_list":{"0":"post-1301","1":"product","2":"type-product","3":"status-publish","4":"has-post-thumbnail","6":"product_cat-reinigungsmittel-schmierfette-fr","8":"first","9":"instock","10":"shipping-taxable","11":"purchasable","12":"product-type-simple"},"yoast_head":"<!-- This site is optimized with the Yoast SEO plugin v27.4 - https:\/\/yoast.com\/product\/yoast-seo-wordpress\/ -->\n<title>Multiclean 500 ml - AGROTRAK<\/title>\n<meta name=\"robots\" content=\"index, follow, max-snippet:-1, max-image-preview:large, max-video-preview:-1\" \/>\n<link rel=\"canonical\" href=\"https:\/\/www.agrotrak.ch\/fr\/produkt\/multiclean-500-ml\/\" \/>\n<meta property=\"og:locale\" content=\"fr_FR\" \/>\n<meta property=\"og:type\" content=\"article\" \/>\n<meta property=\"og:title\" content=\"Multiclean 500 ml - AGROTRAK\" \/>\n<meta property=\"og:description\" content=\"D\u00e9tergent universel\" \/>\n<meta property=\"og:url\" content=\"https:\/\/www.agrotrak.ch\/fr\/produkt\/multiclean-500-ml\/\" \/>\n<meta property=\"og:site_name\" content=\"AGROTRAK\" \/>\n<meta property=\"article:modified_time\" content=\"2023-05-15T11:04:18+00:00\" \/>\n<meta property=\"og:image\" content=\"https:\/\/www.agrotrak.ch\/app\/uploads\/2023\/05\/multiclean.jpg\" \/>\n\t<meta property=\"og:image:width\" content=\"460\" \/>\n\t<meta property=\"og:image:height\" content=\"689\" \/>\n\t<meta property=\"og:image:type\" content=\"image\/jpeg\" \/>\n<meta name=\"twitter:card\" content=\"summary_large_image\" \/>\n<meta name=\"twitter:label1\" content=\"Est. reading time\" \/>\n\t<meta name=\"twitter:data1\" content=\"1 minute\" \/>\n<script type=\"application\/ld+json\" class=\"yoast-schema-graph\">{\"@context\":\"https:\\\/\\\/schema.org\",\"@graph\":[{\"@type\":\"WebPage\",\"@id\":\"https:\\\/\\\/www.agrotrak.ch\\\/fr\\\/produkt\\\/multiclean-500-ml\\\/\",\"url\":\"https:\\\/\\\/www.agrotrak.ch\\\/fr\\\/produkt\\\/multiclean-500-ml\\\/\",\"name\":\"Multiclean 500 ml - AGROTRAK\",\"isPartOf\":{\"@id\":\"https:\\\/\\\/www.agrotrak.ch\\\/#website\"},\"primaryImageOfPage\":{\"@id\":\"https:\\\/\\\/www.agrotrak.ch\\\/fr\\\/produkt\\\/multiclean-500-ml\\\/#primaryimage\"},\"image\":{\"@id\":\"https:\\\/\\\/www.agrotrak.ch\\\/fr\\\/produkt\\\/multiclean-500-ml\\\/#primaryimage\"},\"thumbnailUrl\":\"https:\\\/\\\/www.agrotrak.ch\\\/app\\\/uploads\\\/2023\\\/05\\\/multiclean.jpg\",\"datePublished\":\"2023-05-09T09:20:48+00:00\",\"dateModified\":\"2023-05-15T11:04:18+00:00\",\"breadcrumb\":{\"@id\":\"https:\\\/\\\/www.agrotrak.ch\\\/fr\\\/produkt\\\/multiclean-500-ml\\\/#breadcrumb\"},\"inLanguage\":\"fr-FR\",\"potentialAction\":[{\"@type\":\"ReadAction\",\"target\":[\"https:\\\/\\\/www.agrotrak.ch\\\/fr\\\/produkt\\\/multiclean-500-ml\\\/\"]}]},{\"@type\":\"ImageObject\",\"inLanguage\":\"fr-FR\",\"@id\":\"https:\\\/\\\/www.agrotrak.ch\\\/fr\\\/produkt\\\/multiclean-500-ml\\\/#primaryimage\",\"url\":\"https:\\\/\\\/www.agrotrak.ch\\\/app\\\/uploads\\\/2023\\\/05\\\/multiclean.jpg\",\"contentUrl\":\"https:\\\/\\\/www.agrotrak.ch\\\/app\\\/uploads\\\/2023\\\/05\\\/multiclean.jpg\",\"width\":460,\"height\":689,\"caption\":\"Multiclean\"},{\"@type\":\"BreadcrumbList\",\"@id\":\"https:\\\/\\\/www.agrotrak.ch\\\/fr\\\/produkt\\\/multiclean-500-ml\\\/#breadcrumb\",\"itemListElement\":[{\"@type\":\"ListItem\",\"position\":1,\"name\":\"Startseite\",\"item\":\"https:\\\/\\\/www.agrotrak.ch\\\/fr\\\/\"},{\"@type\":\"ListItem\",\"position\":2,\"name\":\"Shop\",\"item\":\"https:\\\/\\\/www.agrotrak.ch\\\/shop\\\/\"},{\"@type\":\"ListItem\",\"position\":3,\"name\":\"Multiclean 500 ml\"}]},{\"@type\":\"WebSite\",\"@id\":\"https:\\\/\\\/www.agrotrak.ch\\\/#website\",\"url\":\"https:\\\/\\\/www.agrotrak.ch\\\/\",\"name\":\"AGROTRAK\",\"description\":\"Landmaschinen, Motorger\u00e4te\",\"potentialAction\":[{\"@type\":\"SearchAction\",\"target\":{\"@type\":\"EntryPoint\",\"urlTemplate\":\"https:\\\/\\\/www.agrotrak.ch\\\/?s={search_term_string}\"},\"query-input\":{\"@type\":\"PropertyValueSpecification\",\"valueRequired\":true,\"valueName\":\"search_term_string\"}}],\"inLanguage\":\"fr-FR\"}]}<\/script>\n<!-- \/ Yoast SEO plugin. -->","yoast_head_json":{"title":"Multiclean 500 ml - AGROTRAK","robots":{"index":"index","follow":"follow","max-snippet":"max-snippet:-1","max-image-preview":"max-image-preview:large","max-video-preview":"max-video-preview:-1"},"canonical":"https:\/\/www.agrotrak.ch\/fr\/produkt\/multiclean-500-ml\/","og_locale":"fr_FR","og_type":"article","og_title":"Multiclean 500 ml - AGROTRAK","og_description":"D\u00e9tergent universel","og_url":"https:\/\/www.agrotrak.ch\/fr\/produkt\/multiclean-500-ml\/","og_site_name":"AGROTRAK","article_modified_time":"2023-05-15T11:04:18+00:00","og_image":[{"width":460,"height":689,"url":"https:\/\/www.agrotrak.ch\/app\/uploads\/2023\/05\/multiclean.jpg","type":"image\/jpeg"}],"twitter_card":"summary_large_image","twitter_misc":{"Est. reading time":"1 minute"},"schema":{"@context":"https:\/\/schema.org","@graph":[{"@type":"WebPage","@id":"https:\/\/www.agrotrak.ch\/fr\/produkt\/multiclean-500-ml\/","url":"https:\/\/www.agrotrak.ch\/fr\/produkt\/multiclean-500-ml\/","name":"Multiclean 500 ml - AGROTRAK","isPartOf":{"@id":"https:\/\/www.agrotrak.ch\/#website"},"primaryImageOfPage":{"@id":"https:\/\/www.agrotrak.ch\/fr\/produkt\/multiclean-500-ml\/#primaryimage"},"image":{"@id":"https:\/\/www.agrotrak.ch\/fr\/produkt\/multiclean-500-ml\/#primaryimage"},"thumbnailUrl":"https:\/\/www.agrotrak.ch\/app\/uploads\/2023\/05\/multiclean.jpg","datePublished":"2023-05-09T09:20:48+00:00","dateModified":"2023-05-15T11:04:18+00:00","breadcrumb":{"@id":"https:\/\/www.agrotrak.ch\/fr\/produkt\/multiclean-500-ml\/#breadcrumb"},"inLanguage":"fr-FR","potentialAction":[{"@type":"ReadAction","target":["https:\/\/www.agrotrak.ch\/fr\/produkt\/multiclean-500-ml\/"]}]},{"@type":"ImageObject","inLanguage":"fr-FR","@id":"https:\/\/www.agrotrak.ch\/fr\/produkt\/multiclean-500-ml\/#primaryimage","url":"https:\/\/www.agrotrak.ch\/app\/uploads\/2023\/05\/multiclean.jpg","contentUrl":"https:\/\/www.agrotrak.ch\/app\/uploads\/2023\/05\/multiclean.jpg","width":460,"height":689,"caption":"Multiclean"},{"@type":"BreadcrumbList","@id":"https:\/\/www.agrotrak.ch\/fr\/produkt\/multiclean-500-ml\/#breadcrumb","itemListElement":[{"@type":"ListItem","position":1,"name":"Startseite","item":"https:\/\/www.agrotrak.ch\/fr\/"},{"@type":"ListItem","position":2,"name":"Shop","item":"https:\/\/www.agrotrak.ch\/shop\/"},{"@type":"ListItem","position":3,"name":"Multiclean 500 ml"}]},{"@type":"WebSite","@id":"https:\/\/www.agrotrak.ch\/#website","url":"https:\/\/www.agrotrak.ch\/","name":"AGROTRAK","description":"Landmaschinen, Motorger\u00e4te","potentialAction":[{"@type":"SearchAction","target":{"@type":"EntryPoint","urlTemplate":"https:\/\/www.agrotrak.ch\/?s={search_term_string}"},"query-input":{"@type":"PropertyValueSpecification","valueRequired":true,"valueName":"search_term_string"}}],"inLanguage":"fr-FR"}]}},"_links":{"self":[{"href":"https:\/\/www.agrotrak.ch\/fr\/wp-json\/wp\/v2\/product\/1301","targetHints":{"allow":["GET"]}}],"collection":[{"href":"https:\/\/www.agrotrak.ch\/fr\/wp-json\/wp\/v2\/product"}],"about":[{"href":"https:\/\/www.agrotrak.ch\/fr\/wp-json\/wp\/v2\/types\/product"}],"wp:featuredmedia":[{"embeddable":true,"href":"https:\/\/www.agrotrak.ch\/fr\/wp-json\/wp\/v2\/media\/1038"}],"wp:attachment":[{"href":"https:\/\/www.agrotrak.ch\/fr\/wp-json\/wp\/v2\/media?parent=1301"}],"wp:term":[{"taxonomy":"product_brand","embeddable":true,"href":"https:\/\/www.agrotrak.ch\/fr\/wp-json\/wp\/v2\/product_brand?post=1301"},{"taxonomy":"product_cat","embeddable":true,"href":"https:\/\/www.agrotrak.ch\/fr\/wp-json\/wp\/v2\/product_cat?post=1301"},{"taxonomy":"product_tag","embeddable":true,"href":"https:\/\/www.agrotrak.ch\/fr\/wp-json\/wp\/v2\/product_tag?post=1301"}],"curies":[{"name":"wp","href":"https:\/\/api.w.org\/{rel}","templated":true}]}}