{"id":1300,"date":"2021-10-19T08:03:21","date_gmt":"2021-10-19T06:03:21","guid":{"rendered":"https:\/\/projects.botanibot.com\/agrotrak23\/produkt\/riesling-feinherb\/"},"modified":"2023-05-15T13:02:19","modified_gmt":"2023-05-15T11:02:19","slug":"riesling-feinherb","status":"publish","type":"product","link":"https:\/\/www.agrotrak.ch\/fr\/produkt\/riesling-feinherb\/","title":{"rendered":"MotoMix"},"content":{"rendered":"<div class=\"text-wrapper\">\n<p>Carburant pr\u00e9m\u00e9lang\u00e9 (1:50) pour tous les moteurs STIHL, performance optimale, excellentes propri\u00e9t\u00e9s de d\u00e9marrage \u00e0 froid, acc\u00e9l\u00e9ration maximale sur toute la plage de r\u00e9gime, fonctionnement irr\u00e9prochable m\u00eame en cas d\u2019inversion soudaine de gaz. Avec l\u2019huile Premium HP Ultra STIHL pour une lubrification exceptionnelle du moteur et une propret\u00e9 maximale, enti\u00e8rement synth\u00e9tique et biod\u00e9gradable pour une performance optimale et une longue dur\u00e9e de vie. Ne contient pas d\u2019\u00e9thanol, pratiquement sans ol\u00e9fine ar\u00f4mes, utilisation facile et m\u00e9nagement du moteur gr\u00e2ce \u00e0 de faibles \u00e9missions. Dur\u00e9e de stockage \u00e9lev\u00e9e jusqu\u2019\u00e0 5 ans. Performance maximale fiable sous une m\u00eame enseigne \u2013 les moteurs STIHL et STIHL MotoMix sont parfaitement adapt\u00e9s les uns aux autres, toutes les utilisations concevables sont contr\u00f4l\u00e9es dans le cadre d\u2019essais complets.<\/p>\n<\/div>\n<div class=\"product_detail_price\"><\/div>\n<p>&nbsp;<\/p>\n","protected":false},"excerpt":{"rendered":"<div class=\"product_detail_price\">\n<div class=\"regular-price\">\n<p>Nouvelle formule d&#8217;essence, plus de puissance, 5L<\/p>\n<\/div>\n<\/div>\n","protected":false},"featured_media":730,"template":"","meta":{"inline_featured_image":false},"product_brand":[],"product_cat":[71],"product_tag":[],"class_list":{"0":"post-1300","1":"product","2":"type-product","3":"status-publish","4":"has-post-thumbnail","6":"product_cat-haecksler-fr","8":"first","9":"outofstock","10":"shipping-taxable","11":"purchasable","12":"product-type-simple"},"yoast_head":"<!-- This site is optimized with the Yoast SEO plugin v27.4 - https:\/\/yoast.com\/product\/yoast-seo-wordpress\/ -->\n<title>MotoMix - AGROTRAK<\/title>\n<meta name=\"robots\" content=\"index, follow, max-snippet:-1, max-image-preview:large, max-video-preview:-1\" \/>\n<link rel=\"canonical\" href=\"https:\/\/www.agrotrak.ch\/fr\/produkt\/riesling-feinherb\/\" \/>\n<meta property=\"og:locale\" content=\"fr_FR\" \/>\n<meta property=\"og:type\" content=\"article\" \/>\n<meta property=\"og:title\" content=\"MotoMix - AGROTRAK\" \/>\n<meta property=\"og:description\" content=\"Nouvelle formule d&#039;essence, plus de puissance, 5L\" \/>\n<meta property=\"og:url\" content=\"https:\/\/www.agrotrak.ch\/fr\/produkt\/riesling-feinherb\/\" \/>\n<meta property=\"og:site_name\" content=\"AGROTRAK\" \/>\n<meta property=\"article:modified_time\" content=\"2023-05-15T11:02:19+00:00\" \/>\n<meta property=\"og:image\" content=\"https:\/\/www.agrotrak.ch\/app\/uploads\/2021\/10\/motomix.jpg\" \/>\n\t<meta property=\"og:image:width\" content=\"460\" \/>\n\t<meta property=\"og:image:height\" content=\"460\" \/>\n\t<meta property=\"og:image:type\" content=\"image\/jpeg\" \/>\n<meta name=\"twitter:card\" content=\"summary_large_image\" \/>\n<meta name=\"twitter:label1\" content=\"Est. reading time\" \/>\n\t<meta name=\"twitter:data1\" content=\"1 minute\" \/>\n<script type=\"application\/ld+json\" class=\"yoast-schema-graph\">{\"@context\":\"https:\\\/\\\/schema.org\",\"@graph\":[{\"@type\":\"WebPage\",\"@id\":\"https:\\\/\\\/www.agrotrak.ch\\\/fr\\\/produkt\\\/riesling-feinherb\\\/\",\"url\":\"https:\\\/\\\/www.agrotrak.ch\\\/fr\\\/produkt\\\/riesling-feinherb\\\/\",\"name\":\"MotoMix - AGROTRAK\",\"isPartOf\":{\"@id\":\"https:\\\/\\\/www.agrotrak.ch\\\/#website\"},\"primaryImageOfPage\":{\"@id\":\"https:\\\/\\\/www.agrotrak.ch\\\/fr\\\/produkt\\\/riesling-feinherb\\\/#primaryimage\"},\"image\":{\"@id\":\"https:\\\/\\\/www.agrotrak.ch\\\/fr\\\/produkt\\\/riesling-feinherb\\\/#primaryimage\"},\"thumbnailUrl\":\"https:\\\/\\\/www.agrotrak.ch\\\/app\\\/uploads\\\/2021\\\/10\\\/motomix.jpg\",\"datePublished\":\"2021-10-19T06:03:21+00:00\",\"dateModified\":\"2023-05-15T11:02:19+00:00\",\"breadcrumb\":{\"@id\":\"https:\\\/\\\/www.agrotrak.ch\\\/fr\\\/produkt\\\/riesling-feinherb\\\/#breadcrumb\"},\"inLanguage\":\"fr-FR\",\"potentialAction\":[{\"@type\":\"ReadAction\",\"target\":[\"https:\\\/\\\/www.agrotrak.ch\\\/fr\\\/produkt\\\/riesling-feinherb\\\/\"]}]},{\"@type\":\"ImageObject\",\"inLanguage\":\"fr-FR\",\"@id\":\"https:\\\/\\\/www.agrotrak.ch\\\/fr\\\/produkt\\\/riesling-feinherb\\\/#primaryimage\",\"url\":\"https:\\\/\\\/www.agrotrak.ch\\\/app\\\/uploads\\\/2021\\\/10\\\/motomix.jpg\",\"contentUrl\":\"https:\\\/\\\/www.agrotrak.ch\\\/app\\\/uploads\\\/2021\\\/10\\\/motomix.jpg\",\"width\":460,\"height\":460,\"caption\":\"Motomix\"},{\"@type\":\"BreadcrumbList\",\"@id\":\"https:\\\/\\\/www.agrotrak.ch\\\/fr\\\/produkt\\\/riesling-feinherb\\\/#breadcrumb\",\"itemListElement\":[{\"@type\":\"ListItem\",\"position\":1,\"name\":\"Startseite\",\"item\":\"https:\\\/\\\/www.agrotrak.ch\\\/fr\\\/\"},{\"@type\":\"ListItem\",\"position\":2,\"name\":\"Shop\",\"item\":\"https:\\\/\\\/www.agrotrak.ch\\\/shop\\\/\"},{\"@type\":\"ListItem\",\"position\":3,\"name\":\"MotoMix\"}]},{\"@type\":\"WebSite\",\"@id\":\"https:\\\/\\\/www.agrotrak.ch\\\/#website\",\"url\":\"https:\\\/\\\/www.agrotrak.ch\\\/\",\"name\":\"AGROTRAK\",\"description\":\"Landmaschinen, Motorger\u00e4te\",\"potentialAction\":[{\"@type\":\"SearchAction\",\"target\":{\"@type\":\"EntryPoint\",\"urlTemplate\":\"https:\\\/\\\/www.agrotrak.ch\\\/?s={search_term_string}\"},\"query-input\":{\"@type\":\"PropertyValueSpecification\",\"valueRequired\":true,\"valueName\":\"search_term_string\"}}],\"inLanguage\":\"fr-FR\"}]}<\/script>\n<!-- \/ Yoast SEO plugin. -->","yoast_head_json":{"title":"MotoMix - AGROTRAK","robots":{"index":"index","follow":"follow","max-snippet":"max-snippet:-1","max-image-preview":"max-image-preview:large","max-video-preview":"max-video-preview:-1"},"canonical":"https:\/\/www.agrotrak.ch\/fr\/produkt\/riesling-feinherb\/","og_locale":"fr_FR","og_type":"article","og_title":"MotoMix - AGROTRAK","og_description":"Nouvelle formule d'essence, plus de puissance, 5L","og_url":"https:\/\/www.agrotrak.ch\/fr\/produkt\/riesling-feinherb\/","og_site_name":"AGROTRAK","article_modified_time":"2023-05-15T11:02:19+00:00","og_image":[{"width":460,"height":460,"url":"https:\/\/www.agrotrak.ch\/app\/uploads\/2021\/10\/motomix.jpg","type":"image\/jpeg"}],"twitter_card":"summary_large_image","twitter_misc":{"Est. reading time":"1 minute"},"schema":{"@context":"https:\/\/schema.org","@graph":[{"@type":"WebPage","@id":"https:\/\/www.agrotrak.ch\/fr\/produkt\/riesling-feinherb\/","url":"https:\/\/www.agrotrak.ch\/fr\/produkt\/riesling-feinherb\/","name":"MotoMix - AGROTRAK","isPartOf":{"@id":"https:\/\/www.agrotrak.ch\/#website"},"primaryImageOfPage":{"@id":"https:\/\/www.agrotrak.ch\/fr\/produkt\/riesling-feinherb\/#primaryimage"},"image":{"@id":"https:\/\/www.agrotrak.ch\/fr\/produkt\/riesling-feinherb\/#primaryimage"},"thumbnailUrl":"https:\/\/www.agrotrak.ch\/app\/uploads\/2021\/10\/motomix.jpg","datePublished":"2021-10-19T06:03:21+00:00","dateModified":"2023-05-15T11:02:19+00:00","breadcrumb":{"@id":"https:\/\/www.agrotrak.ch\/fr\/produkt\/riesling-feinherb\/#breadcrumb"},"inLanguage":"fr-FR","potentialAction":[{"@type":"ReadAction","target":["https:\/\/www.agrotrak.ch\/fr\/produkt\/riesling-feinherb\/"]}]},{"@type":"ImageObject","inLanguage":"fr-FR","@id":"https:\/\/www.agrotrak.ch\/fr\/produkt\/riesling-feinherb\/#primaryimage","url":"https:\/\/www.agrotrak.ch\/app\/uploads\/2021\/10\/motomix.jpg","contentUrl":"https:\/\/www.agrotrak.ch\/app\/uploads\/2021\/10\/motomix.jpg","width":460,"height":460,"caption":"Motomix"},{"@type":"BreadcrumbList","@id":"https:\/\/www.agrotrak.ch\/fr\/produkt\/riesling-feinherb\/#breadcrumb","itemListElement":[{"@type":"ListItem","position":1,"name":"Startseite","item":"https:\/\/www.agrotrak.ch\/fr\/"},{"@type":"ListItem","position":2,"name":"Shop","item":"https:\/\/www.agrotrak.ch\/shop\/"},{"@type":"ListItem","position":3,"name":"MotoMix"}]},{"@type":"WebSite","@id":"https:\/\/www.agrotrak.ch\/#website","url":"https:\/\/www.agrotrak.ch\/","name":"AGROTRAK","description":"Landmaschinen, Motorger\u00e4te","potentialAction":[{"@type":"SearchAction","target":{"@type":"EntryPoint","urlTemplate":"https:\/\/www.agrotrak.ch\/?s={search_term_string}"},"query-input":{"@type":"PropertyValueSpecification","valueRequired":true,"valueName":"search_term_string"}}],"inLanguage":"fr-FR"}]}},"_links":{"self":[{"href":"https:\/\/www.agrotrak.ch\/fr\/wp-json\/wp\/v2\/product\/1300","targetHints":{"allow":["GET"]}}],"collection":[{"href":"https:\/\/www.agrotrak.ch\/fr\/wp-json\/wp\/v2\/product"}],"about":[{"href":"https:\/\/www.agrotrak.ch\/fr\/wp-json\/wp\/v2\/types\/product"}],"wp:featuredmedia":[{"embeddable":true,"href":"https:\/\/www.agrotrak.ch\/fr\/wp-json\/wp\/v2\/media\/730"}],"wp:attachment":[{"href":"https:\/\/www.agrotrak.ch\/fr\/wp-json\/wp\/v2\/media?parent=1300"}],"wp:term":[{"taxonomy":"product_brand","embeddable":true,"href":"https:\/\/www.agrotrak.ch\/fr\/wp-json\/wp\/v2\/product_brand?post=1300"},{"taxonomy":"product_cat","embeddable":true,"href":"https:\/\/www.agrotrak.ch\/fr\/wp-json\/wp\/v2\/product_cat?post=1300"},{"taxonomy":"product_tag","embeddable":true,"href":"https:\/\/www.agrotrak.ch\/fr\/wp-json\/wp\/v2\/product_tag?post=1300"}],"curies":[{"name":"wp","href":"https:\/\/api.w.org\/{rel}","templated":true}]}}