{"id":1299,"date":"2023-05-04T15:26:10","date_gmt":"2023-05-04T13:26:10","guid":{"rendered":"https:\/\/projects.botanibot.com\/agrotrak23\/produkt\/geraetebenzin-moto4plus\/"},"modified":"2023-05-15T13:00:32","modified_gmt":"2023-05-15T11:00:32","slug":"geraetebenzin-moto4plus","status":"publish","type":"product","link":"https:\/\/www.agrotrak.ch\/fr\/produkt\/geraetebenzin-moto4plus\/","title":{"rendered":"Essence Moto4Plus"},"content":{"rendered":"<div class=\"text-wrapper\">\n<p>Essence tout sp\u00e9cialement con\u00e7ue pour de petits moteurs \u00e0 4 temps STIHL. Ne contient pas d\u2019\u00e9thanol, pratiquement sans ol\u00e9fine ou compos\u00e9s aromatiques, utilisation facile et m\u00e9nagement du moteur gr\u00e2ce \u00e0 de faibles \u00e9missions. Dur\u00e9e de stockage \u00e9lev\u00e9e jusqu\u2019\u00e0 5 ans. Performance maximale fiable et un seul fournisseur \u2013 les petits moteurs \u00e0 4 temps STIHL et STIHL Moto4Plus sont parfaitement adapt\u00e9s les uns aux autres, toutes les utilisations possibles sont contr\u00f4l\u00e9es dans le cadre de tests complets.<\/p>\n<\/div>\n<div class=\"product_detail_price\"><\/div>\n<p>&nbsp;<\/p>\n","protected":false},"excerpt":{"rendered":"<div class=\"product_detail_price\">\n<div class=\"regular-price\">\n<p>Essence tout sp\u00e9cialement con\u00e7ue, 5L<\/p>\n<\/div>\n<\/div>\n","protected":false},"featured_media":733,"template":"","meta":{"inline_featured_image":false},"product_brand":[],"product_cat":[71],"product_tag":[],"class_list":{"0":"post-1299","1":"product","2":"type-product","3":"status-publish","4":"has-post-thumbnail","6":"product_cat-haecksler-fr","8":"first","9":"outofstock","10":"shipping-taxable","11":"purchasable","12":"product-type-simple"},"yoast_head":"<!-- This site is optimized with the Yoast SEO plugin v27.4 - https:\/\/yoast.com\/product\/yoast-seo-wordpress\/ -->\n<title>Essence Moto4Plus - AGROTRAK<\/title>\n<meta name=\"robots\" content=\"index, follow, max-snippet:-1, max-image-preview:large, max-video-preview:-1\" \/>\n<link rel=\"canonical\" href=\"https:\/\/www.agrotrak.ch\/fr\/produkt\/geraetebenzin-moto4plus\/\" \/>\n<meta property=\"og:locale\" content=\"fr_FR\" \/>\n<meta property=\"og:type\" content=\"article\" \/>\n<meta property=\"og:title\" content=\"Essence Moto4Plus - AGROTRAK\" \/>\n<meta property=\"og:description\" content=\"Essence tout sp\u00e9cialement con\u00e7ue, 5L\" \/>\n<meta property=\"og:url\" content=\"https:\/\/www.agrotrak.ch\/fr\/produkt\/geraetebenzin-moto4plus\/\" \/>\n<meta property=\"og:site_name\" content=\"AGROTRAK\" \/>\n<meta property=\"article:modified_time\" content=\"2023-05-15T11:00:32+00:00\" \/>\n<meta property=\"og:image\" content=\"https:\/\/www.agrotrak.ch\/app\/uploads\/2023\/05\/geraetemix.jpg\" \/>\n\t<meta property=\"og:image:width\" content=\"460\" \/>\n\t<meta property=\"og:image:height\" content=\"460\" \/>\n\t<meta property=\"og:image:type\" content=\"image\/jpeg\" \/>\n<meta name=\"twitter:card\" content=\"summary_large_image\" \/>\n<meta name=\"twitter:label1\" content=\"Est. reading time\" \/>\n\t<meta name=\"twitter:data1\" content=\"1 minute\" \/>\n<script type=\"application\/ld+json\" class=\"yoast-schema-graph\">{\"@context\":\"https:\\\/\\\/schema.org\",\"@graph\":[{\"@type\":\"WebPage\",\"@id\":\"https:\\\/\\\/www.agrotrak.ch\\\/fr\\\/produkt\\\/geraetebenzin-moto4plus\\\/\",\"url\":\"https:\\\/\\\/www.agrotrak.ch\\\/fr\\\/produkt\\\/geraetebenzin-moto4plus\\\/\",\"name\":\"Essence Moto4Plus - AGROTRAK\",\"isPartOf\":{\"@id\":\"https:\\\/\\\/www.agrotrak.ch\\\/#website\"},\"primaryImageOfPage\":{\"@id\":\"https:\\\/\\\/www.agrotrak.ch\\\/fr\\\/produkt\\\/geraetebenzin-moto4plus\\\/#primaryimage\"},\"image\":{\"@id\":\"https:\\\/\\\/www.agrotrak.ch\\\/fr\\\/produkt\\\/geraetebenzin-moto4plus\\\/#primaryimage\"},\"thumbnailUrl\":\"https:\\\/\\\/www.agrotrak.ch\\\/app\\\/uploads\\\/2023\\\/05\\\/geraetemix.jpg\",\"datePublished\":\"2023-05-04T13:26:10+00:00\",\"dateModified\":\"2023-05-15T11:00:32+00:00\",\"breadcrumb\":{\"@id\":\"https:\\\/\\\/www.agrotrak.ch\\\/fr\\\/produkt\\\/geraetebenzin-moto4plus\\\/#breadcrumb\"},\"inLanguage\":\"fr-FR\",\"potentialAction\":[{\"@type\":\"ReadAction\",\"target\":[\"https:\\\/\\\/www.agrotrak.ch\\\/fr\\\/produkt\\\/geraetebenzin-moto4plus\\\/\"]}]},{\"@type\":\"ImageObject\",\"inLanguage\":\"fr-FR\",\"@id\":\"https:\\\/\\\/www.agrotrak.ch\\\/fr\\\/produkt\\\/geraetebenzin-moto4plus\\\/#primaryimage\",\"url\":\"https:\\\/\\\/www.agrotrak.ch\\\/app\\\/uploads\\\/2023\\\/05\\\/geraetemix.jpg\",\"contentUrl\":\"https:\\\/\\\/www.agrotrak.ch\\\/app\\\/uploads\\\/2023\\\/05\\\/geraetemix.jpg\",\"width\":460,\"height\":460,\"caption\":\"Ger\u00e4temix\"},{\"@type\":\"BreadcrumbList\",\"@id\":\"https:\\\/\\\/www.agrotrak.ch\\\/fr\\\/produkt\\\/geraetebenzin-moto4plus\\\/#breadcrumb\",\"itemListElement\":[{\"@type\":\"ListItem\",\"position\":1,\"name\":\"Startseite\",\"item\":\"https:\\\/\\\/www.agrotrak.ch\\\/fr\\\/\"},{\"@type\":\"ListItem\",\"position\":2,\"name\":\"Shop\",\"item\":\"https:\\\/\\\/www.agrotrak.ch\\\/shop\\\/\"},{\"@type\":\"ListItem\",\"position\":3,\"name\":\"Essence Moto4Plus\"}]},{\"@type\":\"WebSite\",\"@id\":\"https:\\\/\\\/www.agrotrak.ch\\\/#website\",\"url\":\"https:\\\/\\\/www.agrotrak.ch\\\/\",\"name\":\"AGROTRAK\",\"description\":\"Landmaschinen, Motorger\u00e4te\",\"potentialAction\":[{\"@type\":\"SearchAction\",\"target\":{\"@type\":\"EntryPoint\",\"urlTemplate\":\"https:\\\/\\\/www.agrotrak.ch\\\/?s={search_term_string}\"},\"query-input\":{\"@type\":\"PropertyValueSpecification\",\"valueRequired\":true,\"valueName\":\"search_term_string\"}}],\"inLanguage\":\"fr-FR\"}]}<\/script>\n<!-- \/ Yoast SEO plugin. -->","yoast_head_json":{"title":"Essence Moto4Plus - AGROTRAK","robots":{"index":"index","follow":"follow","max-snippet":"max-snippet:-1","max-image-preview":"max-image-preview:large","max-video-preview":"max-video-preview:-1"},"canonical":"https:\/\/www.agrotrak.ch\/fr\/produkt\/geraetebenzin-moto4plus\/","og_locale":"fr_FR","og_type":"article","og_title":"Essence Moto4Plus - AGROTRAK","og_description":"Essence tout sp\u00e9cialement con\u00e7ue, 5L","og_url":"https:\/\/www.agrotrak.ch\/fr\/produkt\/geraetebenzin-moto4plus\/","og_site_name":"AGROTRAK","article_modified_time":"2023-05-15T11:00:32+00:00","og_image":[{"width":460,"height":460,"url":"https:\/\/www.agrotrak.ch\/app\/uploads\/2023\/05\/geraetemix.jpg","type":"image\/jpeg"}],"twitter_card":"summary_large_image","twitter_misc":{"Est. reading time":"1 minute"},"schema":{"@context":"https:\/\/schema.org","@graph":[{"@type":"WebPage","@id":"https:\/\/www.agrotrak.ch\/fr\/produkt\/geraetebenzin-moto4plus\/","url":"https:\/\/www.agrotrak.ch\/fr\/produkt\/geraetebenzin-moto4plus\/","name":"Essence Moto4Plus - AGROTRAK","isPartOf":{"@id":"https:\/\/www.agrotrak.ch\/#website"},"primaryImageOfPage":{"@id":"https:\/\/www.agrotrak.ch\/fr\/produkt\/geraetebenzin-moto4plus\/#primaryimage"},"image":{"@id":"https:\/\/www.agrotrak.ch\/fr\/produkt\/geraetebenzin-moto4plus\/#primaryimage"},"thumbnailUrl":"https:\/\/www.agrotrak.ch\/app\/uploads\/2023\/05\/geraetemix.jpg","datePublished":"2023-05-04T13:26:10+00:00","dateModified":"2023-05-15T11:00:32+00:00","breadcrumb":{"@id":"https:\/\/www.agrotrak.ch\/fr\/produkt\/geraetebenzin-moto4plus\/#breadcrumb"},"inLanguage":"fr-FR","potentialAction":[{"@type":"ReadAction","target":["https:\/\/www.agrotrak.ch\/fr\/produkt\/geraetebenzin-moto4plus\/"]}]},{"@type":"ImageObject","inLanguage":"fr-FR","@id":"https:\/\/www.agrotrak.ch\/fr\/produkt\/geraetebenzin-moto4plus\/#primaryimage","url":"https:\/\/www.agrotrak.ch\/app\/uploads\/2023\/05\/geraetemix.jpg","contentUrl":"https:\/\/www.agrotrak.ch\/app\/uploads\/2023\/05\/geraetemix.jpg","width":460,"height":460,"caption":"Ger\u00e4temix"},{"@type":"BreadcrumbList","@id":"https:\/\/www.agrotrak.ch\/fr\/produkt\/geraetebenzin-moto4plus\/#breadcrumb","itemListElement":[{"@type":"ListItem","position":1,"name":"Startseite","item":"https:\/\/www.agrotrak.ch\/fr\/"},{"@type":"ListItem","position":2,"name":"Shop","item":"https:\/\/www.agrotrak.ch\/shop\/"},{"@type":"ListItem","position":3,"name":"Essence Moto4Plus"}]},{"@type":"WebSite","@id":"https:\/\/www.agrotrak.ch\/#website","url":"https:\/\/www.agrotrak.ch\/","name":"AGROTRAK","description":"Landmaschinen, Motorger\u00e4te","potentialAction":[{"@type":"SearchAction","target":{"@type":"EntryPoint","urlTemplate":"https:\/\/www.agrotrak.ch\/?s={search_term_string}"},"query-input":{"@type":"PropertyValueSpecification","valueRequired":true,"valueName":"search_term_string"}}],"inLanguage":"fr-FR"}]}},"_links":{"self":[{"href":"https:\/\/www.agrotrak.ch\/fr\/wp-json\/wp\/v2\/product\/1299","targetHints":{"allow":["GET"]}}],"collection":[{"href":"https:\/\/www.agrotrak.ch\/fr\/wp-json\/wp\/v2\/product"}],"about":[{"href":"https:\/\/www.agrotrak.ch\/fr\/wp-json\/wp\/v2\/types\/product"}],"wp:featuredmedia":[{"embeddable":true,"href":"https:\/\/www.agrotrak.ch\/fr\/wp-json\/wp\/v2\/media\/733"}],"wp:attachment":[{"href":"https:\/\/www.agrotrak.ch\/fr\/wp-json\/wp\/v2\/media?parent=1299"}],"wp:term":[{"taxonomy":"product_brand","embeddable":true,"href":"https:\/\/www.agrotrak.ch\/fr\/wp-json\/wp\/v2\/product_brand?post=1299"},{"taxonomy":"product_cat","embeddable":true,"href":"https:\/\/www.agrotrak.ch\/fr\/wp-json\/wp\/v2\/product_cat?post=1299"},{"taxonomy":"product_tag","embeddable":true,"href":"https:\/\/www.agrotrak.ch\/fr\/wp-json\/wp\/v2\/product_tag?post=1299"}],"curies":[{"name":"wp","href":"https:\/\/api.w.org\/{rel}","templated":true}]}}