{"id":1297,"date":"2023-05-04T15:55:25","date_gmt":"2023-05-04T13:55:25","guid":{"rendered":"https:\/\/projects.botanibot.com\/agrotrak23\/produkt\/saegekettenhaftoel-bioplus\/"},"modified":"2023-05-17T10:03:38","modified_gmt":"2023-05-17T08:03:38","slug":"saegekettenhaftoel-bioplus","status":"publish","type":"product","link":"https:\/\/www.agrotrak.ch\/fr\/produkt\/saegekettenhaftoel-bioplus\/","title":{"rendered":"Huile de cha\u00eene adh\u00e9sive BioPlus"},"content":{"rendered":"<div class=\"text-wrapper\">\n<div class=\"text-wrapper\">\n<p>Particuli\u00e8rement \u00e9cologique, sans rien perdre de son pouvoir de lubrification et d&#8217;adh\u00e9rence. STIHL Bio Plus est rapidement biod\u00e9gradable et s\u2019est vu attribuer pour cette raison l\u2019\u00ab Ange bleu \u00bb, prix tr\u00e8s convoit\u00e9 de l\u2019Office F\u00e9d\u00e9ral de l\u2019Environnement.<\/p>\n<\/div>\n<\/div>\n<div class=\"product_detail_price\">\n<div class=\"regular-price\"><\/div>\n<\/div>\n","protected":false},"excerpt":{"rendered":"<div class=\"product_detail_price\">\n<div class=\"regular-price\">\n<p>Particuli\u00e8rement \u00e9cologique, 1L<\/p>\n<\/div>\n<\/div>\n","protected":false},"featured_media":1431,"template":"","meta":{"inline_featured_image":false},"product_brand":[],"product_cat":[71],"product_tag":[],"class_list":{"0":"post-1297","1":"product","2":"type-product","3":"status-publish","4":"has-post-thumbnail","6":"product_cat-haecksler-fr","8":"first","9":"instock","10":"shipping-taxable","11":"purchasable","12":"product-type-simple"},"yoast_head":"<!-- This site is optimized with the Yoast SEO plugin v27.4 - https:\/\/yoast.com\/product\/yoast-seo-wordpress\/ -->\n<title>Huile de cha\u00eene adh\u00e9sive BioPlus - AGROTRAK<\/title>\n<meta name=\"robots\" content=\"index, follow, max-snippet:-1, max-image-preview:large, max-video-preview:-1\" \/>\n<link rel=\"canonical\" href=\"https:\/\/www.agrotrak.ch\/fr\/produkt\/saegekettenhaftoel-bioplus\/\" \/>\n<meta property=\"og:locale\" content=\"fr_FR\" \/>\n<meta property=\"og:type\" content=\"article\" \/>\n<meta property=\"og:title\" content=\"Huile de cha\u00eene adh\u00e9sive BioPlus - AGROTRAK\" \/>\n<meta property=\"og:description\" content=\"Particuli\u00e8rement \u00e9cologique, 1L\" \/>\n<meta property=\"og:url\" content=\"https:\/\/www.agrotrak.ch\/fr\/produkt\/saegekettenhaftoel-bioplus\/\" \/>\n<meta property=\"og:site_name\" content=\"AGROTRAK\" \/>\n<meta property=\"article:modified_time\" content=\"2023-05-17T08:03:38+00:00\" \/>\n<meta property=\"og:image\" content=\"https:\/\/www.agrotrak.ch\/app\/uploads\/2023\/05\/bioplus-1.jpg\" \/>\n\t<meta property=\"og:image:width\" content=\"242\" \/>\n\t<meta property=\"og:image:height\" content=\"412\" \/>\n\t<meta property=\"og:image:type\" content=\"image\/jpeg\" \/>\n<meta name=\"twitter:card\" content=\"summary_large_image\" \/>\n<meta name=\"twitter:label1\" content=\"Est. reading time\" \/>\n\t<meta name=\"twitter:data1\" content=\"1 minute\" \/>\n<script type=\"application\/ld+json\" class=\"yoast-schema-graph\">{\"@context\":\"https:\\\/\\\/schema.org\",\"@graph\":[{\"@type\":\"WebPage\",\"@id\":\"https:\\\/\\\/www.agrotrak.ch\\\/fr\\\/produkt\\\/saegekettenhaftoel-bioplus\\\/\",\"url\":\"https:\\\/\\\/www.agrotrak.ch\\\/fr\\\/produkt\\\/saegekettenhaftoel-bioplus\\\/\",\"name\":\"Huile de cha\u00eene adh\u00e9sive BioPlus - AGROTRAK\",\"isPartOf\":{\"@id\":\"https:\\\/\\\/www.agrotrak.ch\\\/#website\"},\"primaryImageOfPage\":{\"@id\":\"https:\\\/\\\/www.agrotrak.ch\\\/fr\\\/produkt\\\/saegekettenhaftoel-bioplus\\\/#primaryimage\"},\"image\":{\"@id\":\"https:\\\/\\\/www.agrotrak.ch\\\/fr\\\/produkt\\\/saegekettenhaftoel-bioplus\\\/#primaryimage\"},\"thumbnailUrl\":\"https:\\\/\\\/www.agrotrak.ch\\\/app\\\/uploads\\\/2023\\\/05\\\/bioplus-1.jpg\",\"datePublished\":\"2023-05-04T13:55:25+00:00\",\"dateModified\":\"2023-05-17T08:03:38+00:00\",\"breadcrumb\":{\"@id\":\"https:\\\/\\\/www.agrotrak.ch\\\/fr\\\/produkt\\\/saegekettenhaftoel-bioplus\\\/#breadcrumb\"},\"inLanguage\":\"fr-FR\",\"potentialAction\":[{\"@type\":\"ReadAction\",\"target\":[\"https:\\\/\\\/www.agrotrak.ch\\\/fr\\\/produkt\\\/saegekettenhaftoel-bioplus\\\/\"]}]},{\"@type\":\"ImageObject\",\"inLanguage\":\"fr-FR\",\"@id\":\"https:\\\/\\\/www.agrotrak.ch\\\/fr\\\/produkt\\\/saegekettenhaftoel-bioplus\\\/#primaryimage\",\"url\":\"https:\\\/\\\/www.agrotrak.ch\\\/app\\\/uploads\\\/2023\\\/05\\\/bioplus-1.jpg\",\"contentUrl\":\"https:\\\/\\\/www.agrotrak.ch\\\/app\\\/uploads\\\/2023\\\/05\\\/bioplus-1.jpg\",\"width\":242,\"height\":412,\"caption\":\"BioPlus\"},{\"@type\":\"BreadcrumbList\",\"@id\":\"https:\\\/\\\/www.agrotrak.ch\\\/fr\\\/produkt\\\/saegekettenhaftoel-bioplus\\\/#breadcrumb\",\"itemListElement\":[{\"@type\":\"ListItem\",\"position\":1,\"name\":\"Startseite\",\"item\":\"https:\\\/\\\/www.agrotrak.ch\\\/fr\\\/\"},{\"@type\":\"ListItem\",\"position\":2,\"name\":\"Shop\",\"item\":\"https:\\\/\\\/www.agrotrak.ch\\\/shop\\\/\"},{\"@type\":\"ListItem\",\"position\":3,\"name\":\"Huile de cha\u00eene adh\u00e9sive BioPlus\"}]},{\"@type\":\"WebSite\",\"@id\":\"https:\\\/\\\/www.agrotrak.ch\\\/#website\",\"url\":\"https:\\\/\\\/www.agrotrak.ch\\\/\",\"name\":\"AGROTRAK\",\"description\":\"Landmaschinen, Motorger\u00e4te\",\"potentialAction\":[{\"@type\":\"SearchAction\",\"target\":{\"@type\":\"EntryPoint\",\"urlTemplate\":\"https:\\\/\\\/www.agrotrak.ch\\\/?s={search_term_string}\"},\"query-input\":{\"@type\":\"PropertyValueSpecification\",\"valueRequired\":true,\"valueName\":\"search_term_string\"}}],\"inLanguage\":\"fr-FR\"}]}<\/script>\n<!-- \/ Yoast SEO plugin. -->","yoast_head_json":{"title":"Huile de cha\u00eene adh\u00e9sive BioPlus - AGROTRAK","robots":{"index":"index","follow":"follow","max-snippet":"max-snippet:-1","max-image-preview":"max-image-preview:large","max-video-preview":"max-video-preview:-1"},"canonical":"https:\/\/www.agrotrak.ch\/fr\/produkt\/saegekettenhaftoel-bioplus\/","og_locale":"fr_FR","og_type":"article","og_title":"Huile de cha\u00eene adh\u00e9sive BioPlus - AGROTRAK","og_description":"Particuli\u00e8rement \u00e9cologique, 1L","og_url":"https:\/\/www.agrotrak.ch\/fr\/produkt\/saegekettenhaftoel-bioplus\/","og_site_name":"AGROTRAK","article_modified_time":"2023-05-17T08:03:38+00:00","og_image":[{"width":242,"height":412,"url":"https:\/\/www.agrotrak.ch\/app\/uploads\/2023\/05\/bioplus-1.jpg","type":"image\/jpeg"}],"twitter_card":"summary_large_image","twitter_misc":{"Est. reading time":"1 minute"},"schema":{"@context":"https:\/\/schema.org","@graph":[{"@type":"WebPage","@id":"https:\/\/www.agrotrak.ch\/fr\/produkt\/saegekettenhaftoel-bioplus\/","url":"https:\/\/www.agrotrak.ch\/fr\/produkt\/saegekettenhaftoel-bioplus\/","name":"Huile de cha\u00eene adh\u00e9sive BioPlus - AGROTRAK","isPartOf":{"@id":"https:\/\/www.agrotrak.ch\/#website"},"primaryImageOfPage":{"@id":"https:\/\/www.agrotrak.ch\/fr\/produkt\/saegekettenhaftoel-bioplus\/#primaryimage"},"image":{"@id":"https:\/\/www.agrotrak.ch\/fr\/produkt\/saegekettenhaftoel-bioplus\/#primaryimage"},"thumbnailUrl":"https:\/\/www.agrotrak.ch\/app\/uploads\/2023\/05\/bioplus-1.jpg","datePublished":"2023-05-04T13:55:25+00:00","dateModified":"2023-05-17T08:03:38+00:00","breadcrumb":{"@id":"https:\/\/www.agrotrak.ch\/fr\/produkt\/saegekettenhaftoel-bioplus\/#breadcrumb"},"inLanguage":"fr-FR","potentialAction":[{"@type":"ReadAction","target":["https:\/\/www.agrotrak.ch\/fr\/produkt\/saegekettenhaftoel-bioplus\/"]}]},{"@type":"ImageObject","inLanguage":"fr-FR","@id":"https:\/\/www.agrotrak.ch\/fr\/produkt\/saegekettenhaftoel-bioplus\/#primaryimage","url":"https:\/\/www.agrotrak.ch\/app\/uploads\/2023\/05\/bioplus-1.jpg","contentUrl":"https:\/\/www.agrotrak.ch\/app\/uploads\/2023\/05\/bioplus-1.jpg","width":242,"height":412,"caption":"BioPlus"},{"@type":"BreadcrumbList","@id":"https:\/\/www.agrotrak.ch\/fr\/produkt\/saegekettenhaftoel-bioplus\/#breadcrumb","itemListElement":[{"@type":"ListItem","position":1,"name":"Startseite","item":"https:\/\/www.agrotrak.ch\/fr\/"},{"@type":"ListItem","position":2,"name":"Shop","item":"https:\/\/www.agrotrak.ch\/shop\/"},{"@type":"ListItem","position":3,"name":"Huile de cha\u00eene adh\u00e9sive BioPlus"}]},{"@type":"WebSite","@id":"https:\/\/www.agrotrak.ch\/#website","url":"https:\/\/www.agrotrak.ch\/","name":"AGROTRAK","description":"Landmaschinen, Motorger\u00e4te","potentialAction":[{"@type":"SearchAction","target":{"@type":"EntryPoint","urlTemplate":"https:\/\/www.agrotrak.ch\/?s={search_term_string}"},"query-input":{"@type":"PropertyValueSpecification","valueRequired":true,"valueName":"search_term_string"}}],"inLanguage":"fr-FR"}]}},"_links":{"self":[{"href":"https:\/\/www.agrotrak.ch\/fr\/wp-json\/wp\/v2\/product\/1297","targetHints":{"allow":["GET"]}}],"collection":[{"href":"https:\/\/www.agrotrak.ch\/fr\/wp-json\/wp\/v2\/product"}],"about":[{"href":"https:\/\/www.agrotrak.ch\/fr\/wp-json\/wp\/v2\/types\/product"}],"wp:featuredmedia":[{"embeddable":true,"href":"https:\/\/www.agrotrak.ch\/fr\/wp-json\/wp\/v2\/media\/1431"}],"wp:attachment":[{"href":"https:\/\/www.agrotrak.ch\/fr\/wp-json\/wp\/v2\/media?parent=1297"}],"wp:term":[{"taxonomy":"product_brand","embeddable":true,"href":"https:\/\/www.agrotrak.ch\/fr\/wp-json\/wp\/v2\/product_brand?post=1297"},{"taxonomy":"product_cat","embeddable":true,"href":"https:\/\/www.agrotrak.ch\/fr\/wp-json\/wp\/v2\/product_cat?post=1297"},{"taxonomy":"product_tag","embeddable":true,"href":"https:\/\/www.agrotrak.ch\/fr\/wp-json\/wp\/v2\/product_tag?post=1297"}],"curies":[{"name":"wp","href":"https:\/\/api.w.org\/{rel}","templated":true}]}}