{"id":1291,"date":"2023-05-09T10:57:58","date_gmt":"2023-05-09T08:57:58","guid":{"rendered":"https:\/\/projects.botanibot.com\/agrotrak23\/produkt\/motorenoel-10-w-30-0-6l\/"},"modified":"2023-05-15T12:40:18","modified_gmt":"2023-05-15T10:40:18","slug":"motorenoel-10-w-30-0-6l","status":"publish","type":"product","link":"https:\/\/www.agrotrak.ch\/fr\/produkt\/motorenoel-10-w-30-0-6l\/","title":{"rendered":"Huile moteur 10 W-30"},"content":{"rendered":"<div class=\"text-wrapper\">\n<div class=\"text-wrapper\">\n<div class=\"text-wrapper\">Huile moteur de qualit\u00e9 sup\u00e9rieure pour de nombreuses conditions d\u2019utilisation, tout sp\u00e9cialement d\u00e9velopp\u00e9e pour r\u00e9pondre aux exigences des moteurs \u00e0 4 temps. Propri\u00e9t\u00e9s excellentes de lubrification et de combustion, utilisation possible toute l\u2019ann\u00e9e jusqu\u2019\u00e0 \u201330 \u00b0C.<\/div>\n<\/div>\n<\/div>\n","protected":false},"excerpt":{"rendered":"<div class=\"product_detail_price\">\n<div class=\"regular-price\">\n<p>Huile moteur de qualit\u00e9 sup\u00e9rieure<\/p>\n<\/div>\n<\/div>\n","protected":false},"featured_media":1024,"template":"","meta":{"inline_featured_image":false},"product_brand":[],"product_cat":[71],"product_tag":[],"class_list":{"0":"post-1291","1":"product","2":"type-product","3":"status-publish","4":"has-post-thumbnail","6":"product_cat-haecksler-fr","8":"first","9":"instock","10":"shipping-taxable","11":"purchasable","12":"product-type-simple"},"yoast_head":"<!-- This site is optimized with the Yoast SEO plugin v27.4 - https:\/\/yoast.com\/product\/yoast-seo-wordpress\/ -->\n<title>Huile moteur 10 W-30 - AGROTRAK<\/title>\n<meta name=\"robots\" content=\"index, follow, max-snippet:-1, max-image-preview:large, max-video-preview:-1\" \/>\n<link rel=\"canonical\" href=\"https:\/\/www.agrotrak.ch\/fr\/produkt\/motorenoel-10-w-30-0-6l\/\" \/>\n<meta property=\"og:locale\" content=\"fr_FR\" \/>\n<meta property=\"og:type\" content=\"article\" \/>\n<meta property=\"og:title\" content=\"Huile moteur 10 W-30 - AGROTRAK\" \/>\n<meta property=\"og:description\" content=\"Huile moteur de qualit\u00e9 sup\u00e9rieure\" \/>\n<meta property=\"og:url\" content=\"https:\/\/www.agrotrak.ch\/fr\/produkt\/motorenoel-10-w-30-0-6l\/\" \/>\n<meta property=\"og:site_name\" content=\"AGROTRAK\" \/>\n<meta property=\"article:modified_time\" content=\"2023-05-15T10:40:18+00:00\" \/>\n<meta property=\"og:image\" content=\"https:\/\/www.agrotrak.ch\/app\/uploads\/2023\/05\/10w30_600.jpg\" \/>\n\t<meta property=\"og:image:width\" content=\"261\" \/>\n\t<meta property=\"og:image:height\" content=\"444\" \/>\n\t<meta property=\"og:image:type\" content=\"image\/jpeg\" \/>\n<meta name=\"twitter:card\" content=\"summary_large_image\" \/>\n<meta name=\"twitter:label1\" content=\"Est. reading time\" \/>\n\t<meta name=\"twitter:data1\" content=\"1 minute\" \/>\n<script type=\"application\/ld+json\" class=\"yoast-schema-graph\">{\"@context\":\"https:\\\/\\\/schema.org\",\"@graph\":[{\"@type\":\"WebPage\",\"@id\":\"https:\\\/\\\/www.agrotrak.ch\\\/fr\\\/produkt\\\/motorenoel-10-w-30-0-6l\\\/\",\"url\":\"https:\\\/\\\/www.agrotrak.ch\\\/fr\\\/produkt\\\/motorenoel-10-w-30-0-6l\\\/\",\"name\":\"Huile moteur 10 W-30 - AGROTRAK\",\"isPartOf\":{\"@id\":\"https:\\\/\\\/www.agrotrak.ch\\\/#website\"},\"primaryImageOfPage\":{\"@id\":\"https:\\\/\\\/www.agrotrak.ch\\\/fr\\\/produkt\\\/motorenoel-10-w-30-0-6l\\\/#primaryimage\"},\"image\":{\"@id\":\"https:\\\/\\\/www.agrotrak.ch\\\/fr\\\/produkt\\\/motorenoel-10-w-30-0-6l\\\/#primaryimage\"},\"thumbnailUrl\":\"https:\\\/\\\/www.agrotrak.ch\\\/app\\\/uploads\\\/2023\\\/05\\\/10w30_600.jpg\",\"datePublished\":\"2023-05-09T08:57:58+00:00\",\"dateModified\":\"2023-05-15T10:40:18+00:00\",\"breadcrumb\":{\"@id\":\"https:\\\/\\\/www.agrotrak.ch\\\/fr\\\/produkt\\\/motorenoel-10-w-30-0-6l\\\/#breadcrumb\"},\"inLanguage\":\"fr-FR\",\"potentialAction\":[{\"@type\":\"ReadAction\",\"target\":[\"https:\\\/\\\/www.agrotrak.ch\\\/fr\\\/produkt\\\/motorenoel-10-w-30-0-6l\\\/\"]}]},{\"@type\":\"ImageObject\",\"inLanguage\":\"fr-FR\",\"@id\":\"https:\\\/\\\/www.agrotrak.ch\\\/fr\\\/produkt\\\/motorenoel-10-w-30-0-6l\\\/#primaryimage\",\"url\":\"https:\\\/\\\/www.agrotrak.ch\\\/app\\\/uploads\\\/2023\\\/05\\\/10w30_600.jpg\",\"contentUrl\":\"https:\\\/\\\/www.agrotrak.ch\\\/app\\\/uploads\\\/2023\\\/05\\\/10w30_600.jpg\",\"width\":261,\"height\":444,\"caption\":\"Motoren\u00f6l 10W30\"},{\"@type\":\"BreadcrumbList\",\"@id\":\"https:\\\/\\\/www.agrotrak.ch\\\/fr\\\/produkt\\\/motorenoel-10-w-30-0-6l\\\/#breadcrumb\",\"itemListElement\":[{\"@type\":\"ListItem\",\"position\":1,\"name\":\"Startseite\",\"item\":\"https:\\\/\\\/www.agrotrak.ch\\\/fr\\\/\"},{\"@type\":\"ListItem\",\"position\":2,\"name\":\"Shop\",\"item\":\"https:\\\/\\\/www.agrotrak.ch\\\/shop\\\/\"},{\"@type\":\"ListItem\",\"position\":3,\"name\":\"Huile moteur 10 W-30\"}]},{\"@type\":\"WebSite\",\"@id\":\"https:\\\/\\\/www.agrotrak.ch\\\/#website\",\"url\":\"https:\\\/\\\/www.agrotrak.ch\\\/\",\"name\":\"AGROTRAK\",\"description\":\"Landmaschinen, Motorger\u00e4te\",\"potentialAction\":[{\"@type\":\"SearchAction\",\"target\":{\"@type\":\"EntryPoint\",\"urlTemplate\":\"https:\\\/\\\/www.agrotrak.ch\\\/?s={search_term_string}\"},\"query-input\":{\"@type\":\"PropertyValueSpecification\",\"valueRequired\":true,\"valueName\":\"search_term_string\"}}],\"inLanguage\":\"fr-FR\"}]}<\/script>\n<!-- \/ Yoast SEO plugin. -->","yoast_head_json":{"title":"Huile moteur 10 W-30 - AGROTRAK","robots":{"index":"index","follow":"follow","max-snippet":"max-snippet:-1","max-image-preview":"max-image-preview:large","max-video-preview":"max-video-preview:-1"},"canonical":"https:\/\/www.agrotrak.ch\/fr\/produkt\/motorenoel-10-w-30-0-6l\/","og_locale":"fr_FR","og_type":"article","og_title":"Huile moteur 10 W-30 - AGROTRAK","og_description":"Huile moteur de qualit\u00e9 sup\u00e9rieure","og_url":"https:\/\/www.agrotrak.ch\/fr\/produkt\/motorenoel-10-w-30-0-6l\/","og_site_name":"AGROTRAK","article_modified_time":"2023-05-15T10:40:18+00:00","og_image":[{"width":261,"height":444,"url":"https:\/\/www.agrotrak.ch\/app\/uploads\/2023\/05\/10w30_600.jpg","type":"image\/jpeg"}],"twitter_card":"summary_large_image","twitter_misc":{"Est. reading time":"1 minute"},"schema":{"@context":"https:\/\/schema.org","@graph":[{"@type":"WebPage","@id":"https:\/\/www.agrotrak.ch\/fr\/produkt\/motorenoel-10-w-30-0-6l\/","url":"https:\/\/www.agrotrak.ch\/fr\/produkt\/motorenoel-10-w-30-0-6l\/","name":"Huile moteur 10 W-30 - AGROTRAK","isPartOf":{"@id":"https:\/\/www.agrotrak.ch\/#website"},"primaryImageOfPage":{"@id":"https:\/\/www.agrotrak.ch\/fr\/produkt\/motorenoel-10-w-30-0-6l\/#primaryimage"},"image":{"@id":"https:\/\/www.agrotrak.ch\/fr\/produkt\/motorenoel-10-w-30-0-6l\/#primaryimage"},"thumbnailUrl":"https:\/\/www.agrotrak.ch\/app\/uploads\/2023\/05\/10w30_600.jpg","datePublished":"2023-05-09T08:57:58+00:00","dateModified":"2023-05-15T10:40:18+00:00","breadcrumb":{"@id":"https:\/\/www.agrotrak.ch\/fr\/produkt\/motorenoel-10-w-30-0-6l\/#breadcrumb"},"inLanguage":"fr-FR","potentialAction":[{"@type":"ReadAction","target":["https:\/\/www.agrotrak.ch\/fr\/produkt\/motorenoel-10-w-30-0-6l\/"]}]},{"@type":"ImageObject","inLanguage":"fr-FR","@id":"https:\/\/www.agrotrak.ch\/fr\/produkt\/motorenoel-10-w-30-0-6l\/#primaryimage","url":"https:\/\/www.agrotrak.ch\/app\/uploads\/2023\/05\/10w30_600.jpg","contentUrl":"https:\/\/www.agrotrak.ch\/app\/uploads\/2023\/05\/10w30_600.jpg","width":261,"height":444,"caption":"Motoren\u00f6l 10W30"},{"@type":"BreadcrumbList","@id":"https:\/\/www.agrotrak.ch\/fr\/produkt\/motorenoel-10-w-30-0-6l\/#breadcrumb","itemListElement":[{"@type":"ListItem","position":1,"name":"Startseite","item":"https:\/\/www.agrotrak.ch\/fr\/"},{"@type":"ListItem","position":2,"name":"Shop","item":"https:\/\/www.agrotrak.ch\/shop\/"},{"@type":"ListItem","position":3,"name":"Huile moteur 10 W-30"}]},{"@type":"WebSite","@id":"https:\/\/www.agrotrak.ch\/#website","url":"https:\/\/www.agrotrak.ch\/","name":"AGROTRAK","description":"Landmaschinen, Motorger\u00e4te","potentialAction":[{"@type":"SearchAction","target":{"@type":"EntryPoint","urlTemplate":"https:\/\/www.agrotrak.ch\/?s={search_term_string}"},"query-input":{"@type":"PropertyValueSpecification","valueRequired":true,"valueName":"search_term_string"}}],"inLanguage":"fr-FR"}]}},"_links":{"self":[{"href":"https:\/\/www.agrotrak.ch\/fr\/wp-json\/wp\/v2\/product\/1291","targetHints":{"allow":["GET"]}}],"collection":[{"href":"https:\/\/www.agrotrak.ch\/fr\/wp-json\/wp\/v2\/product"}],"about":[{"href":"https:\/\/www.agrotrak.ch\/fr\/wp-json\/wp\/v2\/types\/product"}],"wp:featuredmedia":[{"embeddable":true,"href":"https:\/\/www.agrotrak.ch\/fr\/wp-json\/wp\/v2\/media\/1024"}],"wp:attachment":[{"href":"https:\/\/www.agrotrak.ch\/fr\/wp-json\/wp\/v2\/media?parent=1291"}],"wp:term":[{"taxonomy":"product_brand","embeddable":true,"href":"https:\/\/www.agrotrak.ch\/fr\/wp-json\/wp\/v2\/product_brand?post=1291"},{"taxonomy":"product_cat","embeddable":true,"href":"https:\/\/www.agrotrak.ch\/fr\/wp-json\/wp\/v2\/product_cat?post=1291"},{"taxonomy":"product_tag","embeddable":true,"href":"https:\/\/www.agrotrak.ch\/fr\/wp-json\/wp\/v2\/product_tag?post=1291"}],"curies":[{"name":"wp","href":"https:\/\/api.w.org\/{rel}","templated":true}]}}