{"id":1286,"date":"2023-05-15T12:26:22","date_gmt":"2023-05-15T10:26:22","guid":{"rendered":"https:\/\/projects.botanibot.com\/agrotrak23\/?page_id=1286"},"modified":"2023-05-15T14:57:43","modified_gmt":"2023-05-15T12:57:43","slug":"a-propos-dagrotrak","status":"publish","type":"page","link":"https:\/\/www.agrotrak.ch\/fr\/a-propos-dagrotrak\/","title":{"rendered":"Agrotrak"},"content":{"rendered":"\n<div class=\"wp-block-cover is-light\"><span aria-hidden=\"true\" class=\"wp-block-cover__background has-background-dim-0 has-background-dim\"><\/span><img loading=\"lazy\" decoding=\"async\" width=\"1600\" height=\"658\" class=\"wp-block-cover__image-background wp-image-499\" alt=\"Agrotrak Siders\" src=\"https:\/\/agrotrak.ch\/app\/uploads\/2023\/05\/header_uns.jpg\" data-object-fit=\"cover\" srcset=\"https:\/\/www.agrotrak.ch\/app\/uploads\/2023\/05\/header_uns.jpg 1600w, https:\/\/www.agrotrak.ch\/app\/uploads\/2023\/05\/header_uns-300x123.jpg 300w, https:\/\/www.agrotrak.ch\/app\/uploads\/2023\/05\/header_uns-1024x421.jpg 1024w, https:\/\/www.agrotrak.ch\/app\/uploads\/2023\/05\/header_uns-768x316.jpg 768w, https:\/\/www.agrotrak.ch\/app\/uploads\/2023\/05\/header_uns-1536x632.jpg 1536w, https:\/\/www.agrotrak.ch\/app\/uploads\/2023\/05\/header_uns-600x247.jpg 600w, https:\/\/www.agrotrak.ch\/app\/uploads\/2023\/05\/header_uns-1200x494.jpg 1200w, https:\/\/www.agrotrak.ch\/app\/uploads\/2023\/05\/header_uns-324x133.jpg 324w, https:\/\/www.agrotrak.ch\/app\/uploads\/2023\/05\/header_uns-416x171.jpg 416w\" sizes=\"auto, (max-width: 1600px) 100vw, 1600px\" \/><div class=\"wp-block-cover__inner-container is-layout-flow wp-block-cover-is-layout-flow\">\n<p class=\"has-text-align-center is-style-default has-large-font-size\"><\/p>\n<\/div><\/div>\n\n\n\n<div class=\"wp-block-group has-white-background-color has-background\"><div class=\"wp-block-group__inner-container is-layout-flow wp-block-group-is-layout-flow\">\n<h2 class=\"wp-block-heading has-mutedbrown-color has-text-color\"><strong>AGROTRAK<\/strong> \u2013 DEPUIS 2020<\/h2>\n\n\n\n<div class=\"wp-block-columns is-layout-flex wp-container-core-columns-is-layout-28f84493 wp-block-columns-is-layout-flex\">\n<div class=\"wp-block-column is-layout-flow wp-block-column-is-layout-flow\">\n<div class=\"wp-block-media-text alignwide is-stacked-on-mobile is-style-stacked has-beige-background-color has-background\"><figure class=\"wp-block-media-text__media\"><a href=\"https:\/\/agrotrak.ch\/shop\/\"><img loading=\"lazy\" decoding=\"async\" width=\"900\" height=\"564\" src=\"https:\/\/agrotrak.ch\/app\/uploads\/2023\/05\/andy_yann2.jpg\" alt=\"Andy J\u00e4ger, Yann Antille\" class=\"wp-image-506 size-full\" srcset=\"https:\/\/www.agrotrak.ch\/app\/uploads\/2023\/05\/andy_yann2.jpg 900w, https:\/\/www.agrotrak.ch\/app\/uploads\/2023\/05\/andy_yann2-300x188.jpg 300w, https:\/\/www.agrotrak.ch\/app\/uploads\/2023\/05\/andy_yann2-768x481.jpg 768w, https:\/\/www.agrotrak.ch\/app\/uploads\/2023\/05\/andy_yann2-600x376.jpg 600w, https:\/\/www.agrotrak.ch\/app\/uploads\/2023\/05\/andy_yann2-324x203.jpg 324w, https:\/\/www.agrotrak.ch\/app\/uploads\/2023\/05\/andy_yann2-416x261.jpg 416w\" sizes=\"auto, (max-width: 900px) 100vw, 900px\" \/><\/a><\/figure><div class=\"wp-block-media-text__content\">\n<h3 class=\"wp-block-heading has-white-color has-green-background-color has-text-color has-background\"><strong>HISTOIRE<\/strong><\/h3>\n\n\n\n<p>Andy J\u00e4ger et Yann Antille ont d\u00e9cid\u00e9 de faire cause commune en 2020. Yann, m\u00e9canicien en machines agricoles et mar\u00e9chal-ferrant ind\u00e9pendant, et Andy, m\u00e9canicien automobile de formation avec de nombreuses ann\u00e9es d&#8217;exp\u00e9rience dans la vente et le commerce de machines agricoles, r\u00e9unissaient toutes les conditions n\u00e9cessaires. C&#8217;est \u00e0 deux qu&#8217;ils ont lanc\u00e9 AgroTrak.<\/p>\n\n\n\n<p>Le besoin et la demande en Valais \u00e9taient \u00e9lev\u00e9s. Aujourd&#8217;hui, AgroTrak compte 9 employ\u00e9s. L&#8217;assortiment est constamment \u00e9largi et adapt\u00e9 aux attentes et aux besoins de la client\u00e8le.<\/p>\n<\/div><\/div>\n<\/div>\n\n\n\n<div class=\"wp-block-column is-layout-flow wp-block-column-is-layout-flow\">\n<div class=\"wp-block-media-text alignwide is-stacked-on-mobile is-style-stacked has-beige-background-color has-background\"><figure class=\"wp-block-media-text__media\"><img loading=\"lazy\" decoding=\"async\" width=\"900\" height=\"564\" src=\"https:\/\/agrotrak.ch\/app\/uploads\/2023\/05\/siders.jpg\" alt=\"Agrotrak Siders beim Manor\" class=\"wp-image-509 size-full\" srcset=\"https:\/\/www.agrotrak.ch\/app\/uploads\/2023\/05\/siders.jpg 900w, https:\/\/www.agrotrak.ch\/app\/uploads\/2023\/05\/siders-300x188.jpg 300w, https:\/\/www.agrotrak.ch\/app\/uploads\/2023\/05\/siders-768x481.jpg 768w, https:\/\/www.agrotrak.ch\/app\/uploads\/2023\/05\/siders-600x376.jpg 600w, https:\/\/www.agrotrak.ch\/app\/uploads\/2023\/05\/siders-324x203.jpg 324w, https:\/\/www.agrotrak.ch\/app\/uploads\/2023\/05\/siders-416x261.jpg 416w\" sizes=\"auto, (max-width: 900px) 100vw, 900px\" \/><\/figure><div class=\"wp-block-media-text__content\">\n<h3 class=\"wp-block-heading has-white-color has-green-background-color has-text-color has-background\"><strong>\u00c0 SIERRE, PR\u00c8S DU MANOR<\/strong><\/h3>\n\n\n\n<p>Vous nous trouverez \u00e0 Sierre, juste \u00e0 c\u00f4t\u00e9 du Manor.<br>Nous nous r\u00e9jouissons de votre visite.<\/p>\n\n\n\n<p><a href=\"https:\/\/www.google.com\/maps?q=AGROTRAK&amp;rlz=1C5CHFA_enCH940CH940&amp;um=1&amp;ie=UTF-8&amp;sa=X&amp;ved=2ahUKEwiYu43Bhdn-AhUli_0HHSXkCB8Q_AUoAnoECAEQBA\" target=\"_blank\" rel=\"noreferrer noopener\"><strong>Emplacement<\/strong><br><br><br><\/a><br><br><br><\/p>\n<\/div><\/div>\n<\/div>\n<\/div>\n\n\n\n<div style=\"height:12px\" aria-hidden=\"true\" class=\"wp-block-spacer\"><\/div>\n\n\n\n<div class=\"wp-block-buttons is-layout-flex wp-block-buttons-is-layout-flex\">\n<div class=\"wp-block-button is-style-outline is-style-outline--1\"><a class=\"wp-block-button__link has-white-color has-orange-background-color has-text-color has-background wp-element-button\" href=\"https:\/\/agrotrak.ch\/boutique\/?lang=fr\">Shop<\/a><\/div>\n<\/div>\n<\/div><\/div>\n","protected":false},"excerpt":{"rendered":"<p>AGROTRAK \u2013 DEPUIS 2020 HISTOIRE Andy J\u00e4ger et Yann Antille ont d\u00e9cid\u00e9 de faire cause commune en 2020. Yann, m\u00e9canicien en machines agricoles et mar\u00e9chal-ferrant ind\u00e9pendant, et Andy, m\u00e9canicien automobile de formation avec de nombreuses ann\u00e9es d&#8217;exp\u00e9rience dans la vente et le commerce de machines agricoles, r\u00e9unissaient toutes les conditions n\u00e9cessaires. C&#8217;est \u00e0 deux qu&#8217;ils [&hellip;]<\/p>\n","protected":false},"author":2,"featured_media":0,"parent":0,"menu_order":58,"comment_status":"closed","ping_status":"closed","template":"","meta":{"inline_featured_image":false,"footnotes":""},"class_list":["post-1286","page","type-page","status-publish","hentry"],"yoast_head":"<!-- This site is optimized with the Yoast SEO plugin v27.4 - https:\/\/yoast.com\/product\/yoast-seo-wordpress\/ -->\n<title>Agrotrak - AGROTRAK<\/title>\n<meta name=\"robots\" content=\"index, follow, max-snippet:-1, max-image-preview:large, max-video-preview:-1\" \/>\n<link rel=\"canonical\" href=\"https:\/\/www.agrotrak.ch\/fr\/a-propos-dagrotrak\/\" \/>\n<meta property=\"og:locale\" content=\"fr_FR\" \/>\n<meta property=\"og:type\" content=\"article\" \/>\n<meta property=\"og:title\" content=\"Agrotrak - AGROTRAK\" \/>\n<meta property=\"og:description\" content=\"AGROTRAK \u2013 DEPUIS 2020 HISTOIRE Andy J\u00e4ger et Yann Antille ont d\u00e9cid\u00e9 de faire cause commune en 2020. Yann, m\u00e9canicien en machines agricoles et mar\u00e9chal-ferrant ind\u00e9pendant, et Andy, m\u00e9canicien automobile de formation avec de nombreuses ann\u00e9es d&#8217;exp\u00e9rience dans la vente et le commerce de machines agricoles, r\u00e9unissaient toutes les conditions n\u00e9cessaires. C&#8217;est \u00e0 deux qu&#8217;ils [&hellip;]\" \/>\n<meta property=\"og:url\" content=\"https:\/\/www.agrotrak.ch\/fr\/a-propos-dagrotrak\/\" \/>\n<meta property=\"og:site_name\" content=\"AGROTRAK\" \/>\n<meta property=\"article:modified_time\" content=\"2023-05-15T12:57:43+00:00\" \/>\n<meta property=\"og:image\" content=\"https:\/\/agrotrak.ch\/app\/uploads\/2023\/05\/header_uns.jpg\" \/>\n<meta name=\"twitter:card\" content=\"summary_large_image\" \/>\n<meta name=\"twitter:label1\" content=\"Est. reading time\" \/>\n\t<meta name=\"twitter:data1\" content=\"2 minutes\" \/>\n<script type=\"application\/ld+json\" class=\"yoast-schema-graph\">{\"@context\":\"https:\\\/\\\/schema.org\",\"@graph\":[{\"@type\":\"WebPage\",\"@id\":\"https:\\\/\\\/www.agrotrak.ch\\\/fr\\\/a-propos-dagrotrak\\\/\",\"url\":\"https:\\\/\\\/www.agrotrak.ch\\\/fr\\\/a-propos-dagrotrak\\\/\",\"name\":\"Agrotrak - AGROTRAK\",\"isPartOf\":{\"@id\":\"https:\\\/\\\/www.agrotrak.ch\\\/#website\"},\"primaryImageOfPage\":{\"@id\":\"https:\\\/\\\/www.agrotrak.ch\\\/fr\\\/a-propos-dagrotrak\\\/#primaryimage\"},\"image\":{\"@id\":\"https:\\\/\\\/www.agrotrak.ch\\\/fr\\\/a-propos-dagrotrak\\\/#primaryimage\"},\"thumbnailUrl\":\"https:\\\/\\\/agrotrak.ch\\\/app\\\/uploads\\\/2023\\\/05\\\/header_uns.jpg\",\"datePublished\":\"2023-05-15T10:26:22+00:00\",\"dateModified\":\"2023-05-15T12:57:43+00:00\",\"breadcrumb\":{\"@id\":\"https:\\\/\\\/www.agrotrak.ch\\\/fr\\\/a-propos-dagrotrak\\\/#breadcrumb\"},\"inLanguage\":\"fr-FR\",\"potentialAction\":[{\"@type\":\"ReadAction\",\"target\":[\"https:\\\/\\\/www.agrotrak.ch\\\/fr\\\/a-propos-dagrotrak\\\/\"]}]},{\"@type\":\"ImageObject\",\"inLanguage\":\"fr-FR\",\"@id\":\"https:\\\/\\\/www.agrotrak.ch\\\/fr\\\/a-propos-dagrotrak\\\/#primaryimage\",\"url\":\"https:\\\/\\\/agrotrak.ch\\\/app\\\/uploads\\\/2023\\\/05\\\/header_uns.jpg\",\"contentUrl\":\"https:\\\/\\\/agrotrak.ch\\\/app\\\/uploads\\\/2023\\\/05\\\/header_uns.jpg\"},{\"@type\":\"BreadcrumbList\",\"@id\":\"https:\\\/\\\/www.agrotrak.ch\\\/fr\\\/a-propos-dagrotrak\\\/#breadcrumb\",\"itemListElement\":[{\"@type\":\"ListItem\",\"position\":1,\"name\":\"Startseite\",\"item\":\"https:\\\/\\\/www.agrotrak.ch\\\/fr\\\/\"},{\"@type\":\"ListItem\",\"position\":2,\"name\":\"Agrotrak\"}]},{\"@type\":\"WebSite\",\"@id\":\"https:\\\/\\\/www.agrotrak.ch\\\/#website\",\"url\":\"https:\\\/\\\/www.agrotrak.ch\\\/\",\"name\":\"AGROTRAK\",\"description\":\"Landmaschinen, Motorger\u00e4te\",\"potentialAction\":[{\"@type\":\"SearchAction\",\"target\":{\"@type\":\"EntryPoint\",\"urlTemplate\":\"https:\\\/\\\/www.agrotrak.ch\\\/?s={search_term_string}\"},\"query-input\":{\"@type\":\"PropertyValueSpecification\",\"valueRequired\":true,\"valueName\":\"search_term_string\"}}],\"inLanguage\":\"fr-FR\"}]}<\/script>\n<!-- \/ Yoast SEO plugin. -->","yoast_head_json":{"title":"Agrotrak - AGROTRAK","robots":{"index":"index","follow":"follow","max-snippet":"max-snippet:-1","max-image-preview":"max-image-preview:large","max-video-preview":"max-video-preview:-1"},"canonical":"https:\/\/www.agrotrak.ch\/fr\/a-propos-dagrotrak\/","og_locale":"fr_FR","og_type":"article","og_title":"Agrotrak - AGROTRAK","og_description":"AGROTRAK \u2013 DEPUIS 2020 HISTOIRE Andy J\u00e4ger et Yann Antille ont d\u00e9cid\u00e9 de faire cause commune en 2020. Yann, m\u00e9canicien en machines agricoles et mar\u00e9chal-ferrant ind\u00e9pendant, et Andy, m\u00e9canicien automobile de formation avec de nombreuses ann\u00e9es d&#8217;exp\u00e9rience dans la vente et le commerce de machines agricoles, r\u00e9unissaient toutes les conditions n\u00e9cessaires. C&#8217;est \u00e0 deux qu&#8217;ils [&hellip;]","og_url":"https:\/\/www.agrotrak.ch\/fr\/a-propos-dagrotrak\/","og_site_name":"AGROTRAK","article_modified_time":"2023-05-15T12:57:43+00:00","og_image":[{"url":"https:\/\/agrotrak.ch\/app\/uploads\/2023\/05\/header_uns.jpg","type":"","width":"","height":""}],"twitter_card":"summary_large_image","twitter_misc":{"Est. reading time":"2 minutes"},"schema":{"@context":"https:\/\/schema.org","@graph":[{"@type":"WebPage","@id":"https:\/\/www.agrotrak.ch\/fr\/a-propos-dagrotrak\/","url":"https:\/\/www.agrotrak.ch\/fr\/a-propos-dagrotrak\/","name":"Agrotrak - AGROTRAK","isPartOf":{"@id":"https:\/\/www.agrotrak.ch\/#website"},"primaryImageOfPage":{"@id":"https:\/\/www.agrotrak.ch\/fr\/a-propos-dagrotrak\/#primaryimage"},"image":{"@id":"https:\/\/www.agrotrak.ch\/fr\/a-propos-dagrotrak\/#primaryimage"},"thumbnailUrl":"https:\/\/agrotrak.ch\/app\/uploads\/2023\/05\/header_uns.jpg","datePublished":"2023-05-15T10:26:22+00:00","dateModified":"2023-05-15T12:57:43+00:00","breadcrumb":{"@id":"https:\/\/www.agrotrak.ch\/fr\/a-propos-dagrotrak\/#breadcrumb"},"inLanguage":"fr-FR","potentialAction":[{"@type":"ReadAction","target":["https:\/\/www.agrotrak.ch\/fr\/a-propos-dagrotrak\/"]}]},{"@type":"ImageObject","inLanguage":"fr-FR","@id":"https:\/\/www.agrotrak.ch\/fr\/a-propos-dagrotrak\/#primaryimage","url":"https:\/\/agrotrak.ch\/app\/uploads\/2023\/05\/header_uns.jpg","contentUrl":"https:\/\/agrotrak.ch\/app\/uploads\/2023\/05\/header_uns.jpg"},{"@type":"BreadcrumbList","@id":"https:\/\/www.agrotrak.ch\/fr\/a-propos-dagrotrak\/#breadcrumb","itemListElement":[{"@type":"ListItem","position":1,"name":"Startseite","item":"https:\/\/www.agrotrak.ch\/fr\/"},{"@type":"ListItem","position":2,"name":"Agrotrak"}]},{"@type":"WebSite","@id":"https:\/\/www.agrotrak.ch\/#website","url":"https:\/\/www.agrotrak.ch\/","name":"AGROTRAK","description":"Landmaschinen, Motorger\u00e4te","potentialAction":[{"@type":"SearchAction","target":{"@type":"EntryPoint","urlTemplate":"https:\/\/www.agrotrak.ch\/?s={search_term_string}"},"query-input":{"@type":"PropertyValueSpecification","valueRequired":true,"valueName":"search_term_string"}}],"inLanguage":"fr-FR"}]}},"_links":{"self":[{"href":"https:\/\/www.agrotrak.ch\/fr\/wp-json\/wp\/v2\/pages\/1286","targetHints":{"allow":["GET"]}}],"collection":[{"href":"https:\/\/www.agrotrak.ch\/fr\/wp-json\/wp\/v2\/pages"}],"about":[{"href":"https:\/\/www.agrotrak.ch\/fr\/wp-json\/wp\/v2\/types\/page"}],"author":[{"embeddable":true,"href":"https:\/\/www.agrotrak.ch\/fr\/wp-json\/wp\/v2\/users\/2"}],"replies":[{"embeddable":true,"href":"https:\/\/www.agrotrak.ch\/fr\/wp-json\/wp\/v2\/comments?post=1286"}],"version-history":[{"count":3,"href":"https:\/\/www.agrotrak.ch\/fr\/wp-json\/wp\/v2\/pages\/1286\/revisions"}],"predecessor-version":[{"id":1339,"href":"https:\/\/www.agrotrak.ch\/fr\/wp-json\/wp\/v2\/pages\/1286\/revisions\/1339"}],"wp:attachment":[{"href":"https:\/\/www.agrotrak.ch\/fr\/wp-json\/wp\/v2\/media?parent=1286"}],"curies":[{"name":"wp","href":"https:\/\/api.w.org\/{rel}","templated":true}]}}