{"id":1280,"date":"2023-05-15T12:02:25","date_gmt":"2023-05-15T10:02:25","guid":{"rendered":"https:\/\/projects.botanibot.com\/agrotrak23\/?page_id=1280"},"modified":"2023-05-15T17:30:32","modified_gmt":"2023-05-15T15:30:32","slug":"mentions-legales-protection-des-donnees","status":"publish","type":"page","link":"https:\/\/www.agrotrak.ch\/fr\/mentions-legales-protection-des-donnees\/","title":{"rendered":"Mentions l\u00e9gales\/protection des donn\u00e9es"},"content":{"rendered":"\n<div class=\"wp-block-group has-white-background-color has-background\"><div class=\"wp-block-group__inner-container is-layout-flow wp-block-group-is-layout-flow\">\n<h2 class=\"wp-block-heading has-mutedbrown-color has-text-color\"><strong>MENTIONS L\u00c9GALES\/PROTECTION DES DONN\u00c9S <\/strong><\/h2>\n\n\n\n<p><strong>Mentions l\u00e9gales<\/strong> <br>Responsable du contenu:<br><strong>Agro Trak S\u00e0rl<\/strong><br>Rue du plantassage 26<br>3960 Sierre<br>Telefon 027 455 93 11<br><a href=\"mailto:&#105;&#110;&#102;&#111;&#64;&#97;&#103;&#114;&#111;&#116;&#114;&#97;&#107;&#46;&#99;&#104;\">&#105;&#110;&#102;&#111;&#64;&#97;&#103;&#114;&#111;&#116;&#114;&#97;&#107;&#46;&#99;&#104;<\/a><\/p>\n\n\n\n<p>Website:<br><strong>mohnrot, Webdesign &amp; Grafik<\/strong><br>Kantonsstrasse 13, 3930 Visp<br>Telefon 027 945 12 26,<br><a href=\"mailto:&#105;&#110;&#102;&#111;&#64;&#109;&#111;&#104;&#110;&#114;&#111;&#116;&#46;&#99;&#104;\">&#105;&#110;&#102;&#111;&#64;&#109;&#111;&#104;&#110;&#114;&#111;&#116;&#46;&#99;&#104;<\/a><br><a href=\"https:\/\/www.mohnrot.ch\/\" target=\"_blank\" rel=\"noreferrer noopener\">www.mohnrot.ch<\/a><\/p>\n\n\n\n<p><strong>Protection des donn\u00e9es<\/strong><br>La protection et la s\u00e9curit\u00e9 des donn\u00e9es ainsi que le traitement responsable des donn\u00e9es personnelles sont importants pour nous. Dans cette d\u00e9claration de protection des donn\u00e9es, nous d\u00e9crivons comment nous collectons et traitons les donn\u00e9es personnelles (informations qui se rapportent \u00e0 une personne et l&#8217;identifient directement ou indirectement) lorsque vous visitez notre site web.<\/p>\n\n\n\n<p><strong>Boutique en ligne<\/strong><br>Si vous commandez des articles dans notre boutique en ligne, les informations que vous avez fournies dans le formulaire de demande, y compris les donn\u00e9es de contact que vous y avez indiqu\u00e9es, sont enregistr\u00e9es chez nous \u00e0 des fins de traitement de votre commande et en cas de questions de suivi. Nous ne transmettons pas ces donn\u00e9es sans votre consentement. Nous supprimons ces donn\u00e9es d\u00e8s que nous n&#8217;en avons plus besoin pour le traitement.<\/p>\n\n\n\n<p><strong>Cookies<\/strong><br>Nous utilisons des cookies sur notre site web afin de vous offrir la meilleure exp\u00e9rience utilisateur possible. Les cookies sont des fichiers texte qui sont t\u00e9l\u00e9charg\u00e9s sur votre ordinateur ou votre appareil mobile lorsque vous visitez un site web ou utilisez une application. En outre, nous utilisons des cookies pour analyser l&#8217;utilisation de notre site web et optimiser nos services. Vous pouvez configurer votre navigateur web de mani\u00e8re \u00e0 d\u00e9sactiver l&#8217;enregistrement des cookies. Notez toutefois que certaines fonctions du site web ou de nos applications peuvent \u00eatre limit\u00e9es ou indisponibles si vous d\u00e9sactivez l&#8217;enregistrement des cookies.<\/p>\n\n\n\n<p><strong>Donn\u00e9es d&#8217;acc\u00e8s<\/strong><br>Pour l&#8217;\u00e9valuation statistique des acc\u00e8s aux pages web, ainsi que pour une \u00e9limination efficace des erreurs, chaque appel \u00e0 notre site web est enregistr\u00e9 dans un Server Log (journal) de notre prestataire de services d&#8217;h\u00e9bergement web. Les entr\u00e9es du journal contiennent la page cible, l&#8217;adresse IP, ainsi que le r\u00e9f\u00e9rent (origine de la demande) et des informations sur le navigateur utilis\u00e9. Ces informations peuvent \u00e9ventuellement \u00eatre utilis\u00e9es pour vous identifier. Nous traitons ces donn\u00e9es de mani\u00e8re confidentielle et ne les partageons pas avec des tiers. La collecte des donn\u00e9es a pour but principal d&#8217;am\u00e9liorer l&#8217;exp\u00e9rience utilisateur, la s\u00e9curit\u00e9 et les performances du site.<\/p>\n\n\n\n<p><strong>Donn\u00e9es de la newsletter<\/strong><br>Si vous souhaitez recevoir la newsletter propos\u00e9e sur le site, nous avons besoin d&#8217;une adresse e-mail ainsi que d&#8217;informations nous permettant de v\u00e9rifier que vous \u00eates bien le propri\u00e9taire de l&#8217;adresse e-mail indiqu\u00e9e et que vous acceptez de recevoir la newsletter. Nous ne collectons pas d&#8217;autres donn\u00e9es. Nous utilisons ces donn\u00e9es exclusivement pour l&#8217;envoi des informations demand\u00e9es et ne les transmettons pas \u00e0 des tiers. Vous pouvez \u00e0 tout moment r\u00e9voquer votre consentement \u00e0 l&#8217;enregistrement des donn\u00e9es, de l&#8217;adresse e-mail et de leur utilisation pour l&#8217;envoi de la newsletter, par exemple en cliquant sur le lien &#8220;Se d\u00e9sabonner de la newsletter&#8221; dans la newsletter.<\/p>\n\n\n\n<p><strong>Google Map<\/strong><br>Ce site web utilise \u00e9ventuellement le produit Google Maps de Google Inc. En utilisant ce site web, vous acceptez la saisie, le traitement et l&#8217;utilisation des donn\u00e9es collect\u00e9es automatiquement par Google Inc, ses repr\u00e9sentants et des tiers. Vous trouverez les conditions d&#8217;utilisation de Google Maps sous &#8220;Conditions d&#8217;utilisation de Google Maps&#8221;.<\/p>\n\n\n\n<p><strong>Soziale Medien<\/strong><br>Facebook-Plugins (Like &amp; Share-Button)Auf unseren Seiten sind Plugins des sozialen Netzwerks Facebook, Anbieter Facebook Inc., 1 Hacker Way, Menlo Park, California 94025, USA, integriert. Die Facebook-Plugins erkennen Sie an dem Facebook-Logo oder dem \u201eLike-Button\u201c (\u201eGef\u00e4llt mir\u201c) auf unserer Seite. Eine \u00dcbersicht \u00fcber die Facebook-Plugins finden Sie hier: https:\/\/developers.facebook.com\/docs\/plugins\/. Wenn Sie unsere Seiten besuchen, wird \u00fcber das Plugin eine direkte Verbindung zwischen Ihrem Browser und dem Facebook-Server hergestellt. Facebook erh\u00e4lt dadurch die Information, dass Sie mit Ihrer IP-Adresse unsere Seite besucht haben. Wenn Sie den Facebook \u201eLike-Button\u201c anklicken w\u00e4hrend Sie in Ihrem Facebook-Account eingeloggt sind, k\u00f6nnen Sie die Inhalte unserer Seiten auf Ihrem Facebook-Profil verlinken. Dadurch kann Facebook den Besuch unserer Seiten Ihrem Benutzerkonto zuordnen. Wir weisen darauf hin, dass wir als Anbieter der Seiten keine Kenntnis vom Inhalt der \u00fcbermittelten Daten sowie deren Nutzung durch Facebook erhalten. Weitere Informationen hierzu finden Sie in der Datenschutzerkl\u00e4rung von Facebook unter: https:\/\/de-de.facebook.com\/policy.php.Wenn Sie nicht w\u00fcnschen, dass Facebook den Besuch unserer Seiten Ihrem Facebook-Nutzerkonto zuordnen kann, loggen Sie sich bitte aus Ihrem Facebook-Benutzerkonto aus.<\/p>\n\n\n\n<p><strong>Plugins und Tools<\/strong><br>Web Fonts von Adobe TypekitDiese Seite nutzt zur einheitlichen Darstellung von Schriftarten so genannte Web Fonts, die von Adobe Typekit bereitgestellt werden. Beim Aufruf einer Seite l\u00e4dt Ihr Browser die ben\u00f6tigten Web Fonts in ihren Browsercache, um Texte und Schriftarten korrekt anzuzeigen.Zu diesem Zweck muss der von Ihnen verwendete Browser Verbindung zu den Servern von Adobe Typekit aufnehmen. Hierdurch erlangt Adobe Typekit Kenntnis dar\u00fcber, dass \u00fcber Ihre IP-Adresse unsere Website aufgerufen wurde. Die Nutzung von Adobe Typekit Web Fonts erfolgt im Interesse einer einheitlichen und ansprechenden Darstellung unserer Online-Angebote. Dies stellt ein berechtigtes Interesse im Sinne von Art. 6 Abs. 1 lit. f DSGVO dar. Wenn Ihr Browser Web Fonts nicht unterst\u00fctzt, wird eine Standardschrift von Ihrem Computer genutzt.Weitere Informationen zu Adobe Typekit Web Fonts finden Sie unter https:\/\/typekit.com\/ und in der Datenschutzerkl\u00e4rung von Adobe Typekit: https:\/\/www.adobe.com\/de\/privacy\/policies\/typekit.html<\/p>\n\n\n\n<p><strong>SSL-Verschl\u00fcsselung<\/strong><br>Diese Seite zur Sicherheit und zum Schutz der \u00dcbertragung vertraulicher Inhalte, wie zum Beispiel von Kontaktanfragen, die Sie an uns senden, eine SSL-Verschl\u00fcsselung. Wenn die SSL Verschl\u00fcsselung aktiviert ist, k\u00f6nnen die Daten, die Sie an uns \u00fcbermitteln, nicht von Dritten mitgelesen werden.<\/p>\n\n\n\n<div style=\"height:12px\" aria-hidden=\"true\" class=\"wp-block-spacer\"><\/div>\n<\/div><\/div>\n","protected":false},"excerpt":{"rendered":"<p>MENTIONS L\u00c9GALES\/PROTECTION DES DONN\u00c9S Mentions l\u00e9gales Responsable du contenu:Agro Trak S\u00e0rlRue du plantassage 263960 SierreTelefon 027 455 93 11 Website:mohnrot, Webdesign &amp; GrafikKantonsstrasse 13, 3930 VispTelefon 027 945 12 26, www.mohnrot.ch Protection des donn\u00e9esLa protection et la s\u00e9curit\u00e9 des donn\u00e9es ainsi que le traitement responsable des donn\u00e9es personnelles sont importants pour nous. Dans cette d\u00e9claration [&hellip;]<\/p>\n","protected":false},"author":2,"featured_media":0,"parent":0,"menu_order":60,"comment_status":"closed","ping_status":"closed","template":"","meta":{"inline_featured_image":false,"footnotes":""},"class_list":["post-1280","page","type-page","status-publish","hentry"],"yoast_head":"<!-- This site is optimized with the Yoast SEO plugin v27.4 - https:\/\/yoast.com\/product\/yoast-seo-wordpress\/ -->\n<title>Mentions l\u00e9gales\/protection des donn\u00e9es - AGROTRAK<\/title>\n<meta name=\"robots\" content=\"index, follow, max-snippet:-1, max-image-preview:large, max-video-preview:-1\" \/>\n<link rel=\"canonical\" href=\"https:\/\/www.agrotrak.ch\/fr\/mentions-legales-protection-des-donnees\/\" \/>\n<meta property=\"og:locale\" content=\"fr_FR\" \/>\n<meta property=\"og:type\" content=\"article\" \/>\n<meta property=\"og:title\" content=\"Mentions l\u00e9gales\/protection des donn\u00e9es - AGROTRAK\" \/>\n<meta property=\"og:description\" content=\"MENTIONS L\u00c9GALES\/PROTECTION DES DONN\u00c9S Mentions l\u00e9gales Responsable du contenu:Agro Trak S\u00e0rlRue du plantassage 263960 SierreTelefon 027 455 93 11 Website:mohnrot, Webdesign &amp; GrafikKantonsstrasse 13, 3930 VispTelefon 027 945 12 26, www.mohnrot.ch Protection des donn\u00e9esLa protection et la s\u00e9curit\u00e9 des donn\u00e9es ainsi que le traitement responsable des donn\u00e9es personnelles sont importants pour nous. Dans cette d\u00e9claration [&hellip;]\" \/>\n<meta property=\"og:url\" content=\"https:\/\/www.agrotrak.ch\/fr\/mentions-legales-protection-des-donnees\/\" \/>\n<meta property=\"og:site_name\" content=\"AGROTRAK\" \/>\n<meta property=\"article:modified_time\" content=\"2023-05-15T15:30:32+00:00\" \/>\n<meta name=\"twitter:card\" content=\"summary_large_image\" \/>\n<script type=\"application\/ld+json\" class=\"yoast-schema-graph\">{\"@context\":\"https:\\\/\\\/schema.org\",\"@graph\":[{\"@type\":\"WebPage\",\"@id\":\"https:\\\/\\\/www.agrotrak.ch\\\/fr\\\/mentions-legales-protection-des-donnees\\\/\",\"url\":\"https:\\\/\\\/www.agrotrak.ch\\\/fr\\\/mentions-legales-protection-des-donnees\\\/\",\"name\":\"Mentions l\u00e9gales\\\/protection des donn\u00e9es - AGROTRAK\",\"isPartOf\":{\"@id\":\"https:\\\/\\\/www.agrotrak.ch\\\/#website\"},\"datePublished\":\"2023-05-15T10:02:25+00:00\",\"dateModified\":\"2023-05-15T15:30:32+00:00\",\"breadcrumb\":{\"@id\":\"https:\\\/\\\/www.agrotrak.ch\\\/fr\\\/mentions-legales-protection-des-donnees\\\/#breadcrumb\"},\"inLanguage\":\"fr-FR\",\"potentialAction\":[{\"@type\":\"ReadAction\",\"target\":[\"https:\\\/\\\/www.agrotrak.ch\\\/fr\\\/mentions-legales-protection-des-donnees\\\/\"]}]},{\"@type\":\"BreadcrumbList\",\"@id\":\"https:\\\/\\\/www.agrotrak.ch\\\/fr\\\/mentions-legales-protection-des-donnees\\\/#breadcrumb\",\"itemListElement\":[{\"@type\":\"ListItem\",\"position\":1,\"name\":\"Startseite\",\"item\":\"https:\\\/\\\/www.agrotrak.ch\\\/fr\\\/\"},{\"@type\":\"ListItem\",\"position\":2,\"name\":\"Mentions l\u00e9gales\\\/protection des donn\u00e9es\"}]},{\"@type\":\"WebSite\",\"@id\":\"https:\\\/\\\/www.agrotrak.ch\\\/#website\",\"url\":\"https:\\\/\\\/www.agrotrak.ch\\\/\",\"name\":\"AGROTRAK\",\"description\":\"Landmaschinen, Motorger\u00e4te\",\"potentialAction\":[{\"@type\":\"SearchAction\",\"target\":{\"@type\":\"EntryPoint\",\"urlTemplate\":\"https:\\\/\\\/www.agrotrak.ch\\\/?s={search_term_string}\"},\"query-input\":{\"@type\":\"PropertyValueSpecification\",\"valueRequired\":true,\"valueName\":\"search_term_string\"}}],\"inLanguage\":\"fr-FR\"}]}<\/script>\n<!-- \/ Yoast SEO plugin. -->","yoast_head_json":{"title":"Mentions l\u00e9gales\/protection des donn\u00e9es - AGROTRAK","robots":{"index":"index","follow":"follow","max-snippet":"max-snippet:-1","max-image-preview":"max-image-preview:large","max-video-preview":"max-video-preview:-1"},"canonical":"https:\/\/www.agrotrak.ch\/fr\/mentions-legales-protection-des-donnees\/","og_locale":"fr_FR","og_type":"article","og_title":"Mentions l\u00e9gales\/protection des donn\u00e9es - AGROTRAK","og_description":"MENTIONS L\u00c9GALES\/PROTECTION DES DONN\u00c9S Mentions l\u00e9gales Responsable du contenu:Agro Trak S\u00e0rlRue du plantassage 263960 SierreTelefon 027 455 93 11 Website:mohnrot, Webdesign &amp; GrafikKantonsstrasse 13, 3930 VispTelefon 027 945 12 26, www.mohnrot.ch Protection des donn\u00e9esLa protection et la s\u00e9curit\u00e9 des donn\u00e9es ainsi que le traitement responsable des donn\u00e9es personnelles sont importants pour nous. Dans cette d\u00e9claration [&hellip;]","og_url":"https:\/\/www.agrotrak.ch\/fr\/mentions-legales-protection-des-donnees\/","og_site_name":"AGROTRAK","article_modified_time":"2023-05-15T15:30:32+00:00","twitter_card":"summary_large_image","schema":{"@context":"https:\/\/schema.org","@graph":[{"@type":"WebPage","@id":"https:\/\/www.agrotrak.ch\/fr\/mentions-legales-protection-des-donnees\/","url":"https:\/\/www.agrotrak.ch\/fr\/mentions-legales-protection-des-donnees\/","name":"Mentions l\u00e9gales\/protection des donn\u00e9es - AGROTRAK","isPartOf":{"@id":"https:\/\/www.agrotrak.ch\/#website"},"datePublished":"2023-05-15T10:02:25+00:00","dateModified":"2023-05-15T15:30:32+00:00","breadcrumb":{"@id":"https:\/\/www.agrotrak.ch\/fr\/mentions-legales-protection-des-donnees\/#breadcrumb"},"inLanguage":"fr-FR","potentialAction":[{"@type":"ReadAction","target":["https:\/\/www.agrotrak.ch\/fr\/mentions-legales-protection-des-donnees\/"]}]},{"@type":"BreadcrumbList","@id":"https:\/\/www.agrotrak.ch\/fr\/mentions-legales-protection-des-donnees\/#breadcrumb","itemListElement":[{"@type":"ListItem","position":1,"name":"Startseite","item":"https:\/\/www.agrotrak.ch\/fr\/"},{"@type":"ListItem","position":2,"name":"Mentions l\u00e9gales\/protection des donn\u00e9es"}]},{"@type":"WebSite","@id":"https:\/\/www.agrotrak.ch\/#website","url":"https:\/\/www.agrotrak.ch\/","name":"AGROTRAK","description":"Landmaschinen, Motorger\u00e4te","potentialAction":[{"@type":"SearchAction","target":{"@type":"EntryPoint","urlTemplate":"https:\/\/www.agrotrak.ch\/?s={search_term_string}"},"query-input":{"@type":"PropertyValueSpecification","valueRequired":true,"valueName":"search_term_string"}}],"inLanguage":"fr-FR"}]}},"_links":{"self":[{"href":"https:\/\/www.agrotrak.ch\/fr\/wp-json\/wp\/v2\/pages\/1280","targetHints":{"allow":["GET"]}}],"collection":[{"href":"https:\/\/www.agrotrak.ch\/fr\/wp-json\/wp\/v2\/pages"}],"about":[{"href":"https:\/\/www.agrotrak.ch\/fr\/wp-json\/wp\/v2\/types\/page"}],"author":[{"embeddable":true,"href":"https:\/\/www.agrotrak.ch\/fr\/wp-json\/wp\/v2\/users\/2"}],"replies":[{"embeddable":true,"href":"https:\/\/www.agrotrak.ch\/fr\/wp-json\/wp\/v2\/comments?post=1280"}],"version-history":[{"count":4,"href":"https:\/\/www.agrotrak.ch\/fr\/wp-json\/wp\/v2\/pages\/1280\/revisions"}],"predecessor-version":[{"id":1385,"href":"https:\/\/www.agrotrak.ch\/fr\/wp-json\/wp\/v2\/pages\/1280\/revisions\/1385"}],"wp:attachment":[{"href":"https:\/\/www.agrotrak.ch\/fr\/wp-json\/wp\/v2\/media?parent=1280"}],"curies":[{"name":"wp","href":"https:\/\/api.w.org\/{rel}","templated":true}]}}