{"id":1259,"date":"2023-05-12T15:57:53","date_gmt":"2023-05-12T13:57:53","guid":{"rendered":"https:\/\/projects.botanibot.com\/agrotrak23\/?page_id=1259"},"modified":"2023-05-15T13:59:34","modified_gmt":"2023-05-15T11:59:34","slug":"exposition","status":"publish","type":"page","link":"https:\/\/www.agrotrak.ch\/fr\/exposition\/","title":{"rendered":"EXPOSITION"},"content":{"rendered":"\n<div class=\"wp-block-cover is-light\"><span aria-hidden=\"true\" class=\"wp-block-cover__background has-background-dim-0 has-background-dim\"><\/span><img loading=\"lazy\" decoding=\"async\" width=\"1600\" height=\"658\" class=\"wp-block-cover__image-background wp-image-696\" alt=\"EXPOSITION &amp; VENTE AGROTRAK SIERRE\" src=\"https:\/\/agrotrak.ch\/app\/uploads\/2023\/05\/header_ausstellung.jpg\" data-object-fit=\"cover\" srcset=\"https:\/\/www.agrotrak.ch\/app\/uploads\/2023\/05\/header_ausstellung.jpg 1600w, https:\/\/www.agrotrak.ch\/app\/uploads\/2023\/05\/header_ausstellung-300x123.jpg 300w, https:\/\/www.agrotrak.ch\/app\/uploads\/2023\/05\/header_ausstellung-1024x421.jpg 1024w, https:\/\/www.agrotrak.ch\/app\/uploads\/2023\/05\/header_ausstellung-768x316.jpg 768w, https:\/\/www.agrotrak.ch\/app\/uploads\/2023\/05\/header_ausstellung-1536x632.jpg 1536w, https:\/\/www.agrotrak.ch\/app\/uploads\/2023\/05\/header_ausstellung-600x247.jpg 600w, https:\/\/www.agrotrak.ch\/app\/uploads\/2023\/05\/header_ausstellung-1200x494.jpg 1200w, https:\/\/www.agrotrak.ch\/app\/uploads\/2023\/05\/header_ausstellung-324x133.jpg 324w, https:\/\/www.agrotrak.ch\/app\/uploads\/2023\/05\/header_ausstellung-416x171.jpg 416w\" sizes=\"auto, (max-width: 1600px) 100vw, 1600px\" \/><div class=\"wp-block-cover__inner-container is-layout-flow wp-block-cover-is-layout-flow\">\n<p class=\"has-text-align-center has-large-font-size\"><\/p>\n<\/div><\/div>\n\n\n\n<div class=\"wp-block-group has-white-background-color has-background\"><div class=\"wp-block-group__inner-container is-layout-flow wp-block-group-is-layout-flow\">\n<h2 class=\"wp-block-heading has-mutedbrown-color has-text-color\"><strong><strong>EXPOSITION &amp; VENTE<\/strong><\/strong><\/h2>\n\n\n\n<div class=\"wp-block-columns is-layout-flex wp-container-core-columns-is-layout-28f84493 wp-block-columns-is-layout-flex\">\n<div class=\"wp-block-column is-layout-flow wp-block-column-is-layout-flow\">\n<div class=\"wp-block-media-text alignwide is-stacked-on-mobile is-style-stacked has-beige-background-color has-background\"><figure class=\"wp-block-media-text__media\"><img loading=\"lazy\" decoding=\"async\" width=\"900\" height=\"564\" src=\"https:\/\/agrotrak.ch\/app\/uploads\/2023\/05\/stihl_shop.jpg\" alt=\"EXPOSITION &amp; Stihl Shop Sierre Haut-Valais, Valais\" class=\"wp-image-700 size-full\" srcset=\"https:\/\/www.agrotrak.ch\/app\/uploads\/2023\/05\/stihl_shop.jpg 900w, https:\/\/www.agrotrak.ch\/app\/uploads\/2023\/05\/stihl_shop-300x188.jpg 300w, https:\/\/www.agrotrak.ch\/app\/uploads\/2023\/05\/stihl_shop-768x481.jpg 768w, https:\/\/www.agrotrak.ch\/app\/uploads\/2023\/05\/stihl_shop-600x376.jpg 600w, https:\/\/www.agrotrak.ch\/app\/uploads\/2023\/05\/stihl_shop-324x203.jpg 324w, https:\/\/www.agrotrak.ch\/app\/uploads\/2023\/05\/stihl_shop-416x261.jpg 416w\" sizes=\"auto, (max-width: 900px) 100vw, 900px\" \/><\/figure><div class=\"wp-block-media-text__content\">\n<h3 class=\"wp-block-heading has-white-color has-orange-background-color has-text-color has-background\"><strong>MAGASIN DE VENTE STIHL<\/strong><\/h3>\n\n\n\n<p>Nous avons un grand nombre de diff\u00e9rents appareils \u00e0 moteur comme des tron\u00e7onneuses, des coupe-herbes, des appareils \u00e0 batterie, des tondeuses \u00e0 gazon, des g\u00e9n\u00e9rateurs, etc. de la marque STIHL. Visitez notre STIHL SHOP sur place ou consultez notre <a href=\"https:\/\/agrotrak.ch\/shop\/?lang=fr\">Online-Shop.<\/a><\/p>\n<\/div><\/div>\n<\/div>\n\n\n\n<div class=\"wp-block-column is-layout-flow wp-block-column-is-layout-flow\">\n<div class=\"wp-block-media-text alignwide is-stacked-on-mobile is-style-stacked has-beige-background-color has-background\"><figure class=\"wp-block-media-text__media\"><img loading=\"lazy\" decoding=\"async\" width=\"900\" height=\"564\" src=\"https:\/\/agrotrak.ch\/app\/uploads\/2023\/05\/landmasch.jpg\" alt=\"Ausstellung Landtechnik Agrotrak\" class=\"wp-image-703 size-full\" srcset=\"https:\/\/www.agrotrak.ch\/app\/uploads\/2023\/05\/landmasch.jpg 900w, https:\/\/www.agrotrak.ch\/app\/uploads\/2023\/05\/landmasch-300x188.jpg 300w, https:\/\/www.agrotrak.ch\/app\/uploads\/2023\/05\/landmasch-768x481.jpg 768w, https:\/\/www.agrotrak.ch\/app\/uploads\/2023\/05\/landmasch-600x376.jpg 600w, https:\/\/www.agrotrak.ch\/app\/uploads\/2023\/05\/landmasch-324x203.jpg 324w, https:\/\/www.agrotrak.ch\/app\/uploads\/2023\/05\/landmasch-416x261.jpg 416w\" sizes=\"auto, (max-width: 900px) 100vw, 900px\" \/><\/figure><div class=\"wp-block-media-text__content\">\n<h3 class=\"wp-block-heading has-white-color has-green-background-color has-text-color has-background\"><strong>VENTE DE MAT\u00c9RIEL AGRICOLE<\/strong><\/h3>\n\n\n\n<p>Qu&#8217;il s&#8217;agisse de transporteurs, de motofaucheuses, de tracteurs, de chargeurs t\u00e9lescopiques ou de chargeurs de ferme, nous sommes \u00e0 la pointe de la technique agricole et vous conseillons avec comp\u00e9tence. Le mieux est de passer nous voir \u00e0 Sierre. Nous sommes l\u00e0 pour vous.<\/p>\n<\/div><\/div>\n<\/div>\n\n\n\n<div class=\"wp-block-column is-layout-flow wp-block-column-is-layout-flow\">\n<div class=\"wp-block-media-text alignwide is-stacked-on-mobile is-style-stacked has-beige-background-color has-background\"><figure class=\"wp-block-media-text__media\"><img loading=\"lazy\" decoding=\"async\" width=\"900\" height=\"564\" src=\"https:\/\/agrotrak.ch\/app\/uploads\/2023\/05\/andyverkauf.jpg\" alt=\"Andy J\u00e4ger\" class=\"wp-image-714 size-full\" srcset=\"https:\/\/www.agrotrak.ch\/app\/uploads\/2023\/05\/andyverkauf.jpg 900w, https:\/\/www.agrotrak.ch\/app\/uploads\/2023\/05\/andyverkauf-300x188.jpg 300w, https:\/\/www.agrotrak.ch\/app\/uploads\/2023\/05\/andyverkauf-768x481.jpg 768w, https:\/\/www.agrotrak.ch\/app\/uploads\/2023\/05\/andyverkauf-600x376.jpg 600w, https:\/\/www.agrotrak.ch\/app\/uploads\/2023\/05\/andyverkauf-324x203.jpg 324w, https:\/\/www.agrotrak.ch\/app\/uploads\/2023\/05\/andyverkauf-416x261.jpg 416w\" sizes=\"auto, (max-width: 900px) 100vw, 900px\" \/><\/figure><div class=\"wp-block-media-text__content\">\n<h3 class=\"wp-block-heading has-white-color has-green-background-color has-text-color has-background\"><strong>DIRECTEUR DES VENTES<\/strong><\/h3>\n\n\n\n<p>Le directeur des ventes Andy J\u00e4ger vous conseille avec comp\u00e9tence.<br>Mobile 079 373 36 25<br><a href=\"mailto:&#97;&#110;&#100;&#121;&#64;&#97;&#103;&#114;&#111;&#116;&#114;&#97;&#107;&#46;&#99;&#104;\">&#97;&#110;&#100;&#121;&#64;&#97;&#103;&#114;&#111;&#116;&#114;&#97;&#107;&#46;&#99;&#104;<\/a><\/p>\n<\/div><\/div>\n<\/div>\n<\/div>\n\n\n\n<div style=\"height:12px\" aria-hidden=\"true\" class=\"wp-block-spacer\"><\/div>\n\n\n\n<div class=\"wp-block-buttons is-layout-flex wp-block-buttons-is-layout-flex\">\n<div class=\"wp-block-button is-style-outline is-style-outline--1\"><a class=\"wp-block-button__link has-white-color has-orange-background-color has-text-color has-background wp-element-button\" href=\"https:\/\/agrotrak.ch\/boutique\/?lang=fr\">Shop<\/a><\/div>\n<\/div>\n<\/div><\/div>\n\n\n\n<div class=\"wp-block-cover is-light\"><span aria-hidden=\"true\" class=\"wp-block-cover__background has-background-dim-0 has-background-dim\"><\/span><img loading=\"lazy\" decoding=\"async\" width=\"1600\" height=\"658\" class=\"wp-block-cover__image-background wp-image-707\" alt=\"Agrotrak Sierre\" src=\"https:\/\/agrotrak.ch\/app\/uploads\/2023\/05\/verakuf2.jpg\" data-object-fit=\"cover\" srcset=\"https:\/\/www.agrotrak.ch\/app\/uploads\/2023\/05\/verakuf2.jpg 1600w, https:\/\/www.agrotrak.ch\/app\/uploads\/2023\/05\/verakuf2-300x123.jpg 300w, https:\/\/www.agrotrak.ch\/app\/uploads\/2023\/05\/verakuf2-1024x421.jpg 1024w, https:\/\/www.agrotrak.ch\/app\/uploads\/2023\/05\/verakuf2-768x316.jpg 768w, https:\/\/www.agrotrak.ch\/app\/uploads\/2023\/05\/verakuf2-1536x632.jpg 1536w, https:\/\/www.agrotrak.ch\/app\/uploads\/2023\/05\/verakuf2-600x247.jpg 600w, https:\/\/www.agrotrak.ch\/app\/uploads\/2023\/05\/verakuf2-1200x494.jpg 1200w, https:\/\/www.agrotrak.ch\/app\/uploads\/2023\/05\/verakuf2-324x133.jpg 324w, https:\/\/www.agrotrak.ch\/app\/uploads\/2023\/05\/verakuf2-416x171.jpg 416w\" sizes=\"auto, (max-width: 1600px) 100vw, 1600px\" \/><div class=\"wp-block-cover__inner-container is-layout-flow wp-block-cover-is-layout-flow\">\n<p class=\"has-text-align-center has-large-font-size\"><\/p>\n<\/div><\/div>\n","protected":false},"excerpt":{"rendered":"<p>EXPOSITION &amp; VENTE MAGASIN DE VENTE STIHL Nous avons un grand nombre de diff\u00e9rents appareils \u00e0 moteur comme des tron\u00e7onneuses, des coupe-herbes, des appareils \u00e0 batterie, des tondeuses \u00e0 gazon, des g\u00e9n\u00e9rateurs, etc. de la marque STIHL. Visitez notre STIHL SHOP sur place ou consultez notre Online-Shop. VENTE DE MAT\u00c9RIEL AGRICOLE Qu&#8217;il s&#8217;agisse de transporteurs, [&hellip;]<\/p>\n","protected":false},"author":2,"featured_media":0,"parent":0,"menu_order":27,"comment_status":"closed","ping_status":"closed","template":"","meta":{"inline_featured_image":false,"footnotes":""},"class_list":["post-1259","page","type-page","status-publish","hentry"],"yoast_head":"<!-- This site is optimized with the Yoast SEO plugin v27.4 - https:\/\/yoast.com\/product\/yoast-seo-wordpress\/ -->\n<title>EXPOSITION - AGROTRAK<\/title>\n<meta name=\"robots\" content=\"index, follow, max-snippet:-1, max-image-preview:large, max-video-preview:-1\" \/>\n<link rel=\"canonical\" href=\"https:\/\/www.agrotrak.ch\/fr\/exposition\/\" \/>\n<meta property=\"og:locale\" content=\"fr_FR\" \/>\n<meta property=\"og:type\" content=\"article\" \/>\n<meta property=\"og:title\" content=\"EXPOSITION - AGROTRAK\" \/>\n<meta property=\"og:description\" content=\"EXPOSITION &amp; VENTE MAGASIN DE VENTE STIHL Nous avons un grand nombre de diff\u00e9rents appareils \u00e0 moteur comme des tron\u00e7onneuses, des coupe-herbes, des appareils \u00e0 batterie, des tondeuses \u00e0 gazon, des g\u00e9n\u00e9rateurs, etc. de la marque STIHL. Visitez notre STIHL SHOP sur place ou consultez notre Online-Shop. VENTE DE MAT\u00c9RIEL AGRICOLE Qu&#8217;il s&#8217;agisse de transporteurs, [&hellip;]\" \/>\n<meta property=\"og:url\" content=\"https:\/\/www.agrotrak.ch\/fr\/exposition\/\" \/>\n<meta property=\"og:site_name\" content=\"AGROTRAK\" \/>\n<meta property=\"article:modified_time\" content=\"2023-05-15T11:59:34+00:00\" \/>\n<meta property=\"og:image\" content=\"https:\/\/agrotrak.ch\/app\/uploads\/2023\/05\/header_ausstellung.jpg\" \/>\n<meta name=\"twitter:card\" content=\"summary_large_image\" \/>\n<meta name=\"twitter:label1\" content=\"Est. reading time\" \/>\n\t<meta name=\"twitter:data1\" content=\"2 minutes\" \/>\n<script type=\"application\/ld+json\" class=\"yoast-schema-graph\">{\"@context\":\"https:\\\/\\\/schema.org\",\"@graph\":[{\"@type\":\"WebPage\",\"@id\":\"https:\\\/\\\/www.agrotrak.ch\\\/fr\\\/exposition\\\/\",\"url\":\"https:\\\/\\\/www.agrotrak.ch\\\/fr\\\/exposition\\\/\",\"name\":\"EXPOSITION - AGROTRAK\",\"isPartOf\":{\"@id\":\"https:\\\/\\\/www.agrotrak.ch\\\/#website\"},\"primaryImageOfPage\":{\"@id\":\"https:\\\/\\\/www.agrotrak.ch\\\/fr\\\/exposition\\\/#primaryimage\"},\"image\":{\"@id\":\"https:\\\/\\\/www.agrotrak.ch\\\/fr\\\/exposition\\\/#primaryimage\"},\"thumbnailUrl\":\"https:\\\/\\\/agrotrak.ch\\\/app\\\/uploads\\\/2023\\\/05\\\/header_ausstellung.jpg\",\"datePublished\":\"2023-05-12T13:57:53+00:00\",\"dateModified\":\"2023-05-15T11:59:34+00:00\",\"breadcrumb\":{\"@id\":\"https:\\\/\\\/www.agrotrak.ch\\\/fr\\\/exposition\\\/#breadcrumb\"},\"inLanguage\":\"fr-FR\",\"potentialAction\":[{\"@type\":\"ReadAction\",\"target\":[\"https:\\\/\\\/www.agrotrak.ch\\\/fr\\\/exposition\\\/\"]}]},{\"@type\":\"ImageObject\",\"inLanguage\":\"fr-FR\",\"@id\":\"https:\\\/\\\/www.agrotrak.ch\\\/fr\\\/exposition\\\/#primaryimage\",\"url\":\"https:\\\/\\\/agrotrak.ch\\\/app\\\/uploads\\\/2023\\\/05\\\/header_ausstellung.jpg\",\"contentUrl\":\"https:\\\/\\\/agrotrak.ch\\\/app\\\/uploads\\\/2023\\\/05\\\/header_ausstellung.jpg\"},{\"@type\":\"BreadcrumbList\",\"@id\":\"https:\\\/\\\/www.agrotrak.ch\\\/fr\\\/exposition\\\/#breadcrumb\",\"itemListElement\":[{\"@type\":\"ListItem\",\"position\":1,\"name\":\"Startseite\",\"item\":\"https:\\\/\\\/www.agrotrak.ch\\\/fr\\\/\"},{\"@type\":\"ListItem\",\"position\":2,\"name\":\"EXPOSITION\"}]},{\"@type\":\"WebSite\",\"@id\":\"https:\\\/\\\/www.agrotrak.ch\\\/#website\",\"url\":\"https:\\\/\\\/www.agrotrak.ch\\\/\",\"name\":\"AGROTRAK\",\"description\":\"Landmaschinen, Motorger\u00e4te\",\"potentialAction\":[{\"@type\":\"SearchAction\",\"target\":{\"@type\":\"EntryPoint\",\"urlTemplate\":\"https:\\\/\\\/www.agrotrak.ch\\\/?s={search_term_string}\"},\"query-input\":{\"@type\":\"PropertyValueSpecification\",\"valueRequired\":true,\"valueName\":\"search_term_string\"}}],\"inLanguage\":\"fr-FR\"}]}<\/script>\n<!-- \/ Yoast SEO plugin. -->","yoast_head_json":{"title":"EXPOSITION - AGROTRAK","robots":{"index":"index","follow":"follow","max-snippet":"max-snippet:-1","max-image-preview":"max-image-preview:large","max-video-preview":"max-video-preview:-1"},"canonical":"https:\/\/www.agrotrak.ch\/fr\/exposition\/","og_locale":"fr_FR","og_type":"article","og_title":"EXPOSITION - AGROTRAK","og_description":"EXPOSITION &amp; VENTE MAGASIN DE VENTE STIHL Nous avons un grand nombre de diff\u00e9rents appareils \u00e0 moteur comme des tron\u00e7onneuses, des coupe-herbes, des appareils \u00e0 batterie, des tondeuses \u00e0 gazon, des g\u00e9n\u00e9rateurs, etc. de la marque STIHL. Visitez notre STIHL SHOP sur place ou consultez notre Online-Shop. VENTE DE MAT\u00c9RIEL AGRICOLE Qu&#8217;il s&#8217;agisse de transporteurs, [&hellip;]","og_url":"https:\/\/www.agrotrak.ch\/fr\/exposition\/","og_site_name":"AGROTRAK","article_modified_time":"2023-05-15T11:59:34+00:00","og_image":[{"url":"https:\/\/agrotrak.ch\/app\/uploads\/2023\/05\/header_ausstellung.jpg","type":"","width":"","height":""}],"twitter_card":"summary_large_image","twitter_misc":{"Est. reading time":"2 minutes"},"schema":{"@context":"https:\/\/schema.org","@graph":[{"@type":"WebPage","@id":"https:\/\/www.agrotrak.ch\/fr\/exposition\/","url":"https:\/\/www.agrotrak.ch\/fr\/exposition\/","name":"EXPOSITION - AGROTRAK","isPartOf":{"@id":"https:\/\/www.agrotrak.ch\/#website"},"primaryImageOfPage":{"@id":"https:\/\/www.agrotrak.ch\/fr\/exposition\/#primaryimage"},"image":{"@id":"https:\/\/www.agrotrak.ch\/fr\/exposition\/#primaryimage"},"thumbnailUrl":"https:\/\/agrotrak.ch\/app\/uploads\/2023\/05\/header_ausstellung.jpg","datePublished":"2023-05-12T13:57:53+00:00","dateModified":"2023-05-15T11:59:34+00:00","breadcrumb":{"@id":"https:\/\/www.agrotrak.ch\/fr\/exposition\/#breadcrumb"},"inLanguage":"fr-FR","potentialAction":[{"@type":"ReadAction","target":["https:\/\/www.agrotrak.ch\/fr\/exposition\/"]}]},{"@type":"ImageObject","inLanguage":"fr-FR","@id":"https:\/\/www.agrotrak.ch\/fr\/exposition\/#primaryimage","url":"https:\/\/agrotrak.ch\/app\/uploads\/2023\/05\/header_ausstellung.jpg","contentUrl":"https:\/\/agrotrak.ch\/app\/uploads\/2023\/05\/header_ausstellung.jpg"},{"@type":"BreadcrumbList","@id":"https:\/\/www.agrotrak.ch\/fr\/exposition\/#breadcrumb","itemListElement":[{"@type":"ListItem","position":1,"name":"Startseite","item":"https:\/\/www.agrotrak.ch\/fr\/"},{"@type":"ListItem","position":2,"name":"EXPOSITION"}]},{"@type":"WebSite","@id":"https:\/\/www.agrotrak.ch\/#website","url":"https:\/\/www.agrotrak.ch\/","name":"AGROTRAK","description":"Landmaschinen, Motorger\u00e4te","potentialAction":[{"@type":"SearchAction","target":{"@type":"EntryPoint","urlTemplate":"https:\/\/www.agrotrak.ch\/?s={search_term_string}"},"query-input":{"@type":"PropertyValueSpecification","valueRequired":true,"valueName":"search_term_string"}}],"inLanguage":"fr-FR"}]}},"_links":{"self":[{"href":"https:\/\/www.agrotrak.ch\/fr\/wp-json\/wp\/v2\/pages\/1259","targetHints":{"allow":["GET"]}}],"collection":[{"href":"https:\/\/www.agrotrak.ch\/fr\/wp-json\/wp\/v2\/pages"}],"about":[{"href":"https:\/\/www.agrotrak.ch\/fr\/wp-json\/wp\/v2\/types\/page"}],"author":[{"embeddable":true,"href":"https:\/\/www.agrotrak.ch\/fr\/wp-json\/wp\/v2\/users\/2"}],"replies":[{"embeddable":true,"href":"https:\/\/www.agrotrak.ch\/fr\/wp-json\/wp\/v2\/comments?post=1259"}],"version-history":[{"count":3,"href":"https:\/\/www.agrotrak.ch\/fr\/wp-json\/wp\/v2\/pages\/1259\/revisions"}],"predecessor-version":[{"id":1315,"href":"https:\/\/www.agrotrak.ch\/fr\/wp-json\/wp\/v2\/pages\/1259\/revisions\/1315"}],"wp:attachment":[{"href":"https:\/\/www.agrotrak.ch\/fr\/wp-json\/wp\/v2\/media?parent=1259"}],"curies":[{"name":"wp","href":"https:\/\/api.w.org\/{rel}","templated":true}]}}