{"id":1252,"date":"2023-05-12T15:51:30","date_gmt":"2023-05-12T13:51:30","guid":{"rendered":"https:\/\/projects.botanibot.com\/agrotrak23\/?page_id=1252"},"modified":"2023-05-16T13:16:15","modified_gmt":"2023-05-16T11:16:15","slug":"technique-forestiere","status":"publish","type":"page","link":"https:\/\/www.agrotrak.ch\/fr\/technique-forestiere\/","title":{"rendered":"TECHNIQUE FORESTI\u00c8RE"},"content":{"rendered":"\n<div class=\"wp-block-cover\"><span aria-hidden=\"true\" class=\"wp-block-cover__background has-background-dim-0 has-background-dim\"><\/span><img loading=\"lazy\" decoding=\"async\" width=\"1600\" height=\"658\" class=\"wp-block-cover__image-background wp-image-626\" alt=\"TECHNIQUE FORESTI\u00c8RE STIHL\" src=\"https:\/\/agrotrak.ch\/app\/uploads\/2023\/05\/stihl_forst.jpg\" data-object-fit=\"cover\" srcset=\"https:\/\/www.agrotrak.ch\/app\/uploads\/2023\/05\/stihl_forst.jpg 1600w, https:\/\/www.agrotrak.ch\/app\/uploads\/2023\/05\/stihl_forst-300x123.jpg 300w, https:\/\/www.agrotrak.ch\/app\/uploads\/2023\/05\/stihl_forst-1024x421.jpg 1024w, https:\/\/www.agrotrak.ch\/app\/uploads\/2023\/05\/stihl_forst-768x316.jpg 768w, https:\/\/www.agrotrak.ch\/app\/uploads\/2023\/05\/stihl_forst-1536x632.jpg 1536w, https:\/\/www.agrotrak.ch\/app\/uploads\/2023\/05\/stihl_forst-600x247.jpg 600w, https:\/\/www.agrotrak.ch\/app\/uploads\/2023\/05\/stihl_forst-1200x494.jpg 1200w, https:\/\/www.agrotrak.ch\/app\/uploads\/2023\/05\/stihl_forst-324x133.jpg 324w, https:\/\/www.agrotrak.ch\/app\/uploads\/2023\/05\/stihl_forst-416x171.jpg 416w\" sizes=\"auto, (max-width: 1600px) 100vw, 1600px\" \/><div class=\"wp-block-cover__inner-container is-layout-flow wp-block-cover-is-layout-flow\">\n<p class=\"has-text-align-center has-large-font-size\"><\/p>\n<\/div><\/div>\n\n\n\n<div class=\"wp-block-group has-white-background-color has-background\"><div class=\"wp-block-group__inner-container is-layout-flow wp-block-group-is-layout-flow\">\n<h2 class=\"wp-block-heading has-mutedbrown-color has-text-color\"><strong><strong>TECHNIQUE FORESTI\u00c8RE<\/strong><\/strong><\/h2>\n\n\n\n<div class=\"wp-block-columns is-layout-flex wp-container-core-columns-is-layout-28f84493 wp-block-columns-is-layout-flex\">\n<div class=\"wp-block-column is-layout-flow wp-block-column-is-layout-flow\">\n<div class=\"wp-block-media-text alignwide is-stacked-on-mobile is-style-stacked has-beige-background-color has-background\"><figure class=\"wp-block-media-text__media\"><img loading=\"lazy\" decoding=\"async\" width=\"900\" height=\"564\" src=\"https:\/\/agrotrak.ch\/app\/uploads\/2023\/05\/krpan_2.jpg\" alt=\"KRPAN\" class=\"wp-image-852 size-full\" srcset=\"https:\/\/www.agrotrak.ch\/app\/uploads\/2023\/05\/krpan_2.jpg 900w, https:\/\/www.agrotrak.ch\/app\/uploads\/2023\/05\/krpan_2-300x188.jpg 300w, https:\/\/www.agrotrak.ch\/app\/uploads\/2023\/05\/krpan_2-768x481.jpg 768w, https:\/\/www.agrotrak.ch\/app\/uploads\/2023\/05\/krpan_2-600x376.jpg 600w, https:\/\/www.agrotrak.ch\/app\/uploads\/2023\/05\/krpan_2-324x203.jpg 324w, https:\/\/www.agrotrak.ch\/app\/uploads\/2023\/05\/krpan_2-416x261.jpg 416w\" sizes=\"auto, (max-width: 900px) 100vw, 900px\" \/><\/figure><div class=\"wp-block-media-text__content\">\n<h3 class=\"wp-block-heading has-white-color has-green-background-color has-text-color has-background\"><strong>KRPAN<\/strong><\/h3>\n\n\n\n<p>L&#8217;entreprise PI\u0160EK-Vitli KRPAN a \u00e9t\u00e9 fond\u00e9e en 1977 et est aujourd&#8217;hui l&#8217;une des entreprises les plus reconnues au monde dans l&#8217;industrie des machines foresti\u00e8res. Notre produit phare est le treuil forestier. La gamme de produits comprend \u00e9galement d&#8217;autres machines foresti\u00e8res, telles que des remorques foresti\u00e8res avec grue, des fendeuses de b\u00fbches, des scies automatiques \u00e0 palplanches, des scies circulaires avec ou sans tapis roulant, des botteleuses, des bennes basculantes pour tracteurs, des grappins et de nombreux autres produits du segment des machines foresti\u00e8res.<\/p>\n\n\n\n<p>Toutes les machines, destin\u00e9es aussi bien aux professionnels qu&#8217;aux particuliers, sont le fruit de notre propre d\u00e9veloppement, d&#8217;une longue exp\u00e9rience et de tests pratiques en conditions r\u00e9elles. L&#8217;entreprise high-tech investit de nombreuses ressources dans la num\u00e9risation et l&#8217;automatisation, ce qui fait que le processus de production est de plus en plus soutenu et modernis\u00e9 par les derni\u00e8res technologies robotiques et informatiques.<br>Nos machines sont garanties 3 ans. <br><a href=\"https:\/\/www.vitli-krpan.com\/fr\/\" target=\"_blank\" rel=\"noreferrer noopener\">Info<\/a><\/p>\n<\/div><\/div>\n<\/div>\n\n\n\n<div class=\"wp-block-column is-layout-flow wp-block-column-is-layout-flow\">\n<div class=\"wp-block-media-text alignwide is-stacked-on-mobile is-style-stacked has-beige-background-color has-background\"><figure class=\"wp-block-media-text__media\"><img loading=\"lazy\" decoding=\"async\" width=\"900\" height=\"564\" src=\"https:\/\/agrotrak.ch\/app\/uploads\/2023\/05\/stihl_motorsaege.jpg\" alt=\"TRON\u00c7ONNEUSES \u00c0 MOTEUR STIHL\" class=\"wp-image-855 size-full\" srcset=\"https:\/\/www.agrotrak.ch\/app\/uploads\/2023\/05\/stihl_motorsaege.jpg 900w, https:\/\/www.agrotrak.ch\/app\/uploads\/2023\/05\/stihl_motorsaege-300x188.jpg 300w, https:\/\/www.agrotrak.ch\/app\/uploads\/2023\/05\/stihl_motorsaege-768x481.jpg 768w, https:\/\/www.agrotrak.ch\/app\/uploads\/2023\/05\/stihl_motorsaege-600x376.jpg 600w, https:\/\/www.agrotrak.ch\/app\/uploads\/2023\/05\/stihl_motorsaege-324x203.jpg 324w, https:\/\/www.agrotrak.ch\/app\/uploads\/2023\/05\/stihl_motorsaege-416x261.jpg 416w\" sizes=\"auto, (max-width: 900px) 100vw, 900px\" \/><\/figure><div class=\"wp-block-media-text__content\">\n<h3 class=\"wp-block-heading has-white-color has-green-background-color has-text-color has-background\"><strong>TRON\u00c7ONNEUSES \u00c0 MOTEUR STIHL<\/strong><\/h3>\n\n\n\n<p>Scies pour l&#8217;industrie foresti\u00e8re<br>Un maximum de puissance pour un minimum de poids<\/p>\n\n\n\n<p>Les tron\u00e7onneuses STIHL sont sp\u00e9cialement con\u00e7ues pour r\u00e9pondre aux besoins des professionnels, elles allient un faible poids et une puissance maximale \u00e0 un grand confort de travail. Les tron\u00e7onneuses STIHL de la classe de puissance sont \u00e9galement disponibles en version confort (C) avec tension de cha\u00eene rapide (B) et frein de cha\u00eene QuickStop Super (Q). En partie aussi avec M-Tronic (M), catalyseur (D), chauffage de poign\u00e9e (W) et chauffage de carburateur (V).<\/p>\n\n\n\n<div class=\"wp-block-buttons is-layout-flex wp-block-buttons-is-layout-flex\">\n<div class=\"wp-block-button\"><a class=\"wp-block-button__link has-white-color has-orange-background-color has-text-color has-background wp-element-button\" href=\"https:\/\/agrotrak.ch\/shop\/?lang=fr\">STIHL SHOP<\/a><\/div>\n<\/div>\n\n\n\n<p><br><\/p>\n<\/div><\/div>\n<\/div>\n<\/div>\n\n\n\n<div style=\"height:12px\" aria-hidden=\"true\" class=\"wp-block-spacer\"><\/div>\n\n\n\n<div class=\"wp-block-buttons is-layout-flex wp-block-buttons-is-layout-flex\"><\/div>\n<\/div><\/div>\n\n\n\n<div class=\"wp-block-cover\"><span aria-hidden=\"true\" class=\"wp-block-cover__background has-background-dim-0 has-background-dim\"><\/span><img loading=\"lazy\" decoding=\"async\" width=\"1600\" height=\"658\" class=\"wp-block-cover__image-background wp-image-630\" alt=\"KRPAN Valais\" src=\"https:\/\/agrotrak.ch\/app\/uploads\/2023\/05\/krpan.jpg\" data-object-fit=\"cover\" srcset=\"https:\/\/www.agrotrak.ch\/app\/uploads\/2023\/05\/krpan.jpg 1600w, https:\/\/www.agrotrak.ch\/app\/uploads\/2023\/05\/krpan-300x123.jpg 300w, https:\/\/www.agrotrak.ch\/app\/uploads\/2023\/05\/krpan-1024x421.jpg 1024w, https:\/\/www.agrotrak.ch\/app\/uploads\/2023\/05\/krpan-768x316.jpg 768w, https:\/\/www.agrotrak.ch\/app\/uploads\/2023\/05\/krpan-1536x632.jpg 1536w, https:\/\/www.agrotrak.ch\/app\/uploads\/2023\/05\/krpan-600x247.jpg 600w, https:\/\/www.agrotrak.ch\/app\/uploads\/2023\/05\/krpan-1200x494.jpg 1200w, https:\/\/www.agrotrak.ch\/app\/uploads\/2023\/05\/krpan-324x133.jpg 324w, https:\/\/www.agrotrak.ch\/app\/uploads\/2023\/05\/krpan-416x171.jpg 416w\" sizes=\"auto, (max-width: 1600px) 100vw, 1600px\" \/><div class=\"wp-block-cover__inner-container is-layout-flow wp-block-cover-is-layout-flow\">\n<p class=\"has-text-align-center has-large-font-size\"><\/p>\n<\/div><\/div>\n","protected":false},"excerpt":{"rendered":"<p>TECHNIQUE FORESTI\u00c8RE KRPAN L&#8217;entreprise PI\u0160EK-Vitli KRPAN a \u00e9t\u00e9 fond\u00e9e en 1977 et est aujourd&#8217;hui l&#8217;une des entreprises les plus reconnues au monde dans l&#8217;industrie des machines foresti\u00e8res. Notre produit phare est le treuil forestier. La gamme de produits comprend \u00e9galement d&#8217;autres machines foresti\u00e8res, telles que des remorques foresti\u00e8res avec grue, des fendeuses de b\u00fbches, des [&hellip;]<\/p>\n","protected":false},"author":2,"featured_media":0,"parent":0,"menu_order":26,"comment_status":"closed","ping_status":"closed","template":"","meta":{"inline_featured_image":false,"footnotes":""},"class_list":["post-1252","page","type-page","status-publish","hentry"],"yoast_head":"<!-- This site is optimized with the Yoast SEO plugin v27.4 - https:\/\/yoast.com\/product\/yoast-seo-wordpress\/ -->\n<title>TECHNIQUE FORESTI\u00c8RE - AGROTRAK<\/title>\n<meta name=\"description\" content=\"Technique foresti\u00e8re: Agrotrak \u2013 TRON\u00c7ONNEUSES \u00c0 MOTEUR STIHL, KRPAN, Notre produit phare est le treuil forestier.\" \/>\n<meta name=\"robots\" content=\"index, follow, max-snippet:-1, max-image-preview:large, max-video-preview:-1\" \/>\n<link rel=\"canonical\" href=\"https:\/\/www.agrotrak.ch\/fr\/technique-forestiere\/\" \/>\n<meta property=\"og:locale\" content=\"fr_FR\" \/>\n<meta property=\"og:type\" content=\"article\" \/>\n<meta property=\"og:title\" content=\"TECHNIQUE FORESTI\u00c8RE - AGROTRAK\" \/>\n<meta property=\"og:description\" content=\"Technique foresti\u00e8re: Agrotrak \u2013 TRON\u00c7ONNEUSES \u00c0 MOTEUR STIHL, KRPAN, Notre produit phare est le treuil forestier.\" \/>\n<meta property=\"og:url\" content=\"https:\/\/www.agrotrak.ch\/fr\/technique-forestiere\/\" \/>\n<meta property=\"og:site_name\" content=\"AGROTRAK\" \/>\n<meta property=\"article:modified_time\" content=\"2023-05-16T11:16:15+00:00\" \/>\n<meta property=\"og:image\" content=\"https:\/\/agrotrak.ch\/app\/uploads\/2023\/05\/stihl_forst.jpg\" \/>\n<meta name=\"twitter:card\" content=\"summary_large_image\" \/>\n<meta name=\"twitter:label1\" content=\"Est. reading time\" \/>\n\t<meta name=\"twitter:data1\" content=\"3 minutes\" \/>\n<script type=\"application\/ld+json\" class=\"yoast-schema-graph\">{\"@context\":\"https:\\\/\\\/schema.org\",\"@graph\":[{\"@type\":\"WebPage\",\"@id\":\"https:\\\/\\\/www.agrotrak.ch\\\/fr\\\/technique-forestiere\\\/\",\"url\":\"https:\\\/\\\/www.agrotrak.ch\\\/fr\\\/technique-forestiere\\\/\",\"name\":\"TECHNIQUE FORESTI\u00c8RE - AGROTRAK\",\"isPartOf\":{\"@id\":\"https:\\\/\\\/www.agrotrak.ch\\\/#website\"},\"primaryImageOfPage\":{\"@id\":\"https:\\\/\\\/www.agrotrak.ch\\\/fr\\\/technique-forestiere\\\/#primaryimage\"},\"image\":{\"@id\":\"https:\\\/\\\/www.agrotrak.ch\\\/fr\\\/technique-forestiere\\\/#primaryimage\"},\"thumbnailUrl\":\"https:\\\/\\\/agrotrak.ch\\\/app\\\/uploads\\\/2023\\\/05\\\/stihl_forst.jpg\",\"datePublished\":\"2023-05-12T13:51:30+00:00\",\"dateModified\":\"2023-05-16T11:16:15+00:00\",\"description\":\"Technique foresti\u00e8re: Agrotrak \u2013 TRON\u00c7ONNEUSES \u00c0 MOTEUR STIHL, KRPAN, Notre produit phare est le treuil forestier.\",\"breadcrumb\":{\"@id\":\"https:\\\/\\\/www.agrotrak.ch\\\/fr\\\/technique-forestiere\\\/#breadcrumb\"},\"inLanguage\":\"fr-FR\",\"potentialAction\":[{\"@type\":\"ReadAction\",\"target\":[\"https:\\\/\\\/www.agrotrak.ch\\\/fr\\\/technique-forestiere\\\/\"]}]},{\"@type\":\"ImageObject\",\"inLanguage\":\"fr-FR\",\"@id\":\"https:\\\/\\\/www.agrotrak.ch\\\/fr\\\/technique-forestiere\\\/#primaryimage\",\"url\":\"https:\\\/\\\/agrotrak.ch\\\/app\\\/uploads\\\/2023\\\/05\\\/stihl_forst.jpg\",\"contentUrl\":\"https:\\\/\\\/agrotrak.ch\\\/app\\\/uploads\\\/2023\\\/05\\\/stihl_forst.jpg\"},{\"@type\":\"BreadcrumbList\",\"@id\":\"https:\\\/\\\/www.agrotrak.ch\\\/fr\\\/technique-forestiere\\\/#breadcrumb\",\"itemListElement\":[{\"@type\":\"ListItem\",\"position\":1,\"name\":\"Startseite\",\"item\":\"https:\\\/\\\/www.agrotrak.ch\\\/fr\\\/\"},{\"@type\":\"ListItem\",\"position\":2,\"name\":\"TECHNIQUE FORESTI\u00c8RE\"}]},{\"@type\":\"WebSite\",\"@id\":\"https:\\\/\\\/www.agrotrak.ch\\\/#website\",\"url\":\"https:\\\/\\\/www.agrotrak.ch\\\/\",\"name\":\"AGROTRAK\",\"description\":\"Landmaschinen, Motorger\u00e4te\",\"potentialAction\":[{\"@type\":\"SearchAction\",\"target\":{\"@type\":\"EntryPoint\",\"urlTemplate\":\"https:\\\/\\\/www.agrotrak.ch\\\/?s={search_term_string}\"},\"query-input\":{\"@type\":\"PropertyValueSpecification\",\"valueRequired\":true,\"valueName\":\"search_term_string\"}}],\"inLanguage\":\"fr-FR\"}]}<\/script>\n<!-- \/ Yoast SEO plugin. -->","yoast_head_json":{"title":"TECHNIQUE FORESTI\u00c8RE - AGROTRAK","description":"Technique foresti\u00e8re: Agrotrak \u2013 TRON\u00c7ONNEUSES \u00c0 MOTEUR STIHL, KRPAN, Notre produit phare est le treuil forestier.","robots":{"index":"index","follow":"follow","max-snippet":"max-snippet:-1","max-image-preview":"max-image-preview:large","max-video-preview":"max-video-preview:-1"},"canonical":"https:\/\/www.agrotrak.ch\/fr\/technique-forestiere\/","og_locale":"fr_FR","og_type":"article","og_title":"TECHNIQUE FORESTI\u00c8RE - AGROTRAK","og_description":"Technique foresti\u00e8re: Agrotrak \u2013 TRON\u00c7ONNEUSES \u00c0 MOTEUR STIHL, KRPAN, Notre produit phare est le treuil forestier.","og_url":"https:\/\/www.agrotrak.ch\/fr\/technique-forestiere\/","og_site_name":"AGROTRAK","article_modified_time":"2023-05-16T11:16:15+00:00","og_image":[{"url":"https:\/\/agrotrak.ch\/app\/uploads\/2023\/05\/stihl_forst.jpg","type":"","width":"","height":""}],"twitter_card":"summary_large_image","twitter_misc":{"Est. reading time":"3 minutes"},"schema":{"@context":"https:\/\/schema.org","@graph":[{"@type":"WebPage","@id":"https:\/\/www.agrotrak.ch\/fr\/technique-forestiere\/","url":"https:\/\/www.agrotrak.ch\/fr\/technique-forestiere\/","name":"TECHNIQUE FORESTI\u00c8RE - AGROTRAK","isPartOf":{"@id":"https:\/\/www.agrotrak.ch\/#website"},"primaryImageOfPage":{"@id":"https:\/\/www.agrotrak.ch\/fr\/technique-forestiere\/#primaryimage"},"image":{"@id":"https:\/\/www.agrotrak.ch\/fr\/technique-forestiere\/#primaryimage"},"thumbnailUrl":"https:\/\/agrotrak.ch\/app\/uploads\/2023\/05\/stihl_forst.jpg","datePublished":"2023-05-12T13:51:30+00:00","dateModified":"2023-05-16T11:16:15+00:00","description":"Technique foresti\u00e8re: Agrotrak \u2013 TRON\u00c7ONNEUSES \u00c0 MOTEUR STIHL, KRPAN, Notre produit phare est le treuil forestier.","breadcrumb":{"@id":"https:\/\/www.agrotrak.ch\/fr\/technique-forestiere\/#breadcrumb"},"inLanguage":"fr-FR","potentialAction":[{"@type":"ReadAction","target":["https:\/\/www.agrotrak.ch\/fr\/technique-forestiere\/"]}]},{"@type":"ImageObject","inLanguage":"fr-FR","@id":"https:\/\/www.agrotrak.ch\/fr\/technique-forestiere\/#primaryimage","url":"https:\/\/agrotrak.ch\/app\/uploads\/2023\/05\/stihl_forst.jpg","contentUrl":"https:\/\/agrotrak.ch\/app\/uploads\/2023\/05\/stihl_forst.jpg"},{"@type":"BreadcrumbList","@id":"https:\/\/www.agrotrak.ch\/fr\/technique-forestiere\/#breadcrumb","itemListElement":[{"@type":"ListItem","position":1,"name":"Startseite","item":"https:\/\/www.agrotrak.ch\/fr\/"},{"@type":"ListItem","position":2,"name":"TECHNIQUE FORESTI\u00c8RE"}]},{"@type":"WebSite","@id":"https:\/\/www.agrotrak.ch\/#website","url":"https:\/\/www.agrotrak.ch\/","name":"AGROTRAK","description":"Landmaschinen, Motorger\u00e4te","potentialAction":[{"@type":"SearchAction","target":{"@type":"EntryPoint","urlTemplate":"https:\/\/www.agrotrak.ch\/?s={search_term_string}"},"query-input":{"@type":"PropertyValueSpecification","valueRequired":true,"valueName":"search_term_string"}}],"inLanguage":"fr-FR"}]}},"_links":{"self":[{"href":"https:\/\/www.agrotrak.ch\/fr\/wp-json\/wp\/v2\/pages\/1252","targetHints":{"allow":["GET"]}}],"collection":[{"href":"https:\/\/www.agrotrak.ch\/fr\/wp-json\/wp\/v2\/pages"}],"about":[{"href":"https:\/\/www.agrotrak.ch\/fr\/wp-json\/wp\/v2\/types\/page"}],"author":[{"embeddable":true,"href":"https:\/\/www.agrotrak.ch\/fr\/wp-json\/wp\/v2\/users\/2"}],"replies":[{"embeddable":true,"href":"https:\/\/www.agrotrak.ch\/fr\/wp-json\/wp\/v2\/comments?post=1252"}],"version-history":[{"count":5,"href":"https:\/\/www.agrotrak.ch\/fr\/wp-json\/wp\/v2\/pages\/1252\/revisions"}],"predecessor-version":[{"id":1392,"href":"https:\/\/www.agrotrak.ch\/fr\/wp-json\/wp\/v2\/pages\/1252\/revisions\/1392"}],"wp:attachment":[{"href":"https:\/\/www.agrotrak.ch\/fr\/wp-json\/wp\/v2\/media?parent=1252"}],"curies":[{"name":"wp","href":"https:\/\/api.w.org\/{rel}","templated":true}]}}