{"id":1241,"date":"2023-05-12T15:44:14","date_gmt":"2023-05-12T13:44:14","guid":{"rendered":"https:\/\/projects.botanibot.com\/agrotrak23\/?page_id=1241"},"modified":"2023-05-16T13:51:25","modified_gmt":"2023-05-16T11:51:25","slug":"barthau","status":"publish","type":"page","link":"https:\/\/www.agrotrak.ch\/fr\/appareils-moteurs\/barthau\/","title":{"rendered":"BARTHAU"},"content":{"rendered":"\n<div class=\"wp-block-cover is-light\"><span aria-hidden=\"true\" class=\"wp-block-cover__background has-background-dim-0 has-background-dim\"><\/span><img loading=\"lazy\" decoding=\"async\" width=\"1600\" height=\"658\" class=\"wp-block-cover__image-background wp-image-746\" alt=\" BARTHAU VALAIS SIERRE\" src=\"https:\/\/agrotrak.ch\/app\/uploads\/2023\/05\/barthau.jpg\" data-object-fit=\"cover\" srcset=\"https:\/\/www.agrotrak.ch\/app\/uploads\/2023\/05\/barthau.jpg 1600w, https:\/\/www.agrotrak.ch\/app\/uploads\/2023\/05\/barthau-300x123.jpg 300w, https:\/\/www.agrotrak.ch\/app\/uploads\/2023\/05\/barthau-1024x421.jpg 1024w, https:\/\/www.agrotrak.ch\/app\/uploads\/2023\/05\/barthau-768x316.jpg 768w, https:\/\/www.agrotrak.ch\/app\/uploads\/2023\/05\/barthau-1536x632.jpg 1536w, https:\/\/www.agrotrak.ch\/app\/uploads\/2023\/05\/barthau-600x247.jpg 600w, https:\/\/www.agrotrak.ch\/app\/uploads\/2023\/05\/barthau-1200x494.jpg 1200w, https:\/\/www.agrotrak.ch\/app\/uploads\/2023\/05\/barthau-324x133.jpg 324w, https:\/\/www.agrotrak.ch\/app\/uploads\/2023\/05\/barthau-416x171.jpg 416w\" sizes=\"auto, (max-width: 1600px) 100vw, 1600px\" \/><div class=\"wp-block-cover__inner-container is-layout-flow wp-block-cover-is-layout-flow\">\n<p class=\"has-text-align-center has-large-font-size\"><\/p>\n<\/div><\/div>\n\n\n\n<div class=\"wp-block-group has-white-background-color has-background\"><div class=\"wp-block-group__inner-container is-layout-flow wp-block-group-is-layout-flow\">\n<h2 class=\"wp-block-heading has-mutedbrown-color has-text-color\"><strong><strong>APPAREILS MOTEURS <\/strong><\/strong>\u2013 BARTHAU<\/h2>\n\n\n\n<p>D\u00e9couvrez les superbes mod\u00e8les de remorques de Barthau. Des remorques pour tous les usages. De 400 kg \u00e0 18 tonnes. Avec la s\u00e9curit\u00e9 de chargement brevet\u00e9e TopZurr\u00ae. Le vrai plaisir de la remorque inclus. Qu&#8217;il s&#8217;agisse du mod\u00e8le adapt\u00e9 \u00e0 la maison, \u00e0 la ferme et au jardin ou de diff\u00e9rentes variantes pour une utilisation professionnelle dans l&#8217;industrie et l&#8217;artisanat ou peut-\u00eatre pour les prochaines vacances et un court voyage &#8211; nous avons la remorque qu&#8217;il vous faut. La qualit\u00e9 au juste prix associ\u00e9e \u00e0 une large gamme d&#8217;accessoires et imbattable + unique avec la s\u00e9curit\u00e9 de chargement brevet\u00e9e TopZurr\u00ae &#8211; c&#8217;est Barthau. La construction de remorques est notre passion, la qualit\u00e9 professionnelle est une \u00e9vidence et la s\u00e9curit\u00e9 du chargement et du transport est de toute fa\u00e7on un must. Gr\u00e2ce \u00e0 notre gamme de produits polyvalente, nous pouvons vous proposer une solution sur mesure pour vos besoins de transport individuels.<\/p>\n\n\n\n<p>Seule Barthau propose une conduite s\u00fbre gr\u00e2ce \u00e0 la fixation de charge brevet\u00e9e TopZurr\u00ae. Toujours TopZurr\u00ae en toute s\u00e9curit\u00e9 avec Barthau, le pionnier de l&#8217;arrimage de charge TopZurr\u00ae.<br><a href=\"https:\/\/www.barthau.de\/\" target=\"_blank\" rel=\"noreferrer noopener\">www.barthau.de<\/a><\/p>\n\n\n\n<div class=\"wp-block-columns is-layout-flex wp-container-core-columns-is-layout-28f84493 wp-block-columns-is-layout-flex\">\n<div class=\"wp-block-column is-layout-flow wp-block-column-is-layout-flow\">\n<div class=\"wp-block-media-text alignwide is-stacked-on-mobile is-style-stacked has-beige-background-color has-background\"><figure class=\"wp-block-media-text__media\"><img loading=\"lazy\" decoding=\"async\" width=\"900\" height=\"564\" src=\"https:\/\/agrotrak.ch\/app\/uploads\/2023\/05\/barthaup1.jpg\" alt=\"Barthau Hochlader TK\" class=\"wp-image-982 size-full\" srcset=\"https:\/\/www.agrotrak.ch\/app\/uploads\/2023\/05\/barthaup1.jpg 900w, https:\/\/www.agrotrak.ch\/app\/uploads\/2023\/05\/barthaup1-300x188.jpg 300w, https:\/\/www.agrotrak.ch\/app\/uploads\/2023\/05\/barthaup1-768x481.jpg 768w, https:\/\/www.agrotrak.ch\/app\/uploads\/2023\/05\/barthaup1-600x376.jpg 600w, https:\/\/www.agrotrak.ch\/app\/uploads\/2023\/05\/barthaup1-324x203.jpg 324w, https:\/\/www.agrotrak.ch\/app\/uploads\/2023\/05\/barthaup1-416x261.jpg 416w\" sizes=\"auto, (max-width: 900px) 100vw, 900px\" \/><\/figure><div class=\"wp-block-media-text__content\">\n<h3 class=\"wp-block-heading has-white-color has-green-background-color has-text-color has-background\"><strong><strong>REMARQUE PLATEAU TK<\/strong><\/strong><\/h3>\n\n\n\n<p>Remorque \u00e0 caisse &#8211; ridelle rabattable et amovible avec trappe de chargement &#8211; plancher bas en aluminium &#8211; avec TopZurr\u00ae 21<\/p>\n\n\n\n<p><strong>Equipement de confort de s\u00e9rie:<\/strong><\/p>\n\n\n\n<ul class=\"wp-block-list\">\n<li>construction de cadre robuste et sans torsion, enti\u00e8rement viss\u00e9e en acier galvanis\u00e9 de haute qualit\u00e9 en construction segment\u00e9e viss\u00e9e, r\u00e9serves de stabilit\u00e9 suppl\u00e9mentaires gr\u00e2ce \u00e0 des traverses massives, des profil\u00e9s longitudinaux et des consoles avec double protection contre la corrosion et galvanis\u00e9s comme le cadre et en plus rev\u00eatus de plastique bleu, ch\u00e2ssis enti\u00e8rement galvanis\u00e9 \u00e0 chaud<\/li>\n\n\n\n<li>surface du plancher en panneau de s\u00e9rigraphie multiplex r\u00e9sistant \u00e0 la charge, aux intemp\u00e9ries et antid\u00e9rapant, coll\u00e9 plusieurs fois de mani\u00e8re imperm\u00e9able et rev\u00eatu de mati\u00e8re plastique, plancher mont\u00e9 de mani\u00e8re prot\u00e9g\u00e9e dans un profil d&#8217;arrimage galvanis\u00e9 et rev\u00eatu de bleu, plancher avec protection contre les chocs sur tout le pourtour<\/li>\n\n\n\n<li>ridelles en profil\u00e9 aluminium anodis\u00e9 \u00e0 \u0153illets de 25 mm de hauteur 350 mm, rabattables sur 4 c\u00f4t\u00e9s et amovibles sans outils, c&#8217;est-\u00e0-dire transformables en remorque plate-forme en quelques gestes, toutes les fermetures sont encastr\u00e9es<\/li>\n\n\n\n<li>un essieu tandem \u00e0 ressort en caoutchouc super souple, totalement sans entretien, enti\u00e8rement galvanis\u00e9 \u00e0 chaud, les essieux tandem sont \u00e9galement interchangeables individuellement gr\u00e2ce \u00e0 la construction en segments<\/li>\n\n\n\n<li>une hauteur de chargement basse, gr\u00e2ce \u00e0 des pneus sp\u00e9ciaux de 10 ou 12 pouces de large ou ballon<\/li>\n\n\n\n<li>\u00e9quip\u00e9 d&#8217;une surface de chargement \u00e0 basculement hydraulique, le TK est particuli\u00e8rement adapt\u00e9 au transport de v\u00e9hicules avec une faible garde au sol, comme les v\u00e9hicules avec spoilers ou avec un long porte-\u00e0-faux avant ou arri\u00e8re, etc., le hayon arri\u00e8re en particulier a donc \u00e9t\u00e9 con\u00e7u de mani\u00e8re extra-longue en s\u00e9rie, avec une longueur de 1170 mm, il est en outre tr\u00e8s stable et poss\u00e8de un bord d&#8217;attaque plat en t\u00f4le stri\u00e9e en aluminium, l&#8217;hydraulique fonctionne par le biais d&#8217;une pompe manuelle facile \u00e0 utiliser avec un grand r\u00e9servoir d&#8217;huile<\/li>\n\n\n\n<li>ranchers d&#8217;angle embo\u00eet\u00e9s \/ amovibles, possibilit\u00e9 de montage de racks de toit et de galeries<\/li>\n\n\n\n<li>\u00e9clairage de s\u00e9curit\u00e9 prot\u00e9g\u00e9 avec feu de recul et feu antibrouillard arri\u00e8re<\/li>\n\n\n\n<li>raccordement de l&#8217;\u00e9clairage : fiche europ\u00e9enne 12Volt\/13 p\u00f4les<\/li>\n\n\n\n<li>PLUS de surface de chargement, PLUS de s\u00e9curit\u00e9 gr\u00e2ce \u00e0 l&#8217;arrimage de charge brevet\u00e9 TopZurr\u00ae 21. Le plancher est pli\u00e9 sur tout le pourtour pour servir de profil d&#8217;arrimage. Ce profil d&#8217;arrimage est pourvu de trous et des crochets de sangle peuvent y \u00eatre accroch\u00e9s tous les 10 cm. Les crochets de sangle sont munis d&#8217;aimants et sont fix\u00e9s \u00e0 l&#8217;endroit appropri\u00e9. Lorsque la ridelle se ferme, le crochet de sangle est bloqu\u00e9. M\u00eame en cas de transport de palettes, il est possible de s\u00e9curiser le chargement de chaque palette et aucun espace de chargement n&#8217;est perdu gr\u00e2ce aux &#8220;anneaux d&#8217;attache encastr\u00e9s dans la surface de chargement&#8221;.<\/li>\n<\/ul>\n<\/div><\/div>\n<\/div>\n\n\n\n<div class=\"wp-block-column is-layout-flow wp-block-column-is-layout-flow\">\n<div class=\"wp-block-media-text alignwide is-stacked-on-mobile is-style-stacked has-beige-background-color has-background\"><figure class=\"wp-block-media-text__media\"><img loading=\"lazy\" decoding=\"async\" width=\"900\" height=\"564\" src=\"https:\/\/agrotrak.ch\/app\/uploads\/2023\/05\/andyverkauf.jpg\" alt=\"Andy J\u00e4ger, AGROTRAK SIERRE\" class=\"wp-image-714 size-full\" srcset=\"https:\/\/www.agrotrak.ch\/app\/uploads\/2023\/05\/andyverkauf.jpg 900w, https:\/\/www.agrotrak.ch\/app\/uploads\/2023\/05\/andyverkauf-300x188.jpg 300w, https:\/\/www.agrotrak.ch\/app\/uploads\/2023\/05\/andyverkauf-768x481.jpg 768w, https:\/\/www.agrotrak.ch\/app\/uploads\/2023\/05\/andyverkauf-600x376.jpg 600w, https:\/\/www.agrotrak.ch\/app\/uploads\/2023\/05\/andyverkauf-324x203.jpg 324w, https:\/\/www.agrotrak.ch\/app\/uploads\/2023\/05\/andyverkauf-416x261.jpg 416w\" sizes=\"auto, (max-width: 900px) 100vw, 900px\" \/><\/figure><div class=\"wp-block-media-text__content\">\n<h3 class=\"wp-block-heading has-white-color has-green-background-color has-text-color has-background\"><strong><strong>CONSEIL CHEZ AGROTRAK<\/strong><\/strong><\/h3>\n\n\n\n<p>Notre \u00e9quipe de vente AGROTRAK, dirig\u00e9e par Andy J\u00e4ger, se fera un plaisir de r\u00e9pondre \u00e0 vos questions sur nos produits.<\/p>\n\n\n\n<p>N&#8217;h\u00e9sitez pas \u00e0 nous contacter, nous sommes \u00e0 votre disposition:<br>Mobile 079 373 36 25<br><a href=\"mailto:&#97;&#110;&#100;&#121;&#64;&#97;&#103;&#114;&#111;&#116;&#114;&#97;&#107;&#46;&#99;&#104;\">&#97;&#110;&#100;&#121;&#64;&#97;&#103;&#114;&#111;&#116;&#114;&#97;&#107;&#46;&#99;&#104;<\/a><br><br><br><\/p>\n<\/div><\/div>\n<\/div>\n<\/div>\n\n\n\n<div style=\"height:12px\" aria-hidden=\"true\" class=\"wp-block-spacer\"><\/div>\n\n\n\n<div class=\"wp-block-buttons is-layout-flex wp-block-buttons-is-layout-flex\"><\/div>\n<\/div><\/div>\n","protected":false},"excerpt":{"rendered":"<p>APPAREILS MOTEURS \u2013 BARTHAU D\u00e9couvrez les superbes mod\u00e8les de remorques de Barthau. Des remorques pour tous les usages. De 400 kg \u00e0 18 tonnes. Avec la s\u00e9curit\u00e9 de chargement brevet\u00e9e TopZurr\u00ae. Le vrai plaisir de la remorque inclus. Qu&#8217;il s&#8217;agisse du mod\u00e8le adapt\u00e9 \u00e0 la maison, \u00e0 la ferme et au jardin ou de diff\u00e9rentes [&hellip;]<\/p>\n","protected":false},"author":2,"featured_media":0,"parent":1223,"menu_order":11,"comment_status":"closed","ping_status":"closed","template":"","meta":{"inline_featured_image":false,"footnotes":""},"class_list":["post-1241","page","type-page","status-publish","hentry"],"yoast_head":"<!-- This site is optimized with the Yoast SEO plugin v27.4 - https:\/\/yoast.com\/product\/yoast-seo-wordpress\/ -->\n<title>BARTHAU - AGROTRAK<\/title>\n<meta name=\"description\" content=\"Barthau: Agrotrak Sierre \u2013 REMARQUE PLATEAU TK\" \/>\n<meta name=\"robots\" content=\"index, follow, max-snippet:-1, max-image-preview:large, max-video-preview:-1\" \/>\n<link rel=\"canonical\" href=\"https:\/\/www.agrotrak.ch\/fr\/appareils-moteurs\/barthau\/\" \/>\n<meta property=\"og:locale\" content=\"fr_FR\" \/>\n<meta property=\"og:type\" content=\"article\" \/>\n<meta property=\"og:title\" content=\"BARTHAU - AGROTRAK\" \/>\n<meta property=\"og:description\" content=\"Barthau: Agrotrak Sierre \u2013 REMARQUE PLATEAU TK\" \/>\n<meta property=\"og:url\" content=\"https:\/\/www.agrotrak.ch\/fr\/appareils-moteurs\/barthau\/\" \/>\n<meta property=\"og:site_name\" content=\"AGROTRAK\" \/>\n<meta property=\"article:modified_time\" content=\"2023-05-16T11:51:25+00:00\" \/>\n<meta property=\"og:image\" content=\"https:\/\/agrotrak.ch\/app\/uploads\/2023\/05\/barthau.jpg\" \/>\n<meta name=\"twitter:card\" content=\"summary_large_image\" \/>\n<meta name=\"twitter:label1\" content=\"Est. reading time\" \/>\n\t<meta name=\"twitter:data1\" content=\"5 minutes\" \/>\n<script type=\"application\/ld+json\" class=\"yoast-schema-graph\">{\"@context\":\"https:\\\/\\\/schema.org\",\"@graph\":[{\"@type\":\"WebPage\",\"@id\":\"https:\\\/\\\/www.agrotrak.ch\\\/fr\\\/appareils-moteurs\\\/barthau\\\/\",\"url\":\"https:\\\/\\\/www.agrotrak.ch\\\/fr\\\/appareils-moteurs\\\/barthau\\\/\",\"name\":\"BARTHAU - AGROTRAK\",\"isPartOf\":{\"@id\":\"https:\\\/\\\/www.agrotrak.ch\\\/#website\"},\"primaryImageOfPage\":{\"@id\":\"https:\\\/\\\/www.agrotrak.ch\\\/fr\\\/appareils-moteurs\\\/barthau\\\/#primaryimage\"},\"image\":{\"@id\":\"https:\\\/\\\/www.agrotrak.ch\\\/fr\\\/appareils-moteurs\\\/barthau\\\/#primaryimage\"},\"thumbnailUrl\":\"https:\\\/\\\/agrotrak.ch\\\/app\\\/uploads\\\/2023\\\/05\\\/barthau.jpg\",\"datePublished\":\"2023-05-12T13:44:14+00:00\",\"dateModified\":\"2023-05-16T11:51:25+00:00\",\"description\":\"Barthau: Agrotrak Sierre \u2013 REMARQUE PLATEAU TK\",\"breadcrumb\":{\"@id\":\"https:\\\/\\\/www.agrotrak.ch\\\/fr\\\/appareils-moteurs\\\/barthau\\\/#breadcrumb\"},\"inLanguage\":\"fr-FR\",\"potentialAction\":[{\"@type\":\"ReadAction\",\"target\":[\"https:\\\/\\\/www.agrotrak.ch\\\/fr\\\/appareils-moteurs\\\/barthau\\\/\"]}]},{\"@type\":\"ImageObject\",\"inLanguage\":\"fr-FR\",\"@id\":\"https:\\\/\\\/www.agrotrak.ch\\\/fr\\\/appareils-moteurs\\\/barthau\\\/#primaryimage\",\"url\":\"https:\\\/\\\/agrotrak.ch\\\/app\\\/uploads\\\/2023\\\/05\\\/barthau.jpg\",\"contentUrl\":\"https:\\\/\\\/agrotrak.ch\\\/app\\\/uploads\\\/2023\\\/05\\\/barthau.jpg\"},{\"@type\":\"BreadcrumbList\",\"@id\":\"https:\\\/\\\/www.agrotrak.ch\\\/fr\\\/appareils-moteurs\\\/barthau\\\/#breadcrumb\",\"itemListElement\":[{\"@type\":\"ListItem\",\"position\":1,\"name\":\"Startseite\",\"item\":\"https:\\\/\\\/www.agrotrak.ch\\\/fr\\\/\"},{\"@type\":\"ListItem\",\"position\":2,\"name\":\"APPAREILS MOTEURS\",\"item\":\"https:\\\/\\\/www.agrotrak.ch\\\/fr\\\/appareils-moteurs\\\/\"},{\"@type\":\"ListItem\",\"position\":3,\"name\":\"BARTHAU\"}]},{\"@type\":\"WebSite\",\"@id\":\"https:\\\/\\\/www.agrotrak.ch\\\/#website\",\"url\":\"https:\\\/\\\/www.agrotrak.ch\\\/\",\"name\":\"AGROTRAK\",\"description\":\"Landmaschinen, Motorger\u00e4te\",\"potentialAction\":[{\"@type\":\"SearchAction\",\"target\":{\"@type\":\"EntryPoint\",\"urlTemplate\":\"https:\\\/\\\/www.agrotrak.ch\\\/?s={search_term_string}\"},\"query-input\":{\"@type\":\"PropertyValueSpecification\",\"valueRequired\":true,\"valueName\":\"search_term_string\"}}],\"inLanguage\":\"fr-FR\"}]}<\/script>\n<!-- \/ Yoast SEO plugin. -->","yoast_head_json":{"title":"BARTHAU - AGROTRAK","description":"Barthau: Agrotrak Sierre \u2013 REMARQUE PLATEAU TK","robots":{"index":"index","follow":"follow","max-snippet":"max-snippet:-1","max-image-preview":"max-image-preview:large","max-video-preview":"max-video-preview:-1"},"canonical":"https:\/\/www.agrotrak.ch\/fr\/appareils-moteurs\/barthau\/","og_locale":"fr_FR","og_type":"article","og_title":"BARTHAU - AGROTRAK","og_description":"Barthau: Agrotrak Sierre \u2013 REMARQUE PLATEAU TK","og_url":"https:\/\/www.agrotrak.ch\/fr\/appareils-moteurs\/barthau\/","og_site_name":"AGROTRAK","article_modified_time":"2023-05-16T11:51:25+00:00","og_image":[{"url":"https:\/\/agrotrak.ch\/app\/uploads\/2023\/05\/barthau.jpg","type":"","width":"","height":""}],"twitter_card":"summary_large_image","twitter_misc":{"Est. reading time":"5 minutes"},"schema":{"@context":"https:\/\/schema.org","@graph":[{"@type":"WebPage","@id":"https:\/\/www.agrotrak.ch\/fr\/appareils-moteurs\/barthau\/","url":"https:\/\/www.agrotrak.ch\/fr\/appareils-moteurs\/barthau\/","name":"BARTHAU - AGROTRAK","isPartOf":{"@id":"https:\/\/www.agrotrak.ch\/#website"},"primaryImageOfPage":{"@id":"https:\/\/www.agrotrak.ch\/fr\/appareils-moteurs\/barthau\/#primaryimage"},"image":{"@id":"https:\/\/www.agrotrak.ch\/fr\/appareils-moteurs\/barthau\/#primaryimage"},"thumbnailUrl":"https:\/\/agrotrak.ch\/app\/uploads\/2023\/05\/barthau.jpg","datePublished":"2023-05-12T13:44:14+00:00","dateModified":"2023-05-16T11:51:25+00:00","description":"Barthau: Agrotrak Sierre \u2013 REMARQUE PLATEAU TK","breadcrumb":{"@id":"https:\/\/www.agrotrak.ch\/fr\/appareils-moteurs\/barthau\/#breadcrumb"},"inLanguage":"fr-FR","potentialAction":[{"@type":"ReadAction","target":["https:\/\/www.agrotrak.ch\/fr\/appareils-moteurs\/barthau\/"]}]},{"@type":"ImageObject","inLanguage":"fr-FR","@id":"https:\/\/www.agrotrak.ch\/fr\/appareils-moteurs\/barthau\/#primaryimage","url":"https:\/\/agrotrak.ch\/app\/uploads\/2023\/05\/barthau.jpg","contentUrl":"https:\/\/agrotrak.ch\/app\/uploads\/2023\/05\/barthau.jpg"},{"@type":"BreadcrumbList","@id":"https:\/\/www.agrotrak.ch\/fr\/appareils-moteurs\/barthau\/#breadcrumb","itemListElement":[{"@type":"ListItem","position":1,"name":"Startseite","item":"https:\/\/www.agrotrak.ch\/fr\/"},{"@type":"ListItem","position":2,"name":"APPAREILS MOTEURS","item":"https:\/\/www.agrotrak.ch\/fr\/appareils-moteurs\/"},{"@type":"ListItem","position":3,"name":"BARTHAU"}]},{"@type":"WebSite","@id":"https:\/\/www.agrotrak.ch\/#website","url":"https:\/\/www.agrotrak.ch\/","name":"AGROTRAK","description":"Landmaschinen, Motorger\u00e4te","potentialAction":[{"@type":"SearchAction","target":{"@type":"EntryPoint","urlTemplate":"https:\/\/www.agrotrak.ch\/?s={search_term_string}"},"query-input":{"@type":"PropertyValueSpecification","valueRequired":true,"valueName":"search_term_string"}}],"inLanguage":"fr-FR"}]}},"_links":{"self":[{"href":"https:\/\/www.agrotrak.ch\/fr\/wp-json\/wp\/v2\/pages\/1241","targetHints":{"allow":["GET"]}}],"collection":[{"href":"https:\/\/www.agrotrak.ch\/fr\/wp-json\/wp\/v2\/pages"}],"about":[{"href":"https:\/\/www.agrotrak.ch\/fr\/wp-json\/wp\/v2\/types\/page"}],"author":[{"embeddable":true,"href":"https:\/\/www.agrotrak.ch\/fr\/wp-json\/wp\/v2\/users\/2"}],"replies":[{"embeddable":true,"href":"https:\/\/www.agrotrak.ch\/fr\/wp-json\/wp\/v2\/comments?post=1241"}],"version-history":[{"count":8,"href":"https:\/\/www.agrotrak.ch\/fr\/wp-json\/wp\/v2\/pages\/1241\/revisions"}],"predecessor-version":[{"id":1403,"href":"https:\/\/www.agrotrak.ch\/fr\/wp-json\/wp\/v2\/pages\/1241\/revisions\/1403"}],"up":[{"embeddable":true,"href":"https:\/\/www.agrotrak.ch\/fr\/wp-json\/wp\/v2\/pages\/1223"}],"wp:attachment":[{"href":"https:\/\/www.agrotrak.ch\/fr\/wp-json\/wp\/v2\/media?parent=1241"}],"curies":[{"name":"wp","href":"https:\/\/api.w.org\/{rel}","templated":true}]}}