{"id":1237,"date":"2023-05-12T15:41:20","date_gmt":"2023-05-12T13:41:20","guid":{"rendered":"https:\/\/projects.botanibot.com\/agrotrak23\/?page_id=1237"},"modified":"2023-05-16T13:50:18","modified_gmt":"2023-05-16T11:50:18","slug":"orec","status":"publish","type":"page","link":"https:\/\/www.agrotrak.ch\/fr\/appareils-moteurs\/orec\/","title":{"rendered":"OREC"},"content":{"rendered":"\n<div class=\"wp-block-cover is-light\"><span aria-hidden=\"true\" class=\"wp-block-cover__background has-background-dim-0 has-background-dim\"><\/span><img loading=\"lazy\" decoding=\"async\" width=\"1600\" height=\"658\" class=\"wp-block-cover__image-background wp-image-964\" alt=\"Orec APPAREILS MOTEURS\" src=\"https:\/\/agrotrak.ch\/app\/uploads\/2023\/05\/orec_header1.jpg\" data-object-fit=\"cover\" srcset=\"https:\/\/www.agrotrak.ch\/app\/uploads\/2023\/05\/orec_header1.jpg 1600w, https:\/\/www.agrotrak.ch\/app\/uploads\/2023\/05\/orec_header1-300x123.jpg 300w, https:\/\/www.agrotrak.ch\/app\/uploads\/2023\/05\/orec_header1-1024x421.jpg 1024w, https:\/\/www.agrotrak.ch\/app\/uploads\/2023\/05\/orec_header1-768x316.jpg 768w, https:\/\/www.agrotrak.ch\/app\/uploads\/2023\/05\/orec_header1-1536x632.jpg 1536w, https:\/\/www.agrotrak.ch\/app\/uploads\/2023\/05\/orec_header1-600x247.jpg 600w, https:\/\/www.agrotrak.ch\/app\/uploads\/2023\/05\/orec_header1-1200x494.jpg 1200w, https:\/\/www.agrotrak.ch\/app\/uploads\/2023\/05\/orec_header1-324x133.jpg 324w, https:\/\/www.agrotrak.ch\/app\/uploads\/2023\/05\/orec_header1-416x171.jpg 416w\" sizes=\"auto, (max-width: 1600px) 100vw, 1600px\" \/><div class=\"wp-block-cover__inner-container is-layout-flow wp-block-cover-is-layout-flow\">\n<p class=\"has-text-align-center has-large-font-size\"><\/p>\n<\/div><\/div>\n\n\n\n<div class=\"wp-block-group has-white-background-color has-background\"><div class=\"wp-block-group__inner-container is-layout-flow wp-block-group-is-layout-flow\">\n<h2 class=\"wp-block-heading has-mutedbrown-color has-text-color\"><strong><strong>APPAREILS MOTEURS <\/strong><\/strong>\u2013 OREC<\/h2>\n\n\n\n<p>Tout le monde est d&#8217;accord: les outils professionnels d&#8217;OREC sont devenus des outils indispensables et fiables dans le travail quotidien. Que ce soit dans le secteur priv\u00e9, professionnel, communal, chez les services d&#8217;entretien des routes ou les paysagistes, la technique solide et fiable est absolument de premi\u00e8re classe et garantit une longue dur\u00e9e de vie et une grande fiabilit\u00e9 pendant le travail.<\/p>\n\n\n\n<p>Cela vaut la peine &#8211; un travail \u00e9conomique ne se justifie pas par l&#8217;achat d&#8217;une machine bon march\u00e9. Notre technique professionnelle est payante au quotidien &#8211; nos machines se distinguent du march\u00e9 par leur rendement \u00e9lev\u00e9, leur technique professionnelle n\u00e9cessitant peu d&#8217;entretien, leur utilisation fiable \u00e0 long terme et leur qualit\u00e9 de fabrication robuste.<\/p>\n\n\n\n<div class=\"wp-block-columns is-layout-flex wp-container-core-columns-is-layout-28f84493 wp-block-columns-is-layout-flex\">\n<div class=\"wp-block-column is-layout-flow wp-block-column-is-layout-flow\">\n<div class=\"wp-block-media-text alignwide is-stacked-on-mobile is-style-stacked has-beige-background-color has-background\"><figure class=\"wp-block-media-text__media\"><img loading=\"lazy\" decoding=\"async\" width=\"900\" height=\"564\" src=\"https:\/\/agrotrak.ch\/app\/uploads\/2023\/05\/orecp1.jpg\" alt=\"TONDEUSE \u00c0 FL\u00c9AUX HRC673\" class=\"wp-image-951 size-full\" srcset=\"https:\/\/www.agrotrak.ch\/app\/uploads\/2023\/05\/orecp1.jpg 900w, https:\/\/www.agrotrak.ch\/app\/uploads\/2023\/05\/orecp1-300x188.jpg 300w, https:\/\/www.agrotrak.ch\/app\/uploads\/2023\/05\/orecp1-768x481.jpg 768w, https:\/\/www.agrotrak.ch\/app\/uploads\/2023\/05\/orecp1-600x376.jpg 600w, https:\/\/www.agrotrak.ch\/app\/uploads\/2023\/05\/orecp1-324x203.jpg 324w, https:\/\/www.agrotrak.ch\/app\/uploads\/2023\/05\/orecp1-416x261.jpg 416w\" sizes=\"auto, (max-width: 900px) 100vw, 900px\" \/><\/figure><div class=\"wp-block-media-text__content\">\n<h3 class=\"wp-block-heading has-white-color has-green-background-color has-text-color has-background\"><strong>TONDEUSE \u00c0 FL\u00c9AUX HRC673<\/strong><\/h3>\n\n\n\n<p>Le spectre d&#8217;utilisation de la faucheuse \u00e0 fl\u00e9aux HRC673 d&#8217;Hercules s&#8217;\u00e9tend de la protection des arbres, des sous-bois denses ou des vergers jusqu&#8217;aux surfaces herbeuses entretenues de mani\u00e8re extensive. L&#8217;entra\u00eenement par chenilles assure un fauchage en ligne droite m\u00eame sur les terrains en pente. Les pentes extr\u00eames ou les fortes inclinaisons sont ma\u00eetris\u00e9es sans probl\u00e8me par la machine. Gr\u00e2ce \u00e0 l&#8217;attelage individuel des roues, la faucheuse reste facile \u00e0 man\u0153uvrer m\u00eame sur les terrains difficiles. L&#8217;herbe coup\u00e9e est broy\u00e9e tr\u00e8s finement par les 38 lames en Y en acier sp\u00e9cialement tremp\u00e9 et est d\u00e9pos\u00e9e uniform\u00e9ment sur toute la largeur de coupe.<br>La HRC673 est entra\u00een\u00e9e par un puissant moteur professionnel Honda. Un marchepied est disponible en option.<\/p>\n<\/div><\/div>\n<\/div>\n\n\n\n<div class=\"wp-block-column is-layout-flow wp-block-column-is-layout-flow\">\n<div class=\"wp-block-media-text alignwide is-stacked-on-mobile is-style-stacked has-beige-background-color has-background\"><figure class=\"wp-block-media-text__media\"><img loading=\"lazy\" decoding=\"async\" width=\"900\" height=\"564\" src=\"https:\/\/agrotrak.ch\/app\/uploads\/2023\/05\/orecp2.jpg\" alt=\"D\u00c9BROUSSAILLEUSE \u00c0 CONDUCTEUR PORT\u00c9 RM982100\" class=\"wp-image-958 size-full\" srcset=\"https:\/\/www.agrotrak.ch\/app\/uploads\/2023\/05\/orecp2.jpg 900w, https:\/\/www.agrotrak.ch\/app\/uploads\/2023\/05\/orecp2-300x188.jpg 300w, https:\/\/www.agrotrak.ch\/app\/uploads\/2023\/05\/orecp2-768x481.jpg 768w, https:\/\/www.agrotrak.ch\/app\/uploads\/2023\/05\/orecp2-600x376.jpg 600w, https:\/\/www.agrotrak.ch\/app\/uploads\/2023\/05\/orecp2-324x203.jpg 324w, https:\/\/www.agrotrak.ch\/app\/uploads\/2023\/05\/orecp2-416x261.jpg 416w\" sizes=\"auto, (max-width: 900px) 100vw, 900px\" \/><\/figure><div class=\"wp-block-media-text__content\">\n<h3 class=\"wp-block-heading has-white-color has-green-background-color has-text-color has-background\"><strong>D\u00c9BROUSSAILLEUSE \u00c0 CONDUCTEUR PORT\u00c9<\/strong> <strong>RM982100<\/strong><\/h3>\n\n\n\n<p>La faucheuse pour un grand rendement de surface \u00e0 une vitesse maximale &#8211; c&#8217;est l&#8217;efficacit\u00e9 qui compte. L&#8217;\u00e9norme largeur de coupe de 97,5 cm associ\u00e9e au puissant moteur professionnel de B&amp;S est l&#8217;outil id\u00e9al pour un travail \u00e9conomique. Un \u00e9quipement technique parfait et une utilisation confortable r\u00e9pondent \u00e0 tous les souhaits. Outre les points forts techniques tels que la commande confortable de l&#8217;hydrostat avec blocage du diff\u00e9rentiel par commande \u00e0 p\u00e9dale et levier manuel, le centre de gravit\u00e9 bas, la direction facile \u00e0 manier et les larges pneus \u00e0 crampons, d\u00e9j\u00e0 connus sur la d\u00e9broussailleuse RM970, la RM982100 offre en plus la traction int\u00e9grale. La Herkules RM982100 est une composition r\u00e9ussie qui transforme le travail difficile en un plaisir de conduite gr\u00e2ce \u00e0 une coordination technique parfaite de tous les composants.<\/p>\n<\/div><\/div>\n<\/div>\n<\/div>\n\n\n\n<div style=\"height:12px\" aria-hidden=\"true\" class=\"wp-block-spacer\"><\/div>\n\n\n\n<div class=\"wp-block-buttons is-layout-flex wp-block-buttons-is-layout-flex\"><\/div>\n<\/div><\/div>\n\n\n\n<div class=\"wp-block-cover is-light\"><span aria-hidden=\"true\" class=\"wp-block-cover__background has-background-dim-0 has-background-dim\"><\/span><img loading=\"lazy\" decoding=\"async\" width=\"1600\" height=\"658\" class=\"wp-block-cover__image-background wp-image-971\" alt=\"APPAREILS MOTEURS \u2013 OREC\" src=\"https:\/\/agrotrak.ch\/app\/uploads\/2023\/05\/orec_header2.jpg\" data-object-fit=\"cover\" srcset=\"https:\/\/www.agrotrak.ch\/app\/uploads\/2023\/05\/orec_header2.jpg 1600w, https:\/\/www.agrotrak.ch\/app\/uploads\/2023\/05\/orec_header2-300x123.jpg 300w, https:\/\/www.agrotrak.ch\/app\/uploads\/2023\/05\/orec_header2-1024x421.jpg 1024w, https:\/\/www.agrotrak.ch\/app\/uploads\/2023\/05\/orec_header2-768x316.jpg 768w, https:\/\/www.agrotrak.ch\/app\/uploads\/2023\/05\/orec_header2-1536x632.jpg 1536w, https:\/\/www.agrotrak.ch\/app\/uploads\/2023\/05\/orec_header2-600x247.jpg 600w, https:\/\/www.agrotrak.ch\/app\/uploads\/2023\/05\/orec_header2-1200x494.jpg 1200w, https:\/\/www.agrotrak.ch\/app\/uploads\/2023\/05\/orec_header2-324x133.jpg 324w, https:\/\/www.agrotrak.ch\/app\/uploads\/2023\/05\/orec_header2-416x171.jpg 416w\" sizes=\"auto, (max-width: 1600px) 100vw, 1600px\" \/><div class=\"wp-block-cover__inner-container is-layout-flow wp-block-cover-is-layout-flow\">\n<p class=\"has-text-align-center has-large-font-size\"><\/p>\n<\/div><\/div>\n","protected":false},"excerpt":{"rendered":"<p>APPAREILS MOTEURS \u2013 OREC Tout le monde est d&#8217;accord: les outils professionnels d&#8217;OREC sont devenus des outils indispensables et fiables dans le travail quotidien. Que ce soit dans le secteur priv\u00e9, professionnel, communal, chez les services d&#8217;entretien des routes ou les paysagistes, la technique solide et fiable est absolument de premi\u00e8re classe et garantit une [&hellip;]<\/p>\n","protected":false},"author":2,"featured_media":0,"parent":1223,"menu_order":9,"comment_status":"closed","ping_status":"closed","template":"","meta":{"inline_featured_image":false,"footnotes":""},"class_list":["post-1237","page","type-page","status-publish","hentry"],"yoast_head":"<!-- This site is optimized with the Yoast SEO plugin v27.4 - https:\/\/yoast.com\/product\/yoast-seo-wordpress\/ -->\n<title>OREC - AGROTRAK<\/title>\n<meta name=\"description\" content=\"OREC: Agrotrak Sierre \u2013 TONDEUSE \u00c0 FL\u00c9AUX HRC673, D\u00c9BROUSSAILLEUSE \u00c0 CONDUCTEUR PORT\u00c9\" \/>\n<meta name=\"robots\" content=\"index, follow, max-snippet:-1, max-image-preview:large, max-video-preview:-1\" \/>\n<link rel=\"canonical\" href=\"https:\/\/www.agrotrak.ch\/fr\/appareils-moteurs\/orec\/\" \/>\n<meta property=\"og:locale\" content=\"fr_FR\" \/>\n<meta property=\"og:type\" content=\"article\" \/>\n<meta property=\"og:title\" content=\"OREC - AGROTRAK\" \/>\n<meta property=\"og:description\" content=\"OREC: Agrotrak Sierre \u2013 TONDEUSE \u00c0 FL\u00c9AUX HRC673, D\u00c9BROUSSAILLEUSE \u00c0 CONDUCTEUR PORT\u00c9\" \/>\n<meta property=\"og:url\" content=\"https:\/\/www.agrotrak.ch\/fr\/appareils-moteurs\/orec\/\" \/>\n<meta property=\"og:site_name\" content=\"AGROTRAK\" \/>\n<meta property=\"article:modified_time\" content=\"2023-05-16T11:50:18+00:00\" \/>\n<meta property=\"og:image\" content=\"https:\/\/agrotrak.ch\/app\/uploads\/2023\/05\/orec_header1.jpg\" \/>\n<meta name=\"twitter:card\" content=\"summary_large_image\" \/>\n<meta name=\"twitter:label1\" content=\"Est. reading time\" \/>\n\t<meta name=\"twitter:data1\" content=\"3 minutes\" \/>\n<script type=\"application\/ld+json\" class=\"yoast-schema-graph\">{\"@context\":\"https:\\\/\\\/schema.org\",\"@graph\":[{\"@type\":\"WebPage\",\"@id\":\"https:\\\/\\\/www.agrotrak.ch\\\/fr\\\/appareils-moteurs\\\/orec\\\/\",\"url\":\"https:\\\/\\\/www.agrotrak.ch\\\/fr\\\/appareils-moteurs\\\/orec\\\/\",\"name\":\"OREC - AGROTRAK\",\"isPartOf\":{\"@id\":\"https:\\\/\\\/www.agrotrak.ch\\\/#website\"},\"primaryImageOfPage\":{\"@id\":\"https:\\\/\\\/www.agrotrak.ch\\\/fr\\\/appareils-moteurs\\\/orec\\\/#primaryimage\"},\"image\":{\"@id\":\"https:\\\/\\\/www.agrotrak.ch\\\/fr\\\/appareils-moteurs\\\/orec\\\/#primaryimage\"},\"thumbnailUrl\":\"https:\\\/\\\/agrotrak.ch\\\/app\\\/uploads\\\/2023\\\/05\\\/orec_header1.jpg\",\"datePublished\":\"2023-05-12T13:41:20+00:00\",\"dateModified\":\"2023-05-16T11:50:18+00:00\",\"description\":\"OREC: Agrotrak Sierre \u2013 TONDEUSE \u00c0 FL\u00c9AUX HRC673, D\u00c9BROUSSAILLEUSE \u00c0 CONDUCTEUR PORT\u00c9\",\"breadcrumb\":{\"@id\":\"https:\\\/\\\/www.agrotrak.ch\\\/fr\\\/appareils-moteurs\\\/orec\\\/#breadcrumb\"},\"inLanguage\":\"fr-FR\",\"potentialAction\":[{\"@type\":\"ReadAction\",\"target\":[\"https:\\\/\\\/www.agrotrak.ch\\\/fr\\\/appareils-moteurs\\\/orec\\\/\"]}]},{\"@type\":\"ImageObject\",\"inLanguage\":\"fr-FR\",\"@id\":\"https:\\\/\\\/www.agrotrak.ch\\\/fr\\\/appareils-moteurs\\\/orec\\\/#primaryimage\",\"url\":\"https:\\\/\\\/agrotrak.ch\\\/app\\\/uploads\\\/2023\\\/05\\\/orec_header1.jpg\",\"contentUrl\":\"https:\\\/\\\/agrotrak.ch\\\/app\\\/uploads\\\/2023\\\/05\\\/orec_header1.jpg\"},{\"@type\":\"BreadcrumbList\",\"@id\":\"https:\\\/\\\/www.agrotrak.ch\\\/fr\\\/appareils-moteurs\\\/orec\\\/#breadcrumb\",\"itemListElement\":[{\"@type\":\"ListItem\",\"position\":1,\"name\":\"Startseite\",\"item\":\"https:\\\/\\\/www.agrotrak.ch\\\/fr\\\/\"},{\"@type\":\"ListItem\",\"position\":2,\"name\":\"APPAREILS MOTEURS\",\"item\":\"https:\\\/\\\/www.agrotrak.ch\\\/fr\\\/appareils-moteurs\\\/\"},{\"@type\":\"ListItem\",\"position\":3,\"name\":\"OREC\"}]},{\"@type\":\"WebSite\",\"@id\":\"https:\\\/\\\/www.agrotrak.ch\\\/#website\",\"url\":\"https:\\\/\\\/www.agrotrak.ch\\\/\",\"name\":\"AGROTRAK\",\"description\":\"Landmaschinen, Motorger\u00e4te\",\"potentialAction\":[{\"@type\":\"SearchAction\",\"target\":{\"@type\":\"EntryPoint\",\"urlTemplate\":\"https:\\\/\\\/www.agrotrak.ch\\\/?s={search_term_string}\"},\"query-input\":{\"@type\":\"PropertyValueSpecification\",\"valueRequired\":true,\"valueName\":\"search_term_string\"}}],\"inLanguage\":\"fr-FR\"}]}<\/script>\n<!-- \/ Yoast SEO plugin. -->","yoast_head_json":{"title":"OREC - AGROTRAK","description":"OREC: Agrotrak Sierre \u2013 TONDEUSE \u00c0 FL\u00c9AUX HRC673, D\u00c9BROUSSAILLEUSE \u00c0 CONDUCTEUR PORT\u00c9","robots":{"index":"index","follow":"follow","max-snippet":"max-snippet:-1","max-image-preview":"max-image-preview:large","max-video-preview":"max-video-preview:-1"},"canonical":"https:\/\/www.agrotrak.ch\/fr\/appareils-moteurs\/orec\/","og_locale":"fr_FR","og_type":"article","og_title":"OREC - AGROTRAK","og_description":"OREC: Agrotrak Sierre \u2013 TONDEUSE \u00c0 FL\u00c9AUX HRC673, D\u00c9BROUSSAILLEUSE \u00c0 CONDUCTEUR PORT\u00c9","og_url":"https:\/\/www.agrotrak.ch\/fr\/appareils-moteurs\/orec\/","og_site_name":"AGROTRAK","article_modified_time":"2023-05-16T11:50:18+00:00","og_image":[{"url":"https:\/\/agrotrak.ch\/app\/uploads\/2023\/05\/orec_header1.jpg","type":"","width":"","height":""}],"twitter_card":"summary_large_image","twitter_misc":{"Est. reading time":"3 minutes"},"schema":{"@context":"https:\/\/schema.org","@graph":[{"@type":"WebPage","@id":"https:\/\/www.agrotrak.ch\/fr\/appareils-moteurs\/orec\/","url":"https:\/\/www.agrotrak.ch\/fr\/appareils-moteurs\/orec\/","name":"OREC - AGROTRAK","isPartOf":{"@id":"https:\/\/www.agrotrak.ch\/#website"},"primaryImageOfPage":{"@id":"https:\/\/www.agrotrak.ch\/fr\/appareils-moteurs\/orec\/#primaryimage"},"image":{"@id":"https:\/\/www.agrotrak.ch\/fr\/appareils-moteurs\/orec\/#primaryimage"},"thumbnailUrl":"https:\/\/agrotrak.ch\/app\/uploads\/2023\/05\/orec_header1.jpg","datePublished":"2023-05-12T13:41:20+00:00","dateModified":"2023-05-16T11:50:18+00:00","description":"OREC: Agrotrak Sierre \u2013 TONDEUSE \u00c0 FL\u00c9AUX HRC673, D\u00c9BROUSSAILLEUSE \u00c0 CONDUCTEUR PORT\u00c9","breadcrumb":{"@id":"https:\/\/www.agrotrak.ch\/fr\/appareils-moteurs\/orec\/#breadcrumb"},"inLanguage":"fr-FR","potentialAction":[{"@type":"ReadAction","target":["https:\/\/www.agrotrak.ch\/fr\/appareils-moteurs\/orec\/"]}]},{"@type":"ImageObject","inLanguage":"fr-FR","@id":"https:\/\/www.agrotrak.ch\/fr\/appareils-moteurs\/orec\/#primaryimage","url":"https:\/\/agrotrak.ch\/app\/uploads\/2023\/05\/orec_header1.jpg","contentUrl":"https:\/\/agrotrak.ch\/app\/uploads\/2023\/05\/orec_header1.jpg"},{"@type":"BreadcrumbList","@id":"https:\/\/www.agrotrak.ch\/fr\/appareils-moteurs\/orec\/#breadcrumb","itemListElement":[{"@type":"ListItem","position":1,"name":"Startseite","item":"https:\/\/www.agrotrak.ch\/fr\/"},{"@type":"ListItem","position":2,"name":"APPAREILS MOTEURS","item":"https:\/\/www.agrotrak.ch\/fr\/appareils-moteurs\/"},{"@type":"ListItem","position":3,"name":"OREC"}]},{"@type":"WebSite","@id":"https:\/\/www.agrotrak.ch\/#website","url":"https:\/\/www.agrotrak.ch\/","name":"AGROTRAK","description":"Landmaschinen, Motorger\u00e4te","potentialAction":[{"@type":"SearchAction","target":{"@type":"EntryPoint","urlTemplate":"https:\/\/www.agrotrak.ch\/?s={search_term_string}"},"query-input":{"@type":"PropertyValueSpecification","valueRequired":true,"valueName":"search_term_string"}}],"inLanguage":"fr-FR"}]}},"_links":{"self":[{"href":"https:\/\/www.agrotrak.ch\/fr\/wp-json\/wp\/v2\/pages\/1237","targetHints":{"allow":["GET"]}}],"collection":[{"href":"https:\/\/www.agrotrak.ch\/fr\/wp-json\/wp\/v2\/pages"}],"about":[{"href":"https:\/\/www.agrotrak.ch\/fr\/wp-json\/wp\/v2\/types\/page"}],"author":[{"embeddable":true,"href":"https:\/\/www.agrotrak.ch\/fr\/wp-json\/wp\/v2\/users\/2"}],"replies":[{"embeddable":true,"href":"https:\/\/www.agrotrak.ch\/fr\/wp-json\/wp\/v2\/comments?post=1237"}],"version-history":[{"count":3,"href":"https:\/\/www.agrotrak.ch\/fr\/wp-json\/wp\/v2\/pages\/1237\/revisions"}],"predecessor-version":[{"id":1240,"href":"https:\/\/www.agrotrak.ch\/fr\/wp-json\/wp\/v2\/pages\/1237\/revisions\/1240"}],"up":[{"embeddable":true,"href":"https:\/\/www.agrotrak.ch\/fr\/wp-json\/wp\/v2\/pages\/1223"}],"wp:attachment":[{"href":"https:\/\/www.agrotrak.ch\/fr\/wp-json\/wp\/v2\/media?parent=1237"}],"curies":[{"name":"wp","href":"https:\/\/api.w.org\/{rel}","templated":true}]}}