{"id":1229,"date":"2023-05-12T15:32:57","date_gmt":"2023-05-12T13:32:57","guid":{"rendered":"https:\/\/projects.botanibot.com\/agrotrak23\/?page_id=1229"},"modified":"2023-05-16T13:48:23","modified_gmt":"2023-05-16T11:48:23","slug":"wado","status":"publish","type":"page","link":"https:\/\/www.agrotrak.ch\/fr\/appareils-moteurs\/wado\/","title":{"rendered":"WADO"},"content":{"rendered":"\n<div class=\"wp-block-cover is-light\"><span aria-hidden=\"true\" class=\"wp-block-cover__background has-background-dim-0 has-background-dim\"><\/span><img loading=\"lazy\" decoding=\"async\" width=\"1600\" height=\"658\" class=\"wp-block-cover__image-background wp-image-646\" alt=\"APPAREILS MOTEURS WADO VALAIS SIERRE\" src=\"https:\/\/agrotrak.ch\/app\/uploads\/2023\/05\/wado1.jpg\" data-object-fit=\"cover\" srcset=\"https:\/\/www.agrotrak.ch\/app\/uploads\/2023\/05\/wado1.jpg 1600w, https:\/\/www.agrotrak.ch\/app\/uploads\/2023\/05\/wado1-300x123.jpg 300w, https:\/\/www.agrotrak.ch\/app\/uploads\/2023\/05\/wado1-1024x421.jpg 1024w, https:\/\/www.agrotrak.ch\/app\/uploads\/2023\/05\/wado1-768x316.jpg 768w, https:\/\/www.agrotrak.ch\/app\/uploads\/2023\/05\/wado1-1536x632.jpg 1536w, https:\/\/www.agrotrak.ch\/app\/uploads\/2023\/05\/wado1-600x247.jpg 600w, https:\/\/www.agrotrak.ch\/app\/uploads\/2023\/05\/wado1-1200x494.jpg 1200w, https:\/\/www.agrotrak.ch\/app\/uploads\/2023\/05\/wado1-324x133.jpg 324w, https:\/\/www.agrotrak.ch\/app\/uploads\/2023\/05\/wado1-416x171.jpg 416w\" sizes=\"auto, (max-width: 1600px) 100vw, 1600px\" \/><div class=\"wp-block-cover__inner-container is-layout-flow wp-block-cover-is-layout-flow\">\n<p class=\"has-text-align-center has-large-font-size\"><\/p>\n<\/div><\/div>\n\n\n\n<div class=\"wp-block-group has-white-background-color has-background\"><div class=\"wp-block-group__inner-container is-layout-flow wp-block-group-is-layout-flow\">\n<h2 class=\"wp-block-heading has-mutedbrown-color has-text-color\"><strong><strong>APPAREILS MOTEURS <\/strong><\/strong>\u2013 WADO<br><\/h2>\n\n\n\n<p>C&#8217;est dans la ville de Hanamaki City, au nord du Japon, recouverte de beaucoup de neige en hiver, que se trouvent le si\u00e8ge et l&#8217;usine de WADO. Depuis 1969, WADO construit des fraises \u00e0 neige de la plus haute qualit\u00e9. De grandes marques connues comme Honda ou YANMAR font \u00e9galement confiance \u00e0 la fiabilit\u00e9 et aux performances des produits WADO, dont certains mod\u00e8les sont fabriqu\u00e9s par WADO.<\/p>\n\n\n\n<p>WADO est de loin le plus grand producteur de fraises \u00e0 neige au Japon ! En incluant les livraisons OEM, WADO d\u00e9tient une part de production de pas moins de 70%. Apr\u00e8s que YANMAR a cess\u00e9 ses activit\u00e9s de vente dans le secteur des fraises \u00e0 neige en Europe, WADO s&#8217;est lanc\u00e9 sur le march\u00e9 europ\u00e9en avec sa propre marque.<\/p>\n\n\n\n<p>M\u00eame si certains ne connaissent pas encore directement la marque WADO, beaucoup d&#8217;entre vous ont certainement d\u00e9j\u00e0 travaill\u00e9 avec une fraise \u00e0 neige produite par WADO. C&#8217;est surtout dans le segment professionnel des fraises \u00e0 neige diesel que les fraises \u00e0 neige professionnelles WADO (connues chez nous sous le nom de YANMAR), fiables et puissantes, sont largement r\u00e9pandues et jouissent d&#8217;une grande popularit\u00e9. La fiabilit\u00e9 et la performance des fraises \u00e0 neige diesel convainquent leurs utilisateurs jour apr\u00e8s jour et ann\u00e9e apr\u00e8s ann\u00e9e.<\/p>\n\n\n\n<p><strong>WADO &#8211; Une vraie qualit\u00e9 sur laquelle on peut compter.<\/strong><\/p>\n\n\n\n<div class=\"wp-block-columns is-layout-flex wp-container-core-columns-is-layout-28f84493 wp-block-columns-is-layout-flex\">\n<div class=\"wp-block-column is-layout-flow wp-block-column-is-layout-flow\">\n<div class=\"wp-block-media-text alignwide is-stacked-on-mobile is-style-stacked has-beige-background-color has-background\"><figure class=\"wp-block-media-text__media\"><img loading=\"lazy\" decoding=\"async\" width=\"600\" height=\"376\" src=\"https:\/\/agrotrak.ch\/app\/uploads\/2023\/05\/wado1-1.jpg\" alt=\"Wado SXC 965 E\" class=\"wp-image-898 size-full\" srcset=\"https:\/\/www.agrotrak.ch\/app\/uploads\/2023\/05\/wado1-1.jpg 600w, https:\/\/www.agrotrak.ch\/app\/uploads\/2023\/05\/wado1-1-300x188.jpg 300w, https:\/\/www.agrotrak.ch\/app\/uploads\/2023\/05\/wado1-1-324x203.jpg 324w, https:\/\/www.agrotrak.ch\/app\/uploads\/2023\/05\/wado1-1-416x261.jpg 416w\" sizes=\"auto, (max-width: 600px) 100vw, 600px\" \/><\/figure><div class=\"wp-block-media-text__content\">\n<h3 class=\"wp-block-heading has-white-color has-green-background-color has-text-color has-background\"><strong>WADO SXC 965 E<\/strong><\/h3>\n\n\n\n<p>La nouvelle SXC 965 de WADO est \u00e9quip\u00e9e de tout ce dont une fraise \u00e0 neige professionnelle a besoin.<\/p>\n\n\n\n<p>D\u00e9marrage \u00e9lectrique 12V de s\u00e9rie pour que le moteur \u00e0 essence Honda puisse \u00eatre d\u00e9marr\u00e9 sans effort par simple pression de la t\u00eate, par tous les temps.<br>Entra\u00eenement hydrostatique en continu, commande \u00e9lectrique de la chemin\u00e9e par joystick et r\u00e9glage en continu de la hauteur de travail par bouton-poussoir \u00e0 bascule, le meilleur du secteur. Gr\u00e2ce \u00e0 cette fonction, la hauteur de fraisage peut \u00eatre adapt\u00e9e en continu et au millim\u00e8tre pr\u00e8s \u00e0 la surface.<br>Le m\u00e9canisme de fraisage professionnel heavy duty avec tambours d&#8217;alimentation ouverts lat\u00e9ralement garantit une performance de fraisage optimale, m\u00eame dans la neige et la glace dures.<\/p>\n\n\n\n<p>Un r\u00e9glage simple et parfait de la hauteur de la fraise \u00e0 neige par bouton \u00e0 bascule &#8211; la hauteur du guidon reste toujours constante et confortable.<\/p>\n\n\n\n<ul class=\"wp-block-list\">\n<li>Moteur Honda GX 270 8,5 CV<\/li>\n\n\n\n<li>Largeur de d\u00e9neigement : 65 cm<\/li>\n\n\n\n<li>Capacit\u00e9 de d\u00e9neigement : 50 to\/h<\/li>\n\n\n\n<li>Hauteur de d\u00e9neigement : 55 cm<\/li>\n\n\n\n<li>Distance d&#8217;\u00e9jection : 17 m<\/li>\n\n\n\n<li>rouleaux d&#8217;alimentation ouverts sur le c\u00f4t\u00e9<\/li>\n\n\n\n<li>entra\u00eenement hydrostatique \u00e0 grande vitesse<\/li>\n\n\n\n<li>r\u00e9glage \u00e9lectrique de la chemin\u00e9e<\/li>\n\n\n\n<li>r\u00e9glage \u00e9lectrique de la hauteur du caisson de fraisage<\/li>\n\n\n\n<li>\u00e9clairage de travail<\/li>\n\n\n\n<li>poids : 140 kg<\/li>\n\n\n\n<li>Dimensions : longueur 1490 mm \/ largeur 660 mm \/ hauteur 1125 mm<\/li>\n<\/ul>\n<\/div><\/div>\n<\/div>\n\n\n\n<div class=\"wp-block-column is-layout-flow wp-block-column-is-layout-flow\">\n<div class=\"wp-block-media-text alignwide is-stacked-on-mobile is-style-stacked has-beige-background-color has-background\"><figure class=\"wp-block-media-text__media\"><img loading=\"lazy\" decoding=\"async\" width=\"600\" height=\"376\" src=\"https:\/\/agrotrak.ch\/app\/uploads\/2023\/05\/wado_k2.jpg\" alt=\"SXC 1070HE Wado \" class=\"wp-image-924 size-full\" srcset=\"https:\/\/www.agrotrak.ch\/app\/uploads\/2023\/05\/wado_k2.jpg 600w, https:\/\/www.agrotrak.ch\/app\/uploads\/2023\/05\/wado_k2-300x188.jpg 300w, https:\/\/www.agrotrak.ch\/app\/uploads\/2023\/05\/wado_k2-324x203.jpg 324w, https:\/\/www.agrotrak.ch\/app\/uploads\/2023\/05\/wado_k2-416x261.jpg 416w\" sizes=\"auto, (max-width: 600px) 100vw, 600px\" \/><\/figure><div class=\"wp-block-media-text__content\">\n<h3 class=\"wp-block-heading has-white-color has-green-background-color has-text-color has-background\"><strong><strong>SXC 1070HE<\/strong><\/strong><\/h3>\n\n\n\n<p>La WADO SXC 1070 avec moteur \u00e0 essence Honda convainc par ses dimensions compactes et pourtant sa puissance \u00e9lev\u00e9e. Sur une largeur de d\u00e9neigement de 72 cm, ils d\u00e9clarent la guerre \u00e0 la neige.<br>La SXC 1070 convient pour les centres commerciaux, les quartiers, les parkings, les entr\u00e9es d&#8217;immeubles, etc. et brille par sa simplicit\u00e9 d&#8217;utilisation, sans aucun effort. Gr\u00e2ce au dispositif de freinage de direction int\u00e9gr\u00e9 (de vrais freins de direction &#8211; pas seulement des aides \u00e0 la direction), la fraise \u00e0 neige peut \u00eatre dirig\u00e9e et tourn\u00e9e tr\u00e8s facilement et sans aucun effort.<br>La SXC 1070, comme toutes les fraises \u00e0 neige WADO, est \u00e9quip\u00e9e de s\u00e9rie d&#8217;un d\u00e9marreur \u00e9lectrique 12V qui facilite le d\u00e9marrage de la machine.<br>Le d\u00e9neigement n&#8217;a jamais \u00e9t\u00e9 aussi simple et confortable !<\/p>\n\n\n\n<p>R\u00e9glage unique de la hauteur<br>La hauteur optimale de fraisage varie en fonction du terrain et de la surface. C&#8217;est pourquoi le m\u00e9canisme de fraisage de la SXC1070 peut \u00eatre r\u00e9gl\u00e9 \u00e9lectriquement en continu et en toute simplicit\u00e9 \u00e0 l&#8217;aide d&#8217;un bouton \u00e0 bascule.<\/p>\n\n\n\n<ul class=\"wp-block-list\">\n<li>Moteur Honda GX 390 de 10 CV<\/li>\n\n\n\n<li>Largeur de d\u00e9blaiement : 70cm<\/li>\n\n\n\n<li>Capacit\u00e9 de d\u00e9blaiement : 60 to\/h<\/li>\n\n\n\n<li>Hauteur de d\u00e9neigement : 55 cm<\/li>\n\n\n\n<li>distance d&#8217;\u00e9jection : 17 m<\/li>\n\n\n\n<li>rouleaux d&#8217;alimentation ouverts sur le c\u00f4t\u00e9<\/li>\n\n\n\n<li>long train de chenilles pour une traction optimale<\/li>\n\n\n\n<li>freins de direction sensibles par accouplement magn\u00e9tique<\/li>\n\n\n\n<li>entra\u00eenement hydrostatique \u00e0 grande vitesse<\/li>\n\n\n\n<li>r\u00e9glage \u00e9lectrique de la chemin\u00e9e<\/li>\n\n\n\n<li>r\u00e9glage \u00e9lectrique de la hauteur du caisson de fraisage<\/li>\n\n\n\n<li>\u00e9clairage de travail<\/li>\n\n\n\n<li>poids : 180 kg<\/li>\n\n\n\n<li>Dimensions : L : 1550 mm \/ l : 730 mm \/ H : 1125 mm<\/li>\n<\/ul>\n<\/div><\/div>\n<\/div>\n\n\n\n<div class=\"wp-block-column is-layout-flow wp-block-column-is-layout-flow\">\n<div class=\"wp-block-media-text alignwide is-stacked-on-mobile is-style-stacked has-beige-background-color has-background\"><figure class=\"wp-block-media-text__media\"><img loading=\"lazy\" decoding=\"async\" width=\"600\" height=\"376\" src=\"https:\/\/agrotrak.ch\/app\/uploads\/2023\/05\/wado3k.jpg\" alt=\"SXC 1280 Wado\" class=\"wp-image-929 size-full\" srcset=\"https:\/\/www.agrotrak.ch\/app\/uploads\/2023\/05\/wado3k.jpg 600w, https:\/\/www.agrotrak.ch\/app\/uploads\/2023\/05\/wado3k-300x188.jpg 300w, https:\/\/www.agrotrak.ch\/app\/uploads\/2023\/05\/wado3k-324x203.jpg 324w, https:\/\/www.agrotrak.ch\/app\/uploads\/2023\/05\/wado3k-416x261.jpg 416w\" sizes=\"auto, (max-width: 600px) 100vw, 600px\" \/><\/figure><div class=\"wp-block-media-text__content\">\n<h3 class=\"wp-block-heading has-white-color has-green-background-color has-text-color has-background\"><strong>SXC 1280E<\/strong><\/h3>\n\n\n\n<p>La WADO SXC1280E avec une largeur de d\u00e9neigement de 82 cm convainc \u00e0 tous les niveaux.<br>Le moteur \u00e0 essence Honda de 12,5 CV peut ici aussi \u00eatre d\u00e9marr\u00e9 facilement par un d\u00e9marreur \u00e9lectrique. Avec l&#8217;unit\u00e9 de freinage de direction magn\u00e9tique sensible et le syst\u00e8me Auto-Back-Lift, le d\u00e9neigement devient un jeu d&#8217;enfant. Une fraise \u00e0 neige aussi compacte avec une capacit\u00e9 de d\u00e9neigement aussi \u00e9lev\u00e9e est un signe de grandeur.<\/p>\n\n\n\n<p>La SXC 1280 de WADO est \u00e9quip\u00e9e de toutes les caract\u00e9ristiques n\u00e9cessaires \u00e0 une fraise \u00e0 neige professionnelle dans le segment de la classe moyenne :<br>D\u00e9marrage \u00e9lectrique &#8211; Entra\u00eenement hydrostatique avec plage de vitesse tr\u00e8s \u00e9lev\u00e9e en marche avant comme en marche arri\u00e8re, freins de direction magn\u00e9tiques sensibles, rouleaux d&#8217;alimentation ouverts, fonction Auto-Back-Lift, \u00e9clairage de travail parfaitement positionn\u00e9 pour un \u00e9clairage maximal de la zone de travail, r\u00e9glage \u00e9lectrique de la chemin\u00e9e, longues chenilles d&#8217;entra\u00eenement avec profil sp\u00e9cial pour une traction maximale. Meilleures performances en mati\u00e8re de semis, m\u00eame sur neige dure.<br>en termes simples :<br>Court &#8211; Compact &#8211; Maniable &#8211; et avec une puissance de d\u00e9neigement de 75 to\/h, un ours puissant !<\/p>\n\n\n\n<ul class=\"wp-block-list\">\n<li>Hauteur de d\u00e9neigement : 55 cm<\/li>\n\n\n\n<li>Distance d&#8217;\u00e9jection : 19 m<\/li>\n\n\n\n<li>rouleaux d&#8217;alimentation ouverts sur le c\u00f4t\u00e9<\/li>\n\n\n\n<li>long ch\u00e2ssis \u00e0 chenilles pour une traction optimale<\/li>\n\n\n\n<li>freins de direction sensibles par accouplement magn\u00e9tique<\/li>\n\n\n\n<li>Freins de direction sensibles par accouplement magn\u00e9tique<\/li>\n\n\n\n<li>entra\u00eenement hydrostatique \u00e0 grande vitesse<\/li>\n\n\n\n<li>r\u00e9glage \u00e9lectrique de la chemin\u00e9e<\/li>\n\n\n\n<li>r\u00e9glage \u00e9lectrique de la hauteur du caisson de fraisage<\/li>\n\n\n\n<li>fonction Auto-Back-Lift<\/li>\n\n\n\n<li>\u00e9clairage de travail<\/li>\n\n\n\n<li>poids : 194 kg<\/li>\n\n\n\n<li>Dimensions : longueur 1550 mm \/ largeur 830 mm \/ hauteur 1125 mm<\/li>\n<\/ul>\n<\/div><\/div>\n<\/div>\n<\/div>\n\n\n\n<div style=\"height:12px\" aria-hidden=\"true\" class=\"wp-block-spacer\"><\/div>\n\n\n\n<div class=\"wp-block-buttons is-layout-flex wp-block-buttons-is-layout-flex\"><\/div>\n<\/div><\/div>\n\n\n\n<div class=\"wp-block-cover is-light\"><span aria-hidden=\"true\" class=\"wp-block-cover__background has-background-dim-0 has-background-dim\"><\/span><img loading=\"lazy\" decoding=\"async\" width=\"1600\" height=\"658\" class=\"wp-block-cover__image-background wp-image-649\" alt=\"WADO Valais Sierre Agrotrak\" src=\"https:\/\/agrotrak.ch\/app\/uploads\/2023\/05\/wado2.jpg\" data-object-fit=\"cover\" srcset=\"https:\/\/www.agrotrak.ch\/app\/uploads\/2023\/05\/wado2.jpg 1600w, https:\/\/www.agrotrak.ch\/app\/uploads\/2023\/05\/wado2-300x123.jpg 300w, https:\/\/www.agrotrak.ch\/app\/uploads\/2023\/05\/wado2-1024x421.jpg 1024w, https:\/\/www.agrotrak.ch\/app\/uploads\/2023\/05\/wado2-768x316.jpg 768w, https:\/\/www.agrotrak.ch\/app\/uploads\/2023\/05\/wado2-1536x632.jpg 1536w, https:\/\/www.agrotrak.ch\/app\/uploads\/2023\/05\/wado2-600x247.jpg 600w, https:\/\/www.agrotrak.ch\/app\/uploads\/2023\/05\/wado2-1200x494.jpg 1200w, https:\/\/www.agrotrak.ch\/app\/uploads\/2023\/05\/wado2-324x133.jpg 324w, https:\/\/www.agrotrak.ch\/app\/uploads\/2023\/05\/wado2-416x171.jpg 416w\" sizes=\"auto, (max-width: 1600px) 100vw, 1600px\" \/><div class=\"wp-block-cover__inner-container is-layout-flow wp-block-cover-is-layout-flow\">\n<p class=\"has-text-align-center has-large-font-size\"><\/p>\n<\/div><\/div>\n","protected":false},"excerpt":{"rendered":"<p>APPAREILS MOTEURS \u2013 WADO C&#8217;est dans la ville de Hanamaki City, au nord du Japon, recouverte de beaucoup de neige en hiver, que se trouvent le si\u00e8ge et l&#8217;usine de WADO. Depuis 1969, WADO construit des fraises \u00e0 neige de la plus haute qualit\u00e9. De grandes marques connues comme Honda ou YANMAR font \u00e9galement confiance [&hellip;]<\/p>\n","protected":false},"author":2,"featured_media":0,"parent":1223,"menu_order":6,"comment_status":"closed","ping_status":"closed","template":"","meta":{"inline_featured_image":false,"footnotes":""},"class_list":["post-1229","page","type-page","status-publish","hentry"],"yoast_head":"<!-- This site is optimized with the Yoast SEO plugin v27.4 - https:\/\/yoast.com\/product\/yoast-seo-wordpress\/ -->\n<title>WADO - AGROTRAK<\/title>\n<meta name=\"description\" content=\"WADO fraise \u00e0 neige: Agrotrak Sierre \u2013 La nouvelle SXC 965 de WADO est \u00e9quip\u00e9e de tout ce dont une fraise \u00e0 neige professionnelle a besoin.\" \/>\n<meta name=\"robots\" content=\"index, follow, max-snippet:-1, max-image-preview:large, max-video-preview:-1\" \/>\n<link rel=\"canonical\" href=\"https:\/\/www.agrotrak.ch\/fr\/appareils-moteurs\/wado\/\" \/>\n<meta property=\"og:locale\" content=\"fr_FR\" \/>\n<meta property=\"og:type\" content=\"article\" \/>\n<meta property=\"og:title\" content=\"WADO - AGROTRAK\" \/>\n<meta property=\"og:description\" content=\"WADO fraise \u00e0 neige: Agrotrak Sierre \u2013 La nouvelle SXC 965 de WADO est \u00e9quip\u00e9e de tout ce dont une fraise \u00e0 neige professionnelle a besoin.\" \/>\n<meta property=\"og:url\" content=\"https:\/\/www.agrotrak.ch\/fr\/appareils-moteurs\/wado\/\" \/>\n<meta property=\"og:site_name\" content=\"AGROTRAK\" \/>\n<meta property=\"article:modified_time\" content=\"2023-05-16T11:48:23+00:00\" \/>\n<meta property=\"og:image\" content=\"https:\/\/agrotrak.ch\/app\/uploads\/2023\/05\/wado1.jpg\" \/>\n<meta name=\"twitter:card\" content=\"summary_large_image\" \/>\n<meta name=\"twitter:label1\" content=\"Est. reading time\" \/>\n\t<meta name=\"twitter:data1\" content=\"7 minutes\" \/>\n<script type=\"application\/ld+json\" class=\"yoast-schema-graph\">{\"@context\":\"https:\\\/\\\/schema.org\",\"@graph\":[{\"@type\":\"WebPage\",\"@id\":\"https:\\\/\\\/www.agrotrak.ch\\\/fr\\\/appareils-moteurs\\\/wado\\\/\",\"url\":\"https:\\\/\\\/www.agrotrak.ch\\\/fr\\\/appareils-moteurs\\\/wado\\\/\",\"name\":\"WADO - AGROTRAK\",\"isPartOf\":{\"@id\":\"https:\\\/\\\/www.agrotrak.ch\\\/#website\"},\"primaryImageOfPage\":{\"@id\":\"https:\\\/\\\/www.agrotrak.ch\\\/fr\\\/appareils-moteurs\\\/wado\\\/#primaryimage\"},\"image\":{\"@id\":\"https:\\\/\\\/www.agrotrak.ch\\\/fr\\\/appareils-moteurs\\\/wado\\\/#primaryimage\"},\"thumbnailUrl\":\"https:\\\/\\\/agrotrak.ch\\\/app\\\/uploads\\\/2023\\\/05\\\/wado1.jpg\",\"datePublished\":\"2023-05-12T13:32:57+00:00\",\"dateModified\":\"2023-05-16T11:48:23+00:00\",\"description\":\"WADO fraise \u00e0 neige: Agrotrak Sierre \u2013 La nouvelle SXC 965 de WADO est \u00e9quip\u00e9e de tout ce dont une fraise \u00e0 neige professionnelle a besoin.\",\"breadcrumb\":{\"@id\":\"https:\\\/\\\/www.agrotrak.ch\\\/fr\\\/appareils-moteurs\\\/wado\\\/#breadcrumb\"},\"inLanguage\":\"fr-FR\",\"potentialAction\":[{\"@type\":\"ReadAction\",\"target\":[\"https:\\\/\\\/www.agrotrak.ch\\\/fr\\\/appareils-moteurs\\\/wado\\\/\"]}]},{\"@type\":\"ImageObject\",\"inLanguage\":\"fr-FR\",\"@id\":\"https:\\\/\\\/www.agrotrak.ch\\\/fr\\\/appareils-moteurs\\\/wado\\\/#primaryimage\",\"url\":\"https:\\\/\\\/agrotrak.ch\\\/app\\\/uploads\\\/2023\\\/05\\\/wado1.jpg\",\"contentUrl\":\"https:\\\/\\\/agrotrak.ch\\\/app\\\/uploads\\\/2023\\\/05\\\/wado1.jpg\"},{\"@type\":\"BreadcrumbList\",\"@id\":\"https:\\\/\\\/www.agrotrak.ch\\\/fr\\\/appareils-moteurs\\\/wado\\\/#breadcrumb\",\"itemListElement\":[{\"@type\":\"ListItem\",\"position\":1,\"name\":\"Startseite\",\"item\":\"https:\\\/\\\/www.agrotrak.ch\\\/fr\\\/\"},{\"@type\":\"ListItem\",\"position\":2,\"name\":\"APPAREILS MOTEURS\",\"item\":\"https:\\\/\\\/www.agrotrak.ch\\\/fr\\\/appareils-moteurs\\\/\"},{\"@type\":\"ListItem\",\"position\":3,\"name\":\"WADO\"}]},{\"@type\":\"WebSite\",\"@id\":\"https:\\\/\\\/www.agrotrak.ch\\\/#website\",\"url\":\"https:\\\/\\\/www.agrotrak.ch\\\/\",\"name\":\"AGROTRAK\",\"description\":\"Landmaschinen, Motorger\u00e4te\",\"potentialAction\":[{\"@type\":\"SearchAction\",\"target\":{\"@type\":\"EntryPoint\",\"urlTemplate\":\"https:\\\/\\\/www.agrotrak.ch\\\/?s={search_term_string}\"},\"query-input\":{\"@type\":\"PropertyValueSpecification\",\"valueRequired\":true,\"valueName\":\"search_term_string\"}}],\"inLanguage\":\"fr-FR\"}]}<\/script>\n<!-- \/ Yoast SEO plugin. -->","yoast_head_json":{"title":"WADO - AGROTRAK","description":"WADO fraise \u00e0 neige: Agrotrak Sierre \u2013 La nouvelle SXC 965 de WADO est \u00e9quip\u00e9e de tout ce dont une fraise \u00e0 neige professionnelle a besoin.","robots":{"index":"index","follow":"follow","max-snippet":"max-snippet:-1","max-image-preview":"max-image-preview:large","max-video-preview":"max-video-preview:-1"},"canonical":"https:\/\/www.agrotrak.ch\/fr\/appareils-moteurs\/wado\/","og_locale":"fr_FR","og_type":"article","og_title":"WADO - AGROTRAK","og_description":"WADO fraise \u00e0 neige: Agrotrak Sierre \u2013 La nouvelle SXC 965 de WADO est \u00e9quip\u00e9e de tout ce dont une fraise \u00e0 neige professionnelle a besoin.","og_url":"https:\/\/www.agrotrak.ch\/fr\/appareils-moteurs\/wado\/","og_site_name":"AGROTRAK","article_modified_time":"2023-05-16T11:48:23+00:00","og_image":[{"url":"https:\/\/agrotrak.ch\/app\/uploads\/2023\/05\/wado1.jpg","type":"","width":"","height":""}],"twitter_card":"summary_large_image","twitter_misc":{"Est. reading time":"7 minutes"},"schema":{"@context":"https:\/\/schema.org","@graph":[{"@type":"WebPage","@id":"https:\/\/www.agrotrak.ch\/fr\/appareils-moteurs\/wado\/","url":"https:\/\/www.agrotrak.ch\/fr\/appareils-moteurs\/wado\/","name":"WADO - AGROTRAK","isPartOf":{"@id":"https:\/\/www.agrotrak.ch\/#website"},"primaryImageOfPage":{"@id":"https:\/\/www.agrotrak.ch\/fr\/appareils-moteurs\/wado\/#primaryimage"},"image":{"@id":"https:\/\/www.agrotrak.ch\/fr\/appareils-moteurs\/wado\/#primaryimage"},"thumbnailUrl":"https:\/\/agrotrak.ch\/app\/uploads\/2023\/05\/wado1.jpg","datePublished":"2023-05-12T13:32:57+00:00","dateModified":"2023-05-16T11:48:23+00:00","description":"WADO fraise \u00e0 neige: Agrotrak Sierre \u2013 La nouvelle SXC 965 de WADO est \u00e9quip\u00e9e de tout ce dont une fraise \u00e0 neige professionnelle a besoin.","breadcrumb":{"@id":"https:\/\/www.agrotrak.ch\/fr\/appareils-moteurs\/wado\/#breadcrumb"},"inLanguage":"fr-FR","potentialAction":[{"@type":"ReadAction","target":["https:\/\/www.agrotrak.ch\/fr\/appareils-moteurs\/wado\/"]}]},{"@type":"ImageObject","inLanguage":"fr-FR","@id":"https:\/\/www.agrotrak.ch\/fr\/appareils-moteurs\/wado\/#primaryimage","url":"https:\/\/agrotrak.ch\/app\/uploads\/2023\/05\/wado1.jpg","contentUrl":"https:\/\/agrotrak.ch\/app\/uploads\/2023\/05\/wado1.jpg"},{"@type":"BreadcrumbList","@id":"https:\/\/www.agrotrak.ch\/fr\/appareils-moteurs\/wado\/#breadcrumb","itemListElement":[{"@type":"ListItem","position":1,"name":"Startseite","item":"https:\/\/www.agrotrak.ch\/fr\/"},{"@type":"ListItem","position":2,"name":"APPAREILS MOTEURS","item":"https:\/\/www.agrotrak.ch\/fr\/appareils-moteurs\/"},{"@type":"ListItem","position":3,"name":"WADO"}]},{"@type":"WebSite","@id":"https:\/\/www.agrotrak.ch\/#website","url":"https:\/\/www.agrotrak.ch\/","name":"AGROTRAK","description":"Landmaschinen, Motorger\u00e4te","potentialAction":[{"@type":"SearchAction","target":{"@type":"EntryPoint","urlTemplate":"https:\/\/www.agrotrak.ch\/?s={search_term_string}"},"query-input":{"@type":"PropertyValueSpecification","valueRequired":true,"valueName":"search_term_string"}}],"inLanguage":"fr-FR"}]}},"_links":{"self":[{"href":"https:\/\/www.agrotrak.ch\/fr\/wp-json\/wp\/v2\/pages\/1229","targetHints":{"allow":["GET"]}}],"collection":[{"href":"https:\/\/www.agrotrak.ch\/fr\/wp-json\/wp\/v2\/pages"}],"about":[{"href":"https:\/\/www.agrotrak.ch\/fr\/wp-json\/wp\/v2\/types\/page"}],"author":[{"embeddable":true,"href":"https:\/\/www.agrotrak.ch\/fr\/wp-json\/wp\/v2\/users\/2"}],"replies":[{"embeddable":true,"href":"https:\/\/www.agrotrak.ch\/fr\/wp-json\/wp\/v2\/comments?post=1229"}],"version-history":[{"count":3,"href":"https:\/\/www.agrotrak.ch\/fr\/wp-json\/wp\/v2\/pages\/1229\/revisions"}],"predecessor-version":[{"id":1233,"href":"https:\/\/www.agrotrak.ch\/fr\/wp-json\/wp\/v2\/pages\/1229\/revisions\/1233"}],"up":[{"embeddable":true,"href":"https:\/\/www.agrotrak.ch\/fr\/wp-json\/wp\/v2\/pages\/1223"}],"wp:attachment":[{"href":"https:\/\/www.agrotrak.ch\/fr\/wp-json\/wp\/v2\/media?parent=1229"}],"curies":[{"name":"wp","href":"https:\/\/api.w.org\/{rel}","templated":true}]}}