{"id":1225,"date":"2023-05-12T15:30:30","date_gmt":"2023-05-12T13:30:30","guid":{"rendered":"https:\/\/projects.botanibot.com\/agrotrak23\/?page_id=1225"},"modified":"2023-05-16T13:46:32","modified_gmt":"2023-05-16T11:46:32","slug":"stihl","status":"publish","type":"page","link":"https:\/\/www.agrotrak.ch\/fr\/appareils-moteurs\/stihl\/","title":{"rendered":"STIHL"},"content":{"rendered":"\n<div class=\"wp-block-cover is-light\"><span aria-hidden=\"true\" class=\"wp-block-cover__background has-background-dim-0 has-background-dim\"><\/span><img loading=\"lazy\" decoding=\"async\" width=\"1600\" height=\"658\" class=\"wp-block-cover__image-background wp-image-637\" alt=\"STIHL APPAREILS MOTEURS\" src=\"https:\/\/agrotrak.ch\/app\/uploads\/2023\/05\/motor_stihl1.jpg\" data-object-fit=\"cover\" srcset=\"https:\/\/www.agrotrak.ch\/app\/uploads\/2023\/05\/motor_stihl1.jpg 1600w, https:\/\/www.agrotrak.ch\/app\/uploads\/2023\/05\/motor_stihl1-300x123.jpg 300w, https:\/\/www.agrotrak.ch\/app\/uploads\/2023\/05\/motor_stihl1-1024x421.jpg 1024w, https:\/\/www.agrotrak.ch\/app\/uploads\/2023\/05\/motor_stihl1-768x316.jpg 768w, https:\/\/www.agrotrak.ch\/app\/uploads\/2023\/05\/motor_stihl1-1536x632.jpg 1536w, https:\/\/www.agrotrak.ch\/app\/uploads\/2023\/05\/motor_stihl1-600x247.jpg 600w, https:\/\/www.agrotrak.ch\/app\/uploads\/2023\/05\/motor_stihl1-1200x494.jpg 1200w, https:\/\/www.agrotrak.ch\/app\/uploads\/2023\/05\/motor_stihl1-324x133.jpg 324w, https:\/\/www.agrotrak.ch\/app\/uploads\/2023\/05\/motor_stihl1-416x171.jpg 416w\" sizes=\"auto, (max-width: 1600px) 100vw, 1600px\" \/><div class=\"wp-block-cover__inner-container is-layout-flow wp-block-cover-is-layout-flow\">\n<p class=\"has-text-align-center has-large-font-size\"><\/p>\n<\/div><\/div>\n\n\n\n<div class=\"wp-block-group has-white-background-color has-background\"><div class=\"wp-block-group__inner-container is-layout-flow wp-block-group-is-layout-flow\">\n<h2 class=\"wp-block-heading has-mutedbrown-color has-text-color\"><strong><strong>APPAREILS MOTEURS <\/strong><\/strong>\u2013 STIHL<\/h2>\n\n\n\n<p>Notre fondateur, Andreas Stihl, a d\u00e9velopp\u00e9 sa premi\u00e8re tron\u00e7onneuse en 1926. Sa motivation : &#8220;Faciliter le travail des hommes avec et dans la nature&#8221;. Aujourd&#8217;hui encore, cette devise rev\u00eat une importance centrale pour nous. Nous orientons syst\u00e9matiquement nos produits vers les besoins de nos clients. Au cours des 95 derni\u00e8res ann\u00e9es, l&#8217;entreprise est pass\u00e9e du statut d&#8217;entreprise unipersonnelle \u00e0 celui de fabricant international de tron\u00e7onneuses et d&#8217;appareils \u00e0 moteur. Des id\u00e9es innovantes, un savoir-faire propre et un travail de qualit\u00e9 dans les moindres d\u00e9tails ont donn\u00e9 naissance \u00e0 une large gamme de produits qui ne cesse de cro\u00eetre.<\/p>\n\n\n\n<p>Depuis 1971, STIHL est la marque de tron\u00e7onneuses la plus vendue au monde. Nous d\u00e9terminons toujours le march\u00e9 avec des innovations exceptionnelles. \u00c0 l&#8217;avenir, nous voulons continuer \u00e0 nous d\u00e9velopper et \u00e0 nous en tenir \u00e0 nos valeurs. Car seule une orientation vers des principes durables conduit \u00e0 un succ\u00e8s durable. Nous sommes fiers de pouvoir jeter un regard r\u00e9trospectif sur les 95 ann\u00e9es d&#8217;existence de STIHL.<br><a href=\"https:\/\/fr.stihl.ch\/\" target=\"_blank\" rel=\"noreferrer noopener\">Info<\/a><\/p>\n\n\n\n<div class=\"wp-block-columns is-layout-flex wp-container-core-columns-is-layout-28f84493 wp-block-columns-is-layout-flex\">\n<div class=\"wp-block-column is-layout-flow wp-block-column-is-layout-flow\">\n<div class=\"wp-block-media-text alignwide is-stacked-on-mobile is-style-stacked has-beige-background-color has-background\"><figure class=\"wp-block-media-text__media\"><a href=\"https:\/\/agrotrak.ch\/shop\/?lang=fr\"><img loading=\"lazy\" decoding=\"async\" width=\"900\" height=\"564\" src=\"https:\/\/agrotrak.ch\/app\/uploads\/2023\/05\/online-2.jpg\" alt=\"Online Shop STIHL\" class=\"wp-image-885 size-full\" srcset=\"https:\/\/www.agrotrak.ch\/app\/uploads\/2023\/05\/online-2.jpg 900w, https:\/\/www.agrotrak.ch\/app\/uploads\/2023\/05\/online-2-300x188.jpg 300w, https:\/\/www.agrotrak.ch\/app\/uploads\/2023\/05\/online-2-768x481.jpg 768w, https:\/\/www.agrotrak.ch\/app\/uploads\/2023\/05\/online-2-600x376.jpg 600w, https:\/\/www.agrotrak.ch\/app\/uploads\/2023\/05\/online-2-324x203.jpg 324w, https:\/\/www.agrotrak.ch\/app\/uploads\/2023\/05\/online-2-416x261.jpg 416w\" sizes=\"auto, (max-width: 900px) 100vw, 900px\" \/><\/a><\/figure><div class=\"wp-block-media-text__content\">\n<h3 class=\"wp-block-heading has-white-color has-orange-background-color has-text-color has-background\"><strong><a href=\"https:\/\/agrotrak.ch\/shop\/?lang=fr\">STIHL ONLINE SHOP<\/a><\/strong><\/h3>\n\n\n\n<p>Dans notre boutique en ligne, vous trouverez une multitude de produits STIEHL que vous pouvez commander confortablement depuis chez vous.<\/p>\n\n\n\n<div class=\"wp-block-buttons is-layout-flex wp-block-buttons-is-layout-flex\">\n<div class=\"wp-block-button\"><a class=\"wp-block-button__link has-white-color has-orange-background-color has-text-color has-background wp-element-button\" href=\"https:\/\/agrotrak.ch\/shop\/?lang=fr\">ONLINE-SHOP<\/a><\/div>\n<\/div>\n<\/div><\/div>\n<\/div>\n\n\n\n<div class=\"wp-block-column is-layout-flow wp-block-column-is-layout-flow\">\n<div class=\"wp-block-media-text alignwide is-stacked-on-mobile is-style-stacked has-beige-background-color has-background\"><figure class=\"wp-block-media-text__media\"><img loading=\"lazy\" decoding=\"async\" width=\"900\" height=\"564\" src=\"https:\/\/agrotrak.ch\/app\/uploads\/2023\/05\/stihl_laden.jpg\" alt=\"MAGASIN DE VENTE STIHL A SIERRE\" class=\"wp-image-875 size-full\" srcset=\"https:\/\/www.agrotrak.ch\/app\/uploads\/2023\/05\/stihl_laden.jpg 900w, https:\/\/www.agrotrak.ch\/app\/uploads\/2023\/05\/stihl_laden-300x188.jpg 300w, https:\/\/www.agrotrak.ch\/app\/uploads\/2023\/05\/stihl_laden-768x481.jpg 768w, https:\/\/www.agrotrak.ch\/app\/uploads\/2023\/05\/stihl_laden-600x376.jpg 600w, https:\/\/www.agrotrak.ch\/app\/uploads\/2023\/05\/stihl_laden-324x203.jpg 324w, https:\/\/www.agrotrak.ch\/app\/uploads\/2023\/05\/stihl_laden-416x261.jpg 416w\" sizes=\"auto, (max-width: 900px) 100vw, 900px\" \/><\/figure><div class=\"wp-block-media-text__content\">\n<h3 class=\"wp-block-heading has-white-color has-orange-background-color has-text-color has-background\"><strong>MAGASIN DE VENTE STIHL<\/strong><\/h3>\n\n\n\n<p>Venez visiter notre magasin STIHL \u00e0 Sierre. Nous vous conseillons volontiers sur tous les appareils \u00e0 moteur STIHL. Vous nous trouverez juste \u00e0 c\u00f4t\u00e9 de la Placette \u00e0 Sierre.<\/p>\n\n\n\n<div class=\"wp-block-buttons is-layout-flex wp-block-buttons-is-layout-flex\">\n<div class=\"wp-block-button\"><a class=\"wp-block-button__link has-white-color has-orange-background-color has-text-color has-background wp-element-button\" href=\"https:\/\/www.google.com\/maps?client=firefox-b-d&amp;q=agrotrak&amp;um=1&amp;ie=UTF-8&amp;sa=X&amp;ved=2ahUKEwiuit6_ovf-AhVK7LsIHQ8xCvgQ_AUoAnoECAEQBA\" target=\"_blank\" rel=\"noreferrer noopener\">EMPLACEMENT<\/a><\/div>\n<\/div>\n<\/div><\/div>\n<\/div>\n<\/div>\n\n\n\n<div style=\"height:12px\" aria-hidden=\"true\" class=\"wp-block-spacer\"><\/div>\n\n\n\n<div class=\"wp-block-buttons is-layout-flex wp-block-buttons-is-layout-flex\"><\/div>\n<\/div><\/div>\n\n\n\n<div class=\"wp-block-cover\"><span aria-hidden=\"true\" class=\"wp-block-cover__background has-background-dim-0 has-background-dim\"><\/span><img loading=\"lazy\" decoding=\"async\" width=\"1600\" height=\"658\" class=\"wp-block-cover__image-background wp-image-640\" alt=\"Stihl Valais\" src=\"https:\/\/agrotrak.ch\/app\/uploads\/2023\/05\/motor_stihl2.jpg\" data-object-fit=\"cover\" srcset=\"https:\/\/www.agrotrak.ch\/app\/uploads\/2023\/05\/motor_stihl2.jpg 1600w, https:\/\/www.agrotrak.ch\/app\/uploads\/2023\/05\/motor_stihl2-300x123.jpg 300w, https:\/\/www.agrotrak.ch\/app\/uploads\/2023\/05\/motor_stihl2-1024x421.jpg 1024w, https:\/\/www.agrotrak.ch\/app\/uploads\/2023\/05\/motor_stihl2-768x316.jpg 768w, https:\/\/www.agrotrak.ch\/app\/uploads\/2023\/05\/motor_stihl2-1536x632.jpg 1536w, https:\/\/www.agrotrak.ch\/app\/uploads\/2023\/05\/motor_stihl2-600x247.jpg 600w, https:\/\/www.agrotrak.ch\/app\/uploads\/2023\/05\/motor_stihl2-1200x494.jpg 1200w, https:\/\/www.agrotrak.ch\/app\/uploads\/2023\/05\/motor_stihl2-324x133.jpg 324w, https:\/\/www.agrotrak.ch\/app\/uploads\/2023\/05\/motor_stihl2-416x171.jpg 416w\" sizes=\"auto, (max-width: 1600px) 100vw, 1600px\" \/><div class=\"wp-block-cover__inner-container is-layout-flow wp-block-cover-is-layout-flow\">\n<p class=\"has-text-align-center has-large-font-size\"><\/p>\n<\/div><\/div>\n","protected":false},"excerpt":{"rendered":"<p>APPAREILS MOTEURS \u2013 STIHL Notre fondateur, Andreas Stihl, a d\u00e9velopp\u00e9 sa premi\u00e8re tron\u00e7onneuse en 1926. Sa motivation : &#8220;Faciliter le travail des hommes avec et dans la nature&#8221;. Aujourd&#8217;hui encore, cette devise rev\u00eat une importance centrale pour nous. Nous orientons syst\u00e9matiquement nos produits vers les besoins de nos clients. Au cours des 95 derni\u00e8res ann\u00e9es, [&hellip;]<\/p>\n","protected":false},"author":2,"featured_media":0,"parent":1223,"menu_order":4,"comment_status":"closed","ping_status":"closed","template":"","meta":{"inline_featured_image":false,"footnotes":""},"class_list":["post-1225","page","type-page","status-publish","hentry"],"yoast_head":"<!-- This site is optimized with the Yoast SEO plugin v27.4 - https:\/\/yoast.com\/product\/yoast-seo-wordpress\/ -->\n<title>STIHL - AGROTRAK<\/title>\n<meta name=\"description\" content=\"STIHL APPAREILS MOTEURS: Venez visiter notre magasin STIHL \u00e0 Sierre. Nous vous conseillons volontiers sur tous les appareils \u00e0 moteur STIHL.\" \/>\n<meta name=\"robots\" content=\"index, follow, max-snippet:-1, max-image-preview:large, max-video-preview:-1\" \/>\n<link rel=\"canonical\" href=\"https:\/\/www.agrotrak.ch\/fr\/appareils-moteurs\/stihl\/\" \/>\n<meta property=\"og:locale\" content=\"fr_FR\" \/>\n<meta property=\"og:type\" content=\"article\" \/>\n<meta property=\"og:title\" content=\"STIHL - AGROTRAK\" \/>\n<meta property=\"og:description\" content=\"STIHL APPAREILS MOTEURS: Venez visiter notre magasin STIHL \u00e0 Sierre. Nous vous conseillons volontiers sur tous les appareils \u00e0 moteur STIHL.\" \/>\n<meta property=\"og:url\" content=\"https:\/\/www.agrotrak.ch\/fr\/appareils-moteurs\/stihl\/\" \/>\n<meta property=\"og:site_name\" content=\"AGROTRAK\" \/>\n<meta property=\"article:modified_time\" content=\"2023-05-16T11:46:32+00:00\" \/>\n<meta property=\"og:image\" content=\"https:\/\/agrotrak.ch\/app\/uploads\/2023\/05\/motor_stihl1.jpg\" \/>\n<meta name=\"twitter:card\" content=\"summary_large_image\" \/>\n<meta name=\"twitter:label1\" content=\"Est. reading time\" \/>\n\t<meta name=\"twitter:data1\" content=\"3 minutes\" \/>\n<script type=\"application\/ld+json\" class=\"yoast-schema-graph\">{\"@context\":\"https:\\\/\\\/schema.org\",\"@graph\":[{\"@type\":\"WebPage\",\"@id\":\"https:\\\/\\\/www.agrotrak.ch\\\/fr\\\/appareils-moteurs\\\/stihl\\\/\",\"url\":\"https:\\\/\\\/www.agrotrak.ch\\\/fr\\\/appareils-moteurs\\\/stihl\\\/\",\"name\":\"STIHL - AGROTRAK\",\"isPartOf\":{\"@id\":\"https:\\\/\\\/www.agrotrak.ch\\\/#website\"},\"primaryImageOfPage\":{\"@id\":\"https:\\\/\\\/www.agrotrak.ch\\\/fr\\\/appareils-moteurs\\\/stihl\\\/#primaryimage\"},\"image\":{\"@id\":\"https:\\\/\\\/www.agrotrak.ch\\\/fr\\\/appareils-moteurs\\\/stihl\\\/#primaryimage\"},\"thumbnailUrl\":\"https:\\\/\\\/agrotrak.ch\\\/app\\\/uploads\\\/2023\\\/05\\\/motor_stihl1.jpg\",\"datePublished\":\"2023-05-12T13:30:30+00:00\",\"dateModified\":\"2023-05-16T11:46:32+00:00\",\"description\":\"STIHL APPAREILS MOTEURS: Venez visiter notre magasin STIHL \u00e0 Sierre. Nous vous conseillons volontiers sur tous les appareils \u00e0 moteur STIHL.\",\"breadcrumb\":{\"@id\":\"https:\\\/\\\/www.agrotrak.ch\\\/fr\\\/appareils-moteurs\\\/stihl\\\/#breadcrumb\"},\"inLanguage\":\"fr-FR\",\"potentialAction\":[{\"@type\":\"ReadAction\",\"target\":[\"https:\\\/\\\/www.agrotrak.ch\\\/fr\\\/appareils-moteurs\\\/stihl\\\/\"]}]},{\"@type\":\"ImageObject\",\"inLanguage\":\"fr-FR\",\"@id\":\"https:\\\/\\\/www.agrotrak.ch\\\/fr\\\/appareils-moteurs\\\/stihl\\\/#primaryimage\",\"url\":\"https:\\\/\\\/agrotrak.ch\\\/app\\\/uploads\\\/2023\\\/05\\\/motor_stihl1.jpg\",\"contentUrl\":\"https:\\\/\\\/agrotrak.ch\\\/app\\\/uploads\\\/2023\\\/05\\\/motor_stihl1.jpg\"},{\"@type\":\"BreadcrumbList\",\"@id\":\"https:\\\/\\\/www.agrotrak.ch\\\/fr\\\/appareils-moteurs\\\/stihl\\\/#breadcrumb\",\"itemListElement\":[{\"@type\":\"ListItem\",\"position\":1,\"name\":\"Startseite\",\"item\":\"https:\\\/\\\/www.agrotrak.ch\\\/fr\\\/\"},{\"@type\":\"ListItem\",\"position\":2,\"name\":\"APPAREILS MOTEURS\",\"item\":\"https:\\\/\\\/www.agrotrak.ch\\\/fr\\\/appareils-moteurs\\\/\"},{\"@type\":\"ListItem\",\"position\":3,\"name\":\"STIHL\"}]},{\"@type\":\"WebSite\",\"@id\":\"https:\\\/\\\/www.agrotrak.ch\\\/#website\",\"url\":\"https:\\\/\\\/www.agrotrak.ch\\\/\",\"name\":\"AGROTRAK\",\"description\":\"Landmaschinen, Motorger\u00e4te\",\"potentialAction\":[{\"@type\":\"SearchAction\",\"target\":{\"@type\":\"EntryPoint\",\"urlTemplate\":\"https:\\\/\\\/www.agrotrak.ch\\\/?s={search_term_string}\"},\"query-input\":{\"@type\":\"PropertyValueSpecification\",\"valueRequired\":true,\"valueName\":\"search_term_string\"}}],\"inLanguage\":\"fr-FR\"}]}<\/script>\n<!-- \/ Yoast SEO plugin. -->","yoast_head_json":{"title":"STIHL - AGROTRAK","description":"STIHL APPAREILS MOTEURS: Venez visiter notre magasin STIHL \u00e0 Sierre. Nous vous conseillons volontiers sur tous les appareils \u00e0 moteur STIHL.","robots":{"index":"index","follow":"follow","max-snippet":"max-snippet:-1","max-image-preview":"max-image-preview:large","max-video-preview":"max-video-preview:-1"},"canonical":"https:\/\/www.agrotrak.ch\/fr\/appareils-moteurs\/stihl\/","og_locale":"fr_FR","og_type":"article","og_title":"STIHL - AGROTRAK","og_description":"STIHL APPAREILS MOTEURS: Venez visiter notre magasin STIHL \u00e0 Sierre. Nous vous conseillons volontiers sur tous les appareils \u00e0 moteur STIHL.","og_url":"https:\/\/www.agrotrak.ch\/fr\/appareils-moteurs\/stihl\/","og_site_name":"AGROTRAK","article_modified_time":"2023-05-16T11:46:32+00:00","og_image":[{"url":"https:\/\/agrotrak.ch\/app\/uploads\/2023\/05\/motor_stihl1.jpg","type":"","width":"","height":""}],"twitter_card":"summary_large_image","twitter_misc":{"Est. reading time":"3 minutes"},"schema":{"@context":"https:\/\/schema.org","@graph":[{"@type":"WebPage","@id":"https:\/\/www.agrotrak.ch\/fr\/appareils-moteurs\/stihl\/","url":"https:\/\/www.agrotrak.ch\/fr\/appareils-moteurs\/stihl\/","name":"STIHL - AGROTRAK","isPartOf":{"@id":"https:\/\/www.agrotrak.ch\/#website"},"primaryImageOfPage":{"@id":"https:\/\/www.agrotrak.ch\/fr\/appareils-moteurs\/stihl\/#primaryimage"},"image":{"@id":"https:\/\/www.agrotrak.ch\/fr\/appareils-moteurs\/stihl\/#primaryimage"},"thumbnailUrl":"https:\/\/agrotrak.ch\/app\/uploads\/2023\/05\/motor_stihl1.jpg","datePublished":"2023-05-12T13:30:30+00:00","dateModified":"2023-05-16T11:46:32+00:00","description":"STIHL APPAREILS MOTEURS: Venez visiter notre magasin STIHL \u00e0 Sierre. Nous vous conseillons volontiers sur tous les appareils \u00e0 moteur STIHL.","breadcrumb":{"@id":"https:\/\/www.agrotrak.ch\/fr\/appareils-moteurs\/stihl\/#breadcrumb"},"inLanguage":"fr-FR","potentialAction":[{"@type":"ReadAction","target":["https:\/\/www.agrotrak.ch\/fr\/appareils-moteurs\/stihl\/"]}]},{"@type":"ImageObject","inLanguage":"fr-FR","@id":"https:\/\/www.agrotrak.ch\/fr\/appareils-moteurs\/stihl\/#primaryimage","url":"https:\/\/agrotrak.ch\/app\/uploads\/2023\/05\/motor_stihl1.jpg","contentUrl":"https:\/\/agrotrak.ch\/app\/uploads\/2023\/05\/motor_stihl1.jpg"},{"@type":"BreadcrumbList","@id":"https:\/\/www.agrotrak.ch\/fr\/appareils-moteurs\/stihl\/#breadcrumb","itemListElement":[{"@type":"ListItem","position":1,"name":"Startseite","item":"https:\/\/www.agrotrak.ch\/fr\/"},{"@type":"ListItem","position":2,"name":"APPAREILS MOTEURS","item":"https:\/\/www.agrotrak.ch\/fr\/appareils-moteurs\/"},{"@type":"ListItem","position":3,"name":"STIHL"}]},{"@type":"WebSite","@id":"https:\/\/www.agrotrak.ch\/#website","url":"https:\/\/www.agrotrak.ch\/","name":"AGROTRAK","description":"Landmaschinen, Motorger\u00e4te","potentialAction":[{"@type":"SearchAction","target":{"@type":"EntryPoint","urlTemplate":"https:\/\/www.agrotrak.ch\/?s={search_term_string}"},"query-input":{"@type":"PropertyValueSpecification","valueRequired":true,"valueName":"search_term_string"}}],"inLanguage":"fr-FR"}]}},"_links":{"self":[{"href":"https:\/\/www.agrotrak.ch\/fr\/wp-json\/wp\/v2\/pages\/1225","targetHints":{"allow":["GET"]}}],"collection":[{"href":"https:\/\/www.agrotrak.ch\/fr\/wp-json\/wp\/v2\/pages"}],"about":[{"href":"https:\/\/www.agrotrak.ch\/fr\/wp-json\/wp\/v2\/types\/page"}],"author":[{"embeddable":true,"href":"https:\/\/www.agrotrak.ch\/fr\/wp-json\/wp\/v2\/users\/2"}],"replies":[{"embeddable":true,"href":"https:\/\/www.agrotrak.ch\/fr\/wp-json\/wp\/v2\/comments?post=1225"}],"version-history":[{"count":5,"href":"https:\/\/www.agrotrak.ch\/fr\/wp-json\/wp\/v2\/pages\/1225\/revisions"}],"predecessor-version":[{"id":1402,"href":"https:\/\/www.agrotrak.ch\/fr\/wp-json\/wp\/v2\/pages\/1225\/revisions\/1402"}],"up":[{"embeddable":true,"href":"https:\/\/www.agrotrak.ch\/fr\/wp-json\/wp\/v2\/pages\/1223"}],"wp:attachment":[{"href":"https:\/\/www.agrotrak.ch\/fr\/wp-json\/wp\/v2\/media?parent=1225"}],"curies":[{"name":"wp","href":"https:\/\/api.w.org\/{rel}","templated":true}]}}