{"id":1220,"date":"2023-05-12T15:26:23","date_gmt":"2023-05-12T13:26:23","guid":{"rendered":"https:\/\/projects.botanibot.com\/agrotrak23\/?page_id=1220"},"modified":"2023-05-16T13:44:48","modified_gmt":"2023-05-16T11:44:48","slug":"brielmaier","status":"publish","type":"page","link":"https:\/\/www.agrotrak.ch\/fr\/technique-agricole\/brielmaier\/","title":{"rendered":"BRIELMAIER"},"content":{"rendered":"\n<div class=\"wp-block-cover is-light\"><span aria-hidden=\"true\" class=\"wp-block-cover__background has-background-dim-0 has-background-dim\"><\/span><img loading=\"lazy\" decoding=\"async\" width=\"1600\" height=\"658\" class=\"wp-block-cover__image-background wp-image-610\" alt=\"Brielmaier VALAIS SIERRE\" src=\"https:\/\/agrotrak.ch\/app\/uploads\/2023\/05\/brielmaier1.jpg\" data-object-fit=\"cover\" srcset=\"https:\/\/www.agrotrak.ch\/app\/uploads\/2023\/05\/brielmaier1.jpg 1600w, https:\/\/www.agrotrak.ch\/app\/uploads\/2023\/05\/brielmaier1-300x123.jpg 300w, https:\/\/www.agrotrak.ch\/app\/uploads\/2023\/05\/brielmaier1-1024x421.jpg 1024w, https:\/\/www.agrotrak.ch\/app\/uploads\/2023\/05\/brielmaier1-768x316.jpg 768w, https:\/\/www.agrotrak.ch\/app\/uploads\/2023\/05\/brielmaier1-1536x632.jpg 1536w, https:\/\/www.agrotrak.ch\/app\/uploads\/2023\/05\/brielmaier1-600x247.jpg 600w, https:\/\/www.agrotrak.ch\/app\/uploads\/2023\/05\/brielmaier1-1200x494.jpg 1200w, https:\/\/www.agrotrak.ch\/app\/uploads\/2023\/05\/brielmaier1-324x133.jpg 324w, https:\/\/www.agrotrak.ch\/app\/uploads\/2023\/05\/brielmaier1-416x171.jpg 416w\" sizes=\"auto, (max-width: 1600px) 100vw, 1600px\" \/><div class=\"wp-block-cover__inner-container is-layout-flow wp-block-cover-is-layout-flow\">\n<p class=\"has-text-align-center has-large-font-size\"><\/p>\n<\/div><\/div>\n\n\n\n<div class=\"wp-block-group has-white-background-color has-background\"><div class=\"wp-block-group__inner-container is-layout-flow wp-block-group-is-layout-flow\">\n<h2 class=\"wp-block-heading has-mutedbrown-color has-text-color\"><strong><strong>TECHNIQUE AGRICOLE <\/strong><\/strong>\u2013BRIELMAIER<\/h2>\n\n\n\n<p>Depuis le milieu des ann\u00e9es 1980, les meilleures motofaucheuses du monde sont fabriqu\u00e9es dans la r\u00e9gion du lac de Constance et de la Haute-Souabe : par la soci\u00e9t\u00e9 Brielmaier Motorm\u00e4her GmbH. Nous sommes une entreprise de taille moyenne qui emploie environ 35 personnes. Nous d\u00e9veloppons et produisons nous-m\u00eames toutes nos innovations au si\u00e8ge de l&#8217;entreprise \u00e0 Deggenhausertal et sommes en outre actifs dans la fabrication sur commande. Nous disposons de notre propre fabrication de t\u00f4les avec des machines laser et des plieuses modernes et pr\u00e9cises, ainsi que d&#8217;un atelier de soudage pour l&#8217;acier, l&#8217;acier inoxydable et l&#8217;aluminium. La soci\u00e9t\u00e9 Brielmaier Motorm\u00e4her GmbH est une entreprise du groupe suisse Rapid Holding, qui emploie environ 180 personnes en Europe.<\/p>\n\n\n\n<div class=\"wp-block-columns is-layout-flex wp-container-core-columns-is-layout-28f84493 wp-block-columns-is-layout-flex\">\n<div class=\"wp-block-column is-layout-flow wp-block-column-is-layout-flow\">\n<div class=\"wp-block-media-text alignwide is-stacked-on-mobile is-style-stacked has-beige-background-color has-background\"><figure class=\"wp-block-media-text__media\"><img loading=\"lazy\" decoding=\"async\" width=\"900\" height=\"564\" src=\"https:\/\/agrotrak.ch\/app\/uploads\/2023\/05\/briel.jpg\" alt=\"Brielmaier Valais Sierre\" class=\"wp-image-840 size-full\" srcset=\"https:\/\/www.agrotrak.ch\/app\/uploads\/2023\/05\/briel.jpg 900w, https:\/\/www.agrotrak.ch\/app\/uploads\/2023\/05\/briel-300x188.jpg 300w, https:\/\/www.agrotrak.ch\/app\/uploads\/2023\/05\/briel-768x481.jpg 768w, https:\/\/www.agrotrak.ch\/app\/uploads\/2023\/05\/briel-600x376.jpg 600w, https:\/\/www.agrotrak.ch\/app\/uploads\/2023\/05\/briel-324x203.jpg 324w, https:\/\/www.agrotrak.ch\/app\/uploads\/2023\/05\/briel-416x261.jpg 416w\" sizes=\"auto, (max-width: 900px) 100vw, 900px\" \/><\/figure><div class=\"wp-block-media-text__content\">\n<h3 class=\"wp-block-heading has-white-color has-green-background-color has-text-color has-background\"><strong><strong>L&#8217;APPAREIL DE BASE<\/strong><\/strong><\/h3>\n\n\n\n<p>Toutes les faucheuses Brielmaier utilisent le m\u00eame ch\u00e2ssis, les m\u00eames moteurs de moyeu de roue, le m\u00eame syst\u00e8me hydraulique et la m\u00eame unit\u00e9 de commande. Un centre de gravit\u00e9 bas et la structure transversale compacte unique de la machine assurent une maniabilit\u00e9 optimale &#8211; pour un travail facile, s\u00fbr et efficace. Pour encore plus de confort, un guidon t\u00e9lescopique r\u00e9glable sur trois positions est disponible.<\/p>\n<\/div><\/div>\n<\/div>\n\n\n\n<div class=\"wp-block-column is-layout-flow wp-block-column-is-layout-flow\">\n<div class=\"wp-block-media-text alignwide is-stacked-on-mobile is-style-stacked has-beige-background-color has-background\"><figure class=\"wp-block-media-text__media\"><img loading=\"lazy\" decoding=\"async\" width=\"900\" height=\"564\" src=\"https:\/\/agrotrak.ch\/app\/uploads\/2023\/05\/andyverkauf.jpg\" alt=\"Andy J\u00e4ger, SIERRE\" class=\"wp-image-714 size-full\" srcset=\"https:\/\/www.agrotrak.ch\/app\/uploads\/2023\/05\/andyverkauf.jpg 900w, https:\/\/www.agrotrak.ch\/app\/uploads\/2023\/05\/andyverkauf-300x188.jpg 300w, https:\/\/www.agrotrak.ch\/app\/uploads\/2023\/05\/andyverkauf-768x481.jpg 768w, https:\/\/www.agrotrak.ch\/app\/uploads\/2023\/05\/andyverkauf-600x376.jpg 600w, https:\/\/www.agrotrak.ch\/app\/uploads\/2023\/05\/andyverkauf-324x203.jpg 324w, https:\/\/www.agrotrak.ch\/app\/uploads\/2023\/05\/andyverkauf-416x261.jpg 416w\" sizes=\"auto, (max-width: 900px) 100vw, 900px\" \/><\/figure><div class=\"wp-block-media-text__content\">\n<h3 class=\"wp-block-heading has-white-color has-green-background-color has-text-color has-background\"><strong><strong>CONSEIL CHEZ AGROTRAK<\/strong><\/strong><\/h3>\n\n\n\n<p>Notre \u00e9quipe de vente AGROTRAK, dirig\u00e9e par Andy J\u00e4ger, se fera un plaisir de r\u00e9pondre \u00e0 vos questions sur nos produits.<\/p>\n\n\n\n<p>N&#8217;h\u00e9sitez pas \u00e0 nous contacter, nous sommes \u00e0 votre disposition:<br>Mobile 079 373 36 25, <a href=\"mailto:&#97;&#110;&#100;&#121;&#64;&#97;&#103;&#114;&#111;&#116;&#114;&#97;&#107;&#46;&#99;&#104;\">&#97;&#110;&#100;&#121;&#64;&#97;&#103;&#114;&#111;&#116;&#114;&#97;&#107;&#46;&#99;&#104;<\/a><\/p>\n<\/div><\/div>\n<\/div>\n<\/div>\n\n\n\n<div style=\"height:12px\" aria-hidden=\"true\" class=\"wp-block-spacer\"><\/div>\n\n\n\n<div class=\"wp-block-buttons is-layout-flex wp-block-buttons-is-layout-flex\"><\/div>\n<\/div><\/div>\n\n\n\n<div class=\"wp-block-cover is-light\"><span aria-hidden=\"true\" class=\"wp-block-cover__background has-background-dim-0 has-background-dim\"><\/span><img loading=\"lazy\" decoding=\"async\" width=\"1600\" height=\"658\" class=\"wp-block-cover__image-background wp-image-614\" alt=\"\" src=\"https:\/\/agrotrak.ch\/app\/uploads\/2023\/05\/brielmaier2.jpg\" data-object-fit=\"cover\" srcset=\"https:\/\/www.agrotrak.ch\/app\/uploads\/2023\/05\/brielmaier2.jpg 1600w, https:\/\/www.agrotrak.ch\/app\/uploads\/2023\/05\/brielmaier2-300x123.jpg 300w, https:\/\/www.agrotrak.ch\/app\/uploads\/2023\/05\/brielmaier2-1024x421.jpg 1024w, https:\/\/www.agrotrak.ch\/app\/uploads\/2023\/05\/brielmaier2-768x316.jpg 768w, https:\/\/www.agrotrak.ch\/app\/uploads\/2023\/05\/brielmaier2-1536x632.jpg 1536w, https:\/\/www.agrotrak.ch\/app\/uploads\/2023\/05\/brielmaier2-600x247.jpg 600w, https:\/\/www.agrotrak.ch\/app\/uploads\/2023\/05\/brielmaier2-1200x494.jpg 1200w, https:\/\/www.agrotrak.ch\/app\/uploads\/2023\/05\/brielmaier2-324x133.jpg 324w, https:\/\/www.agrotrak.ch\/app\/uploads\/2023\/05\/brielmaier2-416x171.jpg 416w\" sizes=\"auto, (max-width: 1600px) 100vw, 1600px\" \/><div class=\"wp-block-cover__inner-container is-layout-flow wp-block-cover-is-layout-flow\">\n<p class=\"has-text-align-center has-large-font-size\"><\/p>\n<\/div><\/div>\n","protected":false},"excerpt":{"rendered":"<p>TECHNIQUE AGRICOLE \u2013BRIELMAIER Depuis le milieu des ann\u00e9es 1980, les meilleures motofaucheuses du monde sont fabriqu\u00e9es dans la r\u00e9gion du lac de Constance et de la Haute-Souabe : par la soci\u00e9t\u00e9 Brielmaier Motorm\u00e4her GmbH. Nous sommes une entreprise de taille moyenne qui emploie environ 35 personnes. Nous d\u00e9veloppons et produisons nous-m\u00eames toutes nos innovations au [&hellip;]<\/p>\n","protected":false},"author":2,"featured_media":0,"parent":1187,"menu_order":23,"comment_status":"closed","ping_status":"closed","template":"","meta":{"inline_featured_image":false,"footnotes":""},"class_list":["post-1220","page","type-page","status-publish","hentry"],"yoast_head":"<!-- This site is optimized with the Yoast SEO plugin v27.4 - https:\/\/yoast.com\/product\/yoast-seo-wordpress\/ -->\n<title>BRIELMAIER - AGROTRAK<\/title>\n<meta name=\"description\" content=\"BRIELMAIER: Toutes les faucheuses Brielmaier utilisent le m\u00eame ch\u00e2ssis, les m\u00eames moteurs de moyeu de roue, le m\u00eame syst\u00e8me hydraulique.\" \/>\n<meta name=\"robots\" content=\"index, follow, max-snippet:-1, max-image-preview:large, max-video-preview:-1\" \/>\n<link rel=\"canonical\" href=\"https:\/\/www.agrotrak.ch\/fr\/technique-agricole\/brielmaier\/\" \/>\n<meta property=\"og:locale\" content=\"fr_FR\" \/>\n<meta property=\"og:type\" content=\"article\" \/>\n<meta property=\"og:title\" content=\"BRIELMAIER - AGROTRAK\" \/>\n<meta property=\"og:description\" content=\"BRIELMAIER: Toutes les faucheuses Brielmaier utilisent le m\u00eame ch\u00e2ssis, les m\u00eames moteurs de moyeu de roue, le m\u00eame syst\u00e8me hydraulique.\" \/>\n<meta property=\"og:url\" content=\"https:\/\/www.agrotrak.ch\/fr\/technique-agricole\/brielmaier\/\" \/>\n<meta property=\"og:site_name\" content=\"AGROTRAK\" \/>\n<meta property=\"article:modified_time\" content=\"2023-05-16T11:44:48+00:00\" \/>\n<meta property=\"og:image\" content=\"https:\/\/agrotrak.ch\/app\/uploads\/2023\/05\/brielmaier1.jpg\" \/>\n<meta name=\"twitter:card\" content=\"summary_large_image\" \/>\n<meta name=\"twitter:label1\" content=\"Est. reading time\" \/>\n\t<meta name=\"twitter:data1\" content=\"3 minutes\" \/>\n<script type=\"application\/ld+json\" class=\"yoast-schema-graph\">{\"@context\":\"https:\\\/\\\/schema.org\",\"@graph\":[{\"@type\":\"WebPage\",\"@id\":\"https:\\\/\\\/www.agrotrak.ch\\\/fr\\\/technique-agricole\\\/brielmaier\\\/\",\"url\":\"https:\\\/\\\/www.agrotrak.ch\\\/fr\\\/technique-agricole\\\/brielmaier\\\/\",\"name\":\"BRIELMAIER - AGROTRAK\",\"isPartOf\":{\"@id\":\"https:\\\/\\\/www.agrotrak.ch\\\/#website\"},\"primaryImageOfPage\":{\"@id\":\"https:\\\/\\\/www.agrotrak.ch\\\/fr\\\/technique-agricole\\\/brielmaier\\\/#primaryimage\"},\"image\":{\"@id\":\"https:\\\/\\\/www.agrotrak.ch\\\/fr\\\/technique-agricole\\\/brielmaier\\\/#primaryimage\"},\"thumbnailUrl\":\"https:\\\/\\\/agrotrak.ch\\\/app\\\/uploads\\\/2023\\\/05\\\/brielmaier1.jpg\",\"datePublished\":\"2023-05-12T13:26:23+00:00\",\"dateModified\":\"2023-05-16T11:44:48+00:00\",\"description\":\"BRIELMAIER: Toutes les faucheuses Brielmaier utilisent le m\u00eame ch\u00e2ssis, les m\u00eames moteurs de moyeu de roue, le m\u00eame syst\u00e8me hydraulique.\",\"breadcrumb\":{\"@id\":\"https:\\\/\\\/www.agrotrak.ch\\\/fr\\\/technique-agricole\\\/brielmaier\\\/#breadcrumb\"},\"inLanguage\":\"fr-FR\",\"potentialAction\":[{\"@type\":\"ReadAction\",\"target\":[\"https:\\\/\\\/www.agrotrak.ch\\\/fr\\\/technique-agricole\\\/brielmaier\\\/\"]}]},{\"@type\":\"ImageObject\",\"inLanguage\":\"fr-FR\",\"@id\":\"https:\\\/\\\/www.agrotrak.ch\\\/fr\\\/technique-agricole\\\/brielmaier\\\/#primaryimage\",\"url\":\"https:\\\/\\\/agrotrak.ch\\\/app\\\/uploads\\\/2023\\\/05\\\/brielmaier1.jpg\",\"contentUrl\":\"https:\\\/\\\/agrotrak.ch\\\/app\\\/uploads\\\/2023\\\/05\\\/brielmaier1.jpg\"},{\"@type\":\"BreadcrumbList\",\"@id\":\"https:\\\/\\\/www.agrotrak.ch\\\/fr\\\/technique-agricole\\\/brielmaier\\\/#breadcrumb\",\"itemListElement\":[{\"@type\":\"ListItem\",\"position\":1,\"name\":\"Startseite\",\"item\":\"https:\\\/\\\/www.agrotrak.ch\\\/fr\\\/\"},{\"@type\":\"ListItem\",\"position\":2,\"name\":\"TECHNIQUE AGRICOLE\",\"item\":\"https:\\\/\\\/www.agrotrak.ch\\\/fr\\\/technique-agricole\\\/\"},{\"@type\":\"ListItem\",\"position\":3,\"name\":\"BRIELMAIER\"}]},{\"@type\":\"WebSite\",\"@id\":\"https:\\\/\\\/www.agrotrak.ch\\\/#website\",\"url\":\"https:\\\/\\\/www.agrotrak.ch\\\/\",\"name\":\"AGROTRAK\",\"description\":\"Landmaschinen, Motorger\u00e4te\",\"potentialAction\":[{\"@type\":\"SearchAction\",\"target\":{\"@type\":\"EntryPoint\",\"urlTemplate\":\"https:\\\/\\\/www.agrotrak.ch\\\/?s={search_term_string}\"},\"query-input\":{\"@type\":\"PropertyValueSpecification\",\"valueRequired\":true,\"valueName\":\"search_term_string\"}}],\"inLanguage\":\"fr-FR\"}]}<\/script>\n<!-- \/ Yoast SEO plugin. -->","yoast_head_json":{"title":"BRIELMAIER - AGROTRAK","description":"BRIELMAIER: Toutes les faucheuses Brielmaier utilisent le m\u00eame ch\u00e2ssis, les m\u00eames moteurs de moyeu de roue, le m\u00eame syst\u00e8me hydraulique.","robots":{"index":"index","follow":"follow","max-snippet":"max-snippet:-1","max-image-preview":"max-image-preview:large","max-video-preview":"max-video-preview:-1"},"canonical":"https:\/\/www.agrotrak.ch\/fr\/technique-agricole\/brielmaier\/","og_locale":"fr_FR","og_type":"article","og_title":"BRIELMAIER - AGROTRAK","og_description":"BRIELMAIER: Toutes les faucheuses Brielmaier utilisent le m\u00eame ch\u00e2ssis, les m\u00eames moteurs de moyeu de roue, le m\u00eame syst\u00e8me hydraulique.","og_url":"https:\/\/www.agrotrak.ch\/fr\/technique-agricole\/brielmaier\/","og_site_name":"AGROTRAK","article_modified_time":"2023-05-16T11:44:48+00:00","og_image":[{"url":"https:\/\/agrotrak.ch\/app\/uploads\/2023\/05\/brielmaier1.jpg","type":"","width":"","height":""}],"twitter_card":"summary_large_image","twitter_misc":{"Est. reading time":"3 minutes"},"schema":{"@context":"https:\/\/schema.org","@graph":[{"@type":"WebPage","@id":"https:\/\/www.agrotrak.ch\/fr\/technique-agricole\/brielmaier\/","url":"https:\/\/www.agrotrak.ch\/fr\/technique-agricole\/brielmaier\/","name":"BRIELMAIER - AGROTRAK","isPartOf":{"@id":"https:\/\/www.agrotrak.ch\/#website"},"primaryImageOfPage":{"@id":"https:\/\/www.agrotrak.ch\/fr\/technique-agricole\/brielmaier\/#primaryimage"},"image":{"@id":"https:\/\/www.agrotrak.ch\/fr\/technique-agricole\/brielmaier\/#primaryimage"},"thumbnailUrl":"https:\/\/agrotrak.ch\/app\/uploads\/2023\/05\/brielmaier1.jpg","datePublished":"2023-05-12T13:26:23+00:00","dateModified":"2023-05-16T11:44:48+00:00","description":"BRIELMAIER: Toutes les faucheuses Brielmaier utilisent le m\u00eame ch\u00e2ssis, les m\u00eames moteurs de moyeu de roue, le m\u00eame syst\u00e8me hydraulique.","breadcrumb":{"@id":"https:\/\/www.agrotrak.ch\/fr\/technique-agricole\/brielmaier\/#breadcrumb"},"inLanguage":"fr-FR","potentialAction":[{"@type":"ReadAction","target":["https:\/\/www.agrotrak.ch\/fr\/technique-agricole\/brielmaier\/"]}]},{"@type":"ImageObject","inLanguage":"fr-FR","@id":"https:\/\/www.agrotrak.ch\/fr\/technique-agricole\/brielmaier\/#primaryimage","url":"https:\/\/agrotrak.ch\/app\/uploads\/2023\/05\/brielmaier1.jpg","contentUrl":"https:\/\/agrotrak.ch\/app\/uploads\/2023\/05\/brielmaier1.jpg"},{"@type":"BreadcrumbList","@id":"https:\/\/www.agrotrak.ch\/fr\/technique-agricole\/brielmaier\/#breadcrumb","itemListElement":[{"@type":"ListItem","position":1,"name":"Startseite","item":"https:\/\/www.agrotrak.ch\/fr\/"},{"@type":"ListItem","position":2,"name":"TECHNIQUE AGRICOLE","item":"https:\/\/www.agrotrak.ch\/fr\/technique-agricole\/"},{"@type":"ListItem","position":3,"name":"BRIELMAIER"}]},{"@type":"WebSite","@id":"https:\/\/www.agrotrak.ch\/#website","url":"https:\/\/www.agrotrak.ch\/","name":"AGROTRAK","description":"Landmaschinen, Motorger\u00e4te","potentialAction":[{"@type":"SearchAction","target":{"@type":"EntryPoint","urlTemplate":"https:\/\/www.agrotrak.ch\/?s={search_term_string}"},"query-input":{"@type":"PropertyValueSpecification","valueRequired":true,"valueName":"search_term_string"}}],"inLanguage":"fr-FR"}]}},"_links":{"self":[{"href":"https:\/\/www.agrotrak.ch\/fr\/wp-json\/wp\/v2\/pages\/1220","targetHints":{"allow":["GET"]}}],"collection":[{"href":"https:\/\/www.agrotrak.ch\/fr\/wp-json\/wp\/v2\/pages"}],"about":[{"href":"https:\/\/www.agrotrak.ch\/fr\/wp-json\/wp\/v2\/types\/page"}],"author":[{"embeddable":true,"href":"https:\/\/www.agrotrak.ch\/fr\/wp-json\/wp\/v2\/users\/2"}],"replies":[{"embeddable":true,"href":"https:\/\/www.agrotrak.ch\/fr\/wp-json\/wp\/v2\/comments?post=1220"}],"version-history":[{"count":2,"href":"https:\/\/www.agrotrak.ch\/fr\/wp-json\/wp\/v2\/pages\/1220\/revisions"}],"predecessor-version":[{"id":1222,"href":"https:\/\/www.agrotrak.ch\/fr\/wp-json\/wp\/v2\/pages\/1220\/revisions\/1222"}],"up":[{"embeddable":true,"href":"https:\/\/www.agrotrak.ch\/fr\/wp-json\/wp\/v2\/pages\/1187"}],"wp:attachment":[{"href":"https:\/\/www.agrotrak.ch\/fr\/wp-json\/wp\/v2\/media?parent=1220"}],"curies":[{"name":"wp","href":"https:\/\/api.w.org\/{rel}","templated":true}]}}