{"id":1216,"date":"2023-05-12T15:22:39","date_gmt":"2023-05-12T13:22:39","guid":{"rendered":"https:\/\/projects.botanibot.com\/agrotrak23\/?page_id=1216"},"modified":"2023-05-16T13:43:14","modified_gmt":"2023-05-16T11:43:14","slug":"rapid","status":"publish","type":"page","link":"https:\/\/www.agrotrak.ch\/fr\/technique-agricole\/rapid\/","title":{"rendered":"RAPID"},"content":{"rendered":"\n<div class=\"wp-block-cover is-light\"><span aria-hidden=\"true\" class=\"wp-block-cover__background has-background-dim-0 has-background-dim\"><\/span><img loading=\"lazy\" decoding=\"async\" width=\"1600\" height=\"658\" class=\"wp-block-cover__image-background wp-image-603\" alt=\"rapid Machines agricoles Valais Sierre\" src=\"https:\/\/agrotrak.ch\/app\/uploads\/2023\/05\/rapid2.jpg\" data-object-fit=\"cover\" srcset=\"https:\/\/www.agrotrak.ch\/app\/uploads\/2023\/05\/rapid2.jpg 1600w, https:\/\/www.agrotrak.ch\/app\/uploads\/2023\/05\/rapid2-300x123.jpg 300w, https:\/\/www.agrotrak.ch\/app\/uploads\/2023\/05\/rapid2-1024x421.jpg 1024w, https:\/\/www.agrotrak.ch\/app\/uploads\/2023\/05\/rapid2-768x316.jpg 768w, https:\/\/www.agrotrak.ch\/app\/uploads\/2023\/05\/rapid2-1536x632.jpg 1536w, https:\/\/www.agrotrak.ch\/app\/uploads\/2023\/05\/rapid2-600x247.jpg 600w, https:\/\/www.agrotrak.ch\/app\/uploads\/2023\/05\/rapid2-1200x494.jpg 1200w, https:\/\/www.agrotrak.ch\/app\/uploads\/2023\/05\/rapid2-324x133.jpg 324w, https:\/\/www.agrotrak.ch\/app\/uploads\/2023\/05\/rapid2-416x171.jpg 416w\" sizes=\"auto, (max-width: 1600px) 100vw, 1600px\" \/><div class=\"wp-block-cover__inner-container is-layout-flow wp-block-cover-is-layout-flow\">\n<p class=\"has-text-align-center has-large-font-size\"><\/p>\n<\/div><\/div>\n\n\n\n<div class=\"wp-block-group has-white-background-color has-background\"><div class=\"wp-block-group__inner-container is-layout-flow wp-block-group-is-layout-flow\">\n<h2 class=\"wp-block-heading has-mutedbrown-color has-text-color\"><strong><strong>TECHNIQUE AGRICOLE <\/strong><\/strong>\u2013RAPID<\/h2>\n\n\n\n<p>rapid est un fabricant leader de porte-outils et d&#8217;outils port\u00e9s pour l&#8217;agriculture, l&#8217;horticulture et les applications communales, qui peuvent \u00eatre utilis\u00e9s et exploit\u00e9s avec un minimum d&#8217;efforts. Nous proposons toujours au client des produits et des services innovants, de qualit\u00e9 et durables. Nous aidons ainsi le client \u00e0 organiser ses processus de mani\u00e8re plus efficace, plus s\u00fbre et plus durable.<\/p>\n\n\n\n<div class=\"wp-block-columns is-layout-flex wp-container-core-columns-is-layout-28f84493 wp-block-columns-is-layout-flex\">\n<div class=\"wp-block-column is-layout-flow wp-block-column-is-layout-flow\">\n<div class=\"wp-block-media-text alignwide is-stacked-on-mobile is-style-stacked has-beige-background-color has-background\"><figure class=\"wp-block-media-text__media\"><img loading=\"lazy\" decoding=\"async\" width=\"600\" height=\"376\" src=\"https:\/\/agrotrak.ch\/app\/uploads\/2023\/05\/rapid_rex.jpg\" alt=\"Rapid Rex Valais\" class=\"wp-image-818 size-full\" srcset=\"https:\/\/www.agrotrak.ch\/app\/uploads\/2023\/05\/rapid_rex.jpg 600w, https:\/\/www.agrotrak.ch\/app\/uploads\/2023\/05\/rapid_rex-300x188.jpg 300w, https:\/\/www.agrotrak.ch\/app\/uploads\/2023\/05\/rapid_rex-324x203.jpg 324w, https:\/\/www.agrotrak.ch\/app\/uploads\/2023\/05\/rapid_rex-416x261.jpg 416w\" sizes=\"auto, (max-width: 600px) 100vw, 600px\" \/><\/figure><div class=\"wp-block-media-text__content\">\n<h3 class=\"wp-block-heading has-white-color has-green-background-color has-text-color has-background\"><strong>RAPID REX<\/strong><\/h3>\n\n\n\n<p>Domaines d&#8217;application :<\/p>\n\n\n\n<ul class=\"wp-block-list\">\n<li>Technique de fauche<\/li>\n\n\n\n<li>R\u00e9colte de fourrage<\/li>\n\n\n\n<li>Technique de broyage<\/li>\n\n\n\n<li>Service d&#8217;hiver<\/li>\n\n\n\n<li>Nettoyage<\/li>\n<\/ul>\n\n\n\n<p>L\u00e9g\u00e8ret\u00e9 et maniabilit\u00e9 imbattables, en toute s\u00e9curit\u00e9 sur les pentes les plus raides. Le porte-outils \u00e0 un essieu \u00e0 entra\u00eenement hydrostatique, \u00e0 direction active et tr\u00e8s maniable le plus l\u00e9ger au monde. Les principaux domaines d&#8217;utilisation sont le fauchage sur des pentes extr\u00eames jusqu&#8217;\u00e0 120% ou le broyage de talus.<br><a href=\"https:\/\/www.rapid.ch\/fr\" target=\"_blank\" rel=\"noreferrer noopener\">Info<\/a><\/p>\n<\/div><\/div>\n<\/div>\n\n\n\n<div class=\"wp-block-column is-layout-flow wp-block-column-is-layout-flow\">\n<div class=\"wp-block-media-text alignwide is-stacked-on-mobile is-style-stacked has-beige-background-color has-background\"><figure class=\"wp-block-media-text__media\"><img loading=\"lazy\" decoding=\"async\" width=\"600\" height=\"376\" src=\"https:\/\/agrotrak.ch\/app\/uploads\/2023\/05\/montana.jpg\" alt=\"Rapid Montana\" class=\"wp-image-825 size-full\" srcset=\"https:\/\/www.agrotrak.ch\/app\/uploads\/2023\/05\/montana.jpg 600w, https:\/\/www.agrotrak.ch\/app\/uploads\/2023\/05\/montana-300x188.jpg 300w, https:\/\/www.agrotrak.ch\/app\/uploads\/2023\/05\/montana-324x203.jpg 324w, https:\/\/www.agrotrak.ch\/app\/uploads\/2023\/05\/montana-416x261.jpg 416w\" sizes=\"auto, (max-width: 600px) 100vw, 600px\" \/><\/figure><div class=\"wp-block-media-text__content\">\n<h3 class=\"wp-block-heading has-white-color has-green-background-color has-text-color has-background\"><strong><strong>RAPID MONTA M141<\/strong><\/strong><\/h3>\n\n\n\n<p>Domaines d&#8217;application :<\/p>\n\n\n\n<ul class=\"wp-block-list\">\n<li>Technique de fauche<\/li>\n\n\n\n<li>R\u00e9colte de fourrage<\/li>\n\n\n\n<li>Technique de broyage<\/li>\n\n\n\n<li>Service d&#8217;hiver<\/li>\n\n\n\n<li>Nettoyage<\/li>\n\n\n\n<li>Transport de remorque<\/li>\n<\/ul>\n\n\n\n<p>Gr\u00e2ce au centre de gravit\u00e9 bas de l&#8217;appareil et \u00e0 l&#8217;axe choisi tr\u00e8s en arri\u00e8re, pr\u00e9destin\u00e9 aux travaux de fauchage jusque dans les pentes extr\u00eamement raides. L&#8217;\u00e9quilibre de l&#8217;appareil garantit un poids \u00e9lev\u00e9 sur la poutre sans poids suppl\u00e9mentaires. Le nouveau support de guidon Rapid Soft, les modes de direction actifs r\u00e9versibles et le guidon pivotant lat\u00e9ralement permettent une efficacit\u00e9 maximale et un grand confort.<\/p>\n\n\n\n<p><br><br><br><br><br><br><\/p>\n<\/div><\/div>\n<\/div>\n\n\n\n<div class=\"wp-block-column is-layout-flow wp-block-column-is-layout-flow\">\n<div class=\"wp-block-media-text alignwide is-stacked-on-mobile is-style-stacked has-beige-background-color has-background\"><figure class=\"wp-block-media-text__media\"><img loading=\"lazy\" decoding=\"async\" width=\"600\" height=\"376\" src=\"https:\/\/agrotrak.ch\/app\/uploads\/2023\/05\/kipos.jpg\" alt=\" Rapid Kipos\" class=\"wp-image-833 size-full\" srcset=\"https:\/\/www.agrotrak.ch\/app\/uploads\/2023\/05\/kipos.jpg 600w, https:\/\/www.agrotrak.ch\/app\/uploads\/2023\/05\/kipos-300x188.jpg 300w, https:\/\/www.agrotrak.ch\/app\/uploads\/2023\/05\/kipos-324x203.jpg 324w, https:\/\/www.agrotrak.ch\/app\/uploads\/2023\/05\/kipos-416x261.jpg 416w\" sizes=\"auto, (max-width: 600px) 100vw, 600px\" \/><\/figure><div class=\"wp-block-media-text__content\">\n<h3 class=\"wp-block-heading has-white-color has-green-background-color has-text-color has-background\"><strong>RAPID KIPOS<\/strong><\/h3>\n\n\n\n<p>Domaines d&#8217;application :<\/p>\n\n\n\n<ul class=\"wp-block-list\">\n<li>Technique de fauche<\/li>\n\n\n\n<li>Travail du sol<\/li>\n\n\n\n<li>Technique de broyage<\/li>\n\n\n\n<li>Service hivernal<\/li>\n\n\n\n<li>Nettoyage<\/li>\n\n\n\n<li>Transport de citernes<\/li>\n\n\n\n<li>Applications sp\u00e9ciales<\/li>\n<\/ul>\n\n\n\n<p>son \u00e9quilibre et sa largeur de voie \u00e9troite en font le sp\u00e9cialiste des travaux de fraisage de sol.<br>Gr\u00e2ce \u00e0 son entra\u00eenement en continu, \u00e0 ses accessoires interchangeables sans outils et \u00e0 son guidon pivotant et orientable, le Rapid KIPOS est le porte-outils multifonctionnel parfait pour l&#8217;am\u00e9nagement des jardins et des espaces verts. L&#8217;\u00e9quilibre con\u00e7u sans compromis pour les travaux de fraisage du sol permet de travailler facilement et en m\u00e9nageant ses forces, m\u00eame pendant de longues journ\u00e9es de travail.<\/p>\n<\/div><\/div>\n<\/div>\n<\/div>\n\n\n\n<div style=\"height:12px\" aria-hidden=\"true\" class=\"wp-block-spacer\"><\/div>\n\n\n\n<div class=\"wp-block-buttons is-layout-flex wp-block-buttons-is-layout-flex\"><\/div>\n<\/div><\/div>\n\n\n\n<div class=\"wp-block-cover\"><span aria-hidden=\"true\" class=\"wp-block-cover__background has-background-dim-0 has-background-dim\"><\/span><img loading=\"lazy\" decoding=\"async\" width=\"1600\" height=\"658\" class=\"wp-block-cover__image-background wp-image-812\" alt=\"rapid Machines agricoles Sierre Agrotrak\" src=\"https:\/\/agrotrak.ch\/app\/uploads\/2023\/05\/rapid2-1.jpg\" data-object-fit=\"cover\" srcset=\"https:\/\/www.agrotrak.ch\/app\/uploads\/2023\/05\/rapid2-1.jpg 1600w, https:\/\/www.agrotrak.ch\/app\/uploads\/2023\/05\/rapid2-1-300x123.jpg 300w, https:\/\/www.agrotrak.ch\/app\/uploads\/2023\/05\/rapid2-1-1024x421.jpg 1024w, https:\/\/www.agrotrak.ch\/app\/uploads\/2023\/05\/rapid2-1-768x316.jpg 768w, https:\/\/www.agrotrak.ch\/app\/uploads\/2023\/05\/rapid2-1-1536x632.jpg 1536w, https:\/\/www.agrotrak.ch\/app\/uploads\/2023\/05\/rapid2-1-600x247.jpg 600w, https:\/\/www.agrotrak.ch\/app\/uploads\/2023\/05\/rapid2-1-1200x494.jpg 1200w, https:\/\/www.agrotrak.ch\/app\/uploads\/2023\/05\/rapid2-1-324x133.jpg 324w, https:\/\/www.agrotrak.ch\/app\/uploads\/2023\/05\/rapid2-1-416x171.jpg 416w\" sizes=\"auto, (max-width: 1600px) 100vw, 1600px\" \/><div class=\"wp-block-cover__inner-container is-layout-flow wp-block-cover-is-layout-flow\">\n<p class=\"has-text-align-center has-large-font-size\"><\/p>\n<\/div><\/div>\n","protected":false},"excerpt":{"rendered":"<p>TECHNIQUE AGRICOLE \u2013RAPID rapid est un fabricant leader de porte-outils et d&#8217;outils port\u00e9s pour l&#8217;agriculture, l&#8217;horticulture et les applications communales, qui peuvent \u00eatre utilis\u00e9s et exploit\u00e9s avec un minimum d&#8217;efforts. Nous proposons toujours au client des produits et des services innovants, de qualit\u00e9 et durables. Nous aidons ainsi le client \u00e0 organiser ses processus de [&hellip;]<\/p>\n","protected":false},"author":2,"featured_media":0,"parent":1187,"menu_order":21,"comment_status":"closed","ping_status":"closed","template":"","meta":{"inline_featured_image":false,"footnotes":""},"class_list":["post-1216","page","type-page","status-publish","hentry"],"yoast_head":"<!-- This site is optimized with the Yoast SEO plugin v27.4 - https:\/\/yoast.com\/product\/yoast-seo-wordpress\/ -->\n<title>RAPID - AGROTRAK<\/title>\n<meta name=\"description\" content=\"rapid: rapid est un fabricant leader de porte-outils et d&#039;outils port\u00e9s pour l&#039;agriculture, l&#039;horticulture et les applications communales.\" \/>\n<meta name=\"robots\" content=\"index, follow, max-snippet:-1, max-image-preview:large, max-video-preview:-1\" \/>\n<link rel=\"canonical\" href=\"https:\/\/www.agrotrak.ch\/fr\/technique-agricole\/rapid\/\" \/>\n<meta property=\"og:locale\" content=\"fr_FR\" \/>\n<meta property=\"og:type\" content=\"article\" \/>\n<meta property=\"og:title\" content=\"RAPID - AGROTRAK\" \/>\n<meta property=\"og:description\" content=\"rapid: rapid est un fabricant leader de porte-outils et d&#039;outils port\u00e9s pour l&#039;agriculture, l&#039;horticulture et les applications communales.\" \/>\n<meta property=\"og:url\" content=\"https:\/\/www.agrotrak.ch\/fr\/technique-agricole\/rapid\/\" \/>\n<meta property=\"og:site_name\" content=\"AGROTRAK\" \/>\n<meta property=\"article:modified_time\" content=\"2023-05-16T11:43:14+00:00\" \/>\n<meta property=\"og:image\" content=\"https:\/\/agrotrak.ch\/app\/uploads\/2023\/05\/rapid2.jpg\" \/>\n<meta name=\"twitter:card\" content=\"summary_large_image\" \/>\n<meta name=\"twitter:label1\" content=\"Est. reading time\" \/>\n\t<meta name=\"twitter:data1\" content=\"3 minutes\" \/>\n<script type=\"application\/ld+json\" class=\"yoast-schema-graph\">{\"@context\":\"https:\\\/\\\/schema.org\",\"@graph\":[{\"@type\":\"WebPage\",\"@id\":\"https:\\\/\\\/www.agrotrak.ch\\\/fr\\\/technique-agricole\\\/rapid\\\/\",\"url\":\"https:\\\/\\\/www.agrotrak.ch\\\/fr\\\/technique-agricole\\\/rapid\\\/\",\"name\":\"RAPID - AGROTRAK\",\"isPartOf\":{\"@id\":\"https:\\\/\\\/www.agrotrak.ch\\\/#website\"},\"primaryImageOfPage\":{\"@id\":\"https:\\\/\\\/www.agrotrak.ch\\\/fr\\\/technique-agricole\\\/rapid\\\/#primaryimage\"},\"image\":{\"@id\":\"https:\\\/\\\/www.agrotrak.ch\\\/fr\\\/technique-agricole\\\/rapid\\\/#primaryimage\"},\"thumbnailUrl\":\"https:\\\/\\\/agrotrak.ch\\\/app\\\/uploads\\\/2023\\\/05\\\/rapid2.jpg\",\"datePublished\":\"2023-05-12T13:22:39+00:00\",\"dateModified\":\"2023-05-16T11:43:14+00:00\",\"description\":\"rapid: rapid est un fabricant leader de porte-outils et d'outils port\u00e9s pour l'agriculture, l'horticulture et les applications communales.\",\"breadcrumb\":{\"@id\":\"https:\\\/\\\/www.agrotrak.ch\\\/fr\\\/technique-agricole\\\/rapid\\\/#breadcrumb\"},\"inLanguage\":\"fr-FR\",\"potentialAction\":[{\"@type\":\"ReadAction\",\"target\":[\"https:\\\/\\\/www.agrotrak.ch\\\/fr\\\/technique-agricole\\\/rapid\\\/\"]}]},{\"@type\":\"ImageObject\",\"inLanguage\":\"fr-FR\",\"@id\":\"https:\\\/\\\/www.agrotrak.ch\\\/fr\\\/technique-agricole\\\/rapid\\\/#primaryimage\",\"url\":\"https:\\\/\\\/agrotrak.ch\\\/app\\\/uploads\\\/2023\\\/05\\\/rapid2.jpg\",\"contentUrl\":\"https:\\\/\\\/agrotrak.ch\\\/app\\\/uploads\\\/2023\\\/05\\\/rapid2.jpg\"},{\"@type\":\"BreadcrumbList\",\"@id\":\"https:\\\/\\\/www.agrotrak.ch\\\/fr\\\/technique-agricole\\\/rapid\\\/#breadcrumb\",\"itemListElement\":[{\"@type\":\"ListItem\",\"position\":1,\"name\":\"Startseite\",\"item\":\"https:\\\/\\\/www.agrotrak.ch\\\/fr\\\/\"},{\"@type\":\"ListItem\",\"position\":2,\"name\":\"TECHNIQUE AGRICOLE\",\"item\":\"https:\\\/\\\/www.agrotrak.ch\\\/fr\\\/technique-agricole\\\/\"},{\"@type\":\"ListItem\",\"position\":3,\"name\":\"RAPID\"}]},{\"@type\":\"WebSite\",\"@id\":\"https:\\\/\\\/www.agrotrak.ch\\\/#website\",\"url\":\"https:\\\/\\\/www.agrotrak.ch\\\/\",\"name\":\"AGROTRAK\",\"description\":\"Landmaschinen, Motorger\u00e4te\",\"potentialAction\":[{\"@type\":\"SearchAction\",\"target\":{\"@type\":\"EntryPoint\",\"urlTemplate\":\"https:\\\/\\\/www.agrotrak.ch\\\/?s={search_term_string}\"},\"query-input\":{\"@type\":\"PropertyValueSpecification\",\"valueRequired\":true,\"valueName\":\"search_term_string\"}}],\"inLanguage\":\"fr-FR\"}]}<\/script>\n<!-- \/ Yoast SEO plugin. -->","yoast_head_json":{"title":"RAPID - AGROTRAK","description":"rapid: rapid est un fabricant leader de porte-outils et d'outils port\u00e9s pour l'agriculture, l'horticulture et les applications communales.","robots":{"index":"index","follow":"follow","max-snippet":"max-snippet:-1","max-image-preview":"max-image-preview:large","max-video-preview":"max-video-preview:-1"},"canonical":"https:\/\/www.agrotrak.ch\/fr\/technique-agricole\/rapid\/","og_locale":"fr_FR","og_type":"article","og_title":"RAPID - AGROTRAK","og_description":"rapid: rapid est un fabricant leader de porte-outils et d'outils port\u00e9s pour l'agriculture, l'horticulture et les applications communales.","og_url":"https:\/\/www.agrotrak.ch\/fr\/technique-agricole\/rapid\/","og_site_name":"AGROTRAK","article_modified_time":"2023-05-16T11:43:14+00:00","og_image":[{"url":"https:\/\/agrotrak.ch\/app\/uploads\/2023\/05\/rapid2.jpg","type":"","width":"","height":""}],"twitter_card":"summary_large_image","twitter_misc":{"Est. reading time":"3 minutes"},"schema":{"@context":"https:\/\/schema.org","@graph":[{"@type":"WebPage","@id":"https:\/\/www.agrotrak.ch\/fr\/technique-agricole\/rapid\/","url":"https:\/\/www.agrotrak.ch\/fr\/technique-agricole\/rapid\/","name":"RAPID - AGROTRAK","isPartOf":{"@id":"https:\/\/www.agrotrak.ch\/#website"},"primaryImageOfPage":{"@id":"https:\/\/www.agrotrak.ch\/fr\/technique-agricole\/rapid\/#primaryimage"},"image":{"@id":"https:\/\/www.agrotrak.ch\/fr\/technique-agricole\/rapid\/#primaryimage"},"thumbnailUrl":"https:\/\/agrotrak.ch\/app\/uploads\/2023\/05\/rapid2.jpg","datePublished":"2023-05-12T13:22:39+00:00","dateModified":"2023-05-16T11:43:14+00:00","description":"rapid: rapid est un fabricant leader de porte-outils et d'outils port\u00e9s pour l'agriculture, l'horticulture et les applications communales.","breadcrumb":{"@id":"https:\/\/www.agrotrak.ch\/fr\/technique-agricole\/rapid\/#breadcrumb"},"inLanguage":"fr-FR","potentialAction":[{"@type":"ReadAction","target":["https:\/\/www.agrotrak.ch\/fr\/technique-agricole\/rapid\/"]}]},{"@type":"ImageObject","inLanguage":"fr-FR","@id":"https:\/\/www.agrotrak.ch\/fr\/technique-agricole\/rapid\/#primaryimage","url":"https:\/\/agrotrak.ch\/app\/uploads\/2023\/05\/rapid2.jpg","contentUrl":"https:\/\/agrotrak.ch\/app\/uploads\/2023\/05\/rapid2.jpg"},{"@type":"BreadcrumbList","@id":"https:\/\/www.agrotrak.ch\/fr\/technique-agricole\/rapid\/#breadcrumb","itemListElement":[{"@type":"ListItem","position":1,"name":"Startseite","item":"https:\/\/www.agrotrak.ch\/fr\/"},{"@type":"ListItem","position":2,"name":"TECHNIQUE AGRICOLE","item":"https:\/\/www.agrotrak.ch\/fr\/technique-agricole\/"},{"@type":"ListItem","position":3,"name":"RAPID"}]},{"@type":"WebSite","@id":"https:\/\/www.agrotrak.ch\/#website","url":"https:\/\/www.agrotrak.ch\/","name":"AGROTRAK","description":"Landmaschinen, Motorger\u00e4te","potentialAction":[{"@type":"SearchAction","target":{"@type":"EntryPoint","urlTemplate":"https:\/\/www.agrotrak.ch\/?s={search_term_string}"},"query-input":{"@type":"PropertyValueSpecification","valueRequired":true,"valueName":"search_term_string"}}],"inLanguage":"fr-FR"}]}},"_links":{"self":[{"href":"https:\/\/www.agrotrak.ch\/fr\/wp-json\/wp\/v2\/pages\/1216","targetHints":{"allow":["GET"]}}],"collection":[{"href":"https:\/\/www.agrotrak.ch\/fr\/wp-json\/wp\/v2\/pages"}],"about":[{"href":"https:\/\/www.agrotrak.ch\/fr\/wp-json\/wp\/v2\/types\/page"}],"author":[{"embeddable":true,"href":"https:\/\/www.agrotrak.ch\/fr\/wp-json\/wp\/v2\/users\/2"}],"replies":[{"embeddable":true,"href":"https:\/\/www.agrotrak.ch\/fr\/wp-json\/wp\/v2\/comments?post=1216"}],"version-history":[{"count":3,"href":"https:\/\/www.agrotrak.ch\/fr\/wp-json\/wp\/v2\/pages\/1216\/revisions"}],"predecessor-version":[{"id":1400,"href":"https:\/\/www.agrotrak.ch\/fr\/wp-json\/wp\/v2\/pages\/1216\/revisions\/1400"}],"up":[{"embeddable":true,"href":"https:\/\/www.agrotrak.ch\/fr\/wp-json\/wp\/v2\/pages\/1187"}],"wp:attachment":[{"href":"https:\/\/www.agrotrak.ch\/fr\/wp-json\/wp\/v2\/media?parent=1216"}],"curies":[{"name":"wp","href":"https:\/\/api.w.org\/{rel}","templated":true}]}}