{"id":1209,"date":"2023-05-12T15:17:37","date_gmt":"2023-05-12T13:17:37","guid":{"rendered":"https:\/\/projects.botanibot.com\/agrotrak23\/?page_id=1209"},"modified":"2023-05-16T13:41:46","modified_gmt":"2023-05-16T11:41:46","slug":"strautmann","status":"publish","type":"page","link":"https:\/\/www.agrotrak.ch\/fr\/technique-agricole\/strautmann\/","title":{"rendered":"STRAUTMANN"},"content":{"rendered":"\n<div class=\"wp-block-cover is-light\"><span aria-hidden=\"true\" class=\"wp-block-cover__background has-background-dim-0 has-background-dim\"><\/span><img loading=\"lazy\" decoding=\"async\" width=\"1600\" height=\"658\" class=\"wp-block-cover__image-background wp-image-798\" alt=\"Strautmann Agrotrak Sierre\" src=\"https:\/\/agrotrak.ch\/app\/uploads\/2023\/05\/header_strautmann1.jpg\" data-object-fit=\"cover\" srcset=\"https:\/\/www.agrotrak.ch\/app\/uploads\/2023\/05\/header_strautmann1.jpg 1600w, https:\/\/www.agrotrak.ch\/app\/uploads\/2023\/05\/header_strautmann1-300x123.jpg 300w, https:\/\/www.agrotrak.ch\/app\/uploads\/2023\/05\/header_strautmann1-1024x421.jpg 1024w, https:\/\/www.agrotrak.ch\/app\/uploads\/2023\/05\/header_strautmann1-768x316.jpg 768w, https:\/\/www.agrotrak.ch\/app\/uploads\/2023\/05\/header_strautmann1-1536x632.jpg 1536w, https:\/\/www.agrotrak.ch\/app\/uploads\/2023\/05\/header_strautmann1-600x247.jpg 600w, https:\/\/www.agrotrak.ch\/app\/uploads\/2023\/05\/header_strautmann1-1200x494.jpg 1200w, https:\/\/www.agrotrak.ch\/app\/uploads\/2023\/05\/header_strautmann1-324x133.jpg 324w, https:\/\/www.agrotrak.ch\/app\/uploads\/2023\/05\/header_strautmann1-416x171.jpg 416w\" sizes=\"auto, (max-width: 1600px) 100vw, 1600px\" \/><div class=\"wp-block-cover__inner-container is-layout-flow wp-block-cover-is-layout-flow\">\n<p class=\"has-text-align-center has-large-font-size\"><\/p>\n<\/div><\/div>\n\n\n\n<div class=\"wp-block-group has-white-background-color has-background\"><div class=\"wp-block-group__inner-container is-layout-flow wp-block-group-is-layout-flow\">\n<h2 class=\"wp-block-heading has-mutedbrown-color has-text-color\"><strong><strong>TECHNIQUE AGRICOLE <\/strong><\/strong>\u2013 STRAUTMANN<\/h2>\n\n\n\n<p>En tant que fabricant de machines largement diversifi\u00e9 dans les domaines de l&#8217;alimentation du b\u00e9tail, de la r\u00e9cup\u00e9ration du fourrage vert, de l&#8217;\u00e9pandage universel et de la technique de transport ainsi que de la technique de dosage d&#8217;apport pour les installations de biogaz, Strautmann Landmaschinen est le partenaire comp\u00e9tent pour presque tous les clients de ce secteur. Entreprise familiale situ\u00e9e dans le district d&#8217;Osnabr\u00fcck, elle est maintenant dirig\u00e9e par la quatri\u00e8me g\u00e9n\u00e9ration apr\u00e8s plus de 90 ans d&#8217;existence. Sur une surface de production de plus de 34.000 m\u00b2, environ 370 employ\u00e9s fabriquent la majeure partie de la gamme de produits Strautmann &#8211; comme les m\u00e9langeuses \u00e0 fourrage, les \u00e9pandeurs universels et les autochargeuses.<\/p>\n\n\n\n<div class=\"wp-block-columns is-layout-flex wp-container-core-columns-is-layout-28f84493 wp-block-columns-is-layout-flex\">\n<div class=\"wp-block-column is-layout-flow wp-block-column-is-layout-flow\">\n<div class=\"wp-block-media-text alignwide is-stacked-on-mobile is-style-stacked has-beige-background-color has-background\"><figure class=\"wp-block-media-text__media\"><img loading=\"lazy\" decoding=\"async\" width=\"900\" height=\"564\" src=\"https:\/\/agrotrak.ch\/app\/uploads\/2023\/05\/straut.jpg\" alt=\"Vertimix 1251 strautmann Agrotrak Sierre\" class=\"wp-image-809 size-full\" srcset=\"https:\/\/www.agrotrak.ch\/app\/uploads\/2023\/05\/straut.jpg 900w, https:\/\/www.agrotrak.ch\/app\/uploads\/2023\/05\/straut-300x188.jpg 300w, https:\/\/www.agrotrak.ch\/app\/uploads\/2023\/05\/straut-768x481.jpg 768w, https:\/\/www.agrotrak.ch\/app\/uploads\/2023\/05\/straut-600x376.jpg 600w, https:\/\/www.agrotrak.ch\/app\/uploads\/2023\/05\/straut-324x203.jpg 324w, https:\/\/www.agrotrak.ch\/app\/uploads\/2023\/05\/straut-416x261.jpg 416w\" sizes=\"auto, (max-width: 900px) 100vw, 900px\" \/><\/figure><div class=\"wp-block-media-text__content\">\n<h3 class=\"wp-block-heading has-white-color has-green-background-color has-text-color has-background\"><strong>VERTIMIX 1251<\/strong><\/h3>\n\n\n\n<p>M\u00e9langer le fourrage, le distribuer et pailler les logettes &#8211; le tout avec une seule machine. Le ventilateur de paille \u00e0 entra\u00eenement m\u00e9canique projette le m\u00e9lange de liti\u00e8re jusqu&#8217;\u00e0 20 m dans l&#8217;\u00e9table.<\/p>\n\n\n\n<p>Vid\u00e9o, le Vertimix en action :<\/p>\n\n\n\n<div class=\"wp-block-buttons is-layout-flex wp-block-buttons-is-layout-flex\">\n<div class=\"wp-block-button\"><a class=\"wp-block-button__link has-lightgray-color has-orange-background-color has-text-color has-background wp-element-button\" href=\"https:\/\/www.youtube.com\/watch?v=kfLyzZdd5DA\" target=\"_blank\" rel=\"noreferrer noopener\">VIDEO VERTIMIX<\/a><\/div>\n<\/div>\n<\/div><\/div>\n<\/div>\n\n\n\n<div class=\"wp-block-column is-layout-flow wp-block-column-is-layout-flow\">\n<div class=\"wp-block-media-text alignwide is-stacked-on-mobile is-style-stacked has-beige-background-color has-background\"><figure class=\"wp-block-media-text__media\"><img loading=\"lazy\" decoding=\"async\" width=\"900\" height=\"564\" src=\"https:\/\/agrotrak.ch\/app\/uploads\/2023\/05\/andyverkauf.jpg\" alt=\"Andy J\u00e4ger, Agrotrak Sierre\" class=\"wp-image-714 size-full\" srcset=\"https:\/\/www.agrotrak.ch\/app\/uploads\/2023\/05\/andyverkauf.jpg 900w, https:\/\/www.agrotrak.ch\/app\/uploads\/2023\/05\/andyverkauf-300x188.jpg 300w, https:\/\/www.agrotrak.ch\/app\/uploads\/2023\/05\/andyverkauf-768x481.jpg 768w, https:\/\/www.agrotrak.ch\/app\/uploads\/2023\/05\/andyverkauf-600x376.jpg 600w, https:\/\/www.agrotrak.ch\/app\/uploads\/2023\/05\/andyverkauf-324x203.jpg 324w, https:\/\/www.agrotrak.ch\/app\/uploads\/2023\/05\/andyverkauf-416x261.jpg 416w\" sizes=\"auto, (max-width: 900px) 100vw, 900px\" \/><\/figure><div class=\"wp-block-media-text__content\">\n<h3 class=\"wp-block-heading has-white-color has-green-background-color has-text-color has-background\"><strong><strong>CONSEIL CHEZ AGROTRAK<\/strong><\/strong><\/h3>\n\n\n\n<p>Notre \u00e9quipe de vente AGROTRAK, dirig\u00e9e par Andy J\u00e4ger, se fera un plaisir de r\u00e9pondre \u00e0 vos questions sur nos produits.<\/p>\n\n\n\n<p>N&#8217;h\u00e9sitez pas \u00e0 nous contacter, nous sommes \u00e0 votre disposition :<br>Mobile 079 373 36 25<br><a href=\"mailto:&#97;&#110;&#100;&#121;&#64;&#97;&#103;&#114;&#111;&#116;&#114;&#97;&#107;&#46;&#99;&#104;\">&#97;&#110;&#100;&#121;&#64;&#97;&#103;&#114;&#111;&#116;&#114;&#97;&#107;&#46;&#99;&#104;<\/a><br><br><br><\/p>\n<\/div><\/div>\n<\/div>\n<\/div>\n\n\n\n<div style=\"height:12px\" aria-hidden=\"true\" class=\"wp-block-spacer\"><\/div>\n\n\n\n<div class=\"wp-block-buttons is-layout-flex wp-block-buttons-is-layout-flex\"><\/div>\n<\/div><\/div>\n\n\n\n<div class=\"wp-block-cover is-light\"><span aria-hidden=\"true\" class=\"wp-block-cover__background has-background-dim-0 has-background-dim\"><\/span><img loading=\"lazy\" decoding=\"async\" width=\"1600\" height=\"658\" class=\"wp-block-cover__image-background wp-image-595\" alt=\"Strautmann Valais Sierre\" src=\"https:\/\/agrotrak.ch\/app\/uploads\/2023\/05\/strautmann2.jpg\" data-object-fit=\"cover\" srcset=\"https:\/\/www.agrotrak.ch\/app\/uploads\/2023\/05\/strautmann2.jpg 1600w, https:\/\/www.agrotrak.ch\/app\/uploads\/2023\/05\/strautmann2-300x123.jpg 300w, https:\/\/www.agrotrak.ch\/app\/uploads\/2023\/05\/strautmann2-1024x421.jpg 1024w, https:\/\/www.agrotrak.ch\/app\/uploads\/2023\/05\/strautmann2-768x316.jpg 768w, https:\/\/www.agrotrak.ch\/app\/uploads\/2023\/05\/strautmann2-1536x632.jpg 1536w, https:\/\/www.agrotrak.ch\/app\/uploads\/2023\/05\/strautmann2-600x247.jpg 600w, https:\/\/www.agrotrak.ch\/app\/uploads\/2023\/05\/strautmann2-1200x494.jpg 1200w, https:\/\/www.agrotrak.ch\/app\/uploads\/2023\/05\/strautmann2-324x133.jpg 324w, https:\/\/www.agrotrak.ch\/app\/uploads\/2023\/05\/strautmann2-416x171.jpg 416w\" sizes=\"auto, (max-width: 1600px) 100vw, 1600px\" \/><div class=\"wp-block-cover__inner-container is-layout-flow wp-block-cover-is-layout-flow\">\n<p class=\"has-text-align-center has-large-font-size\"><\/p>\n<\/div><\/div>\n","protected":false},"excerpt":{"rendered":"<p>TECHNIQUE AGRICOLE \u2013 STRAUTMANN En tant que fabricant de machines largement diversifi\u00e9 dans les domaines de l&#8217;alimentation du b\u00e9tail, de la r\u00e9cup\u00e9ration du fourrage vert, de l&#8217;\u00e9pandage universel et de la technique de transport ainsi que de la technique de dosage d&#8217;apport pour les installations de biogaz, Strautmann Landmaschinen est le partenaire comp\u00e9tent pour presque [&hellip;]<\/p>\n","protected":false},"author":2,"featured_media":0,"parent":1187,"menu_order":20,"comment_status":"closed","ping_status":"closed","template":"","meta":{"inline_featured_image":false,"footnotes":""},"class_list":["post-1209","page","type-page","status-publish","hentry"],"yoast_head":"<!-- This site is optimized with the Yoast SEO plugin v27.4 - https:\/\/yoast.com\/product\/yoast-seo-wordpress\/ -->\n<title>STRAUTMANN - AGROTRAK<\/title>\n<meta name=\"description\" content=\"STRAUTMANN: Agrotrak Sierre \u2013 Vertimix: M\u00e9langer le fourrage, le distribuer et pailler les logettes - le tout avec une seule machine.\" \/>\n<meta name=\"robots\" content=\"index, follow, max-snippet:-1, max-image-preview:large, max-video-preview:-1\" \/>\n<link rel=\"canonical\" href=\"https:\/\/www.agrotrak.ch\/fr\/technique-agricole\/strautmann\/\" \/>\n<meta property=\"og:locale\" content=\"fr_FR\" \/>\n<meta property=\"og:type\" content=\"article\" \/>\n<meta property=\"og:title\" content=\"STRAUTMANN - AGROTRAK\" \/>\n<meta property=\"og:description\" content=\"STRAUTMANN: Agrotrak Sierre \u2013 Vertimix: M\u00e9langer le fourrage, le distribuer et pailler les logettes - le tout avec une seule machine.\" \/>\n<meta property=\"og:url\" content=\"https:\/\/www.agrotrak.ch\/fr\/technique-agricole\/strautmann\/\" \/>\n<meta property=\"og:site_name\" content=\"AGROTRAK\" \/>\n<meta property=\"article:modified_time\" content=\"2023-05-16T11:41:46+00:00\" \/>\n<meta property=\"og:image\" content=\"https:\/\/agrotrak.ch\/app\/uploads\/2023\/05\/header_strautmann1.jpg\" \/>\n<meta name=\"twitter:card\" content=\"summary_large_image\" \/>\n<meta name=\"twitter:label1\" content=\"Est. reading time\" \/>\n\t<meta name=\"twitter:data1\" content=\"2 minutes\" \/>\n<script type=\"application\/ld+json\" class=\"yoast-schema-graph\">{\"@context\":\"https:\\\/\\\/schema.org\",\"@graph\":[{\"@type\":\"WebPage\",\"@id\":\"https:\\\/\\\/www.agrotrak.ch\\\/fr\\\/technique-agricole\\\/strautmann\\\/\",\"url\":\"https:\\\/\\\/www.agrotrak.ch\\\/fr\\\/technique-agricole\\\/strautmann\\\/\",\"name\":\"STRAUTMANN - AGROTRAK\",\"isPartOf\":{\"@id\":\"https:\\\/\\\/www.agrotrak.ch\\\/#website\"},\"primaryImageOfPage\":{\"@id\":\"https:\\\/\\\/www.agrotrak.ch\\\/fr\\\/technique-agricole\\\/strautmann\\\/#primaryimage\"},\"image\":{\"@id\":\"https:\\\/\\\/www.agrotrak.ch\\\/fr\\\/technique-agricole\\\/strautmann\\\/#primaryimage\"},\"thumbnailUrl\":\"https:\\\/\\\/agrotrak.ch\\\/app\\\/uploads\\\/2023\\\/05\\\/header_strautmann1.jpg\",\"datePublished\":\"2023-05-12T13:17:37+00:00\",\"dateModified\":\"2023-05-16T11:41:46+00:00\",\"description\":\"STRAUTMANN: Agrotrak Sierre \u2013 Vertimix: M\u00e9langer le fourrage, le distribuer et pailler les logettes - le tout avec une seule machine.\",\"breadcrumb\":{\"@id\":\"https:\\\/\\\/www.agrotrak.ch\\\/fr\\\/technique-agricole\\\/strautmann\\\/#breadcrumb\"},\"inLanguage\":\"fr-FR\",\"potentialAction\":[{\"@type\":\"ReadAction\",\"target\":[\"https:\\\/\\\/www.agrotrak.ch\\\/fr\\\/technique-agricole\\\/strautmann\\\/\"]}]},{\"@type\":\"ImageObject\",\"inLanguage\":\"fr-FR\",\"@id\":\"https:\\\/\\\/www.agrotrak.ch\\\/fr\\\/technique-agricole\\\/strautmann\\\/#primaryimage\",\"url\":\"https:\\\/\\\/agrotrak.ch\\\/app\\\/uploads\\\/2023\\\/05\\\/header_strautmann1.jpg\",\"contentUrl\":\"https:\\\/\\\/agrotrak.ch\\\/app\\\/uploads\\\/2023\\\/05\\\/header_strautmann1.jpg\"},{\"@type\":\"BreadcrumbList\",\"@id\":\"https:\\\/\\\/www.agrotrak.ch\\\/fr\\\/technique-agricole\\\/strautmann\\\/#breadcrumb\",\"itemListElement\":[{\"@type\":\"ListItem\",\"position\":1,\"name\":\"Startseite\",\"item\":\"https:\\\/\\\/www.agrotrak.ch\\\/fr\\\/\"},{\"@type\":\"ListItem\",\"position\":2,\"name\":\"TECHNIQUE AGRICOLE\",\"item\":\"https:\\\/\\\/www.agrotrak.ch\\\/fr\\\/technique-agricole\\\/\"},{\"@type\":\"ListItem\",\"position\":3,\"name\":\"STRAUTMANN\"}]},{\"@type\":\"WebSite\",\"@id\":\"https:\\\/\\\/www.agrotrak.ch\\\/#website\",\"url\":\"https:\\\/\\\/www.agrotrak.ch\\\/\",\"name\":\"AGROTRAK\",\"description\":\"Landmaschinen, Motorger\u00e4te\",\"potentialAction\":[{\"@type\":\"SearchAction\",\"target\":{\"@type\":\"EntryPoint\",\"urlTemplate\":\"https:\\\/\\\/www.agrotrak.ch\\\/?s={search_term_string}\"},\"query-input\":{\"@type\":\"PropertyValueSpecification\",\"valueRequired\":true,\"valueName\":\"search_term_string\"}}],\"inLanguage\":\"fr-FR\"}]}<\/script>\n<!-- \/ Yoast SEO plugin. -->","yoast_head_json":{"title":"STRAUTMANN - AGROTRAK","description":"STRAUTMANN: Agrotrak Sierre \u2013 Vertimix: M\u00e9langer le fourrage, le distribuer et pailler les logettes - le tout avec une seule machine.","robots":{"index":"index","follow":"follow","max-snippet":"max-snippet:-1","max-image-preview":"max-image-preview:large","max-video-preview":"max-video-preview:-1"},"canonical":"https:\/\/www.agrotrak.ch\/fr\/technique-agricole\/strautmann\/","og_locale":"fr_FR","og_type":"article","og_title":"STRAUTMANN - AGROTRAK","og_description":"STRAUTMANN: Agrotrak Sierre \u2013 Vertimix: M\u00e9langer le fourrage, le distribuer et pailler les logettes - le tout avec une seule machine.","og_url":"https:\/\/www.agrotrak.ch\/fr\/technique-agricole\/strautmann\/","og_site_name":"AGROTRAK","article_modified_time":"2023-05-16T11:41:46+00:00","og_image":[{"url":"https:\/\/agrotrak.ch\/app\/uploads\/2023\/05\/header_strautmann1.jpg","type":"","width":"","height":""}],"twitter_card":"summary_large_image","twitter_misc":{"Est. reading time":"2 minutes"},"schema":{"@context":"https:\/\/schema.org","@graph":[{"@type":"WebPage","@id":"https:\/\/www.agrotrak.ch\/fr\/technique-agricole\/strautmann\/","url":"https:\/\/www.agrotrak.ch\/fr\/technique-agricole\/strautmann\/","name":"STRAUTMANN - AGROTRAK","isPartOf":{"@id":"https:\/\/www.agrotrak.ch\/#website"},"primaryImageOfPage":{"@id":"https:\/\/www.agrotrak.ch\/fr\/technique-agricole\/strautmann\/#primaryimage"},"image":{"@id":"https:\/\/www.agrotrak.ch\/fr\/technique-agricole\/strautmann\/#primaryimage"},"thumbnailUrl":"https:\/\/agrotrak.ch\/app\/uploads\/2023\/05\/header_strautmann1.jpg","datePublished":"2023-05-12T13:17:37+00:00","dateModified":"2023-05-16T11:41:46+00:00","description":"STRAUTMANN: Agrotrak Sierre \u2013 Vertimix: M\u00e9langer le fourrage, le distribuer et pailler les logettes - le tout avec une seule machine.","breadcrumb":{"@id":"https:\/\/www.agrotrak.ch\/fr\/technique-agricole\/strautmann\/#breadcrumb"},"inLanguage":"fr-FR","potentialAction":[{"@type":"ReadAction","target":["https:\/\/www.agrotrak.ch\/fr\/technique-agricole\/strautmann\/"]}]},{"@type":"ImageObject","inLanguage":"fr-FR","@id":"https:\/\/www.agrotrak.ch\/fr\/technique-agricole\/strautmann\/#primaryimage","url":"https:\/\/agrotrak.ch\/app\/uploads\/2023\/05\/header_strautmann1.jpg","contentUrl":"https:\/\/agrotrak.ch\/app\/uploads\/2023\/05\/header_strautmann1.jpg"},{"@type":"BreadcrumbList","@id":"https:\/\/www.agrotrak.ch\/fr\/technique-agricole\/strautmann\/#breadcrumb","itemListElement":[{"@type":"ListItem","position":1,"name":"Startseite","item":"https:\/\/www.agrotrak.ch\/fr\/"},{"@type":"ListItem","position":2,"name":"TECHNIQUE AGRICOLE","item":"https:\/\/www.agrotrak.ch\/fr\/technique-agricole\/"},{"@type":"ListItem","position":3,"name":"STRAUTMANN"}]},{"@type":"WebSite","@id":"https:\/\/www.agrotrak.ch\/#website","url":"https:\/\/www.agrotrak.ch\/","name":"AGROTRAK","description":"Landmaschinen, Motorger\u00e4te","potentialAction":[{"@type":"SearchAction","target":{"@type":"EntryPoint","urlTemplate":"https:\/\/www.agrotrak.ch\/?s={search_term_string}"},"query-input":{"@type":"PropertyValueSpecification","valueRequired":true,"valueName":"search_term_string"}}],"inLanguage":"fr-FR"}]}},"_links":{"self":[{"href":"https:\/\/www.agrotrak.ch\/fr\/wp-json\/wp\/v2\/pages\/1209","targetHints":{"allow":["GET"]}}],"collection":[{"href":"https:\/\/www.agrotrak.ch\/fr\/wp-json\/wp\/v2\/pages"}],"about":[{"href":"https:\/\/www.agrotrak.ch\/fr\/wp-json\/wp\/v2\/types\/page"}],"author":[{"embeddable":true,"href":"https:\/\/www.agrotrak.ch\/fr\/wp-json\/wp\/v2\/users\/2"}],"replies":[{"embeddable":true,"href":"https:\/\/www.agrotrak.ch\/fr\/wp-json\/wp\/v2\/comments?post=1209"}],"version-history":[{"count":6,"href":"https:\/\/www.agrotrak.ch\/fr\/wp-json\/wp\/v2\/pages\/1209\/revisions"}],"predecessor-version":[{"id":1215,"href":"https:\/\/www.agrotrak.ch\/fr\/wp-json\/wp\/v2\/pages\/1209\/revisions\/1215"}],"up":[{"embeddable":true,"href":"https:\/\/www.agrotrak.ch\/fr\/wp-json\/wp\/v2\/pages\/1187"}],"wp:attachment":[{"href":"https:\/\/www.agrotrak.ch\/fr\/wp-json\/wp\/v2\/media?parent=1209"}],"curies":[{"name":"wp","href":"https:\/\/api.w.org\/{rel}","templated":true}]}}