{"id":1207,"date":"2023-05-12T15:16:00","date_gmt":"2023-05-12T13:16:00","guid":{"rendered":"https:\/\/projects.botanibot.com\/agrotrak23\/?page_id=1207"},"modified":"2023-05-16T13:38:58","modified_gmt":"2023-05-16T11:38:58","slug":"kuhn","status":"publish","type":"page","link":"https:\/\/www.agrotrak.ch\/fr\/technique-agricole\/kuhn\/","title":{"rendered":"KUHN"},"content":{"rendered":"\n<div class=\"wp-block-cover is-light\"><span aria-hidden=\"true\" class=\"wp-block-cover__background has-background-dim-0 has-background-dim\"><\/span><img loading=\"lazy\" decoding=\"async\" width=\"1600\" height=\"658\" class=\"wp-block-cover__image-background wp-image-582\" alt=\"Kuhn VALAIS\" src=\"https:\/\/agrotrak.ch\/app\/uploads\/2023\/05\/kuhn1.jpg\" data-object-fit=\"cover\" srcset=\"https:\/\/www.agrotrak.ch\/app\/uploads\/2023\/05\/kuhn1.jpg 1600w, https:\/\/www.agrotrak.ch\/app\/uploads\/2023\/05\/kuhn1-300x123.jpg 300w, https:\/\/www.agrotrak.ch\/app\/uploads\/2023\/05\/kuhn1-1024x421.jpg 1024w, https:\/\/www.agrotrak.ch\/app\/uploads\/2023\/05\/kuhn1-768x316.jpg 768w, https:\/\/www.agrotrak.ch\/app\/uploads\/2023\/05\/kuhn1-1536x632.jpg 1536w, https:\/\/www.agrotrak.ch\/app\/uploads\/2023\/05\/kuhn1-600x247.jpg 600w, https:\/\/www.agrotrak.ch\/app\/uploads\/2023\/05\/kuhn1-1200x494.jpg 1200w, https:\/\/www.agrotrak.ch\/app\/uploads\/2023\/05\/kuhn1-324x133.jpg 324w, https:\/\/www.agrotrak.ch\/app\/uploads\/2023\/05\/kuhn1-416x171.jpg 416w\" sizes=\"auto, (max-width: 1600px) 100vw, 1600px\" \/><div class=\"wp-block-cover__inner-container is-layout-flow wp-block-cover-is-layout-flow\">\n<p class=\"has-text-align-center has-large-font-size\"><\/p>\n<\/div><\/div>\n\n\n\n<div class=\"wp-block-group has-white-background-color has-background\"><div class=\"wp-block-group__inner-container is-layout-flow wp-block-group-is-layout-flow\">\n<h2 class=\"wp-block-heading has-mutedbrown-color has-text-color\"><strong>TECHNIQUE ACRIGOLE<strong> <\/strong><\/strong>\u2013 KUHN<\/h2>\n\n\n\n<p>Les besoins du secteur agricole \u00e9voluent constamment et la demande de produits et de services de qualit\u00e9 ne cesse de cro\u00eetre. KUHN s&#8217;efforce de garantir la disponibilit\u00e9 des meilleures machines afin de r\u00e9pondre aux besoins changeants de l&#8217;agriculture. KUHN s&#8217;engage \u00e0 fournir \u00e0 l&#8217;agriculture des produits, des pi\u00e8ces et des services de qualit\u00e9.<\/p>\n\n\n\n<p>Vous trouverez plus d&#8217;informations et de produits sur:<br><a href=\"https:\/\/www.kuhn.de\/\" target=\"_blank\" rel=\"noreferrer noopener\"><strong>www.kuhn.de<\/strong><\/a><\/p>\n\n\n\n<div style=\"height:12px\" aria-hidden=\"true\" class=\"wp-block-spacer\"><\/div>\n\n\n\n<div class=\"wp-block-buttons is-layout-flex wp-block-buttons-is-layout-flex\"><\/div>\n<\/div><\/div>\n\n\n\n<div class=\"wp-block-cover\"><span aria-hidden=\"true\" class=\"wp-block-cover__background has-background-dim-0 has-background-dim\"><\/span><img loading=\"lazy\" decoding=\"async\" width=\"1600\" height=\"658\" class=\"wp-block-cover__image-background wp-image-586\" alt=\"KUHN Valais Sierre, Agrotrak\" src=\"https:\/\/agrotrak.ch\/app\/uploads\/2023\/05\/kuhn2-1.jpg\" data-object-fit=\"cover\" srcset=\"https:\/\/www.agrotrak.ch\/app\/uploads\/2023\/05\/kuhn2-1.jpg 1600w, https:\/\/www.agrotrak.ch\/app\/uploads\/2023\/05\/kuhn2-1-300x123.jpg 300w, https:\/\/www.agrotrak.ch\/app\/uploads\/2023\/05\/kuhn2-1-1024x421.jpg 1024w, https:\/\/www.agrotrak.ch\/app\/uploads\/2023\/05\/kuhn2-1-768x316.jpg 768w, https:\/\/www.agrotrak.ch\/app\/uploads\/2023\/05\/kuhn2-1-1536x632.jpg 1536w, https:\/\/www.agrotrak.ch\/app\/uploads\/2023\/05\/kuhn2-1-600x247.jpg 600w, https:\/\/www.agrotrak.ch\/app\/uploads\/2023\/05\/kuhn2-1-1200x494.jpg 1200w, https:\/\/www.agrotrak.ch\/app\/uploads\/2023\/05\/kuhn2-1-324x133.jpg 324w, https:\/\/www.agrotrak.ch\/app\/uploads\/2023\/05\/kuhn2-1-416x171.jpg 416w\" sizes=\"auto, (max-width: 1600px) 100vw, 1600px\" \/><div class=\"wp-block-cover__inner-container is-layout-flow wp-block-cover-is-layout-flow\">\n<p class=\"has-text-align-center has-large-font-size\"><\/p>\n<\/div><\/div>\n","protected":false},"excerpt":{"rendered":"<p>TECHNIQUE ACRIGOLE \u2013 KUHN Les besoins du secteur agricole \u00e9voluent constamment et la demande de produits et de services de qualit\u00e9 ne cesse de cro\u00eetre. KUHN s&#8217;efforce de garantir la disponibilit\u00e9 des meilleures machines afin de r\u00e9pondre aux besoins changeants de l&#8217;agriculture. KUHN s&#8217;engage \u00e0 fournir \u00e0 l&#8217;agriculture des produits, des pi\u00e8ces et des services [&hellip;]<\/p>\n","protected":false},"author":2,"featured_media":0,"parent":1187,"menu_order":18,"comment_status":"closed","ping_status":"closed","template":"","meta":{"inline_featured_image":false,"footnotes":""},"class_list":["post-1207","page","type-page","status-publish","hentry"],"yoast_head":"<!-- This site is optimized with the Yoast SEO plugin v27.4 - https:\/\/yoast.com\/product\/yoast-seo-wordpress\/ -->\n<title>KUHN - AGROTRAK<\/title>\n<meta name=\"description\" content=\"KUHN: Agrotrak. Les besoins du secteur agricole \u00e9voluent constamment et la demande de produits et de services de qualit\u00e9 ne cesse de cro\u00eetre.\" \/>\n<meta name=\"robots\" content=\"index, follow, max-snippet:-1, max-image-preview:large, max-video-preview:-1\" \/>\n<link rel=\"canonical\" href=\"https:\/\/www.agrotrak.ch\/fr\/technique-agricole\/kuhn\/\" \/>\n<meta property=\"og:locale\" content=\"fr_FR\" \/>\n<meta property=\"og:type\" content=\"article\" \/>\n<meta property=\"og:title\" content=\"KUHN - AGROTRAK\" \/>\n<meta property=\"og:description\" content=\"KUHN: Agrotrak. Les besoins du secteur agricole \u00e9voluent constamment et la demande de produits et de services de qualit\u00e9 ne cesse de cro\u00eetre.\" \/>\n<meta property=\"og:url\" content=\"https:\/\/www.agrotrak.ch\/fr\/technique-agricole\/kuhn\/\" \/>\n<meta property=\"og:site_name\" content=\"AGROTRAK\" \/>\n<meta property=\"article:modified_time\" content=\"2023-05-16T11:38:58+00:00\" \/>\n<meta property=\"og:image\" content=\"https:\/\/agrotrak.ch\/app\/uploads\/2023\/05\/kuhn1.jpg\" \/>\n<meta name=\"twitter:card\" content=\"summary_large_image\" \/>\n<meta name=\"twitter:label1\" content=\"Est. reading time\" \/>\n\t<meta name=\"twitter:data1\" content=\"1 minute\" \/>\n<script type=\"application\/ld+json\" class=\"yoast-schema-graph\">{\"@context\":\"https:\\\/\\\/schema.org\",\"@graph\":[{\"@type\":\"WebPage\",\"@id\":\"https:\\\/\\\/www.agrotrak.ch\\\/fr\\\/technique-agricole\\\/kuhn\\\/\",\"url\":\"https:\\\/\\\/www.agrotrak.ch\\\/fr\\\/technique-agricole\\\/kuhn\\\/\",\"name\":\"KUHN - AGROTRAK\",\"isPartOf\":{\"@id\":\"https:\\\/\\\/www.agrotrak.ch\\\/#website\"},\"primaryImageOfPage\":{\"@id\":\"https:\\\/\\\/www.agrotrak.ch\\\/fr\\\/technique-agricole\\\/kuhn\\\/#primaryimage\"},\"image\":{\"@id\":\"https:\\\/\\\/www.agrotrak.ch\\\/fr\\\/technique-agricole\\\/kuhn\\\/#primaryimage\"},\"thumbnailUrl\":\"https:\\\/\\\/agrotrak.ch\\\/app\\\/uploads\\\/2023\\\/05\\\/kuhn1.jpg\",\"datePublished\":\"2023-05-12T13:16:00+00:00\",\"dateModified\":\"2023-05-16T11:38:58+00:00\",\"description\":\"KUHN: Agrotrak. Les besoins du secteur agricole \u00e9voluent constamment et la demande de produits et de services de qualit\u00e9 ne cesse de cro\u00eetre.\",\"breadcrumb\":{\"@id\":\"https:\\\/\\\/www.agrotrak.ch\\\/fr\\\/technique-agricole\\\/kuhn\\\/#breadcrumb\"},\"inLanguage\":\"fr-FR\",\"potentialAction\":[{\"@type\":\"ReadAction\",\"target\":[\"https:\\\/\\\/www.agrotrak.ch\\\/fr\\\/technique-agricole\\\/kuhn\\\/\"]}]},{\"@type\":\"ImageObject\",\"inLanguage\":\"fr-FR\",\"@id\":\"https:\\\/\\\/www.agrotrak.ch\\\/fr\\\/technique-agricole\\\/kuhn\\\/#primaryimage\",\"url\":\"https:\\\/\\\/agrotrak.ch\\\/app\\\/uploads\\\/2023\\\/05\\\/kuhn1.jpg\",\"contentUrl\":\"https:\\\/\\\/agrotrak.ch\\\/app\\\/uploads\\\/2023\\\/05\\\/kuhn1.jpg\"},{\"@type\":\"BreadcrumbList\",\"@id\":\"https:\\\/\\\/www.agrotrak.ch\\\/fr\\\/technique-agricole\\\/kuhn\\\/#breadcrumb\",\"itemListElement\":[{\"@type\":\"ListItem\",\"position\":1,\"name\":\"Startseite\",\"item\":\"https:\\\/\\\/www.agrotrak.ch\\\/fr\\\/\"},{\"@type\":\"ListItem\",\"position\":2,\"name\":\"TECHNIQUE AGRICOLE\",\"item\":\"https:\\\/\\\/www.agrotrak.ch\\\/fr\\\/technique-agricole\\\/\"},{\"@type\":\"ListItem\",\"position\":3,\"name\":\"KUHN\"}]},{\"@type\":\"WebSite\",\"@id\":\"https:\\\/\\\/www.agrotrak.ch\\\/#website\",\"url\":\"https:\\\/\\\/www.agrotrak.ch\\\/\",\"name\":\"AGROTRAK\",\"description\":\"Landmaschinen, Motorger\u00e4te\",\"potentialAction\":[{\"@type\":\"SearchAction\",\"target\":{\"@type\":\"EntryPoint\",\"urlTemplate\":\"https:\\\/\\\/www.agrotrak.ch\\\/?s={search_term_string}\"},\"query-input\":{\"@type\":\"PropertyValueSpecification\",\"valueRequired\":true,\"valueName\":\"search_term_string\"}}],\"inLanguage\":\"fr-FR\"}]}<\/script>\n<!-- \/ Yoast SEO plugin. -->","yoast_head_json":{"title":"KUHN - AGROTRAK","description":"KUHN: Agrotrak. Les besoins du secteur agricole \u00e9voluent constamment et la demande de produits et de services de qualit\u00e9 ne cesse de cro\u00eetre.","robots":{"index":"index","follow":"follow","max-snippet":"max-snippet:-1","max-image-preview":"max-image-preview:large","max-video-preview":"max-video-preview:-1"},"canonical":"https:\/\/www.agrotrak.ch\/fr\/technique-agricole\/kuhn\/","og_locale":"fr_FR","og_type":"article","og_title":"KUHN - AGROTRAK","og_description":"KUHN: Agrotrak. Les besoins du secteur agricole \u00e9voluent constamment et la demande de produits et de services de qualit\u00e9 ne cesse de cro\u00eetre.","og_url":"https:\/\/www.agrotrak.ch\/fr\/technique-agricole\/kuhn\/","og_site_name":"AGROTRAK","article_modified_time":"2023-05-16T11:38:58+00:00","og_image":[{"url":"https:\/\/agrotrak.ch\/app\/uploads\/2023\/05\/kuhn1.jpg","type":"","width":"","height":""}],"twitter_card":"summary_large_image","twitter_misc":{"Est. reading time":"1 minute"},"schema":{"@context":"https:\/\/schema.org","@graph":[{"@type":"WebPage","@id":"https:\/\/www.agrotrak.ch\/fr\/technique-agricole\/kuhn\/","url":"https:\/\/www.agrotrak.ch\/fr\/technique-agricole\/kuhn\/","name":"KUHN - AGROTRAK","isPartOf":{"@id":"https:\/\/www.agrotrak.ch\/#website"},"primaryImageOfPage":{"@id":"https:\/\/www.agrotrak.ch\/fr\/technique-agricole\/kuhn\/#primaryimage"},"image":{"@id":"https:\/\/www.agrotrak.ch\/fr\/technique-agricole\/kuhn\/#primaryimage"},"thumbnailUrl":"https:\/\/agrotrak.ch\/app\/uploads\/2023\/05\/kuhn1.jpg","datePublished":"2023-05-12T13:16:00+00:00","dateModified":"2023-05-16T11:38:58+00:00","description":"KUHN: Agrotrak. Les besoins du secteur agricole \u00e9voluent constamment et la demande de produits et de services de qualit\u00e9 ne cesse de cro\u00eetre.","breadcrumb":{"@id":"https:\/\/www.agrotrak.ch\/fr\/technique-agricole\/kuhn\/#breadcrumb"},"inLanguage":"fr-FR","potentialAction":[{"@type":"ReadAction","target":["https:\/\/www.agrotrak.ch\/fr\/technique-agricole\/kuhn\/"]}]},{"@type":"ImageObject","inLanguage":"fr-FR","@id":"https:\/\/www.agrotrak.ch\/fr\/technique-agricole\/kuhn\/#primaryimage","url":"https:\/\/agrotrak.ch\/app\/uploads\/2023\/05\/kuhn1.jpg","contentUrl":"https:\/\/agrotrak.ch\/app\/uploads\/2023\/05\/kuhn1.jpg"},{"@type":"BreadcrumbList","@id":"https:\/\/www.agrotrak.ch\/fr\/technique-agricole\/kuhn\/#breadcrumb","itemListElement":[{"@type":"ListItem","position":1,"name":"Startseite","item":"https:\/\/www.agrotrak.ch\/fr\/"},{"@type":"ListItem","position":2,"name":"TECHNIQUE AGRICOLE","item":"https:\/\/www.agrotrak.ch\/fr\/technique-agricole\/"},{"@type":"ListItem","position":3,"name":"KUHN"}]},{"@type":"WebSite","@id":"https:\/\/www.agrotrak.ch\/#website","url":"https:\/\/www.agrotrak.ch\/","name":"AGROTRAK","description":"Landmaschinen, Motorger\u00e4te","potentialAction":[{"@type":"SearchAction","target":{"@type":"EntryPoint","urlTemplate":"https:\/\/www.agrotrak.ch\/?s={search_term_string}"},"query-input":{"@type":"PropertyValueSpecification","valueRequired":true,"valueName":"search_term_string"}}],"inLanguage":"fr-FR"}]}},"_links":{"self":[{"href":"https:\/\/www.agrotrak.ch\/fr\/wp-json\/wp\/v2\/pages\/1207","targetHints":{"allow":["GET"]}}],"collection":[{"href":"https:\/\/www.agrotrak.ch\/fr\/wp-json\/wp\/v2\/pages"}],"about":[{"href":"https:\/\/www.agrotrak.ch\/fr\/wp-json\/wp\/v2\/types\/page"}],"author":[{"embeddable":true,"href":"https:\/\/www.agrotrak.ch\/fr\/wp-json\/wp\/v2\/users\/2"}],"replies":[{"embeddable":true,"href":"https:\/\/www.agrotrak.ch\/fr\/wp-json\/wp\/v2\/comments?post=1207"}],"version-history":[{"count":1,"href":"https:\/\/www.agrotrak.ch\/fr\/wp-json\/wp\/v2\/pages\/1207\/revisions"}],"predecessor-version":[{"id":1208,"href":"https:\/\/www.agrotrak.ch\/fr\/wp-json\/wp\/v2\/pages\/1207\/revisions\/1208"}],"up":[{"embeddable":true,"href":"https:\/\/www.agrotrak.ch\/fr\/wp-json\/wp\/v2\/pages\/1187"}],"wp:attachment":[{"href":"https:\/\/www.agrotrak.ch\/fr\/wp-json\/wp\/v2\/media?parent=1207"}],"curies":[{"name":"wp","href":"https:\/\/api.w.org\/{rel}","templated":true}]}}