{"id":1203,"date":"2023-05-12T15:12:50","date_gmt":"2023-05-12T13:12:50","guid":{"rendered":"https:\/\/projects.botanibot.com\/agrotrak23\/?page_id=1203"},"modified":"2023-05-16T13:33:54","modified_gmt":"2023-05-16T11:33:54","slug":"manitou","status":"publish","type":"page","link":"https:\/\/www.agrotrak.ch\/fr\/technique-agricole\/manitou\/","title":{"rendered":"MANITOU"},"content":{"rendered":"\n<div class=\"wp-block-cover\"><span aria-hidden=\"true\" class=\"wp-block-cover__background has-background-dim-0 has-background-dim\"><\/span><img loading=\"lazy\" decoding=\"async\" width=\"1600\" height=\"658\" class=\"wp-block-cover__image-background wp-image-1358\" alt=\"Manitou Sierre Agrotrak valais\" src=\"https:\/\/agrotrak.ch\/app\/uploads\/2023\/05\/header_manitou1.jpg\" data-object-fit=\"cover\" srcset=\"https:\/\/www.agrotrak.ch\/app\/uploads\/2023\/05\/header_manitou1.jpg 1600w, https:\/\/www.agrotrak.ch\/app\/uploads\/2023\/05\/header_manitou1-300x123.jpg 300w, https:\/\/www.agrotrak.ch\/app\/uploads\/2023\/05\/header_manitou1-1024x421.jpg 1024w, https:\/\/www.agrotrak.ch\/app\/uploads\/2023\/05\/header_manitou1-768x316.jpg 768w, https:\/\/www.agrotrak.ch\/app\/uploads\/2023\/05\/header_manitou1-1536x632.jpg 1536w, https:\/\/www.agrotrak.ch\/app\/uploads\/2023\/05\/header_manitou1-600x247.jpg 600w, https:\/\/www.agrotrak.ch\/app\/uploads\/2023\/05\/header_manitou1-1200x494.jpg 1200w, https:\/\/www.agrotrak.ch\/app\/uploads\/2023\/05\/header_manitou1-324x133.jpg 324w, https:\/\/www.agrotrak.ch\/app\/uploads\/2023\/05\/header_manitou1-416x171.jpg 416w\" sizes=\"auto, (max-width: 1600px) 100vw, 1600px\" \/><div class=\"wp-block-cover__inner-container is-layout-flow wp-block-cover-is-layout-flow\">\n<p class=\"has-text-align-center has-large-font-size\"><\/p>\n<\/div><\/div>\n\n\n\n<div class=\"wp-block-group has-white-background-color has-background\"><div class=\"wp-block-group__inner-container is-layout-flow wp-block-group-is-layout-flow\">\n<h2 class=\"wp-block-heading has-mutedbrown-color has-text-color\"><strong><strong>TECHNIQUE AGRICOLE <\/strong><\/strong>\u2013 MANITOU<\/h2>\n\n\n\n<p>Manitou est la marque phare du groupe Manitou. Proposer des solutions pour la manutention, le levage de personnes et le terrassement, c&#8217;est ce qui fait l&#8217;identit\u00e9 de Manitou Group. Notre savoir-faire et notre expertise nous permettent de r\u00e9pondre au mieux aux besoins de chacun, quels que soient le pays, le terrain ou le type d&#8217;application. Gr\u00e2ce \u00e0 des machines et des services innovants, Manitou Group cr\u00e9e de la valeur ajout\u00e9e pour ses clients. Notre si\u00e8ge social en France s&#8217;inscrit dans les valeurs d\u00e9fendues par les cr\u00e9ateurs de la marque Manitou: d\u00e9velopper des machines toujours plus innovantes et performantes. Dans le seul but d&#8217;am\u00e9liorer les conditions de travail de nos clients en termes de performance, de s\u00e9curit\u00e9, d&#8217;efficacit\u00e9 et de rentabilit\u00e9.<\/p>\n\n\n\n<div class=\"wp-block-columns is-layout-flex wp-container-core-columns-is-layout-28f84493 wp-block-columns-is-layout-flex\">\n<div class=\"wp-block-column is-layout-flow wp-block-column-is-layout-flow\">\n<div class=\"wp-block-media-text alignwide is-stacked-on-mobile is-style-stacked has-beige-background-color has-background\"><figure class=\"wp-block-media-text__media\"><img loading=\"lazy\" decoding=\"async\" width=\"600\" height=\"376\" src=\"https:\/\/agrotrak.ch\/app\/uploads\/2023\/05\/manitou1.jpg\" alt=\"Manitou\" class=\"wp-image-1147 size-full\" srcset=\"https:\/\/www.agrotrak.ch\/app\/uploads\/2023\/05\/manitou1.jpg 600w, https:\/\/www.agrotrak.ch\/app\/uploads\/2023\/05\/manitou1-300x188.jpg 300w, https:\/\/www.agrotrak.ch\/app\/uploads\/2023\/05\/manitou1-324x203.jpg 324w, https:\/\/www.agrotrak.ch\/app\/uploads\/2023\/05\/manitou1-416x261.jpg 416w\" sizes=\"auto, (max-width: 600px) 100vw, 600px\" \/><\/figure><div class=\"wp-block-media-text__content\">\n<h3 class=\"wp-block-heading has-white-color has-green-background-color has-text-color has-background\"><strong>MLT 625-75 H<\/strong><\/h3>\n\n\n\n<p>Le t\u00e9lescopique MLT 625-75 H est une machine tr\u00e8s compacte. Il a \u00e9t\u00e9 sp\u00e9cialement con\u00e7u pour les travaux agricoles et vous aide dans toutes les t\u00e2ches quotidiennes de votre exploitation. Ses dimensions tr\u00e8s compactes garantissent une maniabilit\u00e9 in\u00e9gal\u00e9e et lui permettent de p\u00e9n\u00e9trer dans les b\u00e2timents et les zones \u00e9troites. Le confort de la cabine, l&#8217;insonorisation (max. 76 dB), la visibilit\u00e9 \u00e0 360\u00b0 et le JSM (Joystick Switch &amp; Move) garantissent de longues journ\u00e9es de travail en toute s\u00e9curit\u00e9 avec un minimum de fatigue.Le syst\u00e8me Easy Connect (ECS) facilite le changement d&#8217;accessoires sur la t\u00eate de la fl\u00e8che et le grand nombre d&#8217;accessoires compatibles assure la polyvalence dont vous avez besoin pour votre exploitation. Les mouvements hydrauliques sont pr\u00e9cis et r\u00e9guliers, et les 4 roues motrices et directrices, qui peuvent \u00eatre utilis\u00e9es dans 3 modes de direction diff\u00e9rents, permettent de r\u00e9agir \u00e0 toutes les situations.<br><a href=\"https:\/\/www.manitou.com\/fr-FR#1\" target=\"_blank\" rel=\"noreferrer noopener\">Info<\/a><\/p>\n<\/div><\/div>\n<\/div>\n\n\n\n<div class=\"wp-block-column is-layout-flow wp-block-column-is-layout-flow\">\n<div class=\"wp-block-media-text alignwide is-stacked-on-mobile is-style-stacked has-beige-background-color has-background\"><figure class=\"wp-block-media-text__media\"><img loading=\"lazy\" decoding=\"async\" width=\"600\" height=\"376\" src=\"https:\/\/agrotrak.ch\/app\/uploads\/2023\/05\/mani2.jpg\" alt=\"Manitou\" class=\"wp-image-1157 size-full\" srcset=\"https:\/\/www.agrotrak.ch\/app\/uploads\/2023\/05\/mani2.jpg 600w, https:\/\/www.agrotrak.ch\/app\/uploads\/2023\/05\/mani2-300x188.jpg 300w, https:\/\/www.agrotrak.ch\/app\/uploads\/2023\/05\/mani2-324x203.jpg 324w, https:\/\/www.agrotrak.ch\/app\/uploads\/2023\/05\/mani2-416x261.jpg 416w\" sizes=\"auto, (max-width: 600px) 100vw, 600px\" \/><\/figure><div class=\"wp-block-media-text__content\">\n<h3 class=\"wp-block-heading has-white-color has-green-background-color has-text-color has-background\"><strong><strong>MLT 741-130<\/strong><\/strong><\/h3>\n\n\n\n<p>Le MLT 741-130 PS+ a une hauteur de levage de 7 m, une capacit\u00e9 de charge maximale de 4,1 t et une transmission Powershift. Elle allie confort, performance et rentabilit\u00e9. Pour votre confort, la machine est \u00e9quip\u00e9e de s\u00e9rie d&#8217;une cabine &#8220;Easy Step&#8221;, d&#8217;une grille de protection visuelle, d&#8217;un frein de stationnement automatique, d&#8217;un porte-gobelet, d&#8217;une multitude de rangements, etc.<\/p>\n\n\n\n<p>Comme la MLT 741 est con\u00e7ue pour l&#8217;agriculture, elle dispose d&#8217;un pr\u00e9filtre \u00e0 air et d&#8217;un ventilateur r\u00e9versible automatique. Ces fonctions sont parfaitement adapt\u00e9es aux environnements poussi\u00e9reux. La pompe \u00e0 d\u00e9tection de charge et le pack Intelligent Hydraulics en option r\u00e9pondent aux exigences des agriculteurs en termes de performances.<\/p>\n\n\n\n<p><\/p>\n\n\n\n<p><br><\/p>\n<\/div><\/div>\n<\/div>\n\n\n\n<div class=\"wp-block-column is-layout-flow wp-block-column-is-layout-flow\">\n<div class=\"wp-block-media-text alignwide is-stacked-on-mobile is-style-stacked has-beige-background-color has-background\"><figure class=\"wp-block-media-text__media\"><img loading=\"lazy\" decoding=\"async\" width=\"600\" height=\"376\" src=\"https:\/\/agrotrak.ch\/app\/uploads\/2023\/05\/mani3.jpg\" alt=\"Manitou 420-60 H\" class=\"wp-image-1153 size-full\" srcset=\"https:\/\/www.agrotrak.ch\/app\/uploads\/2023\/05\/mani3.jpg 600w, https:\/\/www.agrotrak.ch\/app\/uploads\/2023\/05\/mani3-300x188.jpg 300w, https:\/\/www.agrotrak.ch\/app\/uploads\/2023\/05\/mani3-324x203.jpg 324w, https:\/\/www.agrotrak.ch\/app\/uploads\/2023\/05\/mani3-416x261.jpg 416w\" sizes=\"auto, (max-width: 600px) 100vw, 600px\" \/><\/figure><div class=\"wp-block-media-text__content\">\n<h3 class=\"wp-block-heading has-white-color has-green-background-color has-text-color has-background\"><strong>MLT 420-60 H<\/strong><\/h3>\n\n\n\n<p>Le t\u00e9lescopique MLT 420-60 H est une machine tr\u00e8s compacte. Il a \u00e9t\u00e9 sp\u00e9cialement con\u00e7u pour les travaux agricoles et vous aide dans toutes les t\u00e2ches quotidiennes de votre exploitation. Ses dimensions tr\u00e8s compactes garantissent une maniabilit\u00e9 in\u00e9gal\u00e9e et lui permettent de p\u00e9n\u00e9trer dans les b\u00e2timents et les zones \u00e9troites. Le confort de la cabine, l&#8217;insonorisation (max. 76 dB), la visibilit\u00e9 \u00e0 360\u00b0 et le JSM (Joystick Switch &amp; Move) garantissent de longues journ\u00e9es de travail en toute s\u00e9curit\u00e9 avec un minimum de fatigue.Le syst\u00e8me Easy Connect (ECS) facilite le changement d&#8217;accessoires sur la t\u00eate de la fl\u00e8che et le grand nombre d&#8217;accessoires compatibles assure la polyvalence dont vous avez besoin pour votre exploitation. Les mouvements hydrauliques sont pr\u00e9cis et r\u00e9guliers, et les 4 roues motrices et directrices, qui peuvent \u00eatre utilis\u00e9es dans 3 modes de direction diff\u00e9rents, permettent de r\u00e9agir \u00e0 toutes les situations.<\/p>\n<\/div><\/div>\n<\/div>\n<\/div>\n\n\n\n<div style=\"height:12px\" aria-hidden=\"true\" class=\"wp-block-spacer\"><\/div>\n\n\n\n<div class=\"wp-block-buttons is-layout-flex wp-block-buttons-is-layout-flex\"><\/div>\n<\/div><\/div>\n\n\n\n<div class=\"wp-block-cover\"><span aria-hidden=\"true\" class=\"wp-block-cover__background has-background-dim-0 has-background-dim\"><\/span><img loading=\"lazy\" decoding=\"async\" width=\"1600\" height=\"658\" class=\"wp-block-cover__image-background wp-image-1360\" alt=\"Manitou Sierre Agrotrak valais\" src=\"https:\/\/agrotrak.ch\/app\/uploads\/2023\/05\/header_man2.jpg\" data-object-fit=\"cover\" srcset=\"https:\/\/www.agrotrak.ch\/app\/uploads\/2023\/05\/header_man2.jpg 1600w, https:\/\/www.agrotrak.ch\/app\/uploads\/2023\/05\/header_man2-300x123.jpg 300w, https:\/\/www.agrotrak.ch\/app\/uploads\/2023\/05\/header_man2-1024x421.jpg 1024w, https:\/\/www.agrotrak.ch\/app\/uploads\/2023\/05\/header_man2-768x316.jpg 768w, https:\/\/www.agrotrak.ch\/app\/uploads\/2023\/05\/header_man2-1536x632.jpg 1536w, https:\/\/www.agrotrak.ch\/app\/uploads\/2023\/05\/header_man2-600x247.jpg 600w, https:\/\/www.agrotrak.ch\/app\/uploads\/2023\/05\/header_man2-1200x494.jpg 1200w, https:\/\/www.agrotrak.ch\/app\/uploads\/2023\/05\/header_man2-324x133.jpg 324w, https:\/\/www.agrotrak.ch\/app\/uploads\/2023\/05\/header_man2-416x171.jpg 416w\" sizes=\"auto, (max-width: 1600px) 100vw, 1600px\" \/><div class=\"wp-block-cover__inner-container is-layout-flow wp-block-cover-is-layout-flow\">\n<p class=\"has-text-align-center has-large-font-size\"><\/p>\n<\/div><\/div>\n","protected":false},"excerpt":{"rendered":"<p>TECHNIQUE AGRICOLE \u2013 MANITOU Manitou est la marque phare du groupe Manitou. Proposer des solutions pour la manutention, le levage de personnes et le terrassement, c&#8217;est ce qui fait l&#8217;identit\u00e9 de Manitou Group. Notre savoir-faire et notre expertise nous permettent de r\u00e9pondre au mieux aux besoins de chacun, quels que soient le pays, le terrain [&hellip;]<\/p>\n","protected":false},"author":2,"featured_media":0,"parent":1187,"menu_order":15,"comment_status":"closed","ping_status":"closed","template":"","meta":{"inline_featured_image":false,"footnotes":""},"class_list":["post-1203","page","type-page","status-publish","hentry"],"yoast_head":"<!-- This site is optimized with the Yoast SEO plugin v27.4 - https:\/\/yoast.com\/product\/yoast-seo-wordpress\/ -->\n<title>MANITOU - AGROTRAK<\/title>\n<meta name=\"description\" content=\"Manitou: Agrotrak Sierre \u2013 Le t\u00e9lescopique MLT 625-75 H est une machine tr\u00e8s compacte.\" \/>\n<meta name=\"robots\" content=\"index, follow, max-snippet:-1, max-image-preview:large, max-video-preview:-1\" \/>\n<link rel=\"canonical\" href=\"https:\/\/www.agrotrak.ch\/fr\/technique-agricole\/manitou\/\" \/>\n<meta property=\"og:locale\" content=\"fr_FR\" \/>\n<meta property=\"og:type\" content=\"article\" \/>\n<meta property=\"og:title\" content=\"MANITOU - AGROTRAK\" \/>\n<meta property=\"og:description\" content=\"Manitou: Agrotrak Sierre \u2013 Le t\u00e9lescopique MLT 625-75 H est une machine tr\u00e8s compacte.\" \/>\n<meta property=\"og:url\" content=\"https:\/\/www.agrotrak.ch\/fr\/technique-agricole\/manitou\/\" \/>\n<meta property=\"og:site_name\" content=\"AGROTRAK\" \/>\n<meta property=\"article:modified_time\" content=\"2023-05-16T11:33:54+00:00\" \/>\n<meta property=\"og:image\" content=\"https:\/\/agrotrak.ch\/app\/uploads\/2023\/05\/header_manitou1.jpg\" \/>\n<meta name=\"twitter:card\" content=\"summary_large_image\" \/>\n<meta name=\"twitter:label1\" content=\"Est. reading time\" \/>\n\t<meta name=\"twitter:data1\" content=\"4 minutes\" \/>\n<script type=\"application\/ld+json\" class=\"yoast-schema-graph\">{\"@context\":\"https:\\\/\\\/schema.org\",\"@graph\":[{\"@type\":\"WebPage\",\"@id\":\"https:\\\/\\\/www.agrotrak.ch\\\/fr\\\/technique-agricole\\\/manitou\\\/\",\"url\":\"https:\\\/\\\/www.agrotrak.ch\\\/fr\\\/technique-agricole\\\/manitou\\\/\",\"name\":\"MANITOU - AGROTRAK\",\"isPartOf\":{\"@id\":\"https:\\\/\\\/www.agrotrak.ch\\\/#website\"},\"primaryImageOfPage\":{\"@id\":\"https:\\\/\\\/www.agrotrak.ch\\\/fr\\\/technique-agricole\\\/manitou\\\/#primaryimage\"},\"image\":{\"@id\":\"https:\\\/\\\/www.agrotrak.ch\\\/fr\\\/technique-agricole\\\/manitou\\\/#primaryimage\"},\"thumbnailUrl\":\"https:\\\/\\\/agrotrak.ch\\\/app\\\/uploads\\\/2023\\\/05\\\/header_manitou1.jpg\",\"datePublished\":\"2023-05-12T13:12:50+00:00\",\"dateModified\":\"2023-05-16T11:33:54+00:00\",\"description\":\"Manitou: Agrotrak Sierre \u2013 Le t\u00e9lescopique MLT 625-75 H est une machine tr\u00e8s compacte.\",\"breadcrumb\":{\"@id\":\"https:\\\/\\\/www.agrotrak.ch\\\/fr\\\/technique-agricole\\\/manitou\\\/#breadcrumb\"},\"inLanguage\":\"fr-FR\",\"potentialAction\":[{\"@type\":\"ReadAction\",\"target\":[\"https:\\\/\\\/www.agrotrak.ch\\\/fr\\\/technique-agricole\\\/manitou\\\/\"]}]},{\"@type\":\"ImageObject\",\"inLanguage\":\"fr-FR\",\"@id\":\"https:\\\/\\\/www.agrotrak.ch\\\/fr\\\/technique-agricole\\\/manitou\\\/#primaryimage\",\"url\":\"https:\\\/\\\/agrotrak.ch\\\/app\\\/uploads\\\/2023\\\/05\\\/header_manitou1.jpg\",\"contentUrl\":\"https:\\\/\\\/agrotrak.ch\\\/app\\\/uploads\\\/2023\\\/05\\\/header_manitou1.jpg\"},{\"@type\":\"BreadcrumbList\",\"@id\":\"https:\\\/\\\/www.agrotrak.ch\\\/fr\\\/technique-agricole\\\/manitou\\\/#breadcrumb\",\"itemListElement\":[{\"@type\":\"ListItem\",\"position\":1,\"name\":\"Startseite\",\"item\":\"https:\\\/\\\/www.agrotrak.ch\\\/fr\\\/\"},{\"@type\":\"ListItem\",\"position\":2,\"name\":\"TECHNIQUE AGRICOLE\",\"item\":\"https:\\\/\\\/www.agrotrak.ch\\\/fr\\\/technique-agricole\\\/\"},{\"@type\":\"ListItem\",\"position\":3,\"name\":\"MANITOU\"}]},{\"@type\":\"WebSite\",\"@id\":\"https:\\\/\\\/www.agrotrak.ch\\\/#website\",\"url\":\"https:\\\/\\\/www.agrotrak.ch\\\/\",\"name\":\"AGROTRAK\",\"description\":\"Landmaschinen, Motorger\u00e4te\",\"potentialAction\":[{\"@type\":\"SearchAction\",\"target\":{\"@type\":\"EntryPoint\",\"urlTemplate\":\"https:\\\/\\\/www.agrotrak.ch\\\/?s={search_term_string}\"},\"query-input\":{\"@type\":\"PropertyValueSpecification\",\"valueRequired\":true,\"valueName\":\"search_term_string\"}}],\"inLanguage\":\"fr-FR\"}]}<\/script>\n<!-- \/ Yoast SEO plugin. -->","yoast_head_json":{"title":"MANITOU - AGROTRAK","description":"Manitou: Agrotrak Sierre \u2013 Le t\u00e9lescopique MLT 625-75 H est une machine tr\u00e8s compacte.","robots":{"index":"index","follow":"follow","max-snippet":"max-snippet:-1","max-image-preview":"max-image-preview:large","max-video-preview":"max-video-preview:-1"},"canonical":"https:\/\/www.agrotrak.ch\/fr\/technique-agricole\/manitou\/","og_locale":"fr_FR","og_type":"article","og_title":"MANITOU - AGROTRAK","og_description":"Manitou: Agrotrak Sierre \u2013 Le t\u00e9lescopique MLT 625-75 H est une machine tr\u00e8s compacte.","og_url":"https:\/\/www.agrotrak.ch\/fr\/technique-agricole\/manitou\/","og_site_name":"AGROTRAK","article_modified_time":"2023-05-16T11:33:54+00:00","og_image":[{"url":"https:\/\/agrotrak.ch\/app\/uploads\/2023\/05\/header_manitou1.jpg","type":"","width":"","height":""}],"twitter_card":"summary_large_image","twitter_misc":{"Est. reading time":"4 minutes"},"schema":{"@context":"https:\/\/schema.org","@graph":[{"@type":"WebPage","@id":"https:\/\/www.agrotrak.ch\/fr\/technique-agricole\/manitou\/","url":"https:\/\/www.agrotrak.ch\/fr\/technique-agricole\/manitou\/","name":"MANITOU - AGROTRAK","isPartOf":{"@id":"https:\/\/www.agrotrak.ch\/#website"},"primaryImageOfPage":{"@id":"https:\/\/www.agrotrak.ch\/fr\/technique-agricole\/manitou\/#primaryimage"},"image":{"@id":"https:\/\/www.agrotrak.ch\/fr\/technique-agricole\/manitou\/#primaryimage"},"thumbnailUrl":"https:\/\/agrotrak.ch\/app\/uploads\/2023\/05\/header_manitou1.jpg","datePublished":"2023-05-12T13:12:50+00:00","dateModified":"2023-05-16T11:33:54+00:00","description":"Manitou: Agrotrak Sierre \u2013 Le t\u00e9lescopique MLT 625-75 H est une machine tr\u00e8s compacte.","breadcrumb":{"@id":"https:\/\/www.agrotrak.ch\/fr\/technique-agricole\/manitou\/#breadcrumb"},"inLanguage":"fr-FR","potentialAction":[{"@type":"ReadAction","target":["https:\/\/www.agrotrak.ch\/fr\/technique-agricole\/manitou\/"]}]},{"@type":"ImageObject","inLanguage":"fr-FR","@id":"https:\/\/www.agrotrak.ch\/fr\/technique-agricole\/manitou\/#primaryimage","url":"https:\/\/agrotrak.ch\/app\/uploads\/2023\/05\/header_manitou1.jpg","contentUrl":"https:\/\/agrotrak.ch\/app\/uploads\/2023\/05\/header_manitou1.jpg"},{"@type":"BreadcrumbList","@id":"https:\/\/www.agrotrak.ch\/fr\/technique-agricole\/manitou\/#breadcrumb","itemListElement":[{"@type":"ListItem","position":1,"name":"Startseite","item":"https:\/\/www.agrotrak.ch\/fr\/"},{"@type":"ListItem","position":2,"name":"TECHNIQUE AGRICOLE","item":"https:\/\/www.agrotrak.ch\/fr\/technique-agricole\/"},{"@type":"ListItem","position":3,"name":"MANITOU"}]},{"@type":"WebSite","@id":"https:\/\/www.agrotrak.ch\/#website","url":"https:\/\/www.agrotrak.ch\/","name":"AGROTRAK","description":"Landmaschinen, Motorger\u00e4te","potentialAction":[{"@type":"SearchAction","target":{"@type":"EntryPoint","urlTemplate":"https:\/\/www.agrotrak.ch\/?s={search_term_string}"},"query-input":{"@type":"PropertyValueSpecification","valueRequired":true,"valueName":"search_term_string"}}],"inLanguage":"fr-FR"}]}},"_links":{"self":[{"href":"https:\/\/www.agrotrak.ch\/fr\/wp-json\/wp\/v2\/pages\/1203","targetHints":{"allow":["GET"]}}],"collection":[{"href":"https:\/\/www.agrotrak.ch\/fr\/wp-json\/wp\/v2\/pages"}],"about":[{"href":"https:\/\/www.agrotrak.ch\/fr\/wp-json\/wp\/v2\/types\/page"}],"author":[{"embeddable":true,"href":"https:\/\/www.agrotrak.ch\/fr\/wp-json\/wp\/v2\/users\/2"}],"replies":[{"embeddable":true,"href":"https:\/\/www.agrotrak.ch\/fr\/wp-json\/wp\/v2\/comments?post=1203"}],"version-history":[{"count":6,"href":"https:\/\/www.agrotrak.ch\/fr\/wp-json\/wp\/v2\/pages\/1203\/revisions"}],"predecessor-version":[{"id":1398,"href":"https:\/\/www.agrotrak.ch\/fr\/wp-json\/wp\/v2\/pages\/1203\/revisions\/1398"}],"up":[{"embeddable":true,"href":"https:\/\/www.agrotrak.ch\/fr\/wp-json\/wp\/v2\/pages\/1187"}],"wp:attachment":[{"href":"https:\/\/www.agrotrak.ch\/fr\/wp-json\/wp\/v2\/media?parent=1203"}],"curies":[{"name":"wp","href":"https:\/\/api.w.org\/{rel}","templated":true}]}}