{"id":1198,"date":"2023-05-12T15:07:15","date_gmt":"2023-05-12T13:07:15","guid":{"rendered":"https:\/\/projects.botanibot.com\/agrotrak23\/?page_id=1198"},"modified":"2023-05-16T13:21:55","modified_gmt":"2023-05-16T11:21:55","slug":"valtra","status":"publish","type":"page","link":"https:\/\/www.agrotrak.ch\/fr\/technique-agricole\/valtra\/","title":{"rendered":"VALTRA"},"content":{"rendered":"\n<div class=\"wp-block-cover is-light\"><span aria-hidden=\"true\" class=\"wp-block-cover__background has-background-dim-0 has-background-dim\"><\/span><img loading=\"lazy\" decoding=\"async\" width=\"1600\" height=\"658\" class=\"wp-block-cover__image-background wp-image-567\" alt=\"VALTRA VALAIS\" src=\"https:\/\/agrotrak.ch\/app\/uploads\/2023\/05\/valtra1.jpg\" data-object-fit=\"cover\" srcset=\"https:\/\/www.agrotrak.ch\/app\/uploads\/2023\/05\/valtra1.jpg 1600w, https:\/\/www.agrotrak.ch\/app\/uploads\/2023\/05\/valtra1-300x123.jpg 300w, https:\/\/www.agrotrak.ch\/app\/uploads\/2023\/05\/valtra1-1024x421.jpg 1024w, https:\/\/www.agrotrak.ch\/app\/uploads\/2023\/05\/valtra1-768x316.jpg 768w, https:\/\/www.agrotrak.ch\/app\/uploads\/2023\/05\/valtra1-1536x632.jpg 1536w, https:\/\/www.agrotrak.ch\/app\/uploads\/2023\/05\/valtra1-600x247.jpg 600w, https:\/\/www.agrotrak.ch\/app\/uploads\/2023\/05\/valtra1-1200x494.jpg 1200w, https:\/\/www.agrotrak.ch\/app\/uploads\/2023\/05\/valtra1-324x133.jpg 324w, https:\/\/www.agrotrak.ch\/app\/uploads\/2023\/05\/valtra1-416x171.jpg 416w\" sizes=\"auto, (max-width: 1600px) 100vw, 1600px\" \/><div class=\"wp-block-cover__inner-container is-layout-flow wp-block-cover-is-layout-flow\">\n<p class=\"has-text-align-center has-large-font-size\"><\/p>\n<\/div><\/div>\n\n\n\n<div class=\"wp-block-group has-white-background-color has-background\"><div class=\"wp-block-group__inner-container is-layout-flow wp-block-group-is-layout-flow\">\n<h2 class=\"wp-block-heading has-mutedbrown-color has-text-color\"><strong><strong>TECHNIQUE AGRICOLE <\/strong><\/strong>\u2013 VALTRA<\/h2>\n\n\n\n<p>Les tracteurs Valtra sont r\u00e9put\u00e9s pour leur fiabilit\u00e9, leur polyvalence, leur long\u00e9vit\u00e9 et leurs racines nordiques. Chaque tracteur est sp\u00e9cialement con\u00e7u pour r\u00e9pondre aux besoins individuels des clients et est fabriqu\u00e9 de mani\u00e8re \u00e0 r\u00e9sister aux conditions climatiques les plus rudes et \u00e0 offrir les meilleures performances dans les conditions de travail les plus difficiles. Les tracteurs Valtra d&#8217;aujourd&#8217;hui r\u00e9unissent en eux l&#8217;h\u00e9ritage du finlandais Valmet et du su\u00e9dois Volvo BM. Le pr\u00e9curseur de tous les tracteurs Valtra a \u00e9t\u00e9 d\u00e9voil\u00e9 il y a plus d&#8217;un si\u00e8cle, en 1913, lorsque Theofron Munktell a lanc\u00e9 le mod\u00e8le 30-40. Les racines de l&#8217;entreprise remontent \u00e0 1832 en Su\u00e8de et \u00e0 1951 en Finlande.<\/p>\n\n\n\n<div class=\"wp-block-columns is-layout-flex wp-container-core-columns-is-layout-28f84493 wp-block-columns-is-layout-flex\">\n<div class=\"wp-block-column is-layout-flow wp-block-column-is-layout-flow\">\n<div class=\"wp-block-media-text alignwide is-stacked-on-mobile is-style-stacked has-beige-background-color has-background\"><figure class=\"wp-block-media-text__media\"><img loading=\"lazy\" decoding=\"async\" width=\"600\" height=\"376\" src=\"https:\/\/agrotrak.ch\/app\/uploads\/2023\/05\/valtra_aserie.jpg\" alt=\"Valtra Serie A\" class=\"wp-image-772 size-full\" srcset=\"https:\/\/www.agrotrak.ch\/app\/uploads\/2023\/05\/valtra_aserie.jpg 600w, https:\/\/www.agrotrak.ch\/app\/uploads\/2023\/05\/valtra_aserie-300x188.jpg 300w, https:\/\/www.agrotrak.ch\/app\/uploads\/2023\/05\/valtra_aserie-324x203.jpg 324w, https:\/\/www.agrotrak.ch\/app\/uploads\/2023\/05\/valtra_aserie-416x261.jpg 416w\" sizes=\"auto, (max-width: 600px) 100vw, 600px\" \/><\/figure><div class=\"wp-block-media-text__content\">\n<h3 class=\"wp-block-heading has-white-color has-green-background-color has-text-color has-background\"><strong>VALTRA S\u00c9RIE<\/strong> <strong>A<\/strong><\/h3>\n\n\n\n<p>Avec la s\u00e9rie A, vous disposez d&#8217;un tracteur compact qui offre une grande productivit\u00e9 et un confort tout au long de la journ\u00e9e. La cabine est ergonomique et silencieuse et vous offre une excellente visibilit\u00e9 dans toutes les directions.<\/p>\n\n\n\n<p>Exactement le tracteur qui r\u00e9pond \u00e0 vos besoins : Les sept mod\u00e8les de la s\u00e9rie A sont disponibles avec la transmission m\u00e9canique HiTech facile \u00e0 utiliser. Les mod\u00e8les populaires de 105 et 115 ch sont \u00e9galement disponibles avec la transmission HiTech 4 \u00e0 quatre rapports sous charge et \u00e0 commande \u00e9lectronique. Tous les tracteurs sont \u00e9quip\u00e9s du fameux inverseur de marche Valtra avec frein \u00e0 main int\u00e9gr\u00e9.<br><a href=\"https:\/\/www.valtra.fr\/\" target=\"_blank\" rel=\"noreferrer noopener\">Info<\/a><\/p>\n\n\n\n<p><br><br><\/p>\n<\/div><\/div>\n<\/div>\n\n\n\n<div class=\"wp-block-column is-layout-flow wp-block-column-is-layout-flow\">\n<div class=\"wp-block-media-text alignwide is-stacked-on-mobile is-style-stacked has-beige-background-color has-background\"><figure class=\"wp-block-media-text__media\"><img loading=\"lazy\" decoding=\"async\" width=\"600\" height=\"376\" src=\"https:\/\/agrotrak.ch\/app\/uploads\/2023\/05\/valtra_g.jpg\" alt=\"Valtra G Serie\" class=\"wp-image-774 size-full\" srcset=\"https:\/\/www.agrotrak.ch\/app\/uploads\/2023\/05\/valtra_g.jpg 600w, https:\/\/www.agrotrak.ch\/app\/uploads\/2023\/05\/valtra_g-300x188.jpg 300w, https:\/\/www.agrotrak.ch\/app\/uploads\/2023\/05\/valtra_g-324x203.jpg 324w, https:\/\/www.agrotrak.ch\/app\/uploads\/2023\/05\/valtra_g-416x261.jpg 416w\" sizes=\"auto, (max-width: 600px) 100vw, 600px\" \/><\/figure><div class=\"wp-block-media-text__content\">\n<h3 class=\"wp-block-heading has-white-color has-green-background-color has-text-color has-background\"><strong>VALTRA <strong>S\u00c9RIE<\/strong> <\/strong> <strong><strong>G<\/strong><\/strong><\/h3>\n\n\n\n<p>La s\u00e9rie G est le tracteur polyvalent ultime pour vos besoins quotidiens. Le tracteur est \u00e9quip\u00e9 d&#8217;un puissant relevage et d&#8217;un syst\u00e8me hydraulique de travail efficace : avec un syst\u00e8me hydraulique \u00e0 centre ouvert sur HiTech et un syst\u00e8me hydraulique \u00e0 d\u00e9tection de charge sur Active et Versu. Les d\u00e9bits \u00e9lev\u00e9s des pompes (100 ou 110 l\/min) garantissent vitesse et facilit\u00e9 d&#8217;utilisation pour la commande de vos outils de travail.<\/p>\n\n\n\n<p>Gr\u00e2ce \u00e0 une surface vitr\u00e9e totale de 5,7 m\u00b2, la s\u00e9rie G est le tracteur parfait pour les travaux au chargeur frontal et vous offre une excellente visibilit\u00e9 dans toutes les directions. La nouvelle bo\u00eete de vitesses \u00e0 6 rapports sous charge donne au conducteur encore plus de possibilit\u00e9s en termes de vitesse de travail.<\/p>\n<\/div><\/div>\n<\/div>\n\n\n\n<div class=\"wp-block-column is-layout-flow wp-block-column-is-layout-flow\">\n<div class=\"wp-block-media-text alignwide is-stacked-on-mobile is-style-stacked has-beige-background-color has-background\"><figure class=\"wp-block-media-text__media\"><img loading=\"lazy\" decoding=\"async\" width=\"600\" height=\"376\" src=\"https:\/\/agrotrak.ch\/app\/uploads\/2023\/05\/nserie.jpg\" alt=\"N Serie valtra\" class=\"wp-image-776 size-full\" srcset=\"https:\/\/www.agrotrak.ch\/app\/uploads\/2023\/05\/nserie.jpg 600w, https:\/\/www.agrotrak.ch\/app\/uploads\/2023\/05\/nserie-300x188.jpg 300w, https:\/\/www.agrotrak.ch\/app\/uploads\/2023\/05\/nserie-324x203.jpg 324w, https:\/\/www.agrotrak.ch\/app\/uploads\/2023\/05\/nserie-416x261.jpg 416w\" sizes=\"auto, (max-width: 600px) 100vw, 600px\" \/><\/figure><div class=\"wp-block-media-text__content\">\n<h3 class=\"wp-block-heading has-white-color has-green-background-color has-text-color has-background\"><strong>VALTRA <strong>S\u00c9RIE<\/strong> N<\/strong><\/h3>\n\n\n\n<p>Aucun d\u00e9fi n&#8217;est trop grand ni aucune t\u00e2che trop petite pour nos tracteurs prim\u00e9s de la s\u00e9rie N. Vous recherchez la combinaison parfaite de taille, de puissance et de confort ? Alors ne cherchez pas plus loin.<\/p>\n\n\n\n<p>Puissante mais compacte, la s\u00e9rie N de Valtra est la b\u00eate de somme agile de la famille Valtra. L&#8217;ergonomie et le confort permettent de travailler facilement et de mani\u00e8re productive. Et les feux de jour \u00e0 LED augmentent la s\u00e9curit\u00e9 sur la route. La s\u00e9rie N est une machine robuste et fiable qui est grande l\u00e0 o\u00f9 cela compte.<br>Avec la s\u00e9rie N de Valtra, vous disposez d&#8217;une machine capable d&#8217;accomplir une multitude de t\u00e2ches.<\/p>\n<\/div><\/div>\n<\/div>\n<\/div>\n\n\n\n<div style=\"height:12px\" aria-hidden=\"true\" class=\"wp-block-spacer\"><\/div>\n<\/div><\/div>\n\n\n\n<div class=\"wp-block-cover is-light\"><span aria-hidden=\"true\" class=\"wp-block-cover__background has-background-dim-0 has-background-dim\"><\/span><img loading=\"lazy\" decoding=\"async\" width=\"1600\" height=\"658\" class=\"wp-block-cover__image-background wp-image-569\" alt=\"VALTRA VALAIS, SIERRE\" src=\"https:\/\/agrotrak.ch\/app\/uploads\/2023\/05\/valtra2.jpg\" data-object-fit=\"cover\" srcset=\"https:\/\/www.agrotrak.ch\/app\/uploads\/2023\/05\/valtra2.jpg 1600w, https:\/\/www.agrotrak.ch\/app\/uploads\/2023\/05\/valtra2-300x123.jpg 300w, https:\/\/www.agrotrak.ch\/app\/uploads\/2023\/05\/valtra2-1024x421.jpg 1024w, https:\/\/www.agrotrak.ch\/app\/uploads\/2023\/05\/valtra2-768x316.jpg 768w, https:\/\/www.agrotrak.ch\/app\/uploads\/2023\/05\/valtra2-1536x632.jpg 1536w, https:\/\/www.agrotrak.ch\/app\/uploads\/2023\/05\/valtra2-600x247.jpg 600w, https:\/\/www.agrotrak.ch\/app\/uploads\/2023\/05\/valtra2-1200x494.jpg 1200w, https:\/\/www.agrotrak.ch\/app\/uploads\/2023\/05\/valtra2-324x133.jpg 324w, https:\/\/www.agrotrak.ch\/app\/uploads\/2023\/05\/valtra2-416x171.jpg 416w\" sizes=\"auto, (max-width: 1600px) 100vw, 1600px\" \/><div class=\"wp-block-cover__inner-container is-layout-flow wp-block-cover-is-layout-flow\">\n<p class=\"has-text-align-center has-large-font-size\"><\/p>\n<\/div><\/div>\n","protected":false},"excerpt":{"rendered":"<p>TECHNIQUE AGRICOLE \u2013 VALTRA Les tracteurs Valtra sont r\u00e9put\u00e9s pour leur fiabilit\u00e9, leur polyvalence, leur long\u00e9vit\u00e9 et leurs racines nordiques. Chaque tracteur est sp\u00e9cialement con\u00e7u pour r\u00e9pondre aux besoins individuels des clients et est fabriqu\u00e9 de mani\u00e8re \u00e0 r\u00e9sister aux conditions climatiques les plus rudes et \u00e0 offrir les meilleures performances dans les conditions de [&hellip;]<\/p>\n","protected":false},"author":2,"featured_media":0,"parent":1187,"menu_order":14,"comment_status":"closed","ping_status":"closed","template":"","meta":{"inline_featured_image":false,"footnotes":""},"class_list":["post-1198","page","type-page","status-publish","hentry"],"yoast_head":"<!-- This site is optimized with the Yoast SEO plugin v27.4 - https:\/\/yoast.com\/product\/yoast-seo-wordpress\/ -->\n<title>VALTRA - AGROTRAK Sierre<\/title>\n<meta name=\"description\" content=\"VALTRA: Agrotrak Sierre \u2013 Les tracteurs Valtra sont r\u00e9put\u00e9s pour leur fiabilit\u00e9, leur polyvalence, leur long\u00e9vit\u00e9 et leurs racines nordiques.\" \/>\n<meta name=\"robots\" content=\"index, follow, max-snippet:-1, max-image-preview:large, max-video-preview:-1\" \/>\n<link rel=\"canonical\" href=\"https:\/\/www.agrotrak.ch\/fr\/technique-agricole\/valtra\/\" \/>\n<meta property=\"og:locale\" content=\"fr_FR\" \/>\n<meta property=\"og:type\" content=\"article\" \/>\n<meta property=\"og:title\" content=\"VALTRA - AGROTRAK Sierre\" \/>\n<meta property=\"og:description\" content=\"VALTRA: Agrotrak Sierre \u2013 Les tracteurs Valtra sont r\u00e9put\u00e9s pour leur fiabilit\u00e9, leur polyvalence, leur long\u00e9vit\u00e9 et leurs racines nordiques.\" \/>\n<meta property=\"og:url\" content=\"https:\/\/www.agrotrak.ch\/fr\/technique-agricole\/valtra\/\" \/>\n<meta property=\"og:site_name\" content=\"AGROTRAK\" \/>\n<meta property=\"article:modified_time\" content=\"2023-05-16T11:21:55+00:00\" \/>\n<meta property=\"og:image\" content=\"https:\/\/agrotrak.ch\/app\/uploads\/2023\/05\/valtra1.jpg\" \/>\n<meta name=\"twitter:card\" content=\"summary_large_image\" \/>\n<meta name=\"twitter:label1\" content=\"Est. reading time\" \/>\n\t<meta name=\"twitter:data1\" content=\"4 minutes\" \/>\n<script type=\"application\/ld+json\" class=\"yoast-schema-graph\">{\"@context\":\"https:\\\/\\\/schema.org\",\"@graph\":[{\"@type\":\"WebPage\",\"@id\":\"https:\\\/\\\/www.agrotrak.ch\\\/fr\\\/technique-agricole\\\/valtra\\\/\",\"url\":\"https:\\\/\\\/www.agrotrak.ch\\\/fr\\\/technique-agricole\\\/valtra\\\/\",\"name\":\"VALTRA - AGROTRAK Sierre\",\"isPartOf\":{\"@id\":\"https:\\\/\\\/www.agrotrak.ch\\\/#website\"},\"primaryImageOfPage\":{\"@id\":\"https:\\\/\\\/www.agrotrak.ch\\\/fr\\\/technique-agricole\\\/valtra\\\/#primaryimage\"},\"image\":{\"@id\":\"https:\\\/\\\/www.agrotrak.ch\\\/fr\\\/technique-agricole\\\/valtra\\\/#primaryimage\"},\"thumbnailUrl\":\"https:\\\/\\\/agrotrak.ch\\\/app\\\/uploads\\\/2023\\\/05\\\/valtra1.jpg\",\"datePublished\":\"2023-05-12T13:07:15+00:00\",\"dateModified\":\"2023-05-16T11:21:55+00:00\",\"description\":\"VALTRA: Agrotrak Sierre \u2013 Les tracteurs Valtra sont r\u00e9put\u00e9s pour leur fiabilit\u00e9, leur polyvalence, leur long\u00e9vit\u00e9 et leurs racines nordiques.\",\"breadcrumb\":{\"@id\":\"https:\\\/\\\/www.agrotrak.ch\\\/fr\\\/technique-agricole\\\/valtra\\\/#breadcrumb\"},\"inLanguage\":\"fr-FR\",\"potentialAction\":[{\"@type\":\"ReadAction\",\"target\":[\"https:\\\/\\\/www.agrotrak.ch\\\/fr\\\/technique-agricole\\\/valtra\\\/\"]}]},{\"@type\":\"ImageObject\",\"inLanguage\":\"fr-FR\",\"@id\":\"https:\\\/\\\/www.agrotrak.ch\\\/fr\\\/technique-agricole\\\/valtra\\\/#primaryimage\",\"url\":\"https:\\\/\\\/agrotrak.ch\\\/app\\\/uploads\\\/2023\\\/05\\\/valtra1.jpg\",\"contentUrl\":\"https:\\\/\\\/agrotrak.ch\\\/app\\\/uploads\\\/2023\\\/05\\\/valtra1.jpg\"},{\"@type\":\"BreadcrumbList\",\"@id\":\"https:\\\/\\\/www.agrotrak.ch\\\/fr\\\/technique-agricole\\\/valtra\\\/#breadcrumb\",\"itemListElement\":[{\"@type\":\"ListItem\",\"position\":1,\"name\":\"Startseite\",\"item\":\"https:\\\/\\\/www.agrotrak.ch\\\/fr\\\/\"},{\"@type\":\"ListItem\",\"position\":2,\"name\":\"TECHNIQUE AGRICOLE\",\"item\":\"https:\\\/\\\/www.agrotrak.ch\\\/fr\\\/technique-agricole\\\/\"},{\"@type\":\"ListItem\",\"position\":3,\"name\":\"VALTRA\"}]},{\"@type\":\"WebSite\",\"@id\":\"https:\\\/\\\/www.agrotrak.ch\\\/#website\",\"url\":\"https:\\\/\\\/www.agrotrak.ch\\\/\",\"name\":\"AGROTRAK\",\"description\":\"Landmaschinen, Motorger\u00e4te\",\"potentialAction\":[{\"@type\":\"SearchAction\",\"target\":{\"@type\":\"EntryPoint\",\"urlTemplate\":\"https:\\\/\\\/www.agrotrak.ch\\\/?s={search_term_string}\"},\"query-input\":{\"@type\":\"PropertyValueSpecification\",\"valueRequired\":true,\"valueName\":\"search_term_string\"}}],\"inLanguage\":\"fr-FR\"}]}<\/script>\n<!-- \/ Yoast SEO plugin. -->","yoast_head_json":{"title":"VALTRA - AGROTRAK Sierre","description":"VALTRA: Agrotrak Sierre \u2013 Les tracteurs Valtra sont r\u00e9put\u00e9s pour leur fiabilit\u00e9, leur polyvalence, leur long\u00e9vit\u00e9 et leurs racines nordiques.","robots":{"index":"index","follow":"follow","max-snippet":"max-snippet:-1","max-image-preview":"max-image-preview:large","max-video-preview":"max-video-preview:-1"},"canonical":"https:\/\/www.agrotrak.ch\/fr\/technique-agricole\/valtra\/","og_locale":"fr_FR","og_type":"article","og_title":"VALTRA - AGROTRAK Sierre","og_description":"VALTRA: Agrotrak Sierre \u2013 Les tracteurs Valtra sont r\u00e9put\u00e9s pour leur fiabilit\u00e9, leur polyvalence, leur long\u00e9vit\u00e9 et leurs racines nordiques.","og_url":"https:\/\/www.agrotrak.ch\/fr\/technique-agricole\/valtra\/","og_site_name":"AGROTRAK","article_modified_time":"2023-05-16T11:21:55+00:00","og_image":[{"url":"https:\/\/agrotrak.ch\/app\/uploads\/2023\/05\/valtra1.jpg","type":"","width":"","height":""}],"twitter_card":"summary_large_image","twitter_misc":{"Est. reading time":"4 minutes"},"schema":{"@context":"https:\/\/schema.org","@graph":[{"@type":"WebPage","@id":"https:\/\/www.agrotrak.ch\/fr\/technique-agricole\/valtra\/","url":"https:\/\/www.agrotrak.ch\/fr\/technique-agricole\/valtra\/","name":"VALTRA - AGROTRAK Sierre","isPartOf":{"@id":"https:\/\/www.agrotrak.ch\/#website"},"primaryImageOfPage":{"@id":"https:\/\/www.agrotrak.ch\/fr\/technique-agricole\/valtra\/#primaryimage"},"image":{"@id":"https:\/\/www.agrotrak.ch\/fr\/technique-agricole\/valtra\/#primaryimage"},"thumbnailUrl":"https:\/\/agrotrak.ch\/app\/uploads\/2023\/05\/valtra1.jpg","datePublished":"2023-05-12T13:07:15+00:00","dateModified":"2023-05-16T11:21:55+00:00","description":"VALTRA: Agrotrak Sierre \u2013 Les tracteurs Valtra sont r\u00e9put\u00e9s pour leur fiabilit\u00e9, leur polyvalence, leur long\u00e9vit\u00e9 et leurs racines nordiques.","breadcrumb":{"@id":"https:\/\/www.agrotrak.ch\/fr\/technique-agricole\/valtra\/#breadcrumb"},"inLanguage":"fr-FR","potentialAction":[{"@type":"ReadAction","target":["https:\/\/www.agrotrak.ch\/fr\/technique-agricole\/valtra\/"]}]},{"@type":"ImageObject","inLanguage":"fr-FR","@id":"https:\/\/www.agrotrak.ch\/fr\/technique-agricole\/valtra\/#primaryimage","url":"https:\/\/agrotrak.ch\/app\/uploads\/2023\/05\/valtra1.jpg","contentUrl":"https:\/\/agrotrak.ch\/app\/uploads\/2023\/05\/valtra1.jpg"},{"@type":"BreadcrumbList","@id":"https:\/\/www.agrotrak.ch\/fr\/technique-agricole\/valtra\/#breadcrumb","itemListElement":[{"@type":"ListItem","position":1,"name":"Startseite","item":"https:\/\/www.agrotrak.ch\/fr\/"},{"@type":"ListItem","position":2,"name":"TECHNIQUE AGRICOLE","item":"https:\/\/www.agrotrak.ch\/fr\/technique-agricole\/"},{"@type":"ListItem","position":3,"name":"VALTRA"}]},{"@type":"WebSite","@id":"https:\/\/www.agrotrak.ch\/#website","url":"https:\/\/www.agrotrak.ch\/","name":"AGROTRAK","description":"Landmaschinen, Motorger\u00e4te","potentialAction":[{"@type":"SearchAction","target":{"@type":"EntryPoint","urlTemplate":"https:\/\/www.agrotrak.ch\/?s={search_term_string}"},"query-input":{"@type":"PropertyValueSpecification","valueRequired":true,"valueName":"search_term_string"}}],"inLanguage":"fr-FR"}]}},"_links":{"self":[{"href":"https:\/\/www.agrotrak.ch\/fr\/wp-json\/wp\/v2\/pages\/1198","targetHints":{"allow":["GET"]}}],"collection":[{"href":"https:\/\/www.agrotrak.ch\/fr\/wp-json\/wp\/v2\/pages"}],"about":[{"href":"https:\/\/www.agrotrak.ch\/fr\/wp-json\/wp\/v2\/types\/page"}],"author":[{"embeddable":true,"href":"https:\/\/www.agrotrak.ch\/fr\/wp-json\/wp\/v2\/users\/2"}],"replies":[{"embeddable":true,"href":"https:\/\/www.agrotrak.ch\/fr\/wp-json\/wp\/v2\/comments?post=1198"}],"version-history":[{"count":4,"href":"https:\/\/www.agrotrak.ch\/fr\/wp-json\/wp\/v2\/pages\/1198\/revisions"}],"predecessor-version":[{"id":1394,"href":"https:\/\/www.agrotrak.ch\/fr\/wp-json\/wp\/v2\/pages\/1198\/revisions\/1394"}],"up":[{"embeddable":true,"href":"https:\/\/www.agrotrak.ch\/fr\/wp-json\/wp\/v2\/pages\/1187"}],"wp:attachment":[{"href":"https:\/\/www.agrotrak.ch\/fr\/wp-json\/wp\/v2\/media?parent=1198"}],"curies":[{"name":"wp","href":"https:\/\/api.w.org\/{rel}","templated":true}]}}