{"id":1190,"date":"2023-05-12T14:57:26","date_gmt":"2023-05-12T12:57:26","guid":{"rendered":"https:\/\/projects.botanibot.com\/agrotrak23\/?page_id=1190"},"modified":"2023-05-16T13:20:12","modified_gmt":"2023-05-16T11:20:12","slug":"fendt","status":"publish","type":"page","link":"https:\/\/www.agrotrak.ch\/fr\/technique-agricole\/fendt\/","title":{"rendered":"FENDT"},"content":{"rendered":"\n<div class=\"wp-block-cover is-light\"><span aria-hidden=\"true\" class=\"wp-block-cover__background has-background-dim-0 has-background-dim\"><\/span><img loading=\"lazy\" decoding=\"async\" width=\"1600\" height=\"658\" class=\"wp-block-cover__image-background wp-image-557\" alt=\"Fendt Technique Agrigole\" src=\"https:\/\/agrotrak.ch\/app\/uploads\/2023\/05\/fendt_header1.jpg\" data-object-fit=\"cover\" srcset=\"https:\/\/www.agrotrak.ch\/app\/uploads\/2023\/05\/fendt_header1.jpg 1600w, https:\/\/www.agrotrak.ch\/app\/uploads\/2023\/05\/fendt_header1-300x123.jpg 300w, https:\/\/www.agrotrak.ch\/app\/uploads\/2023\/05\/fendt_header1-1024x421.jpg 1024w, https:\/\/www.agrotrak.ch\/app\/uploads\/2023\/05\/fendt_header1-768x316.jpg 768w, https:\/\/www.agrotrak.ch\/app\/uploads\/2023\/05\/fendt_header1-1536x632.jpg 1536w, https:\/\/www.agrotrak.ch\/app\/uploads\/2023\/05\/fendt_header1-600x247.jpg 600w, https:\/\/www.agrotrak.ch\/app\/uploads\/2023\/05\/fendt_header1-1200x494.jpg 1200w, https:\/\/www.agrotrak.ch\/app\/uploads\/2023\/05\/fendt_header1-324x133.jpg 324w, https:\/\/www.agrotrak.ch\/app\/uploads\/2023\/05\/fendt_header1-416x171.jpg 416w\" sizes=\"auto, (max-width: 1600px) 100vw, 1600px\" \/><div class=\"wp-block-cover__inner-container is-layout-flow wp-block-cover-is-layout-flow\">\n<p class=\"has-text-align-center has-large-font-size\"><\/p>\n<\/div><\/div>\n\n\n\n<div class=\"wp-block-group has-white-background-color has-background\"><div class=\"wp-block-group__inner-container is-layout-flow wp-block-group-is-layout-flow\">\n<h2 class=\"wp-block-heading has-mutedbrown-color has-text-color\"><strong>TECHNIQUE AGRICOLE <\/strong>\u2013 FENDT<strong> <\/strong><\/h2>\n\n\n\n<p>Fendt n&#8217;est pas seulement un nom, c&#8217;est aussi une conviction. Car avec les tracteurs et les machines de r\u00e9colte Fendt, les agriculteurs et les entrepreneurs atteignent leurs objectifs plus rapidement et avec un meilleur rendement. C&#8217;est pourquoi notre ambition quotidienne est de r\u00e9pondre aux exigences \u00e9lev\u00e9es de nos clients, voire de les d\u00e9passer, et de les aider \u00e0 r\u00e9ussir l\u00e0 o\u00f9 tout commence : \u00e0 l&#8217;intersection du ciel et de la terre, l\u00e0 o\u00f9 la nature et le savoir-faire agricole se rencontrent. C&#8217;est l\u00e0 que les conducteurs profitent directement des technologies efficaces pour augmenter la rentabilit\u00e9 &#8211; de mani\u00e8re rentable et durable &#8211; de la production de denr\u00e9es alimentaires de base et de fourrage, de mati\u00e8res premi\u00e8res naturelles et d&#8217;\u00e9nergie.<br>Plus d&#8217;informations: <a href=\"https:\/\/www.fendt.com\/de\/\" target=\"_blank\" rel=\"noreferrer noopener\">www.fendt.com<\/a><\/p>\n\n\n\n<div class=\"wp-block-columns is-layout-flex wp-container-core-columns-is-layout-28f84493 wp-block-columns-is-layout-flex\">\n<div class=\"wp-block-column is-layout-flow wp-block-column-is-layout-flow\">\n<div class=\"wp-block-media-text alignwide is-stacked-on-mobile is-style-stacked has-beige-background-color has-background\"><figure class=\"wp-block-media-text__media\"><img loading=\"lazy\" decoding=\"async\" width=\"980\" height=\"551\" src=\"https:\/\/agrotrak.ch\/app\/uploads\/2023\/05\/vario300.png\" alt=\"\" class=\"wp-image-751 size-full\" srcset=\"https:\/\/www.agrotrak.ch\/app\/uploads\/2023\/05\/vario300.png 980w, https:\/\/www.agrotrak.ch\/app\/uploads\/2023\/05\/vario300-300x169.png 300w, https:\/\/www.agrotrak.ch\/app\/uploads\/2023\/05\/vario300-768x432.png 768w, https:\/\/www.agrotrak.ch\/app\/uploads\/2023\/05\/vario300-600x337.png 600w, https:\/\/www.agrotrak.ch\/app\/uploads\/2023\/05\/vario300-324x182.png 324w, https:\/\/www.agrotrak.ch\/app\/uploads\/2023\/05\/vario300-416x234.png 416w\" sizes=\"auto, (max-width: 980px) 100vw, 980px\" \/><\/figure><div class=\"wp-block-media-text__content\">\n<h3 class=\"wp-block-heading has-white-color has-green-background-color has-text-color has-background\"><strong>300 VARIO<\/strong><\/h3>\n\n\n\n<p>Un Fendt 300 Vario se distingue par le fait qu&#8217;il a \u00e9t\u00e9 pens\u00e9 dans les moindres d\u00e9tails. La nouvelle g\u00e9n\u00e9ration comprend quatre mod\u00e8les dans la plage de puissance de 113 \u00e0 152 ch ainsi que trois variantes d&#8217;\u00e9quipement allant de Power, Profi \u00e0 Profi+. Outre le nouveau mod\u00e8le haut de gamme 314 Vario d&#8217;une puissance maximale de 152 ch, la quatri\u00e8me g\u00e9n\u00e9ration de Vario dispose du tout nouveau poste de travail du conducteur FendtONE. Il relie la machine et le bureau en une seule unit\u00e9.<br><\/p>\n<\/div><\/div>\n<\/div>\n\n\n\n<div class=\"wp-block-column is-layout-flow wp-block-column-is-layout-flow\">\n<div class=\"wp-block-media-text alignwide is-stacked-on-mobile is-style-stacked has-beige-background-color has-background\"><figure class=\"wp-block-media-text__media\"><img loading=\"lazy\" decoding=\"async\" width=\"600\" height=\"376\" src=\"https:\/\/agrotrak.ch\/app\/uploads\/2023\/05\/vario200.jpg\" alt=\"Fendt Vario 200\" class=\"wp-image-757 size-full\" srcset=\"https:\/\/www.agrotrak.ch\/app\/uploads\/2023\/05\/vario200.jpg 600w, https:\/\/www.agrotrak.ch\/app\/uploads\/2023\/05\/vario200-300x188.jpg 300w, https:\/\/www.agrotrak.ch\/app\/uploads\/2023\/05\/vario200-324x203.jpg 324w, https:\/\/www.agrotrak.ch\/app\/uploads\/2023\/05\/vario200-416x261.jpg 416w\" sizes=\"auto, (max-width: 600px) 100vw, 600px\" \/><\/figure><div class=\"wp-block-media-text__content\">\n<h3 class=\"wp-block-heading has-white-color has-green-background-color has-text-color has-background\"><strong><strong>200 VARIO<\/strong><\/strong><\/h3>\n\n\n\n<p>Parce que la performance n&#8217;a pas de taille, nous avons \u00e9quip\u00e9 le nouveau Fendt 200 Vario de tout ce dont vous avez besoin pour obtenir des r\u00e9sultats de travail r\u00e9ussis. Ses dimensions compactes et sa cabine spacieuse et a\u00e9r\u00e9e en font non seulement un v\u00e9hicule incroyablement confortable, mais aussi le partenaire id\u00e9al pour travailler dans toutes les conditions. Avec FendtONE, vous d\u00e9couvrirez en outre une nouvelle fa\u00e7on d&#8217;utiliser le tracteur de mani\u00e8re intuitive.<br><br><\/p>\n<\/div><\/div>\n<\/div>\n\n\n\n<div class=\"wp-block-column is-layout-flow wp-block-column-is-layout-flow\">\n<div class=\"wp-block-media-text alignwide is-stacked-on-mobile is-style-stacked has-beige-background-color has-background\"><figure class=\"wp-block-media-text__media\"><img loading=\"lazy\" decoding=\"async\" width=\"600\" height=\"376\" src=\"https:\/\/agrotrak.ch\/app\/uploads\/2023\/05\/vario_vfp.jpg\" alt=\"Vario V F P\" class=\"wp-image-762 size-full\" srcset=\"https:\/\/www.agrotrak.ch\/app\/uploads\/2023\/05\/vario_vfp.jpg 600w, https:\/\/www.agrotrak.ch\/app\/uploads\/2023\/05\/vario_vfp-300x188.jpg 300w, https:\/\/www.agrotrak.ch\/app\/uploads\/2023\/05\/vario_vfp-324x203.jpg 324w, https:\/\/www.agrotrak.ch\/app\/uploads\/2023\/05\/vario_vfp-416x261.jpg 416w\" sizes=\"auto, (max-width: 600px) 100vw, 600px\" \/><\/figure><div class=\"wp-block-media-text__content\">\n<h3 class=\"wp-block-heading has-white-color has-green-background-color has-text-color has-background\"><strong>200 V\/F\/P VARIO<\/strong><\/h3>\n\n\n\n<p>R\u00e9soudre d\u00e8s aujourd&#8217;hui les d\u00e9fis de demain &#8211; le nouveau Fendt 200 V\/F\/P Vario est votre partenaire pour d&#8217;excellents r\u00e9sultats, aujourd&#8217;hui et demain. \u00c9quip\u00e9 de fonctions et de logiciels qui facilitent et num\u00e9risent votre travail &#8211; pour que votre exploitation puisse continuer \u00e0 r\u00e9colter les fruits du succ\u00e8s \u00e0 l&#8217;avenir. Notre Fendt 200 V\/F\/P Vario est un sp\u00e9cialiste des t\u00e2ches exigeantes, un professionnel absolument flexible et \u00e0 l&#8217;aise dans les vignobles, les vergers et autres cultures sp\u00e9ciales.<\/p>\n<\/div><\/div>\n<\/div>\n<\/div>\n\n\n\n<div style=\"height:12px\" aria-hidden=\"true\" class=\"wp-block-spacer\"><\/div>\n\n\n\n<div class=\"wp-block-buttons is-layout-flex wp-block-buttons-is-layout-flex\">\n<div class=\"wp-block-button\"><a class=\"wp-block-button__link has-white-color has-orange-background-color has-text-color has-background wp-element-button\" href=\"https:\/\/agrotrak.ch\/vermietung\/?lang=fr\">FENDT LOUER<\/a><\/div>\n<\/div>\n<\/div><\/div>\n\n\n\n<div class=\"wp-block-cover is-light\"><span aria-hidden=\"true\" class=\"wp-block-cover__background has-background-dim-0 has-background-dim\"><\/span><img loading=\"lazy\" decoding=\"async\" width=\"1600\" height=\"658\" class=\"wp-block-cover__image-background wp-image-563\" alt=\"Fendt Valais, Sierre\" src=\"https:\/\/agrotrak.ch\/app\/uploads\/2023\/05\/fendt_header2.jpg\" data-object-fit=\"cover\" srcset=\"https:\/\/www.agrotrak.ch\/app\/uploads\/2023\/05\/fendt_header2.jpg 1600w, https:\/\/www.agrotrak.ch\/app\/uploads\/2023\/05\/fendt_header2-300x123.jpg 300w, https:\/\/www.agrotrak.ch\/app\/uploads\/2023\/05\/fendt_header2-1024x421.jpg 1024w, https:\/\/www.agrotrak.ch\/app\/uploads\/2023\/05\/fendt_header2-768x316.jpg 768w, https:\/\/www.agrotrak.ch\/app\/uploads\/2023\/05\/fendt_header2-1536x632.jpg 1536w, https:\/\/www.agrotrak.ch\/app\/uploads\/2023\/05\/fendt_header2-600x247.jpg 600w, https:\/\/www.agrotrak.ch\/app\/uploads\/2023\/05\/fendt_header2-1200x494.jpg 1200w, https:\/\/www.agrotrak.ch\/app\/uploads\/2023\/05\/fendt_header2-324x133.jpg 324w, https:\/\/www.agrotrak.ch\/app\/uploads\/2023\/05\/fendt_header2-416x171.jpg 416w\" sizes=\"auto, (max-width: 1600px) 100vw, 1600px\" \/><div class=\"wp-block-cover__inner-container is-layout-flow wp-block-cover-is-layout-flow\">\n<p class=\"has-text-align-center has-large-font-size\"><\/p>\n<\/div><\/div>\n\n\n\n<p><\/p>\n","protected":false},"excerpt":{"rendered":"<p>TECHNIQUE AGRICOLE \u2013 FENDT Fendt n&#8217;est pas seulement un nom, c&#8217;est aussi une conviction. Car avec les tracteurs et les machines de r\u00e9colte Fendt, les agriculteurs et les entrepreneurs atteignent leurs objectifs plus rapidement et avec un meilleur rendement. C&#8217;est pourquoi notre ambition quotidienne est de r\u00e9pondre aux exigences \u00e9lev\u00e9es de nos clients, voire de [&hellip;]<\/p>\n","protected":false},"author":2,"featured_media":0,"parent":1187,"menu_order":2,"comment_status":"closed","ping_status":"closed","template":"","meta":{"inline_featured_image":false,"footnotes":""},"class_list":["post-1190","page","type-page","status-publish","hentry"],"yoast_head":"<!-- This site is optimized with the Yoast SEO plugin v27.4 - https:\/\/yoast.com\/product\/yoast-seo-wordpress\/ -->\n<title>FENDT - AGROTRAK<\/title>\n<meta name=\"description\" content=\"FENDT: Agrotrak Sierre \u2013 Fendt n&#039;est pas seulement un nom, c&#039;est aussi une conviction.\" \/>\n<meta name=\"robots\" content=\"index, follow, max-snippet:-1, max-image-preview:large, max-video-preview:-1\" \/>\n<link rel=\"canonical\" href=\"https:\/\/www.agrotrak.ch\/fr\/technique-agricole\/fendt\/\" \/>\n<meta property=\"og:locale\" content=\"fr_FR\" \/>\n<meta property=\"og:type\" content=\"article\" \/>\n<meta property=\"og:title\" content=\"FENDT - AGROTRAK\" \/>\n<meta property=\"og:description\" content=\"FENDT: Agrotrak Sierre \u2013 Fendt n&#039;est pas seulement un nom, c&#039;est aussi une conviction.\" \/>\n<meta property=\"og:url\" content=\"https:\/\/www.agrotrak.ch\/fr\/technique-agricole\/fendt\/\" \/>\n<meta property=\"og:site_name\" content=\"AGROTRAK\" \/>\n<meta property=\"article:modified_time\" content=\"2023-05-16T11:20:12+00:00\" \/>\n<meta property=\"og:image\" content=\"https:\/\/agrotrak.ch\/app\/uploads\/2023\/05\/fendt_header1.jpg\" \/>\n<meta name=\"twitter:card\" content=\"summary_large_image\" \/>\n<meta name=\"twitter:label1\" content=\"Est. reading time\" \/>\n\t<meta name=\"twitter:data1\" content=\"4 minutes\" \/>\n<script type=\"application\/ld+json\" class=\"yoast-schema-graph\">{\"@context\":\"https:\\\/\\\/schema.org\",\"@graph\":[{\"@type\":\"WebPage\",\"@id\":\"https:\\\/\\\/www.agrotrak.ch\\\/fr\\\/technique-agricole\\\/fendt\\\/\",\"url\":\"https:\\\/\\\/www.agrotrak.ch\\\/fr\\\/technique-agricole\\\/fendt\\\/\",\"name\":\"FENDT - AGROTRAK\",\"isPartOf\":{\"@id\":\"https:\\\/\\\/www.agrotrak.ch\\\/#website\"},\"primaryImageOfPage\":{\"@id\":\"https:\\\/\\\/www.agrotrak.ch\\\/fr\\\/technique-agricole\\\/fendt\\\/#primaryimage\"},\"image\":{\"@id\":\"https:\\\/\\\/www.agrotrak.ch\\\/fr\\\/technique-agricole\\\/fendt\\\/#primaryimage\"},\"thumbnailUrl\":\"https:\\\/\\\/agrotrak.ch\\\/app\\\/uploads\\\/2023\\\/05\\\/fendt_header1.jpg\",\"datePublished\":\"2023-05-12T12:57:26+00:00\",\"dateModified\":\"2023-05-16T11:20:12+00:00\",\"description\":\"FENDT: Agrotrak Sierre \u2013 Fendt n'est pas seulement un nom, c'est aussi une conviction.\",\"breadcrumb\":{\"@id\":\"https:\\\/\\\/www.agrotrak.ch\\\/fr\\\/technique-agricole\\\/fendt\\\/#breadcrumb\"},\"inLanguage\":\"fr-FR\",\"potentialAction\":[{\"@type\":\"ReadAction\",\"target\":[\"https:\\\/\\\/www.agrotrak.ch\\\/fr\\\/technique-agricole\\\/fendt\\\/\"]}]},{\"@type\":\"ImageObject\",\"inLanguage\":\"fr-FR\",\"@id\":\"https:\\\/\\\/www.agrotrak.ch\\\/fr\\\/technique-agricole\\\/fendt\\\/#primaryimage\",\"url\":\"https:\\\/\\\/agrotrak.ch\\\/app\\\/uploads\\\/2023\\\/05\\\/fendt_header1.jpg\",\"contentUrl\":\"https:\\\/\\\/agrotrak.ch\\\/app\\\/uploads\\\/2023\\\/05\\\/fendt_header1.jpg\"},{\"@type\":\"BreadcrumbList\",\"@id\":\"https:\\\/\\\/www.agrotrak.ch\\\/fr\\\/technique-agricole\\\/fendt\\\/#breadcrumb\",\"itemListElement\":[{\"@type\":\"ListItem\",\"position\":1,\"name\":\"Startseite\",\"item\":\"https:\\\/\\\/www.agrotrak.ch\\\/fr\\\/\"},{\"@type\":\"ListItem\",\"position\":2,\"name\":\"TECHNIQUE AGRICOLE\",\"item\":\"https:\\\/\\\/www.agrotrak.ch\\\/fr\\\/technique-agricole\\\/\"},{\"@type\":\"ListItem\",\"position\":3,\"name\":\"FENDT\"}]},{\"@type\":\"WebSite\",\"@id\":\"https:\\\/\\\/www.agrotrak.ch\\\/#website\",\"url\":\"https:\\\/\\\/www.agrotrak.ch\\\/\",\"name\":\"AGROTRAK\",\"description\":\"Landmaschinen, Motorger\u00e4te\",\"potentialAction\":[{\"@type\":\"SearchAction\",\"target\":{\"@type\":\"EntryPoint\",\"urlTemplate\":\"https:\\\/\\\/www.agrotrak.ch\\\/?s={search_term_string}\"},\"query-input\":{\"@type\":\"PropertyValueSpecification\",\"valueRequired\":true,\"valueName\":\"search_term_string\"}}],\"inLanguage\":\"fr-FR\"}]}<\/script>\n<!-- \/ Yoast SEO plugin. -->","yoast_head_json":{"title":"FENDT - AGROTRAK","description":"FENDT: Agrotrak Sierre \u2013 Fendt n'est pas seulement un nom, c'est aussi une conviction.","robots":{"index":"index","follow":"follow","max-snippet":"max-snippet:-1","max-image-preview":"max-image-preview:large","max-video-preview":"max-video-preview:-1"},"canonical":"https:\/\/www.agrotrak.ch\/fr\/technique-agricole\/fendt\/","og_locale":"fr_FR","og_type":"article","og_title":"FENDT - AGROTRAK","og_description":"FENDT: Agrotrak Sierre \u2013 Fendt n'est pas seulement un nom, c'est aussi une conviction.","og_url":"https:\/\/www.agrotrak.ch\/fr\/technique-agricole\/fendt\/","og_site_name":"AGROTRAK","article_modified_time":"2023-05-16T11:20:12+00:00","og_image":[{"url":"https:\/\/agrotrak.ch\/app\/uploads\/2023\/05\/fendt_header1.jpg","type":"","width":"","height":""}],"twitter_card":"summary_large_image","twitter_misc":{"Est. reading time":"4 minutes"},"schema":{"@context":"https:\/\/schema.org","@graph":[{"@type":"WebPage","@id":"https:\/\/www.agrotrak.ch\/fr\/technique-agricole\/fendt\/","url":"https:\/\/www.agrotrak.ch\/fr\/technique-agricole\/fendt\/","name":"FENDT - AGROTRAK","isPartOf":{"@id":"https:\/\/www.agrotrak.ch\/#website"},"primaryImageOfPage":{"@id":"https:\/\/www.agrotrak.ch\/fr\/technique-agricole\/fendt\/#primaryimage"},"image":{"@id":"https:\/\/www.agrotrak.ch\/fr\/technique-agricole\/fendt\/#primaryimage"},"thumbnailUrl":"https:\/\/agrotrak.ch\/app\/uploads\/2023\/05\/fendt_header1.jpg","datePublished":"2023-05-12T12:57:26+00:00","dateModified":"2023-05-16T11:20:12+00:00","description":"FENDT: Agrotrak Sierre \u2013 Fendt n'est pas seulement un nom, c'est aussi une conviction.","breadcrumb":{"@id":"https:\/\/www.agrotrak.ch\/fr\/technique-agricole\/fendt\/#breadcrumb"},"inLanguage":"fr-FR","potentialAction":[{"@type":"ReadAction","target":["https:\/\/www.agrotrak.ch\/fr\/technique-agricole\/fendt\/"]}]},{"@type":"ImageObject","inLanguage":"fr-FR","@id":"https:\/\/www.agrotrak.ch\/fr\/technique-agricole\/fendt\/#primaryimage","url":"https:\/\/agrotrak.ch\/app\/uploads\/2023\/05\/fendt_header1.jpg","contentUrl":"https:\/\/agrotrak.ch\/app\/uploads\/2023\/05\/fendt_header1.jpg"},{"@type":"BreadcrumbList","@id":"https:\/\/www.agrotrak.ch\/fr\/technique-agricole\/fendt\/#breadcrumb","itemListElement":[{"@type":"ListItem","position":1,"name":"Startseite","item":"https:\/\/www.agrotrak.ch\/fr\/"},{"@type":"ListItem","position":2,"name":"TECHNIQUE AGRICOLE","item":"https:\/\/www.agrotrak.ch\/fr\/technique-agricole\/"},{"@type":"ListItem","position":3,"name":"FENDT"}]},{"@type":"WebSite","@id":"https:\/\/www.agrotrak.ch\/#website","url":"https:\/\/www.agrotrak.ch\/","name":"AGROTRAK","description":"Landmaschinen, Motorger\u00e4te","potentialAction":[{"@type":"SearchAction","target":{"@type":"EntryPoint","urlTemplate":"https:\/\/www.agrotrak.ch\/?s={search_term_string}"},"query-input":{"@type":"PropertyValueSpecification","valueRequired":true,"valueName":"search_term_string"}}],"inLanguage":"fr-FR"}]}},"_links":{"self":[{"href":"https:\/\/www.agrotrak.ch\/fr\/wp-json\/wp\/v2\/pages\/1190","targetHints":{"allow":["GET"]}}],"collection":[{"href":"https:\/\/www.agrotrak.ch\/fr\/wp-json\/wp\/v2\/pages"}],"about":[{"href":"https:\/\/www.agrotrak.ch\/fr\/wp-json\/wp\/v2\/types\/page"}],"author":[{"embeddable":true,"href":"https:\/\/www.agrotrak.ch\/fr\/wp-json\/wp\/v2\/users\/2"}],"replies":[{"embeddable":true,"href":"https:\/\/www.agrotrak.ch\/fr\/wp-json\/wp\/v2\/comments?post=1190"}],"version-history":[{"count":5,"href":"https:\/\/www.agrotrak.ch\/fr\/wp-json\/wp\/v2\/pages\/1190\/revisions"}],"predecessor-version":[{"id":1313,"href":"https:\/\/www.agrotrak.ch\/fr\/wp-json\/wp\/v2\/pages\/1190\/revisions\/1313"}],"up":[{"embeddable":true,"href":"https:\/\/www.agrotrak.ch\/fr\/wp-json\/wp\/v2\/pages\/1187"}],"wp:attachment":[{"href":"https:\/\/www.agrotrak.ch\/fr\/wp-json\/wp\/v2\/media?parent=1190"}],"curies":[{"name":"wp","href":"https:\/\/api.w.org\/{rel}","templated":true}]}}