{"id":1179,"date":"2023-05-12T14:49:05","date_gmt":"2023-05-12T12:49:05","guid":{"rendered":"https:\/\/projects.botanibot.com\/agrotrak23\/?page_id=1179"},"modified":"2026-04-03T15:34:42","modified_gmt":"2026-04-03T13:34:42","slug":"team","status":"publish","type":"page","link":"https:\/\/www.agrotrak.ch\/fr\/team\/","title":{"rendered":"Team"},"content":{"rendered":"\n<div class=\"wp-block-cover is-light\"><img loading=\"lazy\" decoding=\"async\" width=\"1600\" height=\"658\" class=\"wp-block-cover__image-background wp-image-439\" alt=\"Agrotrak Team\" src=\"https:\/\/agrotrak.ch\/app\/uploads\/2023\/05\/header_team.jpg\" data-object-fit=\"cover\" srcset=\"https:\/\/www.agrotrak.ch\/app\/uploads\/2023\/05\/header_team.jpg 1600w, https:\/\/www.agrotrak.ch\/app\/uploads\/2023\/05\/header_team-300x123.jpg 300w, https:\/\/www.agrotrak.ch\/app\/uploads\/2023\/05\/header_team-1024x421.jpg 1024w, https:\/\/www.agrotrak.ch\/app\/uploads\/2023\/05\/header_team-768x316.jpg 768w, https:\/\/www.agrotrak.ch\/app\/uploads\/2023\/05\/header_team-1536x632.jpg 1536w, https:\/\/www.agrotrak.ch\/app\/uploads\/2023\/05\/header_team-600x247.jpg 600w, https:\/\/www.agrotrak.ch\/app\/uploads\/2023\/05\/header_team-1200x494.jpg 1200w, https:\/\/www.agrotrak.ch\/app\/uploads\/2023\/05\/header_team-324x133.jpg 324w, https:\/\/www.agrotrak.ch\/app\/uploads\/2023\/05\/header_team-416x171.jpg 416w\" sizes=\"auto, (max-width: 1600px) 100vw, 1600px\" \/><span aria-hidden=\"true\" class=\"wp-block-cover__background has-background-dim-0 has-background-dim\"><\/span><div class=\"wp-block-cover__inner-container is-layout-flow wp-block-cover-is-layout-flow\">\n<p class=\"has-text-align-center has-large-font-size\"><\/p>\n<\/div><\/div>\n\n\n\n<div class=\"wp-block-group has-white-background-color has-background\"><div class=\"wp-block-group__inner-container is-layout-flow wp-block-group-is-layout-flow\">\n<h2 class=\"wp-block-heading has-mutedbrown-color has-text-color\"><strong>AGROTRAK<\/strong> TEAM<\/h2>\n\n\n\n<div class=\"wp-block-columns is-layout-flex wp-container-core-columns-is-layout-28f84493 wp-block-columns-is-layout-flex\">\n<div class=\"wp-block-column is-layout-flow wp-block-column-is-layout-flow\">\n<div class=\"wp-block-media-text alignwide is-stacked-on-mobile is-style-stacked has-beige-background-color has-background\"><figure class=\"wp-block-media-text__media\"><img loading=\"lazy\" decoding=\"async\" width=\"900\" height=\"617\" src=\"https:\/\/agrotrak.ch\/app\/uploads\/2023\/05\/andy.jpg\" alt=\"\" class=\"wp-image-450 size-full\" srcset=\"https:\/\/www.agrotrak.ch\/app\/uploads\/2023\/05\/andy.jpg 900w, https:\/\/www.agrotrak.ch\/app\/uploads\/2023\/05\/andy-300x206.jpg 300w, https:\/\/www.agrotrak.ch\/app\/uploads\/2023\/05\/andy-768x527.jpg 768w, https:\/\/www.agrotrak.ch\/app\/uploads\/2023\/05\/andy-600x411.jpg 600w, https:\/\/www.agrotrak.ch\/app\/uploads\/2023\/05\/andy-324x222.jpg 324w, https:\/\/www.agrotrak.ch\/app\/uploads\/2023\/05\/andy-416x285.jpg 416w\" sizes=\"auto, (max-width: 900px) 100vw, 900px\" \/><\/figure><div class=\"wp-block-media-text__content\">\n<h3 class=\"wp-block-heading has-white-color has-green-background-color has-text-color has-background\"><strong>ANDY J\u00c4GER<\/strong><\/h3>\n\n\n\n<p><strong>Direction g\u00e9n\u00e9rale Responsable des ventes<\/strong><br>Mobile 079 373 36 25<br><a href=\"mailto:&#97;&#110;&#100;&#121;&#64;&#97;&#103;&#114;&#111;&#116;&#114;&#97;&#107;&#46;&#99;&#104;\">&#97;&#110;&#100;&#121;&#64;&#97;&#103;&#114;&#111;&#116;&#114;&#97;&#107;&#46;&#99;&#104;<\/a><\/p>\n<\/div><\/div>\n<\/div>\n\n\n\n<div class=\"wp-block-column is-layout-flow wp-block-column-is-layout-flow\">\n<div class=\"wp-block-media-text alignwide is-stacked-on-mobile is-style-stacked has-beige-background-color has-background\"><figure class=\"wp-block-media-text__media\"><img loading=\"lazy\" decoding=\"async\" width=\"900\" height=\"617\" src=\"https:\/\/agrotrak.ch\/app\/uploads\/2023\/05\/yann.jpg\" alt=\"Yann Antille\" class=\"wp-image-454 size-full\" srcset=\"https:\/\/www.agrotrak.ch\/app\/uploads\/2023\/05\/yann.jpg 900w, https:\/\/www.agrotrak.ch\/app\/uploads\/2023\/05\/yann-300x206.jpg 300w, https:\/\/www.agrotrak.ch\/app\/uploads\/2023\/05\/yann-768x527.jpg 768w, https:\/\/www.agrotrak.ch\/app\/uploads\/2023\/05\/yann-600x411.jpg 600w, https:\/\/www.agrotrak.ch\/app\/uploads\/2023\/05\/yann-324x222.jpg 324w, https:\/\/www.agrotrak.ch\/app\/uploads\/2023\/05\/yann-416x285.jpg 416w\" sizes=\"auto, (max-width: 900px) 100vw, 900px\" \/><\/figure><div class=\"wp-block-media-text__content\">\n<h3 class=\"wp-block-heading has-white-color has-green-background-color has-text-color has-background\"><strong>YANN ANTILLE<\/strong><\/h3>\n\n\n\n<p><strong>Direction g\u00e9n\u00e9rale Chef d&#8217;atelier<\/strong><br>Mobile 079 410 62 47<br><a href=\"mailto:&#121;&#97;&#110;&#110;&#64;&#97;&#103;&#114;&#111;&#116;&#114;&#97;&#107;&#46;&#99;&#104;\">&#121;&#97;&#110;&#110;&#64;&#97;&#103;&#114;&#111;&#116;&#114;&#97;&#107;&#46;&#99;&#104;<\/a><\/p>\n<\/div><\/div>\n<\/div>\n\n\n\n<div class=\"wp-block-column is-layout-flow wp-block-column-is-layout-flow\">\n<div class=\"wp-block-media-text alignwide is-stacked-on-mobile is-style-stacked has-beige-background-color has-background\"><figure class=\"wp-block-media-text__media\"><img loading=\"lazy\" decoding=\"async\" width=\"512\" height=\"512\" src=\"https:\/\/www.agrotrak.ch\/app\/uploads\/2023\/06\/cropped-favicon.gif\" alt=\"\" class=\"wp-image-1473 size-full\"\/><\/figure><div class=\"wp-block-media-text__content\">\n<h3 class=\"wp-block-heading has-white-color has-green-background-color has-text-color has-background\"><strong>FR\u00c9D\u00c9RIC PRALONG<\/strong><\/h3>\n\n\n\n<p><strong>Shop-Manager<\/strong><br>Mobile 079 699 89 89<br><a href=\"mailto:&#115;&#104;&#111;&#112;&#64;&#97;&#103;&#114;&#111;&#116;&#114;&#97;&#107;&#46;&#99;&#104;\">&#115;&#104;&#111;&#112;&#64;&#97;&#103;&#114;&#111;&#116;&#114;&#97;&#107;&#46;&#99;&#104;<\/a><br><\/p>\n<\/div><\/div>\n<\/div>\n<\/div>\n\n\n\n<div class=\"wp-block-columns is-layout-flex wp-container-core-columns-is-layout-28f84493 wp-block-columns-is-layout-flex\">\n<div class=\"wp-block-column is-layout-flow wp-block-column-is-layout-flow\">\n<div class=\"wp-block-media-text alignwide is-stacked-on-mobile is-style-stacked has-beige-background-color has-background\"><figure class=\"wp-block-media-text__media\"><img loading=\"lazy\" decoding=\"async\" width=\"900\" height=\"617\" src=\"https:\/\/agrotrak.ch\/app\/uploads\/2023\/05\/thomas.jpg\" alt=\"Thomas Hetzel Agrotrak\" class=\"wp-image-458 size-full\" srcset=\"https:\/\/www.agrotrak.ch\/app\/uploads\/2023\/05\/thomas.jpg 900w, https:\/\/www.agrotrak.ch\/app\/uploads\/2023\/05\/thomas-300x206.jpg 300w, https:\/\/www.agrotrak.ch\/app\/uploads\/2023\/05\/thomas-768x527.jpg 768w, https:\/\/www.agrotrak.ch\/app\/uploads\/2023\/05\/thomas-600x411.jpg 600w, https:\/\/www.agrotrak.ch\/app\/uploads\/2023\/05\/thomas-324x222.jpg 324w, https:\/\/www.agrotrak.ch\/app\/uploads\/2023\/05\/thomas-416x285.jpg 416w\" sizes=\"auto, (max-width: 900px) 100vw, 900px\" \/><\/figure><div class=\"wp-block-media-text__content\">\n<h3 class=\"wp-block-heading has-white-color has-green-background-color has-text-color has-background\"><strong>THOMAS HETZEL<\/strong><\/h3>\n\n\n\n<p><strong>Entrep\u00f4t<\/strong><\/p>\n\n\n\n<p>Mobile 079 644 89 89<br><a href=\"mailto:&#109;&#97;&#103;&#97;&#115;&#105;&#110;&#64;&#97;&#103;&#114;&#111;&#116;&#114;&#97;&#107;&#46;&#99;&#104;\">&#109;&#97;&#103;&#97;&#115;&#105;&#110;&#64;&#97;&#103;&#114;&#111;&#116;&#114;&#97;&#107;&#46;&#99;&#104;<\/a><br><br><\/p>\n<\/div><\/div>\n<\/div>\n\n\n\n<div class=\"wp-block-column is-layout-flow wp-block-column-is-layout-flow\">\n<div class=\"wp-block-media-text alignwide is-stacked-on-mobile is-style-stacked has-beige-background-color has-background\"><figure class=\"wp-block-media-text__media\"><img loading=\"lazy\" decoding=\"async\" width=\"900\" height=\"617\" src=\"https:\/\/agrotrak.ch\/app\/uploads\/2023\/05\/damien.jpg\" alt=\"Damian Radochonski\" class=\"wp-image-474 size-full\" srcset=\"https:\/\/www.agrotrak.ch\/app\/uploads\/2023\/05\/damien.jpg 900w, https:\/\/www.agrotrak.ch\/app\/uploads\/2023\/05\/damien-300x206.jpg 300w, https:\/\/www.agrotrak.ch\/app\/uploads\/2023\/05\/damien-768x527.jpg 768w, https:\/\/www.agrotrak.ch\/app\/uploads\/2023\/05\/damien-600x411.jpg 600w, https:\/\/www.agrotrak.ch\/app\/uploads\/2023\/05\/damien-324x222.jpg 324w, https:\/\/www.agrotrak.ch\/app\/uploads\/2023\/05\/damien-416x285.jpg 416w\" sizes=\"auto, (max-width: 900px) 100vw, 900px\" \/><\/figure><div class=\"wp-block-media-text__content\">\n<h3 class=\"wp-block-heading has-white-color has-green-background-color has-text-color has-background\"><strong>DAMIAN RADOCHONSKI<\/strong><\/h3>\n\n\n\n<p><strong><strong>Atelier<\/strong><\/strong><br><\/p>\n<\/div><\/div>\n<\/div>\n\n\n\n<div class=\"wp-block-column is-layout-flow wp-block-column-is-layout-flow\">\n<div class=\"wp-block-media-text alignwide is-stacked-on-mobile is-style-stacked has-beige-background-color has-background\"><figure class=\"wp-block-media-text__media\"><img loading=\"lazy\" decoding=\"async\" width=\"900\" height=\"617\" src=\"https:\/\/agrotrak.ch\/app\/uploads\/2023\/05\/marius.jpg\" alt=\"Marius Defta\" class=\"wp-image-478 size-full\" srcset=\"https:\/\/www.agrotrak.ch\/app\/uploads\/2023\/05\/marius.jpg 900w, https:\/\/www.agrotrak.ch\/app\/uploads\/2023\/05\/marius-300x206.jpg 300w, https:\/\/www.agrotrak.ch\/app\/uploads\/2023\/05\/marius-768x527.jpg 768w, https:\/\/www.agrotrak.ch\/app\/uploads\/2023\/05\/marius-600x411.jpg 600w, https:\/\/www.agrotrak.ch\/app\/uploads\/2023\/05\/marius-324x222.jpg 324w, https:\/\/www.agrotrak.ch\/app\/uploads\/2023\/05\/marius-416x285.jpg 416w\" sizes=\"auto, (max-width: 900px) 100vw, 900px\" \/><\/figure><div class=\"wp-block-media-text__content\">\n<h3 class=\"wp-block-heading has-white-color has-green-background-color has-text-color has-background\"><strong>MARIUS DEFTA<\/strong><\/h3>\n\n\n\n<p><strong><strong>Atelier<\/strong><\/strong><br>  <\/p>\n<\/div><\/div>\n<\/div>\n<\/div>\n\n\n\n<div class=\"wp-block-columns is-layout-flex wp-container-core-columns-is-layout-28f84493 wp-block-columns-is-layout-flex\">\n<div class=\"wp-block-column is-layout-flow wp-block-column-is-layout-flow\">\n<div class=\"wp-block-media-text alignwide is-stacked-on-mobile is-style-stacked has-beige-background-color has-background\"><figure class=\"wp-block-media-text__media\"><img loading=\"lazy\" decoding=\"async\" width=\"900\" height=\"617\" src=\"https:\/\/www.agrotrak.ch\/app\/uploads\/2023\/05\/axel.jpg\" alt=\"Axel Bagnoud\" class=\"wp-image-486 size-full\" srcset=\"https:\/\/www.agrotrak.ch\/app\/uploads\/2023\/05\/axel.jpg 900w, https:\/\/www.agrotrak.ch\/app\/uploads\/2023\/05\/axel-300x206.jpg 300w, https:\/\/www.agrotrak.ch\/app\/uploads\/2023\/05\/axel-768x527.jpg 768w, https:\/\/www.agrotrak.ch\/app\/uploads\/2023\/05\/axel-600x411.jpg 600w, https:\/\/www.agrotrak.ch\/app\/uploads\/2023\/05\/axel-324x222.jpg 324w, https:\/\/www.agrotrak.ch\/app\/uploads\/2023\/05\/axel-416x285.jpg 416w\" sizes=\"auto, (max-width: 900px) 100vw, 900px\" \/><\/figure><div class=\"wp-block-media-text__content\">\n<h3 class=\"wp-block-heading has-white-color has-green-background-color has-text-color has-background\"><strong>AXEL BAGNOUD<\/strong><\/h3>\n\n\n\n<p><strong>Atelier<\/strong><\/p>\n\n\n\n<p><br><br><\/p>\n<\/div><\/div>\n<\/div>\n\n\n\n<div class=\"wp-block-column is-layout-flow wp-block-column-is-layout-flow\">\n<div class=\"wp-block-media-text alignwide is-stacked-on-mobile is-style-stacked has-beige-background-color has-background\"><figure class=\"wp-block-media-text__media\"><img loading=\"lazy\" decoding=\"async\" width=\"512\" height=\"512\" src=\"https:\/\/www.agrotrak.ch\/app\/uploads\/2023\/06\/cropped-favicon.gif\" alt=\"\" class=\"wp-image-1473 size-full\"\/><\/figure><div class=\"wp-block-media-text__content\">\n<h3 class=\"wp-block-heading has-white-color has-green-background-color has-text-color has-background\"><\/h3>\n\n\n\n<p><strong><strong>Atelier<\/strong><\/strong><br><\/p>\n<\/div><\/div>\n<\/div>\n\n\n\n<div class=\"wp-block-column is-layout-flow wp-block-column-is-layout-flow\">\n<div class=\"wp-block-media-text alignwide is-stacked-on-mobile is-style-stacked has-beige-background-color has-background\"><figure class=\"wp-block-media-text__media\"><img loading=\"lazy\" decoding=\"async\" width=\"900\" height=\"617\" src=\"https:\/\/www.agrotrak.ch\/app\/uploads\/2023\/09\/image00001.jpeg\" alt=\"\" class=\"wp-image-1481 size-full\" srcset=\"https:\/\/www.agrotrak.ch\/app\/uploads\/2023\/09\/image00001.jpeg 900w, https:\/\/www.agrotrak.ch\/app\/uploads\/2023\/09\/image00001-300x206.jpeg 300w, https:\/\/www.agrotrak.ch\/app\/uploads\/2023\/09\/image00001-768x527.jpeg 768w, https:\/\/www.agrotrak.ch\/app\/uploads\/2023\/09\/image00001-600x411.jpeg 600w, https:\/\/www.agrotrak.ch\/app\/uploads\/2023\/09\/image00001-324x222.jpeg 324w, https:\/\/www.agrotrak.ch\/app\/uploads\/2023\/09\/image00001-416x285.jpeg 416w\" sizes=\"auto, (max-width: 900px) 100vw, 900px\" \/><\/figure><div class=\"wp-block-media-text__content\">\n<h3 class=\"wp-block-heading has-white-color has-green-background-color has-text-color has-background\"><strong>VANESSA SARBACH<\/strong><\/h3>\n\n\n\n<p><strong><strong><strong>Bureau, administration<\/strong>, comptabilit\u00e9, HR<br><\/strong><\/strong>avec notre responsable de client\u00e8le \u00abArya\u00bb<strong><strong><br><a href=\"mailto:&#111;&#102;&#102;&#105;&#99;&#101;&#64;&#97;&#103;&#114;&#111;&#116;&#114;&#97;&#107;&#46;&#99;&#104;\">&#111;&#102;&#102;&#105;&#99;&#101;&#64;&#97;&#103;&#114;&#111;&#116;&#114;&#97;&#107;&#46;&#99;&#104;<\/a><\/strong><\/strong><br><\/p>\n<\/div><\/div>\n<\/div>\n<\/div>\n\n\n\n<div class=\"wp-block-columns is-layout-flex wp-container-core-columns-is-layout-28f84493 wp-block-columns-is-layout-flex\">\n<div class=\"wp-block-column is-layout-flow wp-block-column-is-layout-flow\">\n<div class=\"wp-block-media-text alignwide is-stacked-on-mobile is-style-stacked has-beige-background-color has-background\"><figure class=\"wp-block-media-text__media\"><img loading=\"lazy\" decoding=\"async\" width=\"512\" height=\"512\" src=\"https:\/\/www.agrotrak.ch\/app\/uploads\/2023\/06\/cropped-favicon.gif\" alt=\"\" class=\"wp-image-1473 size-full\"\/><\/figure><div class=\"wp-block-media-text__content\">\n<h3 class=\"wp-block-heading has-white-color has-green-background-color has-text-color has-background\"><strong>NOAH LAUBER<\/strong><\/h3>\n\n\n\n<p><strong>Apprenti<\/strong><\/p>\n\n\n\n<p><br><br><\/p>\n<\/div><\/div>\n<\/div>\n\n\n\n<div class=\"wp-block-column is-layout-flow wp-block-column-is-layout-flow\">\n<div class=\"wp-block-media-text alignwide is-stacked-on-mobile is-style-stacked has-beige-background-color has-background\"><figure class=\"wp-block-media-text__media\"><img loading=\"lazy\" decoding=\"async\" width=\"512\" height=\"512\" src=\"https:\/\/www.agrotrak.ch\/app\/uploads\/2023\/06\/cropped-favicon.gif\" alt=\"\" class=\"wp-image-1473 size-full\"\/><\/figure><div class=\"wp-block-media-text__content\">\n<h3 class=\"wp-block-heading has-white-color has-green-background-color has-text-color has-background\"><strong>LUIS SANTOS ALEXANDRE<\/strong><\/h3>\n\n\n\n<p><strong><strong>Apprenti<\/strong><\/strong><br><\/p>\n<\/div><\/div>\n<\/div>\n\n\n\n<div class=\"wp-block-column is-layout-flow wp-block-column-is-layout-flow\">\n<div class=\"wp-block-media-text alignwide is-stacked-on-mobile is-style-stacked has-beige-background-color has-background\"><figure class=\"wp-block-media-text__media\"><img loading=\"lazy\" decoding=\"async\" width=\"512\" height=\"512\" src=\"https:\/\/www.agrotrak.ch\/app\/uploads\/2023\/06\/cropped-favicon.gif\" alt=\"\" class=\"wp-image-1473 size-full\"\/><\/figure><div class=\"wp-block-media-text__content\">\n<h3 class=\"wp-block-heading has-white-color has-green-background-color has-text-color has-background\"><\/h3>\n\n\n\n<p><br><\/p>\n<\/div><\/div>\n<\/div>\n<\/div>\n\n\n\n<div class=\"wp-block-columns is-layout-flex wp-container-core-columns-is-layout-28f84493 wp-block-columns-is-layout-flex\">\n<div class=\"wp-block-column is-layout-flow wp-block-column-is-layout-flow\"><\/div>\n\n\n\n<div class=\"wp-block-column is-layout-flow wp-block-column-is-layout-flow\"><\/div>\n\n\n\n<div class=\"wp-block-column is-layout-flow wp-block-column-is-layout-flow\"><\/div>\n<\/div>\n\n\n\n<div style=\"height:12px\" aria-hidden=\"true\" class=\"wp-block-spacer\"><\/div>\n\n\n\n<div class=\"wp-block-buttons is-layout-flex wp-block-buttons-is-layout-flex\">\n<div class=\"wp-block-button is-style-outline is-style-outline--1\"><a class=\"wp-block-button__link has-white-color has-orange-background-color has-text-color has-background wp-element-button\" href=\"https:\/\/agrotrak.ch\/shop\/\">Shop<\/a><\/div>\n<\/div>\n<\/div><\/div>\n","protected":false},"excerpt":{"rendered":"<p>AGROTRAK TEAM ANDY J\u00c4GER Direction g\u00e9n\u00e9rale Responsable des ventesMobile 079 373 36 25 YANN ANTILLE Direction g\u00e9n\u00e9rale Chef d&#8217;atelierMobile 079 410 62 47 FR\u00c9D\u00c9RIC PRALONG Shop-ManagerMobile 079 699 89 89 THOMAS HETZEL Entrep\u00f4t Mobile 079 644 89 89 DAMIAN RADOCHONSKI Atelier MARIUS DEFTA Atelier AXEL BAGNOUD Atelier Atelier VANESSA SARBACH Bureau, administration, comptabilit\u00e9, HRavec notre [&hellip;]<\/p>\n","protected":false},"author":2,"featured_media":0,"parent":0,"menu_order":55,"comment_status":"closed","ping_status":"closed","template":"","meta":{"inline_featured_image":false,"footnotes":""},"class_list":["post-1179","page","type-page","status-publish","hentry"],"yoast_head":"<!-- This site is optimized with the Yoast SEO plugin v27.4 - https:\/\/yoast.com\/product\/yoast-seo-wordpress\/ -->\n<title>Team - AGROTRAK<\/title>\n<meta name=\"robots\" content=\"index, follow, max-snippet:-1, max-image-preview:large, max-video-preview:-1\" \/>\n<link rel=\"canonical\" href=\"https:\/\/www.agrotrak.ch\/fr\/team\/\" \/>\n<meta property=\"og:locale\" content=\"fr_FR\" \/>\n<meta property=\"og:type\" content=\"article\" \/>\n<meta property=\"og:title\" content=\"Team - AGROTRAK\" \/>\n<meta property=\"og:description\" content=\"AGROTRAK TEAM ANDY J\u00c4GER Direction g\u00e9n\u00e9rale Responsable des ventesMobile 079 373 36 25 YANN ANTILLE Direction g\u00e9n\u00e9rale Chef d&#8217;atelierMobile 079 410 62 47 FR\u00c9D\u00c9RIC PRALONG Shop-ManagerMobile 079 699 89 89 THOMAS HETZEL Entrep\u00f4t Mobile 079 644 89 89 DAMIAN RADOCHONSKI Atelier MARIUS DEFTA Atelier AXEL BAGNOUD Atelier Atelier VANESSA SARBACH Bureau, administration, comptabilit\u00e9, HRavec notre [&hellip;]\" \/>\n<meta property=\"og:url\" content=\"https:\/\/www.agrotrak.ch\/fr\/team\/\" \/>\n<meta property=\"og:site_name\" content=\"AGROTRAK\" \/>\n<meta property=\"article:modified_time\" content=\"2026-04-03T13:34:42+00:00\" \/>\n<meta property=\"og:image\" content=\"https:\/\/www.agrotrak.ch\/app\/uploads\/2023\/05\/header_team.jpg\" \/>\n\t<meta property=\"og:image:width\" content=\"1600\" \/>\n\t<meta property=\"og:image:height\" content=\"658\" \/>\n\t<meta property=\"og:image:type\" content=\"image\/jpeg\" \/>\n<meta name=\"twitter:card\" content=\"summary_large_image\" \/>\n<meta name=\"twitter:label1\" content=\"Est. reading time\" \/>\n\t<meta name=\"twitter:data1\" content=\"4 minutes\" \/>\n<script type=\"application\/ld+json\" class=\"yoast-schema-graph\">{\"@context\":\"https:\\\/\\\/schema.org\",\"@graph\":[{\"@type\":\"WebPage\",\"@id\":\"https:\\\/\\\/www.agrotrak.ch\\\/fr\\\/team\\\/\",\"url\":\"https:\\\/\\\/www.agrotrak.ch\\\/fr\\\/team\\\/\",\"name\":\"Team - AGROTRAK\",\"isPartOf\":{\"@id\":\"https:\\\/\\\/www.agrotrak.ch\\\/#website\"},\"primaryImageOfPage\":{\"@id\":\"https:\\\/\\\/www.agrotrak.ch\\\/fr\\\/team\\\/#primaryimage\"},\"image\":{\"@id\":\"https:\\\/\\\/www.agrotrak.ch\\\/fr\\\/team\\\/#primaryimage\"},\"thumbnailUrl\":\"https:\\\/\\\/agrotrak.ch\\\/app\\\/uploads\\\/2023\\\/05\\\/header_team.jpg\",\"datePublished\":\"2023-05-12T12:49:05+00:00\",\"dateModified\":\"2026-04-03T13:34:42+00:00\",\"breadcrumb\":{\"@id\":\"https:\\\/\\\/www.agrotrak.ch\\\/fr\\\/team\\\/#breadcrumb\"},\"inLanguage\":\"fr-FR\",\"potentialAction\":[{\"@type\":\"ReadAction\",\"target\":[\"https:\\\/\\\/www.agrotrak.ch\\\/fr\\\/team\\\/\"]}]},{\"@type\":\"ImageObject\",\"inLanguage\":\"fr-FR\",\"@id\":\"https:\\\/\\\/www.agrotrak.ch\\\/fr\\\/team\\\/#primaryimage\",\"url\":\"https:\\\/\\\/agrotrak.ch\\\/app\\\/uploads\\\/2023\\\/05\\\/header_team.jpg\",\"contentUrl\":\"https:\\\/\\\/agrotrak.ch\\\/app\\\/uploads\\\/2023\\\/05\\\/header_team.jpg\"},{\"@type\":\"BreadcrumbList\",\"@id\":\"https:\\\/\\\/www.agrotrak.ch\\\/fr\\\/team\\\/#breadcrumb\",\"itemListElement\":[{\"@type\":\"ListItem\",\"position\":1,\"name\":\"Startseite\",\"item\":\"https:\\\/\\\/www.agrotrak.ch\\\/fr\\\/\"},{\"@type\":\"ListItem\",\"position\":2,\"name\":\"Team\"}]},{\"@type\":\"WebSite\",\"@id\":\"https:\\\/\\\/www.agrotrak.ch\\\/#website\",\"url\":\"https:\\\/\\\/www.agrotrak.ch\\\/\",\"name\":\"AGROTRAK\",\"description\":\"Landmaschinen, Motorger\u00e4te\",\"potentialAction\":[{\"@type\":\"SearchAction\",\"target\":{\"@type\":\"EntryPoint\",\"urlTemplate\":\"https:\\\/\\\/www.agrotrak.ch\\\/?s={search_term_string}\"},\"query-input\":{\"@type\":\"PropertyValueSpecification\",\"valueRequired\":true,\"valueName\":\"search_term_string\"}}],\"inLanguage\":\"fr-FR\"}]}<\/script>\n<!-- \/ Yoast SEO plugin. -->","yoast_head_json":{"title":"Team - AGROTRAK","robots":{"index":"index","follow":"follow","max-snippet":"max-snippet:-1","max-image-preview":"max-image-preview:large","max-video-preview":"max-video-preview:-1"},"canonical":"https:\/\/www.agrotrak.ch\/fr\/team\/","og_locale":"fr_FR","og_type":"article","og_title":"Team - AGROTRAK","og_description":"AGROTRAK TEAM ANDY J\u00c4GER Direction g\u00e9n\u00e9rale Responsable des ventesMobile 079 373 36 25 YANN ANTILLE Direction g\u00e9n\u00e9rale Chef d&#8217;atelierMobile 079 410 62 47 FR\u00c9D\u00c9RIC PRALONG Shop-ManagerMobile 079 699 89 89 THOMAS HETZEL Entrep\u00f4t Mobile 079 644 89 89 DAMIAN RADOCHONSKI Atelier MARIUS DEFTA Atelier AXEL BAGNOUD Atelier Atelier VANESSA SARBACH Bureau, administration, comptabilit\u00e9, HRavec notre [&hellip;]","og_url":"https:\/\/www.agrotrak.ch\/fr\/team\/","og_site_name":"AGROTRAK","article_modified_time":"2026-04-03T13:34:42+00:00","og_image":[{"width":1600,"height":658,"url":"https:\/\/www.agrotrak.ch\/app\/uploads\/2023\/05\/header_team.jpg","type":"image\/jpeg"}],"twitter_card":"summary_large_image","twitter_misc":{"Est. reading time":"4 minutes"},"schema":{"@context":"https:\/\/schema.org","@graph":[{"@type":"WebPage","@id":"https:\/\/www.agrotrak.ch\/fr\/team\/","url":"https:\/\/www.agrotrak.ch\/fr\/team\/","name":"Team - AGROTRAK","isPartOf":{"@id":"https:\/\/www.agrotrak.ch\/#website"},"primaryImageOfPage":{"@id":"https:\/\/www.agrotrak.ch\/fr\/team\/#primaryimage"},"image":{"@id":"https:\/\/www.agrotrak.ch\/fr\/team\/#primaryimage"},"thumbnailUrl":"https:\/\/agrotrak.ch\/app\/uploads\/2023\/05\/header_team.jpg","datePublished":"2023-05-12T12:49:05+00:00","dateModified":"2026-04-03T13:34:42+00:00","breadcrumb":{"@id":"https:\/\/www.agrotrak.ch\/fr\/team\/#breadcrumb"},"inLanguage":"fr-FR","potentialAction":[{"@type":"ReadAction","target":["https:\/\/www.agrotrak.ch\/fr\/team\/"]}]},{"@type":"ImageObject","inLanguage":"fr-FR","@id":"https:\/\/www.agrotrak.ch\/fr\/team\/#primaryimage","url":"https:\/\/agrotrak.ch\/app\/uploads\/2023\/05\/header_team.jpg","contentUrl":"https:\/\/agrotrak.ch\/app\/uploads\/2023\/05\/header_team.jpg"},{"@type":"BreadcrumbList","@id":"https:\/\/www.agrotrak.ch\/fr\/team\/#breadcrumb","itemListElement":[{"@type":"ListItem","position":1,"name":"Startseite","item":"https:\/\/www.agrotrak.ch\/fr\/"},{"@type":"ListItem","position":2,"name":"Team"}]},{"@type":"WebSite","@id":"https:\/\/www.agrotrak.ch\/#website","url":"https:\/\/www.agrotrak.ch\/","name":"AGROTRAK","description":"Landmaschinen, Motorger\u00e4te","potentialAction":[{"@type":"SearchAction","target":{"@type":"EntryPoint","urlTemplate":"https:\/\/www.agrotrak.ch\/?s={search_term_string}"},"query-input":{"@type":"PropertyValueSpecification","valueRequired":true,"valueName":"search_term_string"}}],"inLanguage":"fr-FR"}]}},"_links":{"self":[{"href":"https:\/\/www.agrotrak.ch\/fr\/wp-json\/wp\/v2\/pages\/1179","targetHints":{"allow":["GET"]}}],"collection":[{"href":"https:\/\/www.agrotrak.ch\/fr\/wp-json\/wp\/v2\/pages"}],"about":[{"href":"https:\/\/www.agrotrak.ch\/fr\/wp-json\/wp\/v2\/types\/page"}],"author":[{"embeddable":true,"href":"https:\/\/www.agrotrak.ch\/fr\/wp-json\/wp\/v2\/users\/2"}],"replies":[{"embeddable":true,"href":"https:\/\/www.agrotrak.ch\/fr\/wp-json\/wp\/v2\/comments?post=1179"}],"version-history":[{"count":11,"href":"https:\/\/www.agrotrak.ch\/fr\/wp-json\/wp\/v2\/pages\/1179\/revisions"}],"predecessor-version":[{"id":1658,"href":"https:\/\/www.agrotrak.ch\/fr\/wp-json\/wp\/v2\/pages\/1179\/revisions\/1658"}],"wp:attachment":[{"href":"https:\/\/www.agrotrak.ch\/fr\/wp-json\/wp\/v2\/media?parent=1179"}],"curies":[{"name":"wp","href":"https:\/\/api.w.org\/{rel}","templated":true}]}}