{"id":1165,"date":"2023-05-12T14:36:08","date_gmt":"2023-05-12T12:36:08","guid":{"rendered":"https:\/\/projects.botanibot.com\/agrotrak23\/?page_id=1165"},"modified":"2025-12-09T17:06:24","modified_gmt":"2025-12-09T16:06:24","slug":"agrotrak","status":"publish","type":"page","link":"https:\/\/www.agrotrak.ch\/fr\/","title":{"rendered":"Agrotrak"},"content":{"rendered":"\n<div class=\"wp-block-cover alignfull is-light has-custom-content-position is-position-bottom-center is-style-hero\"><img decoding=\"async\" class=\"wp-block-cover__image-background wp-image-1530\" alt=\"\" src=\"https:\/\/www.agrotrak.ch\/app\/uploads\/2024\/04\/image00042-scaled.jpeg\" data-object-fit=\"cover\"\/><span aria-hidden=\"true\" class=\"wp-block-cover__background has-background-dim-0 has-background-dim\" style=\"background-color:#8b9693\"><\/span><div class=\"wp-block-cover__inner-container is-layout-flow wp-block-cover-is-layout-flow\">\n<div class=\"wp-block-group hero-window has-green-background-color has-background\"><div class=\"wp-block-group__inner-container is-layout-constrained wp-block-group-is-layout-constrained\">\n<div class=\"wp-block-group has-orange-background-color has-background\"><div class=\"wp-block-group__inner-container is-layout-constrained wp-block-group-is-layout-constrained\">\n<p><strong>Choisissez votre shop<\/strong><\/p>\n<\/div><\/div>\n\n\n\n<div class=\"wp-block-group has-black-color has-white-background-color has-text-color has-background\"><div class=\"wp-block-group__inner-container is-layout-constrained wp-block-group-is-layout-constrained\">\n<p class=\"has-black-color has-text-color\"><strong><a href=\"https:\/\/www.agrotrak.ch\/fr\/produkt-kategorie\/stihlshop-fr\/\">Stihl Shop<\/a><\/strong><\/p>\n<\/div><\/div>\n\n\n\n<div class=\"wp-block-group has-black-color has-white-background-color has-text-color has-background\"><div class=\"wp-block-group__inner-container is-layout-constrained wp-block-group-is-layout-constrained\">\n<p class=\"has-black-color has-text-color\"><strong><a href=\"https:\/\/www.agrotrak.ch\/fr\/produkt-kategorie\/louer-des-appareils\/\">Louer des Appareils<\/a><\/strong><\/p>\n<\/div><\/div>\n<\/div><\/div>\n<\/div><\/div>\n\n\n\n<div class=\"wp-block-group has-white-background-color has-background\"><div class=\"wp-block-group__inner-container is-layout-flow wp-block-group-is-layout-flow\">\n<h2 class=\"wp-block-heading has-mutedbrown-color has-text-color\">AGROTRAK \u2013 ton partenaire pour les machines et outils agricoles<\/h2>\n\n\n\n<p><strong>Vente et location de machines agricoles et d&#8217;appareils \u00e0 moteur<\/strong><br>Bienvenue chez AgroTrak. Nous sommes votre partenaire fiable lorsqu&#8217;il s&#8217;agit de machines agricoles et\/ou d&#8217;appareils \u00e0 moteur de toutes sortes. Qu&#8217;il s&#8217;agisse d&#8217;achat, de location, de r\u00e9paration ou de pi\u00e8ces de rechange, nous trouvons une solution adapt\u00e9e \u00e0 tout et \u00e0 tous. Vous trouverez sur notre site web un aper\u00e7u de nos offres, nous vous souhaitons beaucoup de plaisir \u00e0 les parcourir.<\/p>\n\n\n\n<div class=\"wp-block-columns is-layout-flex wp-container-core-columns-is-layout-28f84493 wp-block-columns-is-layout-flex\">\n<div class=\"wp-block-column is-layout-flow wp-block-column-is-layout-flow\">\n<div class=\"wp-block-media-text alignwide is-stacked-on-mobile is-style-stacked has-beige-background-color has-background\"><figure class=\"wp-block-media-text__media\"><a href=\"https:\/\/agrotrak.ch\/shop\/?lang=fr\"><img loading=\"lazy\" decoding=\"async\" width=\"600\" height=\"376\" src=\"https:\/\/agrotrak.ch\/app\/uploads\/2023\/05\/stihl_def_kl.jpg\" alt=\"Stihl Shop Oberwallis, Agrotrak\" class=\"wp-image-424 size-full\" srcset=\"https:\/\/www.agrotrak.ch\/app\/uploads\/2023\/05\/stihl_def_kl.jpg 600w, https:\/\/www.agrotrak.ch\/app\/uploads\/2023\/05\/stihl_def_kl-300x188.jpg 300w, https:\/\/www.agrotrak.ch\/app\/uploads\/2023\/05\/stihl_def_kl-324x203.jpg 324w, https:\/\/www.agrotrak.ch\/app\/uploads\/2023\/05\/stihl_def_kl-416x261.jpg 416w\" sizes=\"auto, (max-width: 600px) 100vw, 600px\" \/><\/a><\/figure><div class=\"wp-block-media-text__content\">\n<h3 class=\"wp-block-heading has-white-color has-orange-background-color has-text-color has-background\"><strong><a href=\"https:\/\/agrotrak.ch\/shop\/?lang=fr\">STIHL-SHOP<\/a><\/strong><\/h3>\n\n\n\n<p>Nous avons l&#8217;outil de jardin adapt\u00e9 \u00e0 chaque besoin. Avec STIHL, vous effectuez des travaux vari\u00e9s autour de la maison et du jardin en un tour de main.<\/p>\n<\/div><\/div>\n<\/div>\n\n\n\n<div class=\"wp-block-column is-layout-flow wp-block-column-is-layout-flow\">\n<div class=\"wp-block-media-text alignwide is-stacked-on-mobile is-style-stacked has-beige-background-color has-background\"><figure class=\"wp-block-media-text__media\"><a href=\"https:\/\/agrotrak.ch\/team\/?lang=fr\"><img loading=\"lazy\" decoding=\"async\" width=\"600\" height=\"376\" src=\"https:\/\/agrotrak.ch\/app\/uploads\/2023\/05\/agrotrak_team_klein.jpg\" alt=\"AGROTRAK Team\" class=\"wp-image-404 size-full\" srcset=\"https:\/\/www.agrotrak.ch\/app\/uploads\/2023\/05\/agrotrak_team_klein.jpg 600w, https:\/\/www.agrotrak.ch\/app\/uploads\/2023\/05\/agrotrak_team_klein-300x188.jpg 300w, https:\/\/www.agrotrak.ch\/app\/uploads\/2023\/05\/agrotrak_team_klein-324x203.jpg 324w, https:\/\/www.agrotrak.ch\/app\/uploads\/2023\/05\/agrotrak_team_klein-416x261.jpg 416w\" sizes=\"auto, (max-width: 600px) 100vw, 600px\" \/><\/a><\/figure><div class=\"wp-block-media-text__content\">\n<h3 class=\"wp-block-heading has-white-color has-green-background-color has-text-color has-background\"><strong><a href=\"https:\/\/agrotrak.ch\/team\/?lang=fr\">AGROTRAK TEAM<\/a><\/strong><\/h3>\n\n\n\n<p>Notre \u00e9quipe de professionnels comp\u00e9tents, dirig\u00e9e par Andy J\u00e4ger et Yann Antille, est \u00e0 votre disposition pour r\u00e9pondre \u00e0 vos questions sur notre offre.<\/p>\n<\/div><\/div>\n<\/div>\n\n\n\n<div class=\"wp-block-column is-layout-flow wp-block-column-is-layout-flow\">\n<div class=\"wp-block-media-text alignwide is-stacked-on-mobile is-style-stacked has-beige-background-color has-background\"><figure class=\"wp-block-media-text__media\"><a href=\"https:\/\/www.agropool.ch\/fr\/?q=AGROTRAK\" target=\"_blank\" rel=\"noreferrer noopener\"><img loading=\"lazy\" decoding=\"async\" width=\"600\" height=\"376\" src=\"https:\/\/agrotrak.ch\/app\/uploads\/2023\/05\/occasion.jpg\" alt=\"Occasion Landmaschinen Oberwallis\" class=\"wp-image-420 size-full\" srcset=\"https:\/\/www.agrotrak.ch\/app\/uploads\/2023\/05\/occasion.jpg 600w, https:\/\/www.agrotrak.ch\/app\/uploads\/2023\/05\/occasion-300x188.jpg 300w, https:\/\/www.agrotrak.ch\/app\/uploads\/2023\/05\/occasion-324x203.jpg 324w, https:\/\/www.agrotrak.ch\/app\/uploads\/2023\/05\/occasion-416x261.jpg 416w\" sizes=\"auto, (max-width: 600px) 100vw, 600px\" \/><\/a><\/figure><div class=\"wp-block-media-text__content\">\n<h3 class=\"wp-block-heading has-white-color has-green-background-color has-text-color has-background\"><strong><a href=\"https:\/\/www.agropool.ch\/fr\/?q=AGROTRAK\" target=\"_blank\" rel=\"noreferrer noopener\">OCCASIONS<\/a><\/strong><\/h3>\n\n\n\n<p>Vous trouverez un grand nombre de machines et d&#8217;outils agricoles d&#8217;occasion sur <a href=\"https:\/\/www.agropool.ch\/de\/agrotrak-gmbh-sierre\/c10154\/\" target=\"_blank\" rel=\"noreferrer noopener\">www.agropool.ch<\/a><\/p>\n<\/div><\/div>\n<\/div>\n<\/div>\n\n\n\n<div style=\"height:12px\" aria-hidden=\"true\" class=\"wp-block-spacer\"><\/div>\n\n\n\n<div class=\"wp-block-buttons is-layout-flex wp-block-buttons-is-layout-flex\">\n<div class=\"wp-block-button is-style-outline is-style-outline--1\"><a class=\"wp-block-button__link has-white-color has-orange-background-color has-text-color has-background wp-element-button\" href=\"https:\/\/agrotrak.ch\/shop\/?lang=fr\">Shop<\/a><\/div>\n<\/div>\n<\/div><\/div>\n\n\n\n<div class=\"wp-block-cover alignfull is-light has-custom-content-position is-position-bottom-left is-style-hero\"><img loading=\"lazy\" decoding=\"async\" width=\"1600\" height=\"658\" class=\"wp-block-cover__image-background wp-image-427\" alt=\"Agrotrak Landmaschinen Oberwallis Siders\" src=\"https:\/\/agrotrak.ch\/app\/uploads\/2023\/05\/header_start1.jpg\" data-object-fit=\"cover\" srcset=\"https:\/\/www.agrotrak.ch\/app\/uploads\/2023\/05\/header_start1.jpg 1600w, https:\/\/www.agrotrak.ch\/app\/uploads\/2023\/05\/header_start1-300x123.jpg 300w, https:\/\/www.agrotrak.ch\/app\/uploads\/2023\/05\/header_start1-1024x421.jpg 1024w, https:\/\/www.agrotrak.ch\/app\/uploads\/2023\/05\/header_start1-768x316.jpg 768w, https:\/\/www.agrotrak.ch\/app\/uploads\/2023\/05\/header_start1-1536x632.jpg 1536w, https:\/\/www.agrotrak.ch\/app\/uploads\/2023\/05\/header_start1-600x247.jpg 600w, https:\/\/www.agrotrak.ch\/app\/uploads\/2023\/05\/header_start1-1200x494.jpg 1200w, https:\/\/www.agrotrak.ch\/app\/uploads\/2023\/05\/header_start1-324x133.jpg 324w, https:\/\/www.agrotrak.ch\/app\/uploads\/2023\/05\/header_start1-416x171.jpg 416w\" sizes=\"auto, (max-width: 1600px) 100vw, 1600px\" \/><span aria-hidden=\"true\" class=\"wp-block-cover__background has-background-dim-0 has-background-dim\"><\/span><div class=\"wp-block-cover__inner-container is-layout-flow wp-block-cover-is-layout-flow\">\n<p class=\"has-text-align-center has-large-font-size\"><\/p>\n<\/div><\/div>\n\n\n\n<div class=\"wp-block-group has-white-background-color has-background\"><div class=\"wp-block-group__inner-container is-layout-flow wp-block-group-is-layout-flow\">\n<div class=\"wp-block-columns is-layout-flex wp-container-core-columns-is-layout-28f84493 wp-block-columns-is-layout-flex\">\n<div class=\"wp-block-column is-layout-flow wp-block-column-is-layout-flow\">\n<div class=\"wp-block-media-text alignwide is-stacked-on-mobile is-style-stacked has-beige-background-color has-background\"><figure class=\"wp-block-media-text__media\"><a href=\"https:\/\/agrotrak.ch\/service-reparaturen\/?lang=fr\"><img loading=\"lazy\" decoding=\"async\" width=\"900\" height=\"617\" src=\"https:\/\/www.agrotrak.ch\/app\/uploads\/2023\/05\/damien.jpg\" alt=\"Damian Radochonski\" class=\"wp-image-475 size-full\" srcset=\"https:\/\/www.agrotrak.ch\/app\/uploads\/2023\/05\/damien.jpg 900w, https:\/\/www.agrotrak.ch\/app\/uploads\/2023\/05\/damien-300x206.jpg 300w, https:\/\/www.agrotrak.ch\/app\/uploads\/2023\/05\/damien-768x527.jpg 768w, https:\/\/www.agrotrak.ch\/app\/uploads\/2023\/05\/damien-600x411.jpg 600w, https:\/\/www.agrotrak.ch\/app\/uploads\/2023\/05\/damien-324x222.jpg 324w, https:\/\/www.agrotrak.ch\/app\/uploads\/2023\/05\/damien-416x285.jpg 416w\" sizes=\"auto, (max-width: 900px) 100vw, 900px\" \/><\/a><\/figure><div class=\"wp-block-media-text__content\">\n<h3 class=\"wp-block-heading has-white-color has-green-background-color has-text-color has-background\"><strong><a href=\"https:\/\/agrotrak.ch\/service-reparaturen\/?lang=fr\">SERVICE ET R\u00c9PARATION<\/a><\/strong><\/h3>\n\n\n\n<p>Notre \u00e9quipe comp\u00e9tente effectue le service, les r\u00e9parations et l&#8217;entretien dans notre atelier parfaitement \u00e9quip\u00e9 ou sur place.<\/p>\n<\/div><\/div>\n<\/div>\n\n\n\n<div class=\"wp-block-column is-layout-flow wp-block-column-is-layout-flow\">\n<div class=\"wp-block-media-text alignwide is-stacked-on-mobile is-style-stacked has-beige-background-color has-background\"><figure class=\"wp-block-media-text__media\"><a href=\"https:\/\/agrotrak.ch\/vermietung\/?lang=fr\"><img loading=\"lazy\" decoding=\"async\" width=\"600\" height=\"376\" src=\"https:\/\/agrotrak.ch\/app\/uploads\/2023\/05\/occasion.jpg\" alt=\"Occasion Landmaschinen Oberwallis\" class=\"wp-image-420 size-full\" srcset=\"https:\/\/www.agrotrak.ch\/app\/uploads\/2023\/05\/occasion.jpg 600w, https:\/\/www.agrotrak.ch\/app\/uploads\/2023\/05\/occasion-300x188.jpg 300w, https:\/\/www.agrotrak.ch\/app\/uploads\/2023\/05\/occasion-324x203.jpg 324w, https:\/\/www.agrotrak.ch\/app\/uploads\/2023\/05\/occasion-416x261.jpg 416w\" sizes=\"auto, (max-width: 600px) 100vw, 600px\" \/><\/a><\/figure><div class=\"wp-block-media-text__content\">\n<h3 class=\"wp-block-heading has-white-color has-green-background-color has-text-color has-background\"><strong><a href=\"https:\/\/agrotrak.ch\/vermietung\/?lang=fr\">LOUER DES APPAREILS<\/a><\/strong><\/h3>\n\n\n\n<p>Vous n&#8217;avez besoin de votre appareil ou de votre machine qu&#8217;occasionnellement et cela ne vaut pas la peine de l&#8217;acheter ? Nous louons des machines et des appareils.<\/p>\n<\/div><\/div>\n<\/div>\n\n\n\n<div class=\"wp-block-column is-layout-flow wp-block-column-is-layout-flow\">\n<div class=\"wp-block-media-text alignwide is-stacked-on-mobile is-style-stacked has-beige-background-color has-background\"><figure class=\"wp-block-media-text__media\"><a href=\"https:\/\/agrotrak.ch\/ueber-agrotrak\/?lang=fr\"><img loading=\"lazy\" decoding=\"async\" width=\"600\" height=\"376\" src=\"https:\/\/agrotrak.ch\/app\/uploads\/2023\/05\/yann_andy.jpg\" alt=\"Yann Antille, Andy J\u00e4ger\" class=\"wp-image-432 size-full\" srcset=\"https:\/\/www.agrotrak.ch\/app\/uploads\/2023\/05\/yann_andy.jpg 600w, https:\/\/www.agrotrak.ch\/app\/uploads\/2023\/05\/yann_andy-300x188.jpg 300w, https:\/\/www.agrotrak.ch\/app\/uploads\/2023\/05\/yann_andy-324x203.jpg 324w, https:\/\/www.agrotrak.ch\/app\/uploads\/2023\/05\/yann_andy-416x261.jpg 416w\" sizes=\"auto, (max-width: 600px) 100vw, 600px\" \/><\/a><\/figure><div class=\"wp-block-media-text__content\">\n<h3 class=\"wp-block-heading has-white-color has-green-background-color has-text-color has-background\"><strong><a href=\"https:\/\/agrotrak.ch\/ueber-agrotrak\/?lang=fr\">AGROTRAK DEPUIS 2020<\/a><\/strong><\/h3>\n\n\n\n<p>Andy J\u00e4ger et Yann Antille ont d\u00e9cid\u00e9 de faire cause commune en 2020. \u00c0 deux, ils ont lanc\u00e9 AgroTrak.<\/p>\n<\/div><\/div>\n<\/div>\n<\/div>\n<\/div><\/div>\n\n\n\n<p><\/p>\n","protected":false},"excerpt":{"rendered":"<p>AGROTRAK \u2013 ton partenaire pour les machines et outils agricoles Vente et location de machines agricoles et d&#8217;appareils \u00e0 moteurBienvenue chez AgroTrak. Nous sommes votre partenaire fiable lorsqu&#8217;il s&#8217;agit de machines agricoles et\/ou d&#8217;appareils \u00e0 moteur de toutes sortes. Qu&#8217;il s&#8217;agisse d&#8217;achat, de location, de r\u00e9paration ou de pi\u00e8ces de rechange, nous trouvons une solution [&hellip;]<\/p>\n","protected":false},"author":2,"featured_media":0,"parent":0,"menu_order":41,"comment_status":"closed","ping_status":"closed","template":"","meta":{"inline_featured_image":false,"footnotes":""},"class_list":["post-1165","page","type-page","status-publish","hentry"],"yoast_head":"<!-- This site is optimized with the Yoast SEO plugin v27.4 - https:\/\/yoast.com\/product\/yoast-seo-wordpress\/ -->\n<title>Agrotrak - AGROTRAK<\/title>\n<meta name=\"description\" content=\"Agrotrak Sierre: Vente et location de machines agricoles et d&#039;appareils \u00e0 moteur\" \/>\n<meta name=\"robots\" content=\"index, follow, max-snippet:-1, max-image-preview:large, max-video-preview:-1\" \/>\n<link rel=\"canonical\" href=\"https:\/\/www.agrotrak.ch\/fr\/\" \/>\n<meta property=\"og:locale\" content=\"fr_FR\" \/>\n<meta property=\"og:type\" content=\"article\" \/>\n<meta property=\"og:title\" content=\"Agrotrak - AGROTRAK\" \/>\n<meta property=\"og:description\" content=\"Agrotrak Sierre: Vente et location de machines agricoles et d&#039;appareils \u00e0 moteur\" \/>\n<meta property=\"og:url\" content=\"https:\/\/www.agrotrak.ch\/fr\/\" \/>\n<meta property=\"og:site_name\" content=\"AGROTRAK\" \/>\n<meta property=\"article:modified_time\" content=\"2025-12-09T16:06:24+00:00\" \/>\n<meta property=\"og:image\" content=\"https:\/\/www.agrotrak.ch\/app\/uploads\/2024\/04\/image00042-scaled-e1712240769504.jpeg\" \/>\n\t<meta property=\"og:image:width\" content=\"2560\" \/>\n\t<meta property=\"og:image:height\" content=\"1058\" \/>\n\t<meta property=\"og:image:type\" content=\"image\/jpeg\" \/>\n<meta name=\"twitter:card\" content=\"summary_large_image\" \/>\n<meta name=\"twitter:label1\" content=\"Est. reading time\" \/>\n\t<meta name=\"twitter:data1\" content=\"4 minutes\" \/>\n<script type=\"application\/ld+json\" class=\"yoast-schema-graph\">{\"@context\":\"https:\\\/\\\/schema.org\",\"@graph\":[{\"@type\":\"WebPage\",\"@id\":\"https:\\\/\\\/www.agrotrak.ch\\\/fr\\\/\",\"url\":\"https:\\\/\\\/www.agrotrak.ch\\\/fr\\\/\",\"name\":\"Agrotrak - AGROTRAK\",\"isPartOf\":{\"@id\":\"https:\\\/\\\/www.agrotrak.ch\\\/#website\"},\"primaryImageOfPage\":{\"@id\":\"https:\\\/\\\/www.agrotrak.ch\\\/fr\\\/#primaryimage\"},\"image\":{\"@id\":\"https:\\\/\\\/www.agrotrak.ch\\\/fr\\\/#primaryimage\"},\"thumbnailUrl\":\"https:\\\/\\\/www.agrotrak.ch\\\/app\\\/uploads\\\/2024\\\/04\\\/image00042-scaled.jpeg\",\"datePublished\":\"2023-05-12T12:36:08+00:00\",\"dateModified\":\"2025-12-09T16:06:24+00:00\",\"description\":\"Agrotrak Sierre: Vente et location de machines agricoles et d'appareils \u00e0 moteur\",\"breadcrumb\":{\"@id\":\"https:\\\/\\\/www.agrotrak.ch\\\/fr\\\/#breadcrumb\"},\"inLanguage\":\"fr-FR\",\"potentialAction\":[{\"@type\":\"ReadAction\",\"target\":[\"https:\\\/\\\/www.agrotrak.ch\\\/fr\\\/\"]}]},{\"@type\":\"ImageObject\",\"inLanguage\":\"fr-FR\",\"@id\":\"https:\\\/\\\/www.agrotrak.ch\\\/fr\\\/#primaryimage\",\"url\":\"https:\\\/\\\/www.agrotrak.ch\\\/app\\\/uploads\\\/2024\\\/04\\\/image00042-scaled.jpeg\",\"contentUrl\":\"https:\\\/\\\/www.agrotrak.ch\\\/app\\\/uploads\\\/2024\\\/04\\\/image00042-scaled.jpeg\"},{\"@type\":\"BreadcrumbList\",\"@id\":\"https:\\\/\\\/www.agrotrak.ch\\\/fr\\\/#breadcrumb\",\"itemListElement\":[{\"@type\":\"ListItem\",\"position\":1,\"name\":\"Startseite\",\"item\":\"https:\\\/\\\/www.agrotrak.ch\\\/fr\\\/\"},{\"@type\":\"ListItem\",\"position\":2,\"name\":\"Agrotrak\"}]},{\"@type\":\"WebSite\",\"@id\":\"https:\\\/\\\/www.agrotrak.ch\\\/#website\",\"url\":\"https:\\\/\\\/www.agrotrak.ch\\\/\",\"name\":\"AGROTRAK\",\"description\":\"Landmaschinen, Motorger\u00e4te\",\"potentialAction\":[{\"@type\":\"SearchAction\",\"target\":{\"@type\":\"EntryPoint\",\"urlTemplate\":\"https:\\\/\\\/www.agrotrak.ch\\\/?s={search_term_string}\"},\"query-input\":{\"@type\":\"PropertyValueSpecification\",\"valueRequired\":true,\"valueName\":\"search_term_string\"}}],\"inLanguage\":\"fr-FR\"}]}<\/script>\n<!-- \/ Yoast SEO plugin. -->","yoast_head_json":{"title":"Agrotrak - AGROTRAK","description":"Agrotrak Sierre: Vente et location de machines agricoles et d'appareils \u00e0 moteur","robots":{"index":"index","follow":"follow","max-snippet":"max-snippet:-1","max-image-preview":"max-image-preview:large","max-video-preview":"max-video-preview:-1"},"canonical":"https:\/\/www.agrotrak.ch\/fr\/","og_locale":"fr_FR","og_type":"article","og_title":"Agrotrak - AGROTRAK","og_description":"Agrotrak Sierre: Vente et location de machines agricoles et d'appareils \u00e0 moteur","og_url":"https:\/\/www.agrotrak.ch\/fr\/","og_site_name":"AGROTRAK","article_modified_time":"2025-12-09T16:06:24+00:00","og_image":[{"width":2560,"height":1058,"url":"https:\/\/www.agrotrak.ch\/app\/uploads\/2024\/04\/image00042-scaled-e1712240769504.jpeg","type":"image\/jpeg"}],"twitter_card":"summary_large_image","twitter_misc":{"Est. reading time":"4 minutes"},"schema":{"@context":"https:\/\/schema.org","@graph":[{"@type":"WebPage","@id":"https:\/\/www.agrotrak.ch\/fr\/","url":"https:\/\/www.agrotrak.ch\/fr\/","name":"Agrotrak - AGROTRAK","isPartOf":{"@id":"https:\/\/www.agrotrak.ch\/#website"},"primaryImageOfPage":{"@id":"https:\/\/www.agrotrak.ch\/fr\/#primaryimage"},"image":{"@id":"https:\/\/www.agrotrak.ch\/fr\/#primaryimage"},"thumbnailUrl":"https:\/\/www.agrotrak.ch\/app\/uploads\/2024\/04\/image00042-scaled.jpeg","datePublished":"2023-05-12T12:36:08+00:00","dateModified":"2025-12-09T16:06:24+00:00","description":"Agrotrak Sierre: Vente et location de machines agricoles et d'appareils \u00e0 moteur","breadcrumb":{"@id":"https:\/\/www.agrotrak.ch\/fr\/#breadcrumb"},"inLanguage":"fr-FR","potentialAction":[{"@type":"ReadAction","target":["https:\/\/www.agrotrak.ch\/fr\/"]}]},{"@type":"ImageObject","inLanguage":"fr-FR","@id":"https:\/\/www.agrotrak.ch\/fr\/#primaryimage","url":"https:\/\/www.agrotrak.ch\/app\/uploads\/2024\/04\/image00042-scaled.jpeg","contentUrl":"https:\/\/www.agrotrak.ch\/app\/uploads\/2024\/04\/image00042-scaled.jpeg"},{"@type":"BreadcrumbList","@id":"https:\/\/www.agrotrak.ch\/fr\/#breadcrumb","itemListElement":[{"@type":"ListItem","position":1,"name":"Startseite","item":"https:\/\/www.agrotrak.ch\/fr\/"},{"@type":"ListItem","position":2,"name":"Agrotrak"}]},{"@type":"WebSite","@id":"https:\/\/www.agrotrak.ch\/#website","url":"https:\/\/www.agrotrak.ch\/","name":"AGROTRAK","description":"Landmaschinen, Motorger\u00e4te","potentialAction":[{"@type":"SearchAction","target":{"@type":"EntryPoint","urlTemplate":"https:\/\/www.agrotrak.ch\/?s={search_term_string}"},"query-input":{"@type":"PropertyValueSpecification","valueRequired":true,"valueName":"search_term_string"}}],"inLanguage":"fr-FR"}]}},"_links":{"self":[{"href":"https:\/\/www.agrotrak.ch\/fr\/wp-json\/wp\/v2\/pages\/1165","targetHints":{"allow":["GET"]}}],"collection":[{"href":"https:\/\/www.agrotrak.ch\/fr\/wp-json\/wp\/v2\/pages"}],"about":[{"href":"https:\/\/www.agrotrak.ch\/fr\/wp-json\/wp\/v2\/types\/page"}],"author":[{"embeddable":true,"href":"https:\/\/www.agrotrak.ch\/fr\/wp-json\/wp\/v2\/users\/2"}],"replies":[{"embeddable":true,"href":"https:\/\/www.agrotrak.ch\/fr\/wp-json\/wp\/v2\/comments?post=1165"}],"version-history":[{"count":25,"href":"https:\/\/www.agrotrak.ch\/fr\/wp-json\/wp\/v2\/pages\/1165\/revisions"}],"predecessor-version":[{"id":1654,"href":"https:\/\/www.agrotrak.ch\/fr\/wp-json\/wp\/v2\/pages\/1165\/revisions\/1654"}],"wp:attachment":[{"href":"https:\/\/www.agrotrak.ch\/fr\/wp-json\/wp\/v2\/media?parent=1165"}],"curies":[{"name":"wp","href":"https:\/\/api.w.org\/{rel}","templated":true}]}}